{"id":2078,"date":"2020-02-14T15:55:39","date_gmt":"2020-02-14T13:55:39","guid":{"rendered":"http:\/\/embreiscom.wpengine.com\/product\/headup-collar\/"},"modified":"2021-06-15T10:36:01","modified_gmt":"2021-06-15T08:36:01","slug":"headup-collar","status":"publish","type":"product","link":"https:\/\/embreis.com\/dk\/produkt\/headup-collar\/","title":{"rendered":"HeadUp Collar"},"content":{"rendered":"<p>HeadUp anv\u00e4nds f\u00f6r att ge cervikalt st\u00f6d f\u00f6r patienter med motoneuronsjukdomar, exempelvis ALS, d\u00e4r patienten har sv\u00e5rt att h\u00e5lla huvudet i uppr\u00e4tt position. Den inre mjuka delen av kragen \u00e4r tillverkad i Outlast\u2122 material som \u00e4r temperaturreglerande och kan b\u00e4ras mot huden under l\u00e4ngre tid. Dom utanp\u00e5liggande stagen i 2 eller 3 mm thermoplast anpassas individuellt b\u00e5de g\u00e4llande \u00f6nskad stabilitet och individuell passform. Kragen \u00e4r kroppsn\u00e4ra och fungerar som en extern muskelbuk d\u00e4r lagom st\u00f6d erh\u00e5lles beroende p\u00e5 funktionsbortfallet. Kragen b\u00f6r provas ut individuellt av Ortopedteknisk personal.<\/p>\n<p>HeadUp \u00e4r utvecklad och designad med Neuroteamet p\u00e5 Universitetssjukhuset i Sheffield (UK). Den syftar till att ers\u00e4tta konventionella nackortoser f\u00f6r patienter som lider av permanent muskel eller neurologisk funktionsbortfall i syfte att ge individuellt st\u00f6d f\u00f6r nacke och huvud.<\/p>\n","protected":false},"excerpt":{"rendered":"<div id=\"ctl00_cph1_lTxt\">\n<ul>\n<li>St\u00f6d f\u00f6r sk. Head Drop<\/li>\n<li>Individuell anpassning och st\u00f6d<\/li>\n<li>Temperaturreglerande Outlast\u2122 textil<\/li>\n<li>2 resp. 3mm stabiliserings stag<\/li>\n<\/ul>\n<\/div>\n<div id=\"ctl00_cph1_prodInfo\"><\/div>\n","protected":false},"featured_media":6883,"template":"","meta":[],"product_brand":[],"product_cat":[217,223,1194],"product_tag":[940,949,941],"class_list":{"0":"post-2078","1":"product","2":"type-product","3":"status-publish","4":"has-post-thumbnail","6":"product_cat-ortos","7":"product_cat-nacke","8":"product_cat-halskrage-cervical-ortos","9":"product_tag-degenerativa-nackskador","10":"product_tag-motorneuronsjukdomar","11":"product_tag-muskelsvaghet-nacken","12":"pa_varumarke-talar-made","14":"first","15":"outofstock","16":"featured","17":"shipping-taxable","18":"product-type-variable"},"acf":[],"yoast_head":"<!-- This site is optimized with the Yoast SEO Premium plugin v25.3.1 (Yoast SEO v25.3.1) - https:\/\/yoast.com\/wordpress\/plugins\/seo\/ -->\n<title>HeadUp Collar - Embreis DK<\/title>\n<meta name=\"robots\" content=\"index, follow, max-snippet:-1, max-image-preview:large, max-video-preview:-1\" \/>\n<link rel=\"canonical\" href=\"https:\/\/embreis.com\/dk\/produkt\/headup-collar\/\" \/>\n<meta property=\"og:locale\" content=\"sv_SE\" \/>\n<meta property=\"og:type\" content=\"article\" \/>\n<meta property=\"og:title\" content=\"HeadUp Collar\" \/>\n<meta property=\"og:description\" content=\"St\u00f6d f\u00f6r sk. Head Drop  Individuell anpassning och st\u00f6d  Temperaturreglerande Outlast\u2122 textil  2 resp. 3mm stabiliserings stag\" \/>\n<meta property=\"og:url\" content=\"https:\/\/embreis.com\/dk\/produkt\/headup-collar\/\" \/>\n<meta property=\"og:site_name\" content=\"Embreis DK\" \/>\n<meta property=\"article:modified_time\" content=\"2021-06-15T08:36:01+00:00\" \/>\n<meta property=\"og:image\" content=\"https:\/\/embreis.com\/dk\/wp-content\/uploads\/sites\/8\/2020\/02\/Headup_1.jpg\" \/>\n\t<meta property=\"og:image:width\" content=\"567\" \/>\n\t<meta property=\"og:image:height\" content=\"567\" \/>\n\t<meta property=\"og:image:type\" content=\"image\/jpeg\" \/>\n<meta name=\"twitter:card\" content=\"summary_large_image\" \/>\n<meta name=\"twitter:label1\" content=\"Ber\u00e4knad l\u00e4stid\" \/>\n\t<meta name=\"twitter:data1\" content=\"1 minut\" \/>\n<script type=\"application\/ld+json\" class=\"yoast-schema-graph\">{\"@context\":\"https:\/\/schema.org\",\"@graph\":[{\"@type\":\"WebPage\",\"@id\":\"https:\/\/embreis.com\/dk\/produkt\/headup-collar\/\",\"url\":\"https:\/\/embreis.com\/dk\/produkt\/headup-collar\/\",\"name\":\"HeadUp Collar - Embreis DK\",\"isPartOf\":{\"@id\":\"https:\/\/embreis.com\/dk\/#website\"},\"primaryImageOfPage\":{\"@id\":\"https:\/\/embreis.com\/dk\/produkt\/headup-collar\/#primaryimage\"},\"image\":{\"@id\":\"https:\/\/embreis.com\/dk\/produkt\/headup-collar\/#primaryimage\"},\"thumbnailUrl\":\"https:\/\/embreis.com\/dk\/wp-content\/uploads\/sites\/8\/2020\/02\/Headup_1.jpg\",\"datePublished\":\"2020-02-14T13:55:39+00:00\",\"dateModified\":\"2021-06-15T08:36:01+00:00\",\"breadcrumb\":{\"@id\":\"https:\/\/embreis.com\/dk\/produkt\/headup-collar\/#breadcrumb\"},\"inLanguage\":\"sv-SE\",\"potentialAction\":[{\"@type\":\"ReadAction\",\"target\":[\"https:\/\/embreis.com\/dk\/produkt\/headup-collar\/\"]}]},{\"@type\":\"ImageObject\",\"inLanguage\":\"sv-SE\",\"@id\":\"https:\/\/embreis.com\/dk\/produkt\/headup-collar\/#primaryimage\",\"url\":\"https:\/\/embreis.com\/dk\/wp-content\/uploads\/sites\/8\/2020\/02\/Headup_1.jpg\",\"contentUrl\":\"https:\/\/embreis.com\/dk\/wp-content\/uploads\/sites\/8\/2020\/02\/Headup_1.jpg\",\"width\":567,\"height\":567},{\"@type\":\"BreadcrumbList\",\"@id\":\"https:\/\/embreis.com\/dk\/produkt\/headup-collar\/#breadcrumb\",\"itemListElement\":[{\"@type\":\"ListItem\",\"position\":1,\"name\":\"Hem\",\"item\":\"https:\/\/embreis.com\/dk\/\"},{\"@type\":\"ListItem\",\"position\":2,\"name\":\"Sortiment\",\"item\":\"https:\/\/embreis.com\/dk\/sortiment\/\"},{\"@type\":\"ListItem\",\"position\":3,\"name\":\"Ortos\",\"item\":\"https:\/\/embreis.com\/dk\/produktkategori\/ortos\/\"},{\"@type\":\"ListItem\",\"position\":4,\"name\":\"Nacke\",\"item\":\"https:\/\/embreis.com\/dk\/produktkategori\/ortos\/nacke\/\"},{\"@type\":\"ListItem\",\"position\":5,\"name\":\"Halskrage - Cervical ortos\",\"item\":\"https:\/\/embreis.com\/dk\/produktkategori\/ortos\/nacke\/halskrage-cervical-ortos\/\"},{\"@type\":\"ListItem\",\"position\":6,\"name\":\"HeadUp Collar\"}]},{\"@type\":\"WebSite\",\"@id\":\"https:\/\/embreis.com\/dk\/#website\",\"url\":\"https:\/\/embreis.com\/dk\/\",\"name\":\"Embreis DK\",\"description\":\"Ortoser, proteser och material\",\"potentialAction\":[{\"@type\":\"SearchAction\",\"target\":{\"@type\":\"EntryPoint\",\"urlTemplate\":\"https:\/\/embreis.com\/dk\/?s={search_term_string}\"},\"query-input\":{\"@type\":\"PropertyValueSpecification\",\"valueRequired\":true,\"valueName\":\"search_term_string\"}}],\"inLanguage\":\"sv-SE\"}]}<\/script>\n<!-- \/ Yoast SEO Premium plugin. -->","yoast_head_json":{"title":"HeadUp Collar - Embreis DK","robots":{"index":"index","follow":"follow","max-snippet":"max-snippet:-1","max-image-preview":"max-image-preview:large","max-video-preview":"max-video-preview:-1"},"canonical":"https:\/\/embreis.com\/dk\/produkt\/headup-collar\/","og_locale":"sv_SE","og_type":"article","og_title":"HeadUp Collar","og_description":"St\u00f6d f\u00f6r sk. Head Drop  Individuell anpassning och st\u00f6d  Temperaturreglerande Outlast\u2122 textil  2 resp. 3mm stabiliserings stag","og_url":"https:\/\/embreis.com\/dk\/produkt\/headup-collar\/","og_site_name":"Embreis DK","article_modified_time":"2021-06-15T08:36:01+00:00","og_image":[{"width":567,"height":567,"url":"https:\/\/embreis.com\/dk\/wp-content\/uploads\/sites\/8\/2020\/02\/Headup_1.jpg","type":"image\/jpeg"}],"twitter_card":"summary_large_image","twitter_misc":{"Ber\u00e4knad l\u00e4stid":"1 minut"},"schema":{"@context":"https:\/\/schema.org","@graph":[{"@type":"WebPage","@id":"https:\/\/embreis.com\/dk\/produkt\/headup-collar\/","url":"https:\/\/embreis.com\/dk\/produkt\/headup-collar\/","name":"HeadUp Collar - Embreis DK","isPartOf":{"@id":"https:\/\/embreis.com\/dk\/#website"},"primaryImageOfPage":{"@id":"https:\/\/embreis.com\/dk\/produkt\/headup-collar\/#primaryimage"},"image":{"@id":"https:\/\/embreis.com\/dk\/produkt\/headup-collar\/#primaryimage"},"thumbnailUrl":"https:\/\/embreis.com\/dk\/wp-content\/uploads\/sites\/8\/2020\/02\/Headup_1.jpg","datePublished":"2020-02-14T13:55:39+00:00","dateModified":"2021-06-15T08:36:01+00:00","breadcrumb":{"@id":"https:\/\/embreis.com\/dk\/produkt\/headup-collar\/#breadcrumb"},"inLanguage":"sv-SE","potentialAction":[{"@type":"ReadAction","target":["https:\/\/embreis.com\/dk\/produkt\/headup-collar\/"]}]},{"@type":"ImageObject","inLanguage":"sv-SE","@id":"https:\/\/embreis.com\/dk\/produkt\/headup-collar\/#primaryimage","url":"https:\/\/embreis.com\/dk\/wp-content\/uploads\/sites\/8\/2020\/02\/Headup_1.jpg","contentUrl":"https:\/\/embreis.com\/dk\/wp-content\/uploads\/sites\/8\/2020\/02\/Headup_1.jpg","width":567,"height":567},{"@type":"BreadcrumbList","@id":"https:\/\/embreis.com\/dk\/produkt\/headup-collar\/#breadcrumb","itemListElement":[{"@type":"ListItem","position":1,"name":"Hem","item":"https:\/\/embreis.com\/dk\/"},{"@type":"ListItem","position":2,"name":"Sortiment","item":"https:\/\/embreis.com\/dk\/sortiment\/"},{"@type":"ListItem","position":3,"name":"Ortos","item":"https:\/\/embreis.com\/dk\/produktkategori\/ortos\/"},{"@type":"ListItem","position":4,"name":"Nacke","item":"https:\/\/embreis.com\/dk\/produktkategori\/ortos\/nacke\/"},{"@type":"ListItem","position":5,"name":"Halskrage - Cervical ortos","item":"https:\/\/embreis.com\/dk\/produktkategori\/ortos\/nacke\/halskrage-cervical-ortos\/"},{"@type":"ListItem","position":6,"name":"HeadUp Collar"}]},{"@type":"WebSite","@id":"https:\/\/embreis.com\/dk\/#website","url":"https:\/\/embreis.com\/dk\/","name":"Embreis DK","description":"Ortoser, proteser och material","potentialAction":[{"@type":"SearchAction","target":{"@type":"EntryPoint","urlTemplate":"https:\/\/embreis.com\/dk\/?s={search_term_string}"},"query-input":{"@type":"PropertyValueSpecification","valueRequired":true,"valueName":"search_term_string"}}],"inLanguage":"sv-SE"}]}},"_links":{"self":[{"href":"https:\/\/embreis.com\/dk\/wp-json\/wp\/v2\/product\/2078","targetHints":{"allow":["GET"]}}],"collection":[{"href":"https:\/\/embreis.com\/dk\/wp-json\/wp\/v2\/product"}],"about":[{"href":"https:\/\/embreis.com\/dk\/wp-json\/wp\/v2\/types\/product"}],"wp:featuredmedia":[{"embeddable":true,"href":"https:\/\/embreis.com\/dk\/wp-json\/wp\/v2\/media\/6883"}],"wp:attachment":[{"href":"https:\/\/embreis.com\/dk\/wp-json\/wp\/v2\/media?parent=2078"}],"wp:term":[{"taxonomy":"product_brand","embeddable":true,"href":"https:\/\/embreis.com\/dk\/wp-json\/wp\/v2\/product_brand?post=2078"},{"taxonomy":"product_cat","embeddable":true,"href":"https:\/\/embreis.com\/dk\/wp-json\/wp\/v2\/product_cat?post=2078"},{"taxonomy":"product_tag","embeddable":true,"href":"https:\/\/embreis.com\/dk\/wp-json\/wp\/v2\/product_tag?post=2078"}],"curies":[{"name":"wp","href":"https:\/\/api.w.org\/{rel}","templated":true}]}}