{"id":1975,"date":"2020-02-14T15:55:16","date_gmt":"2020-02-14T13:55:16","guid":{"rendered":"http:\/\/embreiscom.wpengine.com\/product\/genu-tex\/"},"modified":"2021-02-18T16:08:16","modified_gmt":"2021-02-18T14:08:16","slug":"genu-tex","status":"publish","type":"product","link":"https:\/\/embreis.com\/dk\/produkt\/genu-tex\/","title":{"rendered":"Genu-Tex"},"content":{"rendered":"<p>Genu-Tex \u00e4r en kombination av funktionell och elastisk kn\u00e4ortos fr\u00e5n Sporlastic. Den anv\u00e4nds vid ligamentskador i kn\u00e4leden som orsakar instabilitet eller sm\u00e4rta. Den \u00e4r tillverkad i en stark och elastisk v\u00e4v i kompressionsklass 2 och har stumma band f\u00f6r \u00f6kad stabilitet. Leden \u00e4r polycentrisk f\u00f6r att f\u00f6lja kn\u00e4ts r\u00f6relsemoment och \u00e4r st\u00e4llbar i extension och flexion. Runt kn\u00e4sk\u00e5len ligger en komprimerande och stabiliserande silikonring. Den \u00e4r smidig och komfortabel och l\u00e4mpar sig f\u00f6r dom flesta aktiviteter.<\/p>\n","protected":false},"excerpt":{"rendered":"<div id=\"ctl00_cph1_lTxt\">\n<ul>\n<li>Funktionell och elastisk kombination<\/li>\n<li>Kompressionsklass 2<\/li>\n<li>Polycentrisk led<\/li>\n<li>St\u00e4llbar i extension och flexion<\/li>\n<\/ul>\n<\/div>\n<div id=\"ctl00_cph1_prodInfo\"><\/div>\n","protected":false},"featured_media":7974,"template":"","meta":[],"product_brand":[],"product_cat":[217,222,1225],"product_tag":[],"class_list":{"0":"post-1975","1":"product","2":"type-product","3":"status-publish","4":"has-post-thumbnail","6":"product_cat-ortos","7":"product_cat-kna","8":"product_cat-knaortos-mjuka-ligament","9":"pa_varumarke-sporlastic","11":"first","12":"outofstock","13":"shipping-taxable","14":"product-type-variable"},"acf":[],"yoast_head":"<!-- This site is optimized with the Yoast SEO Premium plugin v27.3 (Yoast SEO v27.3) - https:\/\/yoast.com\/product\/yoast-seo-premium-wordpress\/ -->\n<title>Genu-Tex - Embreis DK<\/title>\n<meta name=\"robots\" content=\"index, follow, max-snippet:-1, max-image-preview:large, max-video-preview:-1\" \/>\n<link rel=\"canonical\" href=\"https:\/\/embreis.com\/dk\/produkt\/genu-tex\/\" \/>\n<meta property=\"og:locale\" content=\"sv_SE\" \/>\n<meta property=\"og:type\" content=\"article\" \/>\n<meta property=\"og:title\" content=\"Genu-Tex\" \/>\n<meta property=\"og:description\" content=\"Funktionell och elastisk kombination  Kompressionsklass 2  Polycentrisk led  St\u00e4llbar i extension och flexion\" \/>\n<meta property=\"og:url\" content=\"https:\/\/embreis.com\/dk\/produkt\/genu-tex\/\" \/>\n<meta property=\"og:site_name\" content=\"Embreis DK\" \/>\n<meta property=\"article:modified_time\" content=\"2021-02-18T14:08:16+00:00\" \/>\n<meta property=\"og:image\" content=\"https:\/\/embreis.com\/dk\/wp-content\/uploads\/sites\/8\/2020\/02\/genutex.jpg\" \/>\n\t<meta property=\"og:image:width\" content=\"567\" \/>\n\t<meta property=\"og:image:height\" content=\"567\" \/>\n\t<meta property=\"og:image:type\" content=\"image\/jpeg\" \/>\n<meta name=\"twitter:card\" content=\"summary_large_image\" \/>\n<script type=\"application\/ld+json\" class=\"yoast-schema-graph\">{\"@context\":\"https:\\\/\\\/schema.org\",\"@graph\":[{\"@type\":\"WebPage\",\"@id\":\"https:\\\/\\\/embreis.com\\\/dk\\\/produkt\\\/genu-tex\\\/\",\"url\":\"https:\\\/\\\/embreis.com\\\/dk\\\/produkt\\\/genu-tex\\\/\",\"name\":\"Genu-Tex - Embreis DK\",\"isPartOf\":{\"@id\":\"https:\\\/\\\/embreis.com\\\/dk\\\/#website\"},\"primaryImageOfPage\":{\"@id\":\"https:\\\/\\\/embreis.com\\\/dk\\\/produkt\\\/genu-tex\\\/#primaryimage\"},\"image\":{\"@id\":\"https:\\\/\\\/embreis.com\\\/dk\\\/produkt\\\/genu-tex\\\/#primaryimage\"},\"thumbnailUrl\":\"https:\\\/\\\/embreis.com\\\/dk\\\/wp-content\\\/uploads\\\/sites\\\/8\\\/2020\\\/02\\\/genutex.jpg\",\"datePublished\":\"2020-02-14T13:55:16+00:00\",\"dateModified\":\"2021-02-18T14:08:16+00:00\",\"breadcrumb\":{\"@id\":\"https:\\\/\\\/embreis.com\\\/dk\\\/produkt\\\/genu-tex\\\/#breadcrumb\"},\"inLanguage\":\"sv-SE\",\"potentialAction\":[{\"@type\":\"ReadAction\",\"target\":[\"https:\\\/\\\/embreis.com\\\/dk\\\/produkt\\\/genu-tex\\\/\"]}]},{\"@type\":\"ImageObject\",\"inLanguage\":\"sv-SE\",\"@id\":\"https:\\\/\\\/embreis.com\\\/dk\\\/produkt\\\/genu-tex\\\/#primaryimage\",\"url\":\"https:\\\/\\\/embreis.com\\\/dk\\\/wp-content\\\/uploads\\\/sites\\\/8\\\/2020\\\/02\\\/genutex.jpg\",\"contentUrl\":\"https:\\\/\\\/embreis.com\\\/dk\\\/wp-content\\\/uploads\\\/sites\\\/8\\\/2020\\\/02\\\/genutex.jpg\",\"width\":567,\"height\":567},{\"@type\":\"BreadcrumbList\",\"@id\":\"https:\\\/\\\/embreis.com\\\/dk\\\/produkt\\\/genu-tex\\\/#breadcrumb\",\"itemListElement\":[{\"@type\":\"ListItem\",\"position\":1,\"name\":\"Hem\",\"item\":\"https:\\\/\\\/embreis.com\\\/dk\\\/\"},{\"@type\":\"ListItem\",\"position\":2,\"name\":\"Sortiment\",\"item\":\"https:\\\/\\\/embreis.com\\\/dk\\\/sortiment\\\/\"},{\"@type\":\"ListItem\",\"position\":3,\"name\":\"Ortos\",\"item\":\"https:\\\/\\\/embreis.com\\\/dk\\\/produktkategori\\\/ortos\\\/\"},{\"@type\":\"ListItem\",\"position\":4,\"name\":\"Kn\u00e4\",\"item\":\"https:\\\/\\\/embreis.com\\\/dk\\\/produktkategori\\\/ortos\\\/kna\\\/\"},{\"@type\":\"ListItem\",\"position\":5,\"name\":\"Mjuka Ligament\",\"item\":\"https:\\\/\\\/embreis.com\\\/dk\\\/produktkategori\\\/ortos\\\/kna\\\/knaortos-mjuka-ligament\\\/\"},{\"@type\":\"ListItem\",\"position\":6,\"name\":\"Genu-Tex\"}]},{\"@type\":\"WebSite\",\"@id\":\"https:\\\/\\\/embreis.com\\\/dk\\\/#website\",\"url\":\"https:\\\/\\\/embreis.com\\\/dk\\\/\",\"name\":\"Embreis DK\",\"description\":\"Ortoser, proteser och material\",\"potentialAction\":[{\"@type\":\"SearchAction\",\"target\":{\"@type\":\"EntryPoint\",\"urlTemplate\":\"https:\\\/\\\/embreis.com\\\/dk\\\/?s={search_term_string}\"},\"query-input\":{\"@type\":\"PropertyValueSpecification\",\"valueRequired\":true,\"valueName\":\"search_term_string\"}}],\"inLanguage\":\"sv-SE\"}]}<\/script>\n<!-- \/ Yoast SEO Premium plugin. -->","yoast_head_json":{"title":"Genu-Tex - Embreis DK","robots":{"index":"index","follow":"follow","max-snippet":"max-snippet:-1","max-image-preview":"max-image-preview:large","max-video-preview":"max-video-preview:-1"},"canonical":"https:\/\/embreis.com\/dk\/produkt\/genu-tex\/","og_locale":"sv_SE","og_type":"article","og_title":"Genu-Tex","og_description":"Funktionell och elastisk kombination  Kompressionsklass 2  Polycentrisk led  St\u00e4llbar i extension och flexion","og_url":"https:\/\/embreis.com\/dk\/produkt\/genu-tex\/","og_site_name":"Embreis DK","article_modified_time":"2021-02-18T14:08:16+00:00","og_image":[{"width":567,"height":567,"url":"https:\/\/embreis.com\/dk\/wp-content\/uploads\/sites\/8\/2020\/02\/genutex.jpg","type":"image\/jpeg"}],"twitter_card":"summary_large_image","schema":{"@context":"https:\/\/schema.org","@graph":[{"@type":"WebPage","@id":"https:\/\/embreis.com\/dk\/produkt\/genu-tex\/","url":"https:\/\/embreis.com\/dk\/produkt\/genu-tex\/","name":"Genu-Tex - Embreis DK","isPartOf":{"@id":"https:\/\/embreis.com\/dk\/#website"},"primaryImageOfPage":{"@id":"https:\/\/embreis.com\/dk\/produkt\/genu-tex\/#primaryimage"},"image":{"@id":"https:\/\/embreis.com\/dk\/produkt\/genu-tex\/#primaryimage"},"thumbnailUrl":"https:\/\/embreis.com\/dk\/wp-content\/uploads\/sites\/8\/2020\/02\/genutex.jpg","datePublished":"2020-02-14T13:55:16+00:00","dateModified":"2021-02-18T14:08:16+00:00","breadcrumb":{"@id":"https:\/\/embreis.com\/dk\/produkt\/genu-tex\/#breadcrumb"},"inLanguage":"sv-SE","potentialAction":[{"@type":"ReadAction","target":["https:\/\/embreis.com\/dk\/produkt\/genu-tex\/"]}]},{"@type":"ImageObject","inLanguage":"sv-SE","@id":"https:\/\/embreis.com\/dk\/produkt\/genu-tex\/#primaryimage","url":"https:\/\/embreis.com\/dk\/wp-content\/uploads\/sites\/8\/2020\/02\/genutex.jpg","contentUrl":"https:\/\/embreis.com\/dk\/wp-content\/uploads\/sites\/8\/2020\/02\/genutex.jpg","width":567,"height":567},{"@type":"BreadcrumbList","@id":"https:\/\/embreis.com\/dk\/produkt\/genu-tex\/#breadcrumb","itemListElement":[{"@type":"ListItem","position":1,"name":"Hem","item":"https:\/\/embreis.com\/dk\/"},{"@type":"ListItem","position":2,"name":"Sortiment","item":"https:\/\/embreis.com\/dk\/sortiment\/"},{"@type":"ListItem","position":3,"name":"Ortos","item":"https:\/\/embreis.com\/dk\/produktkategori\/ortos\/"},{"@type":"ListItem","position":4,"name":"Kn\u00e4","item":"https:\/\/embreis.com\/dk\/produktkategori\/ortos\/kna\/"},{"@type":"ListItem","position":5,"name":"Mjuka Ligament","item":"https:\/\/embreis.com\/dk\/produktkategori\/ortos\/kna\/knaortos-mjuka-ligament\/"},{"@type":"ListItem","position":6,"name":"Genu-Tex"}]},{"@type":"WebSite","@id":"https:\/\/embreis.com\/dk\/#website","url":"https:\/\/embreis.com\/dk\/","name":"Embreis DK","description":"Ortoser, proteser och material","potentialAction":[{"@type":"SearchAction","target":{"@type":"EntryPoint","urlTemplate":"https:\/\/embreis.com\/dk\/?s={search_term_string}"},"query-input":{"@type":"PropertyValueSpecification","valueRequired":true,"valueName":"search_term_string"}}],"inLanguage":"sv-SE"}]}},"_links":{"self":[{"href":"https:\/\/embreis.com\/dk\/wp-json\/wp\/v2\/product\/1975","targetHints":{"allow":["GET"]}}],"collection":[{"href":"https:\/\/embreis.com\/dk\/wp-json\/wp\/v2\/product"}],"about":[{"href":"https:\/\/embreis.com\/dk\/wp-json\/wp\/v2\/types\/product"}],"wp:featuredmedia":[{"embeddable":true,"href":"https:\/\/embreis.com\/dk\/wp-json\/wp\/v2\/media\/7974"}],"wp:attachment":[{"href":"https:\/\/embreis.com\/dk\/wp-json\/wp\/v2\/media?parent=1975"}],"wp:term":[{"taxonomy":"product_brand","embeddable":true,"href":"https:\/\/embreis.com\/dk\/wp-json\/wp\/v2\/product_brand?post=1975"},{"taxonomy":"product_cat","embeddable":true,"href":"https:\/\/embreis.com\/dk\/wp-json\/wp\/v2\/product_cat?post=1975"},{"taxonomy":"product_tag","embeddable":true,"href":"https:\/\/embreis.com\/dk\/wp-json\/wp\/v2\/product_tag?post=1975"}],"curies":[{"name":"wp","href":"https:\/\/api.w.org\/{rel}","templated":true}]}}