{"id":13321,"date":"2026-03-03T11:38:41","date_gmt":"2026-03-03T09:38:41","guid":{"rendered":"https:\/\/embreis.com\/dk\/?post_type=product&#038;p=13321"},"modified":"2026-03-03T11:42:06","modified_gmt":"2026-03-03T09:42:06","slug":"ultraseal-locking-liner","status":"publish","type":"product","link":"https:\/\/embreis.com\/dk\/produkt\/ultraseal-locking-liner\/","title":{"rendered":"UltraSeal Locking liner"},"content":{"rendered":"<div id=\"ctl00_cph1_rightCol\">\n<p>UltraSeal Locking \u00e4r en silikonliner f\u00f6r transtibiala (BK) och transfemorala (AK) amputationer inom aktivitetsniv\u00e5 K1\u2013K4. Den kombinerar integrerad t\u00e4tningsteknologi med mekanisk l\u00e5sning och ger en s\u00e4ker, stabil och reproducerbar suspension.<\/p>\n<p>Den integrerade t\u00e4tningsringen finns i tre olika h\u00f6jder och skapar en luftt\u00e4t f\u00f6rslutning vid inf\u00f6rande i hylsan. Linern \u00e4r distalt utrustad med en g\u00e4ngad hylsa d\u00e4r en metallpinne f\u00e4sts, vilket m\u00f6jligg\u00f6r anv\u00e4ndning tillsammans med l\u00e5ssystem i hylsan. Kombinationen av sealing och mekanisk l\u00e5sning ger h\u00f6g s\u00e4kerhet och minimerar vertikal r\u00f6relse.<\/p>\n<p>OptiSil-materialet formar sig efter stumpens konturer och bidrar till komfort, minskad friktion och god hudtolerans \u00e4ven vid h\u00f6gre aktivitetsniv\u00e5er.<\/p>\n<ul>\n<li><strong>Tre utf\u00f6randen:<\/strong> Ultral\u00e5gt, l\u00e5gt eller h\u00f6gt placerad t\u00e4tningsring.<\/li>\n<li><strong>S\u00e4ker l\u00e5sfunktion:<\/strong> G\u00e4ngad distal inf\u00e4stning ger stabil, s\u00e4ker och komfortabel suspension vid anv\u00e4ndning av l\u00e5ssystem.<\/li>\n<li><strong>OptiSil-teknologi:<\/strong> Sl\u00e4t, tunn och l\u00e4tt insida som formar sig efter stumpens konturer och ger upp till 80 % l\u00e4gre friktion j\u00e4mf\u00f6rt med traditionell silikon.<\/li>\n<li><strong>Textilteknologi:<\/strong> Slitstarkt yttermaterial som begr\u00e4nsar \u00f6verdriven stretch och reducerar pistoning.<\/li>\n<li><strong>Distal konstruktion:<\/strong> Avancerad sammanfogning av flera komponenter skapar en h\u00e5llbar och slitstark intern struktur f\u00f6r l\u00e5ng livsl\u00e4ngd, skydd och bibeh\u00e5llen passform \u00f6ver tid.<\/li>\n<\/ul>\n<\/div>\n","protected":false},"excerpt":{"rendered":"<p>UltraSeal Locking \u00e4r en silikonliner f\u00f6r transtibiala (BK) och transfemorala (AK) amputationer inom aktivitetsniv\u00e5 K1\u2013K4. Den kombinerar integrerad t\u00e4tningsteknologi med [&hellip;]<\/p>\n","protected":false},"featured_media":13370,"template":"","meta":[],"product_brand":[],"product_cat":[272,304,1260],"product_tag":[],"class_list":{"0":"post-13321","1":"product","2":"type-product","3":"status-publish","4":"has-post-thumbnail","6":"product_cat-protes","7":"product_cat-liners-sleevar","8":"product_cat-liners-silikon","10":"first","11":"outofstock","12":"shipping-taxable","13":"product-type-variable"},"acf":[],"yoast_head":"<!-- This site is optimized with the Yoast SEO Premium plugin v25.3.1 (Yoast SEO v25.3.1) - https:\/\/yoast.com\/wordpress\/plugins\/seo\/ -->\n<title>UltraSeal Locking liner - Embreis DK<\/title>\n<meta name=\"robots\" content=\"index, follow, max-snippet:-1, max-image-preview:large, max-video-preview:-1\" \/>\n<link rel=\"canonical\" href=\"https:\/\/embreis.com\/dk\/produkt\/ultraseal-locking-liner\/\" \/>\n<meta property=\"og:locale\" content=\"sv_SE\" \/>\n<meta property=\"og:type\" content=\"article\" \/>\n<meta property=\"og:title\" content=\"UltraSeal Locking liner\" \/>\n<meta property=\"og:description\" content=\"UltraSeal Locking \u00e4r en silikonliner f\u00f6r transtibiala (BK) och transfemorala (AK) amputationer inom aktivitetsniv\u00e5 K1\u2013K4. Den kombinerar integrerad t\u00e4tningsteknologi med [&hellip;]\" \/>\n<meta property=\"og:url\" content=\"https:\/\/embreis.com\/dk\/produkt\/ultraseal-locking-liner\/\" \/>\n<meta property=\"og:site_name\" content=\"Embreis DK\" \/>\n<meta property=\"article:modified_time\" content=\"2026-03-03T09:42:06+00:00\" \/>\n<meta property=\"og:image\" content=\"https:\/\/embreis.com\/dk\/wp-content\/uploads\/sites\/8\/2026\/03\/Easly_liner_locking.jpg\" \/>\n\t<meta property=\"og:image:width\" content=\"2268\" \/>\n\t<meta property=\"og:image:height\" content=\"2268\" \/>\n\t<meta property=\"og:image:type\" content=\"image\/jpeg\" \/>\n<meta name=\"twitter:card\" content=\"summary_large_image\" \/>\n<meta name=\"twitter:label1\" content=\"Ber\u00e4knad l\u00e4stid\" \/>\n\t<meta name=\"twitter:data1\" content=\"2 minuter\" \/>\n<script type=\"application\/ld+json\" class=\"yoast-schema-graph\">{\"@context\":\"https:\/\/schema.org\",\"@graph\":[{\"@type\":\"WebPage\",\"@id\":\"https:\/\/embreis.com\/dk\/produkt\/ultraseal-locking-liner\/\",\"url\":\"https:\/\/embreis.com\/dk\/produkt\/ultraseal-locking-liner\/\",\"name\":\"UltraSeal Locking liner - Embreis DK\",\"isPartOf\":{\"@id\":\"https:\/\/embreis.com\/dk\/#website\"},\"primaryImageOfPage\":{\"@id\":\"https:\/\/embreis.com\/dk\/produkt\/ultraseal-locking-liner\/#primaryimage\"},\"image\":{\"@id\":\"https:\/\/embreis.com\/dk\/produkt\/ultraseal-locking-liner\/#primaryimage\"},\"thumbnailUrl\":\"https:\/\/embreis.com\/dk\/wp-content\/uploads\/sites\/8\/2026\/03\/Easly_liner_locking.jpg\",\"datePublished\":\"2026-03-03T09:38:41+00:00\",\"dateModified\":\"2026-03-03T09:42:06+00:00\",\"breadcrumb\":{\"@id\":\"https:\/\/embreis.com\/dk\/produkt\/ultraseal-locking-liner\/#breadcrumb\"},\"inLanguage\":\"sv-SE\",\"potentialAction\":[{\"@type\":\"ReadAction\",\"target\":[\"https:\/\/embreis.com\/dk\/produkt\/ultraseal-locking-liner\/\"]}]},{\"@type\":\"ImageObject\",\"inLanguage\":\"sv-SE\",\"@id\":\"https:\/\/embreis.com\/dk\/produkt\/ultraseal-locking-liner\/#primaryimage\",\"url\":\"https:\/\/embreis.com\/dk\/wp-content\/uploads\/sites\/8\/2026\/03\/Easly_liner_locking.jpg\",\"contentUrl\":\"https:\/\/embreis.com\/dk\/wp-content\/uploads\/sites\/8\/2026\/03\/Easly_liner_locking.jpg\",\"width\":2268,\"height\":2268},{\"@type\":\"BreadcrumbList\",\"@id\":\"https:\/\/embreis.com\/dk\/produkt\/ultraseal-locking-liner\/#breadcrumb\",\"itemListElement\":[{\"@type\":\"ListItem\",\"position\":1,\"name\":\"Hem\",\"item\":\"https:\/\/embreis.com\/dk\/\"},{\"@type\":\"ListItem\",\"position\":2,\"name\":\"Sortiment\",\"item\":\"https:\/\/embreis.com\/dk\/sortiment\/\"},{\"@type\":\"ListItem\",\"position\":3,\"name\":\"Protes\",\"item\":\"https:\/\/embreis.com\/dk\/produktkategori\/protes\/\"},{\"@type\":\"ListItem\",\"position\":4,\"name\":\"UltraSeal Locking liner\"}]},{\"@type\":\"WebSite\",\"@id\":\"https:\/\/embreis.com\/dk\/#website\",\"url\":\"https:\/\/embreis.com\/dk\/\",\"name\":\"Embreis DK\",\"description\":\"Ortoser, proteser och material\",\"potentialAction\":[{\"@type\":\"SearchAction\",\"target\":{\"@type\":\"EntryPoint\",\"urlTemplate\":\"https:\/\/embreis.com\/dk\/?s={search_term_string}\"},\"query-input\":{\"@type\":\"PropertyValueSpecification\",\"valueRequired\":true,\"valueName\":\"search_term_string\"}}],\"inLanguage\":\"sv-SE\"}]}<\/script>\n<!-- \/ Yoast SEO Premium plugin. -->","yoast_head_json":{"title":"UltraSeal Locking liner - Embreis DK","robots":{"index":"index","follow":"follow","max-snippet":"max-snippet:-1","max-image-preview":"max-image-preview:large","max-video-preview":"max-video-preview:-1"},"canonical":"https:\/\/embreis.com\/dk\/produkt\/ultraseal-locking-liner\/","og_locale":"sv_SE","og_type":"article","og_title":"UltraSeal Locking liner","og_description":"UltraSeal Locking \u00e4r en silikonliner f\u00f6r transtibiala (BK) och transfemorala (AK) amputationer inom aktivitetsniv\u00e5 K1\u2013K4. Den kombinerar integrerad t\u00e4tningsteknologi med [&hellip;]","og_url":"https:\/\/embreis.com\/dk\/produkt\/ultraseal-locking-liner\/","og_site_name":"Embreis DK","article_modified_time":"2026-03-03T09:42:06+00:00","og_image":[{"width":2268,"height":2268,"url":"https:\/\/embreis.com\/dk\/wp-content\/uploads\/sites\/8\/2026\/03\/Easly_liner_locking.jpg","type":"image\/jpeg"}],"twitter_card":"summary_large_image","twitter_misc":{"Ber\u00e4knad l\u00e4stid":"2 minuter"},"schema":{"@context":"https:\/\/schema.org","@graph":[{"@type":"WebPage","@id":"https:\/\/embreis.com\/dk\/produkt\/ultraseal-locking-liner\/","url":"https:\/\/embreis.com\/dk\/produkt\/ultraseal-locking-liner\/","name":"UltraSeal Locking liner - Embreis DK","isPartOf":{"@id":"https:\/\/embreis.com\/dk\/#website"},"primaryImageOfPage":{"@id":"https:\/\/embreis.com\/dk\/produkt\/ultraseal-locking-liner\/#primaryimage"},"image":{"@id":"https:\/\/embreis.com\/dk\/produkt\/ultraseal-locking-liner\/#primaryimage"},"thumbnailUrl":"https:\/\/embreis.com\/dk\/wp-content\/uploads\/sites\/8\/2026\/03\/Easly_liner_locking.jpg","datePublished":"2026-03-03T09:38:41+00:00","dateModified":"2026-03-03T09:42:06+00:00","breadcrumb":{"@id":"https:\/\/embreis.com\/dk\/produkt\/ultraseal-locking-liner\/#breadcrumb"},"inLanguage":"sv-SE","potentialAction":[{"@type":"ReadAction","target":["https:\/\/embreis.com\/dk\/produkt\/ultraseal-locking-liner\/"]}]},{"@type":"ImageObject","inLanguage":"sv-SE","@id":"https:\/\/embreis.com\/dk\/produkt\/ultraseal-locking-liner\/#primaryimage","url":"https:\/\/embreis.com\/dk\/wp-content\/uploads\/sites\/8\/2026\/03\/Easly_liner_locking.jpg","contentUrl":"https:\/\/embreis.com\/dk\/wp-content\/uploads\/sites\/8\/2026\/03\/Easly_liner_locking.jpg","width":2268,"height":2268},{"@type":"BreadcrumbList","@id":"https:\/\/embreis.com\/dk\/produkt\/ultraseal-locking-liner\/#breadcrumb","itemListElement":[{"@type":"ListItem","position":1,"name":"Hem","item":"https:\/\/embreis.com\/dk\/"},{"@type":"ListItem","position":2,"name":"Sortiment","item":"https:\/\/embreis.com\/dk\/sortiment\/"},{"@type":"ListItem","position":3,"name":"Protes","item":"https:\/\/embreis.com\/dk\/produktkategori\/protes\/"},{"@type":"ListItem","position":4,"name":"UltraSeal Locking liner"}]},{"@type":"WebSite","@id":"https:\/\/embreis.com\/dk\/#website","url":"https:\/\/embreis.com\/dk\/","name":"Embreis DK","description":"Ortoser, proteser och material","potentialAction":[{"@type":"SearchAction","target":{"@type":"EntryPoint","urlTemplate":"https:\/\/embreis.com\/dk\/?s={search_term_string}"},"query-input":{"@type":"PropertyValueSpecification","valueRequired":true,"valueName":"search_term_string"}}],"inLanguage":"sv-SE"}]}},"_links":{"self":[{"href":"https:\/\/embreis.com\/dk\/wp-json\/wp\/v2\/product\/13321","targetHints":{"allow":["GET"]}}],"collection":[{"href":"https:\/\/embreis.com\/dk\/wp-json\/wp\/v2\/product"}],"about":[{"href":"https:\/\/embreis.com\/dk\/wp-json\/wp\/v2\/types\/product"}],"wp:featuredmedia":[{"embeddable":true,"href":"https:\/\/embreis.com\/dk\/wp-json\/wp\/v2\/media\/13370"}],"wp:attachment":[{"href":"https:\/\/embreis.com\/dk\/wp-json\/wp\/v2\/media?parent=13321"}],"wp:term":[{"taxonomy":"product_brand","embeddable":true,"href":"https:\/\/embreis.com\/dk\/wp-json\/wp\/v2\/product_brand?post=13321"},{"taxonomy":"product_cat","embeddable":true,"href":"https:\/\/embreis.com\/dk\/wp-json\/wp\/v2\/product_cat?post=13321"},{"taxonomy":"product_tag","embeddable":true,"href":"https:\/\/embreis.com\/dk\/wp-json\/wp\/v2\/product_tag?post=13321"}],"curies":[{"name":"wp","href":"https:\/\/api.w.org\/{rel}","templated":true}]}}