{"id":13140,"date":"2025-03-26T13:59:09","date_gmt":"2025-03-26T11:59:09","guid":{"rendered":"https:\/\/embreis.com\/dk\/?post_type=product&#038;p=13140"},"modified":"2025-03-26T14:12:41","modified_gmt":"2025-03-26T12:12:41","slug":"flex-phantom","status":"publish","type":"product","link":"https:\/\/embreis.com\/dk\/produkt\/flex-phantom\/","title":{"rendered":"Flex Phantom"},"content":{"rendered":"<p>Flex Phantom \u00e4r en tv\u00e5delad 3D-printad kosmetik fr\u00e5n Nextt som inkluderar underben och l\u00e5rdel, tillverkad efter skanning och m\u00e5tt.<\/p>\n<p>Kosmetiken designas efter skanning individuellt till varje brukare och protes oberoende av vilka komponenter som finns i protesen.<\/p>\n<p><strong>Flex Phantom<\/strong> finns i tv\u00e5 varianter &#8211; <strong>Standard <\/strong>och<strong> Matt.<\/strong><\/p>\n<p>G\u00e5r att best\u00e4llas i 18 olika f\u00e4rger och nyanser. I vissa av dessa finns m\u00f6jlighet att f\u00e5 en tatuering. Se orderformul\u00e4r under fliken <strong>Dokument.<\/strong><\/p>\n<p>Denna kosmetik \u00e4r tillverkad av ett material som \u00e4r formbart och flexibelt.<\/p>\n<p>Kosmetiken \u00e4r mycket h\u00e5llbar och skyddar protesen effektivt fr\u00e5n yttre v\u00e5ld.<\/p>\n<p><b><strong>F\u00f6r mer information, kontakta v\u00e5r kundsupport eller bes\u00f6k Nextt&#8217;s hemsida p\u00e5 <a href=\"http:\/\/nexttprosthetics.com\">nexttprosthetics.com<\/a><\/strong>\u00a0<\/b><\/p>\n","protected":false},"excerpt":{"rendered":"<p>Flex Phantom \u00e4r en tv\u00e5delad 3D-printad kosmetik fr\u00e5n Nextt som inkluderar underben och l\u00e5rdel, tillverkad efter skanning och m\u00e5tt. Kosmetiken [&hellip;]<\/p>\n","protected":false},"featured_media":13147,"template":"","meta":[],"product_brand":[],"product_cat":[1380,272,1144,1257],"product_tag":[],"class_list":{"0":"post-13140","1":"product","2":"type-product","3":"status-publish","4":"has-post-thumbnail","6":"product_cat-nyheter","7":"product_cat-protes","8":"product_cat-kna-ben","9":"product_cat-ben-fotkosmetik","10":"pa_varumarke-nextt","12":"first","13":"outofstock","14":"featured","15":"shipping-taxable","16":"purchasable","17":"product-type-simple"},"acf":[],"yoast_head":"<!-- This site is optimized with the Yoast SEO Premium plugin v25.3.1 (Yoast SEO v25.3.1) - https:\/\/yoast.com\/wordpress\/plugins\/seo\/ -->\n<title>Flex Phantom - Embreis DK<\/title>\n<meta name=\"robots\" content=\"index, follow, max-snippet:-1, max-image-preview:large, max-video-preview:-1\" \/>\n<link rel=\"canonical\" href=\"https:\/\/embreis.com\/dk\/produkt\/flex-phantom\/\" \/>\n<meta property=\"og:locale\" content=\"sv_SE\" \/>\n<meta property=\"og:type\" content=\"article\" \/>\n<meta property=\"og:title\" content=\"Flex Phantom\" \/>\n<meta property=\"og:description\" content=\"Flex Phantom \u00e4r en tv\u00e5delad 3D-printad kosmetik fr\u00e5n Nextt som inkluderar underben och l\u00e5rdel, tillverkad efter skanning och m\u00e5tt. Kosmetiken [&hellip;]\" \/>\n<meta property=\"og:url\" content=\"https:\/\/embreis.com\/dk\/produkt\/flex-phantom\/\" \/>\n<meta property=\"og:site_name\" content=\"Embreis DK\" \/>\n<meta property=\"article:modified_time\" content=\"2025-03-26T12:12:41+00:00\" \/>\n<meta property=\"og:image\" content=\"https:\/\/embreis.com\/dk\/wp-content\/uploads\/sites\/8\/2025\/03\/1.jpg\" \/>\n\t<meta property=\"og:image:width\" content=\"850\" \/>\n\t<meta property=\"og:image:height\" content=\"850\" \/>\n\t<meta property=\"og:image:type\" content=\"image\/jpeg\" \/>\n<meta name=\"twitter:card\" content=\"summary_large_image\" \/>\n<meta name=\"twitter:label1\" content=\"Ber\u00e4knad l\u00e4stid\" \/>\n\t<meta name=\"twitter:data1\" content=\"1 minut\" \/>\n<script type=\"application\/ld+json\" class=\"yoast-schema-graph\">{\"@context\":\"https:\/\/schema.org\",\"@graph\":[{\"@type\":\"WebPage\",\"@id\":\"https:\/\/embreis.com\/dk\/produkt\/flex-phantom\/\",\"url\":\"https:\/\/embreis.com\/dk\/produkt\/flex-phantom\/\",\"name\":\"Flex Phantom - Embreis DK\",\"isPartOf\":{\"@id\":\"https:\/\/embreis.com\/dk\/#website\"},\"primaryImageOfPage\":{\"@id\":\"https:\/\/embreis.com\/dk\/produkt\/flex-phantom\/#primaryimage\"},\"image\":{\"@id\":\"https:\/\/embreis.com\/dk\/produkt\/flex-phantom\/#primaryimage\"},\"thumbnailUrl\":\"https:\/\/embreis.com\/dk\/wp-content\/uploads\/sites\/8\/2025\/03\/1.jpg\",\"datePublished\":\"2025-03-26T11:59:09+00:00\",\"dateModified\":\"2025-03-26T12:12:41+00:00\",\"breadcrumb\":{\"@id\":\"https:\/\/embreis.com\/dk\/produkt\/flex-phantom\/#breadcrumb\"},\"inLanguage\":\"sv-SE\",\"potentialAction\":[{\"@type\":\"ReadAction\",\"target\":[\"https:\/\/embreis.com\/dk\/produkt\/flex-phantom\/\"]}]},{\"@type\":\"ImageObject\",\"inLanguage\":\"sv-SE\",\"@id\":\"https:\/\/embreis.com\/dk\/produkt\/flex-phantom\/#primaryimage\",\"url\":\"https:\/\/embreis.com\/dk\/wp-content\/uploads\/sites\/8\/2025\/03\/1.jpg\",\"contentUrl\":\"https:\/\/embreis.com\/dk\/wp-content\/uploads\/sites\/8\/2025\/03\/1.jpg\",\"width\":850,\"height\":850},{\"@type\":\"BreadcrumbList\",\"@id\":\"https:\/\/embreis.com\/dk\/produkt\/flex-phantom\/#breadcrumb\",\"itemListElement\":[{\"@type\":\"ListItem\",\"position\":1,\"name\":\"Hem\",\"item\":\"https:\/\/embreis.com\/dk\/\"},{\"@type\":\"ListItem\",\"position\":2,\"name\":\"Sortiment\",\"item\":\"https:\/\/embreis.com\/dk\/sortiment\/\"},{\"@type\":\"ListItem\",\"position\":3,\"name\":\"Protes\",\"item\":\"https:\/\/embreis.com\/dk\/produktkategori\/protes\/\"},{\"@type\":\"ListItem\",\"position\":4,\"name\":\"Kn\u00e4 &amp; Ben\",\"item\":\"https:\/\/embreis.com\/dk\/produktkategori\/protes\/kna-ben\/\"},{\"@type\":\"ListItem\",\"position\":5,\"name\":\"Ben &amp; Fotkosmetik\",\"item\":\"https:\/\/embreis.com\/dk\/produktkategori\/protes\/kna-ben\/ben-fotkosmetik\/\"},{\"@type\":\"ListItem\",\"position\":6,\"name\":\"Flex Phantom\"}]},{\"@type\":\"WebSite\",\"@id\":\"https:\/\/embreis.com\/dk\/#website\",\"url\":\"https:\/\/embreis.com\/dk\/\",\"name\":\"Embreis DK\",\"description\":\"Ortoser, proteser och material\",\"potentialAction\":[{\"@type\":\"SearchAction\",\"target\":{\"@type\":\"EntryPoint\",\"urlTemplate\":\"https:\/\/embreis.com\/dk\/?s={search_term_string}\"},\"query-input\":{\"@type\":\"PropertyValueSpecification\",\"valueRequired\":true,\"valueName\":\"search_term_string\"}}],\"inLanguage\":\"sv-SE\"}]}<\/script>\n<!-- \/ Yoast SEO Premium plugin. -->","yoast_head_json":{"title":"Flex Phantom - Embreis DK","robots":{"index":"index","follow":"follow","max-snippet":"max-snippet:-1","max-image-preview":"max-image-preview:large","max-video-preview":"max-video-preview:-1"},"canonical":"https:\/\/embreis.com\/dk\/produkt\/flex-phantom\/","og_locale":"sv_SE","og_type":"article","og_title":"Flex Phantom","og_description":"Flex Phantom \u00e4r en tv\u00e5delad 3D-printad kosmetik fr\u00e5n Nextt som inkluderar underben och l\u00e5rdel, tillverkad efter skanning och m\u00e5tt. Kosmetiken [&hellip;]","og_url":"https:\/\/embreis.com\/dk\/produkt\/flex-phantom\/","og_site_name":"Embreis DK","article_modified_time":"2025-03-26T12:12:41+00:00","og_image":[{"width":850,"height":850,"url":"https:\/\/embreis.com\/dk\/wp-content\/uploads\/sites\/8\/2025\/03\/1.jpg","type":"image\/jpeg"}],"twitter_card":"summary_large_image","twitter_misc":{"Ber\u00e4knad l\u00e4stid":"1 minut"},"schema":{"@context":"https:\/\/schema.org","@graph":[{"@type":"WebPage","@id":"https:\/\/embreis.com\/dk\/produkt\/flex-phantom\/","url":"https:\/\/embreis.com\/dk\/produkt\/flex-phantom\/","name":"Flex Phantom - Embreis DK","isPartOf":{"@id":"https:\/\/embreis.com\/dk\/#website"},"primaryImageOfPage":{"@id":"https:\/\/embreis.com\/dk\/produkt\/flex-phantom\/#primaryimage"},"image":{"@id":"https:\/\/embreis.com\/dk\/produkt\/flex-phantom\/#primaryimage"},"thumbnailUrl":"https:\/\/embreis.com\/dk\/wp-content\/uploads\/sites\/8\/2025\/03\/1.jpg","datePublished":"2025-03-26T11:59:09+00:00","dateModified":"2025-03-26T12:12:41+00:00","breadcrumb":{"@id":"https:\/\/embreis.com\/dk\/produkt\/flex-phantom\/#breadcrumb"},"inLanguage":"sv-SE","potentialAction":[{"@type":"ReadAction","target":["https:\/\/embreis.com\/dk\/produkt\/flex-phantom\/"]}]},{"@type":"ImageObject","inLanguage":"sv-SE","@id":"https:\/\/embreis.com\/dk\/produkt\/flex-phantom\/#primaryimage","url":"https:\/\/embreis.com\/dk\/wp-content\/uploads\/sites\/8\/2025\/03\/1.jpg","contentUrl":"https:\/\/embreis.com\/dk\/wp-content\/uploads\/sites\/8\/2025\/03\/1.jpg","width":850,"height":850},{"@type":"BreadcrumbList","@id":"https:\/\/embreis.com\/dk\/produkt\/flex-phantom\/#breadcrumb","itemListElement":[{"@type":"ListItem","position":1,"name":"Hem","item":"https:\/\/embreis.com\/dk\/"},{"@type":"ListItem","position":2,"name":"Sortiment","item":"https:\/\/embreis.com\/dk\/sortiment\/"},{"@type":"ListItem","position":3,"name":"Protes","item":"https:\/\/embreis.com\/dk\/produktkategori\/protes\/"},{"@type":"ListItem","position":4,"name":"Kn\u00e4 &amp; Ben","item":"https:\/\/embreis.com\/dk\/produktkategori\/protes\/kna-ben\/"},{"@type":"ListItem","position":5,"name":"Ben &amp; Fotkosmetik","item":"https:\/\/embreis.com\/dk\/produktkategori\/protes\/kna-ben\/ben-fotkosmetik\/"},{"@type":"ListItem","position":6,"name":"Flex Phantom"}]},{"@type":"WebSite","@id":"https:\/\/embreis.com\/dk\/#website","url":"https:\/\/embreis.com\/dk\/","name":"Embreis DK","description":"Ortoser, proteser och material","potentialAction":[{"@type":"SearchAction","target":{"@type":"EntryPoint","urlTemplate":"https:\/\/embreis.com\/dk\/?s={search_term_string}"},"query-input":{"@type":"PropertyValueSpecification","valueRequired":true,"valueName":"search_term_string"}}],"inLanguage":"sv-SE"}]}},"_links":{"self":[{"href":"https:\/\/embreis.com\/dk\/wp-json\/wp\/v2\/product\/13140","targetHints":{"allow":["GET"]}}],"collection":[{"href":"https:\/\/embreis.com\/dk\/wp-json\/wp\/v2\/product"}],"about":[{"href":"https:\/\/embreis.com\/dk\/wp-json\/wp\/v2\/types\/product"}],"wp:featuredmedia":[{"embeddable":true,"href":"https:\/\/embreis.com\/dk\/wp-json\/wp\/v2\/media\/13147"}],"wp:attachment":[{"href":"https:\/\/embreis.com\/dk\/wp-json\/wp\/v2\/media?parent=13140"}],"wp:term":[{"taxonomy":"product_brand","embeddable":true,"href":"https:\/\/embreis.com\/dk\/wp-json\/wp\/v2\/product_brand?post=13140"},{"taxonomy":"product_cat","embeddable":true,"href":"https:\/\/embreis.com\/dk\/wp-json\/wp\/v2\/product_cat?post=13140"},{"taxonomy":"product_tag","embeddable":true,"href":"https:\/\/embreis.com\/dk\/wp-json\/wp\/v2\/product_tag?post=13140"}],"curies":[{"name":"wp","href":"https:\/\/api.w.org\/{rel}","templated":true}]}}