{"id":13104,"date":"2025-03-05T12:46:46","date_gmt":"2025-03-05T10:46:46","guid":{"rendered":"https:\/\/embreis.com\/dk\/?post_type=product&#038;p=13104"},"modified":"2025-06-05T10:09:56","modified_gmt":"2025-06-05T08:09:56","slug":"sstep","status":"publish","type":"product","link":"https:\/\/embreis.com\/dk\/produkt\/sstep\/","title":{"rendered":"Sstep"},"content":{"rendered":"<div id=\"ctl00_cph1_rightCol\">\n<div id=\"ctl00_cph1_rightCol\">\n<div id=\"ctl00_cph1_rightCol\">\n<p><span data-contrast=\"auto\">Sstep fr\u00e5n Elevate Movement \u00e4r en innovativ droppfotsortos designad f\u00f6r att underl\u00e4tta g\u00e5ng genom ett effektivt och justerbart dorsallyft f\u00f6r personer med droppfot. Ortosen har ett integrerat sn\u00f6rsystem p\u00e5 dorsalsidan fr\u00e5n framfoten upp till vaden och \u00e4r sammankopplat med ett BOA l\u00e5s som g\u00f6r att brukaren enkelt kan justera dorsallyftet efter behov.<\/span><span data-ccp-props=\"{&quot;335559738&quot;:240,&quot;335559739&quot;:240}\">\u00a0<\/span><\/p>\n<p><span data-contrast=\"auto\">Sstep fungerar b\u00e5de med och utan skor, vilket ger anv\u00e4ndaren flexibilitet och trygghet i olika situationer. Den \u00e4r tunn, smidig och ser f\u00f6r \u00f6gat tilltalande ut som en vanlig strumpa vilket ofta \u00e4r en f\u00f6rdel f\u00f6r \u00f6kad acceptans.<\/span><span data-ccp-props=\"{&quot;335559738&quot;:240,&quot;335559739&quot;:240}\">\u00a0<\/span><\/p>\n<p><span data-contrast=\"auto\">Sstep \u00e4r diskret och bekv\u00e4m, oavsett om man b\u00e4r skor eller g\u00e5r barfota, och erbjuder flexibilitet i anv\u00e4ndning hemma, p\u00e5 stranden eller p\u00e5 jobbet. <\/span><span data-contrast=\"none\">Den \u00e4r designad f\u00f6r enkel anv\u00e4ndning och komfort. Sstep f\u00f6rb\u00e4ttrar ofta vardagen f\u00f6r patienten genom att minska de fysiska och emotionella utmaningarna associerade med droppfot.<\/span><span data-ccp-props=\"{&quot;335559738&quot;:240,&quot;335559739&quot;:240}\">\u00a0<\/span><\/p>\n<p><span data-teams=\"true\"><strong>Sk\u00f6tselr\u00e5d<\/strong><br \/>\nTv\u00e4tta i kallt vatten och lufttorka. Undvik blekmedel och sk\u00f6ljmedel. Rekommenderad maxtemp. 40 \u00b0C. Anv\u00e4nd g\u00e4rna en tv\u00e4ttp\u00e5se vid maskintv\u00e4tt.<\/span><\/p>\n<p><strong>Sstep omfattas av\u00a060 dagars garanti\u00a0fr.o.m utprovningsdatum p\u00e5 patient. Garantin g\u00e4ller f\u00f6r tillverknings- och\/eller materialfel.<\/strong><\/p>\n<\/div>\n<\/div>\n<\/div>\n","protected":false},"excerpt":{"rendered":"<p>Sstep fr\u00e5n Elevate Movement \u00e4r en innovativ droppfotsortos designad f\u00f6r att underl\u00e4tta g\u00e5ng genom ett effektivt och justerbart dorsallyft f\u00f6r [&hellip;]<\/p>\n","protected":false},"featured_media":13114,"template":"","meta":[],"product_brand":[],"product_cat":[1380,217,225,1231],"product_tag":[],"class_list":{"0":"post-13104","1":"product","2":"type-product","3":"status-publish","4":"has-post-thumbnail","6":"product_cat-nyheter","7":"product_cat-ortos","8":"product_cat-ankel","9":"product_cat-neuro-rehab-vrist-ortos","10":"pa_varumarke-turbomed","12":"first","13":"outofstock","14":"featured","15":"shipping-taxable","16":"product-type-variable"},"acf":[],"yoast_head":"<!-- This site is optimized with the Yoast SEO Premium plugin v25.3.1 (Yoast SEO v25.3.1) - https:\/\/yoast.com\/wordpress\/plugins\/seo\/ -->\n<title>Sstep - Embreis DK<\/title>\n<meta name=\"robots\" content=\"index, follow, max-snippet:-1, max-image-preview:large, max-video-preview:-1\" \/>\n<link rel=\"canonical\" href=\"https:\/\/embreis.com\/dk\/produkt\/sstep\/\" \/>\n<meta property=\"og:locale\" content=\"sv_SE\" \/>\n<meta property=\"og:type\" content=\"article\" \/>\n<meta property=\"og:title\" content=\"Sstep\" \/>\n<meta property=\"og:description\" content=\"Sstep fr\u00e5n Elevate Movement \u00e4r en innovativ droppfotsortos designad f\u00f6r att underl\u00e4tta g\u00e5ng genom ett effektivt och justerbart dorsallyft f\u00f6r [&hellip;]\" \/>\n<meta property=\"og:url\" content=\"https:\/\/embreis.com\/dk\/produkt\/sstep\/\" \/>\n<meta property=\"og:site_name\" content=\"Embreis DK\" \/>\n<meta property=\"article:modified_time\" content=\"2025-06-05T08:09:56+00:00\" \/>\n<meta property=\"og:image\" content=\"https:\/\/embreis.com\/dk\/wp-content\/uploads\/sites\/8\/2025\/03\/Sstep_1.png\" \/>\n\t<meta property=\"og:image:width\" content=\"850\" \/>\n\t<meta property=\"og:image:height\" content=\"850\" \/>\n\t<meta property=\"og:image:type\" content=\"image\/png\" \/>\n<meta name=\"twitter:card\" content=\"summary_large_image\" \/>\n<meta name=\"twitter:label1\" content=\"Ber\u00e4knad l\u00e4stid\" \/>\n\t<meta name=\"twitter:data1\" content=\"2 minuter\" \/>\n<script type=\"application\/ld+json\" class=\"yoast-schema-graph\">{\"@context\":\"https:\/\/schema.org\",\"@graph\":[{\"@type\":\"WebPage\",\"@id\":\"https:\/\/embreis.com\/dk\/produkt\/sstep\/\",\"url\":\"https:\/\/embreis.com\/dk\/produkt\/sstep\/\",\"name\":\"Sstep - Embreis DK\",\"isPartOf\":{\"@id\":\"https:\/\/embreis.com\/dk\/#website\"},\"primaryImageOfPage\":{\"@id\":\"https:\/\/embreis.com\/dk\/produkt\/sstep\/#primaryimage\"},\"image\":{\"@id\":\"https:\/\/embreis.com\/dk\/produkt\/sstep\/#primaryimage\"},\"thumbnailUrl\":\"https:\/\/embreis.com\/dk\/wp-content\/uploads\/sites\/8\/2025\/03\/Sstep_1.png\",\"datePublished\":\"2025-03-05T10:46:46+00:00\",\"dateModified\":\"2025-06-05T08:09:56+00:00\",\"breadcrumb\":{\"@id\":\"https:\/\/embreis.com\/dk\/produkt\/sstep\/#breadcrumb\"},\"inLanguage\":\"sv-SE\",\"potentialAction\":[{\"@type\":\"ReadAction\",\"target\":[\"https:\/\/embreis.com\/dk\/produkt\/sstep\/\"]}]},{\"@type\":\"ImageObject\",\"inLanguage\":\"sv-SE\",\"@id\":\"https:\/\/embreis.com\/dk\/produkt\/sstep\/#primaryimage\",\"url\":\"https:\/\/embreis.com\/dk\/wp-content\/uploads\/sites\/8\/2025\/03\/Sstep_1.png\",\"contentUrl\":\"https:\/\/embreis.com\/dk\/wp-content\/uploads\/sites\/8\/2025\/03\/Sstep_1.png\",\"width\":850,\"height\":850},{\"@type\":\"BreadcrumbList\",\"@id\":\"https:\/\/embreis.com\/dk\/produkt\/sstep\/#breadcrumb\",\"itemListElement\":[{\"@type\":\"ListItem\",\"position\":1,\"name\":\"Hem\",\"item\":\"https:\/\/embreis.com\/dk\/\"},{\"@type\":\"ListItem\",\"position\":2,\"name\":\"Sortiment\",\"item\":\"https:\/\/embreis.com\/dk\/sortiment\/\"},{\"@type\":\"ListItem\",\"position\":3,\"name\":\"Ortos\",\"item\":\"https:\/\/embreis.com\/dk\/produktkategori\/ortos\/\"},{\"@type\":\"ListItem\",\"position\":4,\"name\":\"Ankel\",\"item\":\"https:\/\/embreis.com\/dk\/produktkategori\/ortos\/ankel\/\"},{\"@type\":\"ListItem\",\"position\":5,\"name\":\"Neuro - Rehab\",\"item\":\"https:\/\/embreis.com\/dk\/produktkategori\/ortos\/ankel\/neuro-rehab-vrist-ortos\/\"},{\"@type\":\"ListItem\",\"position\":6,\"name\":\"Sstep\"}]},{\"@type\":\"WebSite\",\"@id\":\"https:\/\/embreis.com\/dk\/#website\",\"url\":\"https:\/\/embreis.com\/dk\/\",\"name\":\"Embreis DK\",\"description\":\"Ortoser, proteser och material\",\"potentialAction\":[{\"@type\":\"SearchAction\",\"target\":{\"@type\":\"EntryPoint\",\"urlTemplate\":\"https:\/\/embreis.com\/dk\/?s={search_term_string}\"},\"query-input\":{\"@type\":\"PropertyValueSpecification\",\"valueRequired\":true,\"valueName\":\"search_term_string\"}}],\"inLanguage\":\"sv-SE\"}]}<\/script>\n<!-- \/ Yoast SEO Premium plugin. -->","yoast_head_json":{"title":"Sstep - Embreis DK","robots":{"index":"index","follow":"follow","max-snippet":"max-snippet:-1","max-image-preview":"max-image-preview:large","max-video-preview":"max-video-preview:-1"},"canonical":"https:\/\/embreis.com\/dk\/produkt\/sstep\/","og_locale":"sv_SE","og_type":"article","og_title":"Sstep","og_description":"Sstep fr\u00e5n Elevate Movement \u00e4r en innovativ droppfotsortos designad f\u00f6r att underl\u00e4tta g\u00e5ng genom ett effektivt och justerbart dorsallyft f\u00f6r [&hellip;]","og_url":"https:\/\/embreis.com\/dk\/produkt\/sstep\/","og_site_name":"Embreis DK","article_modified_time":"2025-06-05T08:09:56+00:00","og_image":[{"width":850,"height":850,"url":"https:\/\/embreis.com\/dk\/wp-content\/uploads\/sites\/8\/2025\/03\/Sstep_1.png","type":"image\/png"}],"twitter_card":"summary_large_image","twitter_misc":{"Ber\u00e4knad l\u00e4stid":"2 minuter"},"schema":{"@context":"https:\/\/schema.org","@graph":[{"@type":"WebPage","@id":"https:\/\/embreis.com\/dk\/produkt\/sstep\/","url":"https:\/\/embreis.com\/dk\/produkt\/sstep\/","name":"Sstep - Embreis DK","isPartOf":{"@id":"https:\/\/embreis.com\/dk\/#website"},"primaryImageOfPage":{"@id":"https:\/\/embreis.com\/dk\/produkt\/sstep\/#primaryimage"},"image":{"@id":"https:\/\/embreis.com\/dk\/produkt\/sstep\/#primaryimage"},"thumbnailUrl":"https:\/\/embreis.com\/dk\/wp-content\/uploads\/sites\/8\/2025\/03\/Sstep_1.png","datePublished":"2025-03-05T10:46:46+00:00","dateModified":"2025-06-05T08:09:56+00:00","breadcrumb":{"@id":"https:\/\/embreis.com\/dk\/produkt\/sstep\/#breadcrumb"},"inLanguage":"sv-SE","potentialAction":[{"@type":"ReadAction","target":["https:\/\/embreis.com\/dk\/produkt\/sstep\/"]}]},{"@type":"ImageObject","inLanguage":"sv-SE","@id":"https:\/\/embreis.com\/dk\/produkt\/sstep\/#primaryimage","url":"https:\/\/embreis.com\/dk\/wp-content\/uploads\/sites\/8\/2025\/03\/Sstep_1.png","contentUrl":"https:\/\/embreis.com\/dk\/wp-content\/uploads\/sites\/8\/2025\/03\/Sstep_1.png","width":850,"height":850},{"@type":"BreadcrumbList","@id":"https:\/\/embreis.com\/dk\/produkt\/sstep\/#breadcrumb","itemListElement":[{"@type":"ListItem","position":1,"name":"Hem","item":"https:\/\/embreis.com\/dk\/"},{"@type":"ListItem","position":2,"name":"Sortiment","item":"https:\/\/embreis.com\/dk\/sortiment\/"},{"@type":"ListItem","position":3,"name":"Ortos","item":"https:\/\/embreis.com\/dk\/produktkategori\/ortos\/"},{"@type":"ListItem","position":4,"name":"Ankel","item":"https:\/\/embreis.com\/dk\/produktkategori\/ortos\/ankel\/"},{"@type":"ListItem","position":5,"name":"Neuro - Rehab","item":"https:\/\/embreis.com\/dk\/produktkategori\/ortos\/ankel\/neuro-rehab-vrist-ortos\/"},{"@type":"ListItem","position":6,"name":"Sstep"}]},{"@type":"WebSite","@id":"https:\/\/embreis.com\/dk\/#website","url":"https:\/\/embreis.com\/dk\/","name":"Embreis DK","description":"Ortoser, proteser och material","potentialAction":[{"@type":"SearchAction","target":{"@type":"EntryPoint","urlTemplate":"https:\/\/embreis.com\/dk\/?s={search_term_string}"},"query-input":{"@type":"PropertyValueSpecification","valueRequired":true,"valueName":"search_term_string"}}],"inLanguage":"sv-SE"}]}},"_links":{"self":[{"href":"https:\/\/embreis.com\/dk\/wp-json\/wp\/v2\/product\/13104","targetHints":{"allow":["GET"]}}],"collection":[{"href":"https:\/\/embreis.com\/dk\/wp-json\/wp\/v2\/product"}],"about":[{"href":"https:\/\/embreis.com\/dk\/wp-json\/wp\/v2\/types\/product"}],"wp:featuredmedia":[{"embeddable":true,"href":"https:\/\/embreis.com\/dk\/wp-json\/wp\/v2\/media\/13114"}],"wp:attachment":[{"href":"https:\/\/embreis.com\/dk\/wp-json\/wp\/v2\/media?parent=13104"}],"wp:term":[{"taxonomy":"product_brand","embeddable":true,"href":"https:\/\/embreis.com\/dk\/wp-json\/wp\/v2\/product_brand?post=13104"},{"taxonomy":"product_cat","embeddable":true,"href":"https:\/\/embreis.com\/dk\/wp-json\/wp\/v2\/product_cat?post=13104"},{"taxonomy":"product_tag","embeddable":true,"href":"https:\/\/embreis.com\/dk\/wp-json\/wp\/v2\/product_tag?post=13104"}],"curies":[{"name":"wp","href":"https:\/\/api.w.org\/{rel}","templated":true}]}}