{"id":12878,"date":"2024-11-19T14:50:42","date_gmt":"2024-11-19T12:50:42","guid":{"rendered":"https:\/\/embreis.com\/dk\/?post_type=product&#038;p=12878"},"modified":"2024-11-27T17:41:04","modified_gmt":"2024-11-27T15:41:04","slug":"ponseti-plus-bar","status":"publish","type":"product","link":"https:\/\/embreis.com\/dk\/produkt\/ponseti-plus-bar\/","title":{"rendered":"Ponseti\u00ae Plus Bar"},"content":{"rendered":"<p id=\"tw-target-text\" class=\"tw-data-text tw-text-large tw-ta\" dir=\"ltr\" data-placeholder=\"\u00d6vers\u00e4ttning\">Ponseti\u00ae Plus Abduction Bar fr\u00e5n Mitchell Ponseti. Denna uppgraderade abduktions bar har en rad f\u00f6rb\u00e4ttrade funktioner utformade f\u00f6r att g\u00f6ra livet enklare f\u00f6r b\u00e5de medicinsk personal och unga patienter. Precision \u00e4r av st\u00f6rsta vikt med laseretsade breddm\u00e5tt och graverad vinkelindikator, vilket s\u00e4kerst\u00e4ller exakt inriktning och enkel justering. \u201dNon-marking\u201d gummisulan skyddar m\u00f6bler och golv, vilket g\u00f6r det praktiskt f\u00f6r dagligt bruk. Det avancerade l\u00e5set, i kombination med det anv\u00e4ndarv\u00e4nliga \u201dQuick Clip\u201d-systemet f\u00f6renklar monteringen, samtidigt som den \u00f6vergripande designen \u00e4r l\u00e4ttare \u00e4n sin f\u00f6reg\u00e5ngare f\u00f6r f\u00f6rb\u00e4ttrad komfort. Ponseti\u00ae Plus Abduction Bar s\u00e4kerst\u00e4ller optimalt st\u00f6d och anpassning f\u00f6r barn i behov av PEVA behandling enligt Ponseti metoden.<\/p>\n","protected":false},"excerpt":{"rendered":"<p>Ponseti\u00ae Plus Abduction Bar fr\u00e5n Mitchell Ponseti. Denna uppgraderade abduktions bar har en rad f\u00f6rb\u00e4ttrade funktioner utformade f\u00f6r att g\u00f6ra [&hellip;]<\/p>\n","protected":false},"featured_media":12879,"template":"","meta":[],"product_brand":[],"product_cat":[217,220,1362],"product_tag":[],"class_list":{"0":"post-12878","1":"product","2":"type-product","3":"status-publish","4":"has-post-thumbnail","6":"product_cat-ortos","7":"product_cat-fot","8":"product_cat-peva-klumpfot","9":"pa_varumarke-ponseti","11":"first","12":"instock","13":"featured","14":"shipping-taxable","15":"product-type-simple"},"acf":[],"yoast_head":"<!-- This site is optimized with the Yoast SEO Premium plugin v25.3.1 (Yoast SEO v25.3.1) - https:\/\/yoast.com\/wordpress\/plugins\/seo\/ -->\n<title>Ponseti\u00ae Plus Bar - Embreis DK<\/title>\n<meta name=\"robots\" content=\"index, follow, max-snippet:-1, max-image-preview:large, max-video-preview:-1\" \/>\n<link rel=\"canonical\" href=\"https:\/\/embreis.com\/dk\/produkt\/ponseti-plus-bar\/\" \/>\n<meta property=\"og:locale\" content=\"sv_SE\" \/>\n<meta property=\"og:type\" content=\"article\" \/>\n<meta property=\"og:title\" content=\"Ponseti\u00ae Plus Bar\" \/>\n<meta property=\"og:description\" content=\"Ponseti\u00ae Plus Abduction Bar fr\u00e5n Mitchell Ponseti. Denna uppgraderade abduktions bar har en rad f\u00f6rb\u00e4ttrade funktioner utformade f\u00f6r att g\u00f6ra [&hellip;]\" \/>\n<meta property=\"og:url\" content=\"https:\/\/embreis.com\/dk\/produkt\/ponseti-plus-bar\/\" \/>\n<meta property=\"og:site_name\" content=\"Embreis DK\" \/>\n<meta property=\"article:modified_time\" content=\"2024-11-27T15:41:04+00:00\" \/>\n<meta property=\"og:image\" content=\"https:\/\/embreis.com\/dk\/wp-content\/uploads\/sites\/8\/2024\/11\/Plus-Bar1.png\" \/>\n\t<meta property=\"og:image:width\" content=\"850\" \/>\n\t<meta property=\"og:image:height\" content=\"850\" \/>\n\t<meta property=\"og:image:type\" content=\"image\/png\" \/>\n<meta name=\"twitter:card\" content=\"summary_large_image\" \/>\n<meta name=\"twitter:label1\" content=\"Ber\u00e4knad l\u00e4stid\" \/>\n\t<meta name=\"twitter:data1\" content=\"1 minut\" \/>\n<script type=\"application\/ld+json\" class=\"yoast-schema-graph\">{\"@context\":\"https:\/\/schema.org\",\"@graph\":[{\"@type\":\"WebPage\",\"@id\":\"https:\/\/embreis.com\/dk\/produkt\/ponseti-plus-bar\/\",\"url\":\"https:\/\/embreis.com\/dk\/produkt\/ponseti-plus-bar\/\",\"name\":\"Ponseti\u00ae Plus Bar - Embreis DK\",\"isPartOf\":{\"@id\":\"https:\/\/embreis.com\/dk\/#website\"},\"primaryImageOfPage\":{\"@id\":\"https:\/\/embreis.com\/dk\/produkt\/ponseti-plus-bar\/#primaryimage\"},\"image\":{\"@id\":\"https:\/\/embreis.com\/dk\/produkt\/ponseti-plus-bar\/#primaryimage\"},\"thumbnailUrl\":\"https:\/\/embreis.com\/dk\/wp-content\/uploads\/sites\/8\/2024\/11\/Plus-Bar1.png\",\"datePublished\":\"2024-11-19T12:50:42+00:00\",\"dateModified\":\"2024-11-27T15:41:04+00:00\",\"breadcrumb\":{\"@id\":\"https:\/\/embreis.com\/dk\/produkt\/ponseti-plus-bar\/#breadcrumb\"},\"inLanguage\":\"sv-SE\",\"potentialAction\":[{\"@type\":\"ReadAction\",\"target\":[\"https:\/\/embreis.com\/dk\/produkt\/ponseti-plus-bar\/\"]}]},{\"@type\":\"ImageObject\",\"inLanguage\":\"sv-SE\",\"@id\":\"https:\/\/embreis.com\/dk\/produkt\/ponseti-plus-bar\/#primaryimage\",\"url\":\"https:\/\/embreis.com\/dk\/wp-content\/uploads\/sites\/8\/2024\/11\/Plus-Bar1.png\",\"contentUrl\":\"https:\/\/embreis.com\/dk\/wp-content\/uploads\/sites\/8\/2024\/11\/Plus-Bar1.png\",\"width\":850,\"height\":850},{\"@type\":\"BreadcrumbList\",\"@id\":\"https:\/\/embreis.com\/dk\/produkt\/ponseti-plus-bar\/#breadcrumb\",\"itemListElement\":[{\"@type\":\"ListItem\",\"position\":1,\"name\":\"Hem\",\"item\":\"https:\/\/embreis.com\/dk\/\"},{\"@type\":\"ListItem\",\"position\":2,\"name\":\"Sortiment\",\"item\":\"https:\/\/embreis.com\/dk\/sortiment\/\"},{\"@type\":\"ListItem\",\"position\":3,\"name\":\"Ortos\",\"item\":\"https:\/\/embreis.com\/dk\/produktkategori\/ortos\/\"},{\"@type\":\"ListItem\",\"position\":4,\"name\":\"Fot\",\"item\":\"https:\/\/embreis.com\/dk\/produktkategori\/ortos\/fot\/\"},{\"@type\":\"ListItem\",\"position\":5,\"name\":\"PEVA - Klumpfot\",\"item\":\"https:\/\/embreis.com\/dk\/produktkategori\/ortos\/fot\/peva-klumpfot\/\"},{\"@type\":\"ListItem\",\"position\":6,\"name\":\"Ponseti\u00ae Plus Bar\"}]},{\"@type\":\"WebSite\",\"@id\":\"https:\/\/embreis.com\/dk\/#website\",\"url\":\"https:\/\/embreis.com\/dk\/\",\"name\":\"Embreis DK\",\"description\":\"Ortoser, proteser och material\",\"potentialAction\":[{\"@type\":\"SearchAction\",\"target\":{\"@type\":\"EntryPoint\",\"urlTemplate\":\"https:\/\/embreis.com\/dk\/?s={search_term_string}\"},\"query-input\":{\"@type\":\"PropertyValueSpecification\",\"valueRequired\":true,\"valueName\":\"search_term_string\"}}],\"inLanguage\":\"sv-SE\"}]}<\/script>\n<!-- \/ Yoast SEO Premium plugin. -->","yoast_head_json":{"title":"Ponseti\u00ae Plus Bar - Embreis DK","robots":{"index":"index","follow":"follow","max-snippet":"max-snippet:-1","max-image-preview":"max-image-preview:large","max-video-preview":"max-video-preview:-1"},"canonical":"https:\/\/embreis.com\/dk\/produkt\/ponseti-plus-bar\/","og_locale":"sv_SE","og_type":"article","og_title":"Ponseti\u00ae Plus Bar","og_description":"Ponseti\u00ae Plus Abduction Bar fr\u00e5n Mitchell Ponseti. Denna uppgraderade abduktions bar har en rad f\u00f6rb\u00e4ttrade funktioner utformade f\u00f6r att g\u00f6ra [&hellip;]","og_url":"https:\/\/embreis.com\/dk\/produkt\/ponseti-plus-bar\/","og_site_name":"Embreis DK","article_modified_time":"2024-11-27T15:41:04+00:00","og_image":[{"width":850,"height":850,"url":"https:\/\/embreis.com\/dk\/wp-content\/uploads\/sites\/8\/2024\/11\/Plus-Bar1.png","type":"image\/png"}],"twitter_card":"summary_large_image","twitter_misc":{"Ber\u00e4knad l\u00e4stid":"1 minut"},"schema":{"@context":"https:\/\/schema.org","@graph":[{"@type":"WebPage","@id":"https:\/\/embreis.com\/dk\/produkt\/ponseti-plus-bar\/","url":"https:\/\/embreis.com\/dk\/produkt\/ponseti-plus-bar\/","name":"Ponseti\u00ae Plus Bar - Embreis DK","isPartOf":{"@id":"https:\/\/embreis.com\/dk\/#website"},"primaryImageOfPage":{"@id":"https:\/\/embreis.com\/dk\/produkt\/ponseti-plus-bar\/#primaryimage"},"image":{"@id":"https:\/\/embreis.com\/dk\/produkt\/ponseti-plus-bar\/#primaryimage"},"thumbnailUrl":"https:\/\/embreis.com\/dk\/wp-content\/uploads\/sites\/8\/2024\/11\/Plus-Bar1.png","datePublished":"2024-11-19T12:50:42+00:00","dateModified":"2024-11-27T15:41:04+00:00","breadcrumb":{"@id":"https:\/\/embreis.com\/dk\/produkt\/ponseti-plus-bar\/#breadcrumb"},"inLanguage":"sv-SE","potentialAction":[{"@type":"ReadAction","target":["https:\/\/embreis.com\/dk\/produkt\/ponseti-plus-bar\/"]}]},{"@type":"ImageObject","inLanguage":"sv-SE","@id":"https:\/\/embreis.com\/dk\/produkt\/ponseti-plus-bar\/#primaryimage","url":"https:\/\/embreis.com\/dk\/wp-content\/uploads\/sites\/8\/2024\/11\/Plus-Bar1.png","contentUrl":"https:\/\/embreis.com\/dk\/wp-content\/uploads\/sites\/8\/2024\/11\/Plus-Bar1.png","width":850,"height":850},{"@type":"BreadcrumbList","@id":"https:\/\/embreis.com\/dk\/produkt\/ponseti-plus-bar\/#breadcrumb","itemListElement":[{"@type":"ListItem","position":1,"name":"Hem","item":"https:\/\/embreis.com\/dk\/"},{"@type":"ListItem","position":2,"name":"Sortiment","item":"https:\/\/embreis.com\/dk\/sortiment\/"},{"@type":"ListItem","position":3,"name":"Ortos","item":"https:\/\/embreis.com\/dk\/produktkategori\/ortos\/"},{"@type":"ListItem","position":4,"name":"Fot","item":"https:\/\/embreis.com\/dk\/produktkategori\/ortos\/fot\/"},{"@type":"ListItem","position":5,"name":"PEVA - Klumpfot","item":"https:\/\/embreis.com\/dk\/produktkategori\/ortos\/fot\/peva-klumpfot\/"},{"@type":"ListItem","position":6,"name":"Ponseti\u00ae Plus Bar"}]},{"@type":"WebSite","@id":"https:\/\/embreis.com\/dk\/#website","url":"https:\/\/embreis.com\/dk\/","name":"Embreis DK","description":"Ortoser, proteser och material","potentialAction":[{"@type":"SearchAction","target":{"@type":"EntryPoint","urlTemplate":"https:\/\/embreis.com\/dk\/?s={search_term_string}"},"query-input":{"@type":"PropertyValueSpecification","valueRequired":true,"valueName":"search_term_string"}}],"inLanguage":"sv-SE"}]}},"_links":{"self":[{"href":"https:\/\/embreis.com\/dk\/wp-json\/wp\/v2\/product\/12878","targetHints":{"allow":["GET"]}}],"collection":[{"href":"https:\/\/embreis.com\/dk\/wp-json\/wp\/v2\/product"}],"about":[{"href":"https:\/\/embreis.com\/dk\/wp-json\/wp\/v2\/types\/product"}],"wp:featuredmedia":[{"embeddable":true,"href":"https:\/\/embreis.com\/dk\/wp-json\/wp\/v2\/media\/12879"}],"wp:attachment":[{"href":"https:\/\/embreis.com\/dk\/wp-json\/wp\/v2\/media?parent=12878"}],"wp:term":[{"taxonomy":"product_brand","embeddable":true,"href":"https:\/\/embreis.com\/dk\/wp-json\/wp\/v2\/product_brand?post=12878"},{"taxonomy":"product_cat","embeddable":true,"href":"https:\/\/embreis.com\/dk\/wp-json\/wp\/v2\/product_cat?post=12878"},{"taxonomy":"product_tag","embeddable":true,"href":"https:\/\/embreis.com\/dk\/wp-json\/wp\/v2\/product_tag?post=12878"}],"curies":[{"name":"wp","href":"https:\/\/api.w.org\/{rel}","templated":true}]}}