{"id":12792,"date":"2024-10-22T15:19:55","date_gmt":"2024-10-22T13:19:55","guid":{"rendered":"https:\/\/embreis.com\/dk\/?post_type=product&#038;p=12792"},"modified":"2025-01-21T15:11:30","modified_gmt":"2025-01-21T13:11:30","slug":"levitate-forever","status":"publish","type":"product","link":"https:\/\/embreis.com\/dk\/produkt\/levitate-forever\/","title":{"rendered":"Levitate Forever"},"content":{"rendered":"<p>Levitate Forever \u00e4r en ny sp\u00e4nnande protesfot designad f\u00f6r en mer r\u00f6rlig och aktivare livsstil.<\/p>\n<p>Tillverkad av l\u00e4ttviktsglasfiber \u00e4r den perfekt f\u00f6r dagliga aktiviteter samt sporter som tennis, basket och fotboll. Denna h\u00e5llbara och bekv\u00e4ma fot erbjuder exceptionell prestanda och s\u00e4kerst\u00e4ller att anv\u00e4ndaren kan njuta av en aktiv livsstil utan kompromisser.<\/p>\n<p><strong>Adapter:<\/strong> Finns i Aluminium eller Titan<br \/>\n<strong>Fotblad\/fj\u00e4der f\u00f6r aktiv anv\u00e4ndning:<\/strong> Tillverkad av glasfiber ger den b\u00f6jda fj\u00e4dern bekv\u00e4m st\u00f6td\u00e4mpning samtidigt som den erbjuder h\u00f6g energi\u00e5tergivning.<br \/>\n<strong>Diskret design:<\/strong> Kan \u00e4ven b\u00e4ras med smalare byxor vid formella tillf\u00e4llen.<br \/>\n<strong>Bekv\u00e4m och aktiv h\u00e4l:<\/strong> Denna l\u00e4ttviktskonstruktion i glasfiber ger god st\u00f6td\u00e4mpning f\u00f6r daglig och l\u00e5ngvarig anv\u00e4ndning.<br \/>\n<strong>Mjuk men dynamisk \u00f6verg\u00e5ng:<\/strong> Den aktiva fj\u00e4dern, i samspel med h\u00e4len, m\u00f6jligg\u00f6r en dynamisk men \u00e4nd\u00e5 mjuk \u00f6verg\u00e5ng vid r\u00f6relse. Kombinationen ger bekv\u00e4m st\u00f6td\u00e4mpning och h\u00f6g energi\u00e5tergivning, vilket s\u00e4kerst\u00e4ller en naturlig och effektiv g\u00e5ngupplevelse. Fj\u00e4dern underl\u00e4ttar en mjuk \u00f6verg\u00e5ng fr\u00e5n h\u00e4lis\u00e4ttning till fr\u00e5nskjut, vilket f\u00f6rb\u00e4ttrar r\u00f6rlighet och komfort vid daglig och l\u00e5ngvarig anv\u00e4ndning.<\/p>\n<p><a href=\"https:\/\/embreis.com\/dk\/produkt\/levitate-quick-change-adapter\/\">L\u00e4s mer om Levitate Quick Change Adapter<\/a><br \/>\n<a href=\"https:\/\/embreis.com\/dk\/produkt\/levitate-running-blade\/\">L\u00e4s mer om Levitate Running Blade<\/a><\/p>\n","protected":false},"excerpt":{"rendered":"<p>Levitate Forever \u00e4r en ny sp\u00e4nnande protesfot designad f\u00f6r en mer r\u00f6rlig och aktivare livsstil. Tillverkad av l\u00e4ttviktsglasfiber \u00e4r den [&hellip;]<\/p>\n","protected":false},"featured_media":12797,"template":"","meta":[],"product_brand":[],"product_cat":[272,1142,1247],"product_tag":[],"class_list":{"0":"post-12792","1":"product","2":"type-product","3":"status-publish","4":"has-post-thumbnail","6":"product_cat-protes","7":"product_cat-fotter","8":"product_cat-active","9":"pa_varumarke-levitate","11":"first","12":"outofstock","13":"featured","14":"shipping-taxable","15":"product-type-variable"},"acf":[],"yoast_head":"<!-- This site is optimized with the Yoast SEO Premium plugin v27.3 (Yoast SEO v27.3) - https:\/\/yoast.com\/product\/yoast-seo-premium-wordpress\/ -->\n<title>Levitate Forever - Embreis DK<\/title>\n<meta name=\"robots\" content=\"index, follow, max-snippet:-1, max-image-preview:large, max-video-preview:-1\" \/>\n<link rel=\"canonical\" href=\"https:\/\/embreis.com\/dk\/produkt\/levitate-forever\/\" \/>\n<meta property=\"og:locale\" content=\"sv_SE\" \/>\n<meta property=\"og:type\" content=\"article\" \/>\n<meta property=\"og:title\" content=\"Levitate Forever\" \/>\n<meta property=\"og:description\" content=\"Levitate Forever \u00e4r en ny sp\u00e4nnande protesfot designad f\u00f6r en mer r\u00f6rlig och aktivare livsstil. Tillverkad av l\u00e4ttviktsglasfiber \u00e4r den [&hellip;]\" \/>\n<meta property=\"og:url\" content=\"https:\/\/embreis.com\/dk\/produkt\/levitate-forever\/\" \/>\n<meta property=\"og:site_name\" content=\"Embreis DK\" \/>\n<meta property=\"article:modified_time\" content=\"2025-01-21T13:11:30+00:00\" \/>\n<meta property=\"og:image\" content=\"https:\/\/embreis.com\/dk\/wp-content\/uploads\/sites\/8\/2024\/10\/Levitate-Forever_1.jpg\" \/>\n\t<meta property=\"og:image:width\" content=\"850\" \/>\n\t<meta property=\"og:image:height\" content=\"850\" \/>\n\t<meta property=\"og:image:type\" content=\"image\/jpeg\" \/>\n<meta name=\"twitter:card\" content=\"summary_large_image\" \/>\n<meta name=\"twitter:label1\" content=\"Ber\u00e4knad l\u00e4stid\" \/>\n\t<meta name=\"twitter:data1\" content=\"2 minuter\" \/>\n<script type=\"application\/ld+json\" class=\"yoast-schema-graph\">{\"@context\":\"https:\\\/\\\/schema.org\",\"@graph\":[{\"@type\":\"WebPage\",\"@id\":\"https:\\\/\\\/embreis.com\\\/dk\\\/produkt\\\/levitate-forever\\\/\",\"url\":\"https:\\\/\\\/embreis.com\\\/dk\\\/produkt\\\/levitate-forever\\\/\",\"name\":\"Levitate Forever - Embreis DK\",\"isPartOf\":{\"@id\":\"https:\\\/\\\/embreis.com\\\/dk\\\/#website\"},\"primaryImageOfPage\":{\"@id\":\"https:\\\/\\\/embreis.com\\\/dk\\\/produkt\\\/levitate-forever\\\/#primaryimage\"},\"image\":{\"@id\":\"https:\\\/\\\/embreis.com\\\/dk\\\/produkt\\\/levitate-forever\\\/#primaryimage\"},\"thumbnailUrl\":\"https:\\\/\\\/embreis.com\\\/dk\\\/wp-content\\\/uploads\\\/sites\\\/8\\\/2024\\\/10\\\/Levitate-Forever_1.jpg\",\"datePublished\":\"2024-10-22T13:19:55+00:00\",\"dateModified\":\"2025-01-21T13:11:30+00:00\",\"breadcrumb\":{\"@id\":\"https:\\\/\\\/embreis.com\\\/dk\\\/produkt\\\/levitate-forever\\\/#breadcrumb\"},\"inLanguage\":\"sv-SE\",\"potentialAction\":[{\"@type\":\"ReadAction\",\"target\":[\"https:\\\/\\\/embreis.com\\\/dk\\\/produkt\\\/levitate-forever\\\/\"]}]},{\"@type\":\"ImageObject\",\"inLanguage\":\"sv-SE\",\"@id\":\"https:\\\/\\\/embreis.com\\\/dk\\\/produkt\\\/levitate-forever\\\/#primaryimage\",\"url\":\"https:\\\/\\\/embreis.com\\\/dk\\\/wp-content\\\/uploads\\\/sites\\\/8\\\/2024\\\/10\\\/Levitate-Forever_1.jpg\",\"contentUrl\":\"https:\\\/\\\/embreis.com\\\/dk\\\/wp-content\\\/uploads\\\/sites\\\/8\\\/2024\\\/10\\\/Levitate-Forever_1.jpg\",\"width\":850,\"height\":850},{\"@type\":\"BreadcrumbList\",\"@id\":\"https:\\\/\\\/embreis.com\\\/dk\\\/produkt\\\/levitate-forever\\\/#breadcrumb\",\"itemListElement\":[{\"@type\":\"ListItem\",\"position\":1,\"name\":\"Hem\",\"item\":\"https:\\\/\\\/embreis.com\\\/dk\\\/\"},{\"@type\":\"ListItem\",\"position\":2,\"name\":\"Sortiment\",\"item\":\"https:\\\/\\\/embreis.com\\\/dk\\\/sortiment\\\/\"},{\"@type\":\"ListItem\",\"position\":3,\"name\":\"Protes\",\"item\":\"https:\\\/\\\/embreis.com\\\/dk\\\/produktkategori\\\/protes\\\/\"},{\"@type\":\"ListItem\",\"position\":4,\"name\":\"F\u00f6tter\",\"item\":\"https:\\\/\\\/embreis.com\\\/dk\\\/produktkategori\\\/protes\\\/fotter\\\/\"},{\"@type\":\"ListItem\",\"position\":5,\"name\":\"Protesfot - Active\",\"item\":\"https:\\\/\\\/embreis.com\\\/dk\\\/produktkategori\\\/protes\\\/fotter\\\/active\\\/\"},{\"@type\":\"ListItem\",\"position\":6,\"name\":\"Levitate Forever\"}]},{\"@type\":\"WebSite\",\"@id\":\"https:\\\/\\\/embreis.com\\\/dk\\\/#website\",\"url\":\"https:\\\/\\\/embreis.com\\\/dk\\\/\",\"name\":\"Embreis DK\",\"description\":\"Ortoser, proteser och material\",\"potentialAction\":[{\"@type\":\"SearchAction\",\"target\":{\"@type\":\"EntryPoint\",\"urlTemplate\":\"https:\\\/\\\/embreis.com\\\/dk\\\/?s={search_term_string}\"},\"query-input\":{\"@type\":\"PropertyValueSpecification\",\"valueRequired\":true,\"valueName\":\"search_term_string\"}}],\"inLanguage\":\"sv-SE\"}]}<\/script>\n<!-- \/ Yoast SEO Premium plugin. -->","yoast_head_json":{"title":"Levitate Forever - Embreis DK","robots":{"index":"index","follow":"follow","max-snippet":"max-snippet:-1","max-image-preview":"max-image-preview:large","max-video-preview":"max-video-preview:-1"},"canonical":"https:\/\/embreis.com\/dk\/produkt\/levitate-forever\/","og_locale":"sv_SE","og_type":"article","og_title":"Levitate Forever","og_description":"Levitate Forever \u00e4r en ny sp\u00e4nnande protesfot designad f\u00f6r en mer r\u00f6rlig och aktivare livsstil. Tillverkad av l\u00e4ttviktsglasfiber \u00e4r den [&hellip;]","og_url":"https:\/\/embreis.com\/dk\/produkt\/levitate-forever\/","og_site_name":"Embreis DK","article_modified_time":"2025-01-21T13:11:30+00:00","og_image":[{"width":850,"height":850,"url":"https:\/\/embreis.com\/dk\/wp-content\/uploads\/sites\/8\/2024\/10\/Levitate-Forever_1.jpg","type":"image\/jpeg"}],"twitter_card":"summary_large_image","twitter_misc":{"Ber\u00e4knad l\u00e4stid":"2 minuter"},"schema":{"@context":"https:\/\/schema.org","@graph":[{"@type":"WebPage","@id":"https:\/\/embreis.com\/dk\/produkt\/levitate-forever\/","url":"https:\/\/embreis.com\/dk\/produkt\/levitate-forever\/","name":"Levitate Forever - Embreis DK","isPartOf":{"@id":"https:\/\/embreis.com\/dk\/#website"},"primaryImageOfPage":{"@id":"https:\/\/embreis.com\/dk\/produkt\/levitate-forever\/#primaryimage"},"image":{"@id":"https:\/\/embreis.com\/dk\/produkt\/levitate-forever\/#primaryimage"},"thumbnailUrl":"https:\/\/embreis.com\/dk\/wp-content\/uploads\/sites\/8\/2024\/10\/Levitate-Forever_1.jpg","datePublished":"2024-10-22T13:19:55+00:00","dateModified":"2025-01-21T13:11:30+00:00","breadcrumb":{"@id":"https:\/\/embreis.com\/dk\/produkt\/levitate-forever\/#breadcrumb"},"inLanguage":"sv-SE","potentialAction":[{"@type":"ReadAction","target":["https:\/\/embreis.com\/dk\/produkt\/levitate-forever\/"]}]},{"@type":"ImageObject","inLanguage":"sv-SE","@id":"https:\/\/embreis.com\/dk\/produkt\/levitate-forever\/#primaryimage","url":"https:\/\/embreis.com\/dk\/wp-content\/uploads\/sites\/8\/2024\/10\/Levitate-Forever_1.jpg","contentUrl":"https:\/\/embreis.com\/dk\/wp-content\/uploads\/sites\/8\/2024\/10\/Levitate-Forever_1.jpg","width":850,"height":850},{"@type":"BreadcrumbList","@id":"https:\/\/embreis.com\/dk\/produkt\/levitate-forever\/#breadcrumb","itemListElement":[{"@type":"ListItem","position":1,"name":"Hem","item":"https:\/\/embreis.com\/dk\/"},{"@type":"ListItem","position":2,"name":"Sortiment","item":"https:\/\/embreis.com\/dk\/sortiment\/"},{"@type":"ListItem","position":3,"name":"Protes","item":"https:\/\/embreis.com\/dk\/produktkategori\/protes\/"},{"@type":"ListItem","position":4,"name":"F\u00f6tter","item":"https:\/\/embreis.com\/dk\/produktkategori\/protes\/fotter\/"},{"@type":"ListItem","position":5,"name":"Protesfot - Active","item":"https:\/\/embreis.com\/dk\/produktkategori\/protes\/fotter\/active\/"},{"@type":"ListItem","position":6,"name":"Levitate Forever"}]},{"@type":"WebSite","@id":"https:\/\/embreis.com\/dk\/#website","url":"https:\/\/embreis.com\/dk\/","name":"Embreis DK","description":"Ortoser, proteser och material","potentialAction":[{"@type":"SearchAction","target":{"@type":"EntryPoint","urlTemplate":"https:\/\/embreis.com\/dk\/?s={search_term_string}"},"query-input":{"@type":"PropertyValueSpecification","valueRequired":true,"valueName":"search_term_string"}}],"inLanguage":"sv-SE"}]}},"_links":{"self":[{"href":"https:\/\/embreis.com\/dk\/wp-json\/wp\/v2\/product\/12792","targetHints":{"allow":["GET"]}}],"collection":[{"href":"https:\/\/embreis.com\/dk\/wp-json\/wp\/v2\/product"}],"about":[{"href":"https:\/\/embreis.com\/dk\/wp-json\/wp\/v2\/types\/product"}],"wp:featuredmedia":[{"embeddable":true,"href":"https:\/\/embreis.com\/dk\/wp-json\/wp\/v2\/media\/12797"}],"wp:attachment":[{"href":"https:\/\/embreis.com\/dk\/wp-json\/wp\/v2\/media?parent=12792"}],"wp:term":[{"taxonomy":"product_brand","embeddable":true,"href":"https:\/\/embreis.com\/dk\/wp-json\/wp\/v2\/product_brand?post=12792"},{"taxonomy":"product_cat","embeddable":true,"href":"https:\/\/embreis.com\/dk\/wp-json\/wp\/v2\/product_cat?post=12792"},{"taxonomy":"product_tag","embeddable":true,"href":"https:\/\/embreis.com\/dk\/wp-json\/wp\/v2\/product_tag?post=12792"}],"curies":[{"name":"wp","href":"https:\/\/api.w.org\/{rel}","templated":true}]}}