{"id":12783,"date":"2024-10-22T14:57:55","date_gmt":"2024-10-22T12:57:55","guid":{"rendered":"https:\/\/embreis.com\/dk\/?post_type=product&#038;p=12783"},"modified":"2024-11-13T09:11:57","modified_gmt":"2024-11-13T07:11:57","slug":"levitate-running-blade","status":"publish","type":"product","link":"https:\/\/embreis.com\/dk\/produkt\/levitate-running-blade\/","title":{"rendered":"Levitate Running Blade"},"content":{"rendered":"<p>Designad f\u00f6r aktiva l\u00f6pare\/idrottsut\u00f6vare eller den som bara vill komma ut p\u00e5 en joggingtur.<\/p>\n<p>Levitate Running Blade kommer i en sats med alla komponenter som beh\u00f6vs f\u00f6r enkel integrering med befintliga hylsa.<\/p>\n<p id=\"tw-target-text\" class=\"tw-data-text tw-text-large tw-ta\" dir=\"ltr\" data-placeholder=\"\u00d6vers\u00e4ttning\" data-ved=\"2ahUKEwjlmpSE-o-JAxWvPxAIHakvK2YQ3ewLegQIBxAU\" aria-label=\"\u00d6versatt text: Blade-satsen kommer med allt du beh\u00f6ver f\u00f6r att komma ig\u00e5ng med l\u00f6pningen inom n\u00e5gra minuter.\"><span class=\"Y2IQFc\" lang=\"sv\">Running Blade kommer med alla delar du beh\u00f6ver f\u00f6r att komma ig\u00e5ng med l\u00f6pningen inom n\u00e5gra minuter.<\/span><\/p>\n<p id=\"tw-target-text\" class=\"tw-data-text tw-text-large tw-ta\" dir=\"ltr\" data-placeholder=\"\u00d6vers\u00e4ttning\" data-ved=\"2ahUKEwjlmpSE-o-JAxWvPxAIHakvK2YQ3ewLegQIBxAU\" aria-label=\"\u00d6versatt text: Den inneh\u00e5ller flera adaptrar med h\u00f6g justerbarhet, en skiftnyckel, en insexnyckel och \u2013 naturligtvis \u2013 din Levitate-running med en gratis orange Essential-sula.\"><span class=\"Y2IQFc\" lang=\"sv\">Inneh\u00e5ller flera adaptrar inkl. h\u00f6jdjusteringsadapter, en fastnyckel, en insexnyckel och naturligtvis ditt Levitate Running Blade med en tillh\u00f6rande orange Essential sula.<\/span><\/p>\n<p>Designad i samarbete med ledande kompositexperter. Levitate Running Blade \u00e4r tillverkad av glasfiber f\u00f6r att s\u00e4kerst\u00e4lla h\u00e5llbarhet under extrem och l\u00e5ngvarig anv\u00e4ndning, och allt \u00e4r tillverkat i Danmark.<\/p>\n<p class=\"headline\">Oavsett om du vill genomf\u00f6ra ett maraton, h\u00e4nga med dina v\u00e4nner eller bara jaga dina barnbarn, \u00e4r Levitate Running Blade n\u00e5got f\u00f6r dig.<\/p>\n<p class=\"headline\">Det viktiga \u00e4r att du vill komma tillbaka till ett aktivare liv.<\/p>\n<p><a href=\"https:\/\/embreis.com\/dk\/produkt\/levitate-quick-change-adapter\/\">L\u00e4s mer om Levitate Quick Change Adapter<\/a><br \/>\n<a href=\"https:\/\/embreis.com\/dk\/produkt\/levitate-forever\/\">L\u00e4s mer om Levitate Forever<\/a><\/p>\n","protected":false},"excerpt":{"rendered":"<p>Designad f\u00f6r aktiva l\u00f6pare\/idrottsut\u00f6vare eller den som bara vill komma ut p\u00e5 en joggingtur. Levitate Running Blade kommer i en [&hellip;]<\/p>\n","protected":false},"featured_media":12787,"template":"","meta":[],"product_brand":[],"product_cat":[272,1142,1247],"product_tag":[],"class_list":{"0":"post-12783","1":"product","2":"type-product","3":"status-publish","4":"has-post-thumbnail","6":"product_cat-protes","7":"product_cat-fotter","8":"product_cat-active","9":"pa_varumarke-levitate","11":"first","12":"outofstock","13":"featured","14":"shipping-taxable","15":"product-type-variable"},"acf":[],"yoast_head":"<!-- This site is optimized with the Yoast SEO Premium plugin v27.3 (Yoast SEO v27.3) - https:\/\/yoast.com\/product\/yoast-seo-premium-wordpress\/ -->\n<title>Levitate Running Blade - Embreis DK<\/title>\n<meta name=\"robots\" content=\"index, follow, max-snippet:-1, max-image-preview:large, max-video-preview:-1\" \/>\n<link rel=\"canonical\" href=\"https:\/\/embreis.com\/dk\/produkt\/levitate-running-blade\/\" \/>\n<meta property=\"og:locale\" content=\"sv_SE\" \/>\n<meta property=\"og:type\" content=\"article\" \/>\n<meta property=\"og:title\" content=\"Levitate Running Blade\" \/>\n<meta property=\"og:description\" content=\"Designad f\u00f6r aktiva l\u00f6pare\/idrottsut\u00f6vare eller den som bara vill komma ut p\u00e5 en joggingtur. Levitate Running Blade kommer i en [&hellip;]\" \/>\n<meta property=\"og:url\" content=\"https:\/\/embreis.com\/dk\/produkt\/levitate-running-blade\/\" \/>\n<meta property=\"og:site_name\" content=\"Embreis DK\" \/>\n<meta property=\"article:modified_time\" content=\"2024-11-13T07:11:57+00:00\" \/>\n<meta property=\"og:image\" content=\"https:\/\/embreis.com\/dk\/wp-content\/uploads\/sites\/8\/2024\/10\/Running-Blade.png\" \/>\n\t<meta property=\"og:image:width\" content=\"850\" \/>\n\t<meta property=\"og:image:height\" content=\"850\" \/>\n\t<meta property=\"og:image:type\" content=\"image\/png\" \/>\n<meta name=\"twitter:card\" content=\"summary_large_image\" \/>\n<meta name=\"twitter:label1\" content=\"Ber\u00e4knad l\u00e4stid\" \/>\n\t<meta name=\"twitter:data1\" content=\"1 minut\" \/>\n<script type=\"application\/ld+json\" class=\"yoast-schema-graph\">{\"@context\":\"https:\\\/\\\/schema.org\",\"@graph\":[{\"@type\":\"WebPage\",\"@id\":\"https:\\\/\\\/embreis.com\\\/dk\\\/produkt\\\/levitate-running-blade\\\/\",\"url\":\"https:\\\/\\\/embreis.com\\\/dk\\\/produkt\\\/levitate-running-blade\\\/\",\"name\":\"Levitate Running Blade - Embreis DK\",\"isPartOf\":{\"@id\":\"https:\\\/\\\/embreis.com\\\/dk\\\/#website\"},\"primaryImageOfPage\":{\"@id\":\"https:\\\/\\\/embreis.com\\\/dk\\\/produkt\\\/levitate-running-blade\\\/#primaryimage\"},\"image\":{\"@id\":\"https:\\\/\\\/embreis.com\\\/dk\\\/produkt\\\/levitate-running-blade\\\/#primaryimage\"},\"thumbnailUrl\":\"https:\\\/\\\/embreis.com\\\/dk\\\/wp-content\\\/uploads\\\/sites\\\/8\\\/2024\\\/10\\\/Running-Blade.png\",\"datePublished\":\"2024-10-22T12:57:55+00:00\",\"dateModified\":\"2024-11-13T07:11:57+00:00\",\"breadcrumb\":{\"@id\":\"https:\\\/\\\/embreis.com\\\/dk\\\/produkt\\\/levitate-running-blade\\\/#breadcrumb\"},\"inLanguage\":\"sv-SE\",\"potentialAction\":[{\"@type\":\"ReadAction\",\"target\":[\"https:\\\/\\\/embreis.com\\\/dk\\\/produkt\\\/levitate-running-blade\\\/\"]}]},{\"@type\":\"ImageObject\",\"inLanguage\":\"sv-SE\",\"@id\":\"https:\\\/\\\/embreis.com\\\/dk\\\/produkt\\\/levitate-running-blade\\\/#primaryimage\",\"url\":\"https:\\\/\\\/embreis.com\\\/dk\\\/wp-content\\\/uploads\\\/sites\\\/8\\\/2024\\\/10\\\/Running-Blade.png\",\"contentUrl\":\"https:\\\/\\\/embreis.com\\\/dk\\\/wp-content\\\/uploads\\\/sites\\\/8\\\/2024\\\/10\\\/Running-Blade.png\",\"width\":850,\"height\":850},{\"@type\":\"BreadcrumbList\",\"@id\":\"https:\\\/\\\/embreis.com\\\/dk\\\/produkt\\\/levitate-running-blade\\\/#breadcrumb\",\"itemListElement\":[{\"@type\":\"ListItem\",\"position\":1,\"name\":\"Hem\",\"item\":\"https:\\\/\\\/embreis.com\\\/dk\\\/\"},{\"@type\":\"ListItem\",\"position\":2,\"name\":\"Sortiment\",\"item\":\"https:\\\/\\\/embreis.com\\\/dk\\\/sortiment\\\/\"},{\"@type\":\"ListItem\",\"position\":3,\"name\":\"Protes\",\"item\":\"https:\\\/\\\/embreis.com\\\/dk\\\/produktkategori\\\/protes\\\/\"},{\"@type\":\"ListItem\",\"position\":4,\"name\":\"F\u00f6tter\",\"item\":\"https:\\\/\\\/embreis.com\\\/dk\\\/produktkategori\\\/protes\\\/fotter\\\/\"},{\"@type\":\"ListItem\",\"position\":5,\"name\":\"Protesfot - Active\",\"item\":\"https:\\\/\\\/embreis.com\\\/dk\\\/produktkategori\\\/protes\\\/fotter\\\/active\\\/\"},{\"@type\":\"ListItem\",\"position\":6,\"name\":\"Levitate Running Blade\"}]},{\"@type\":\"WebSite\",\"@id\":\"https:\\\/\\\/embreis.com\\\/dk\\\/#website\",\"url\":\"https:\\\/\\\/embreis.com\\\/dk\\\/\",\"name\":\"Embreis DK\",\"description\":\"Ortoser, proteser och material\",\"potentialAction\":[{\"@type\":\"SearchAction\",\"target\":{\"@type\":\"EntryPoint\",\"urlTemplate\":\"https:\\\/\\\/embreis.com\\\/dk\\\/?s={search_term_string}\"},\"query-input\":{\"@type\":\"PropertyValueSpecification\",\"valueRequired\":true,\"valueName\":\"search_term_string\"}}],\"inLanguage\":\"sv-SE\"}]}<\/script>\n<!-- \/ Yoast SEO Premium plugin. -->","yoast_head_json":{"title":"Levitate Running Blade - Embreis DK","robots":{"index":"index","follow":"follow","max-snippet":"max-snippet:-1","max-image-preview":"max-image-preview:large","max-video-preview":"max-video-preview:-1"},"canonical":"https:\/\/embreis.com\/dk\/produkt\/levitate-running-blade\/","og_locale":"sv_SE","og_type":"article","og_title":"Levitate Running Blade","og_description":"Designad f\u00f6r aktiva l\u00f6pare\/idrottsut\u00f6vare eller den som bara vill komma ut p\u00e5 en joggingtur. Levitate Running Blade kommer i en [&hellip;]","og_url":"https:\/\/embreis.com\/dk\/produkt\/levitate-running-blade\/","og_site_name":"Embreis DK","article_modified_time":"2024-11-13T07:11:57+00:00","og_image":[{"width":850,"height":850,"url":"https:\/\/embreis.com\/dk\/wp-content\/uploads\/sites\/8\/2024\/10\/Running-Blade.png","type":"image\/png"}],"twitter_card":"summary_large_image","twitter_misc":{"Ber\u00e4knad l\u00e4stid":"1 minut"},"schema":{"@context":"https:\/\/schema.org","@graph":[{"@type":"WebPage","@id":"https:\/\/embreis.com\/dk\/produkt\/levitate-running-blade\/","url":"https:\/\/embreis.com\/dk\/produkt\/levitate-running-blade\/","name":"Levitate Running Blade - Embreis DK","isPartOf":{"@id":"https:\/\/embreis.com\/dk\/#website"},"primaryImageOfPage":{"@id":"https:\/\/embreis.com\/dk\/produkt\/levitate-running-blade\/#primaryimage"},"image":{"@id":"https:\/\/embreis.com\/dk\/produkt\/levitate-running-blade\/#primaryimage"},"thumbnailUrl":"https:\/\/embreis.com\/dk\/wp-content\/uploads\/sites\/8\/2024\/10\/Running-Blade.png","datePublished":"2024-10-22T12:57:55+00:00","dateModified":"2024-11-13T07:11:57+00:00","breadcrumb":{"@id":"https:\/\/embreis.com\/dk\/produkt\/levitate-running-blade\/#breadcrumb"},"inLanguage":"sv-SE","potentialAction":[{"@type":"ReadAction","target":["https:\/\/embreis.com\/dk\/produkt\/levitate-running-blade\/"]}]},{"@type":"ImageObject","inLanguage":"sv-SE","@id":"https:\/\/embreis.com\/dk\/produkt\/levitate-running-blade\/#primaryimage","url":"https:\/\/embreis.com\/dk\/wp-content\/uploads\/sites\/8\/2024\/10\/Running-Blade.png","contentUrl":"https:\/\/embreis.com\/dk\/wp-content\/uploads\/sites\/8\/2024\/10\/Running-Blade.png","width":850,"height":850},{"@type":"BreadcrumbList","@id":"https:\/\/embreis.com\/dk\/produkt\/levitate-running-blade\/#breadcrumb","itemListElement":[{"@type":"ListItem","position":1,"name":"Hem","item":"https:\/\/embreis.com\/dk\/"},{"@type":"ListItem","position":2,"name":"Sortiment","item":"https:\/\/embreis.com\/dk\/sortiment\/"},{"@type":"ListItem","position":3,"name":"Protes","item":"https:\/\/embreis.com\/dk\/produktkategori\/protes\/"},{"@type":"ListItem","position":4,"name":"F\u00f6tter","item":"https:\/\/embreis.com\/dk\/produktkategori\/protes\/fotter\/"},{"@type":"ListItem","position":5,"name":"Protesfot - Active","item":"https:\/\/embreis.com\/dk\/produktkategori\/protes\/fotter\/active\/"},{"@type":"ListItem","position":6,"name":"Levitate Running Blade"}]},{"@type":"WebSite","@id":"https:\/\/embreis.com\/dk\/#website","url":"https:\/\/embreis.com\/dk\/","name":"Embreis DK","description":"Ortoser, proteser och material","potentialAction":[{"@type":"SearchAction","target":{"@type":"EntryPoint","urlTemplate":"https:\/\/embreis.com\/dk\/?s={search_term_string}"},"query-input":{"@type":"PropertyValueSpecification","valueRequired":true,"valueName":"search_term_string"}}],"inLanguage":"sv-SE"}]}},"_links":{"self":[{"href":"https:\/\/embreis.com\/dk\/wp-json\/wp\/v2\/product\/12783","targetHints":{"allow":["GET"]}}],"collection":[{"href":"https:\/\/embreis.com\/dk\/wp-json\/wp\/v2\/product"}],"about":[{"href":"https:\/\/embreis.com\/dk\/wp-json\/wp\/v2\/types\/product"}],"wp:featuredmedia":[{"embeddable":true,"href":"https:\/\/embreis.com\/dk\/wp-json\/wp\/v2\/media\/12787"}],"wp:attachment":[{"href":"https:\/\/embreis.com\/dk\/wp-json\/wp\/v2\/media?parent=12783"}],"wp:term":[{"taxonomy":"product_brand","embeddable":true,"href":"https:\/\/embreis.com\/dk\/wp-json\/wp\/v2\/product_brand?post=12783"},{"taxonomy":"product_cat","embeddable":true,"href":"https:\/\/embreis.com\/dk\/wp-json\/wp\/v2\/product_cat?post=12783"},{"taxonomy":"product_tag","embeddable":true,"href":"https:\/\/embreis.com\/dk\/wp-json\/wp\/v2\/product_tag?post=12783"}],"curies":[{"name":"wp","href":"https:\/\/api.w.org\/{rel}","templated":true}]}}