{"id":12667,"date":"2024-05-14T18:28:52","date_gmt":"2024-05-14T16:28:52","guid":{"rendered":"https:\/\/embreis.com\/dk\/?post_type=product&#038;p=12667"},"modified":"2024-10-22T12:07:48","modified_gmt":"2024-10-22T10:07:48","slug":"eadjust","status":"publish","type":"product","link":"https:\/\/embreis.com\/dk\/produkt\/eadjust\/","title":{"rendered":"eAdjust"},"content":{"rendered":"<p class=\"p1\">eAdjust \u00e4r en hylsadapter och inriktningsverktyg som \u00e4r utformad f\u00f6r att enkelt kunna vinkla, f\u00f6rskjuta och rotera proteshylsan f\u00f6r en optimal anpassning, utan att protesen beh\u00f6ver tas av. eAdjust erbjuder obegr\u00e4nsad rotation, kan vinklas upp till 11\u00b0 och horisontellt f\u00f6rskjutas upp till totalt 23 mm.<\/p>\n<p class=\"p1\">eAdjust\u00a0\u00e4r testad f\u00f6r protesbrukare med en kroppsvikt av\u00a0max\u00a0125kg.\u00a0\u00a0Adaptern\u00a0\u00e4r konstruerad f\u00f6r att anv\u00e4ndas i kombination med standard 4 h\u00e5lsadapter tillverkad f\u00f6r ingjutning alternativt termoplastdragning av proteshylsa f\u00f6r TT och TF protes. Den\u00a0fungerar\u00a0\u00e4ven\u00a0mycket bra i kombination med DS\u00a0(Direct\u00a0Socket) hylsor med standard 4 h\u00e5lsadapter. Pyramiden p\u00e5\u00a0eAdjust\u00a0\u00e4r av standard typ och passar med andra tillverkares pyramidmottagare.<\/p>\n","protected":false},"excerpt":{"rendered":"<div id=\"ctl00_cph1_lTxt\"><\/div>\n","protected":false},"featured_media":12668,"template":"","meta":[],"product_brand":[],"product_cat":[1380,272,273,1240],"product_tag":[],"class_list":{"0":"post-12667","1":"product","2":"type-product","3":"status-publish","4":"has-post-thumbnail","6":"product_cat-nyheter","7":"product_cat-protes","8":"product_cat-adaptrar","9":"product_cat-hylsadaptrar","10":"pa_varumarke-embreis","12":"first","13":"instock","14":"featured","15":"shipping-taxable","16":"purchasable","17":"product-type-simple"},"acf":[],"yoast_head":"<!-- This site is optimized with the Yoast SEO Premium plugin v25.3.1 (Yoast SEO v25.3.1) - https:\/\/yoast.com\/wordpress\/plugins\/seo\/ -->\n<title>eAdjust - Embreis DK<\/title>\n<meta name=\"robots\" content=\"index, follow, max-snippet:-1, max-image-preview:large, max-video-preview:-1\" \/>\n<link rel=\"canonical\" href=\"https:\/\/embreis.com\/dk\/produkt\/eadjust\/\" \/>\n<meta property=\"og:locale\" content=\"sv_SE\" \/>\n<meta property=\"og:type\" content=\"article\" \/>\n<meta property=\"og:title\" content=\"eAdjust\" \/>\n<meta property=\"og:url\" content=\"https:\/\/embreis.com\/dk\/produkt\/eadjust\/\" \/>\n<meta property=\"og:site_name\" content=\"Embreis DK\" \/>\n<meta property=\"article:modified_time\" content=\"2024-10-22T10:07:48+00:00\" \/>\n<meta property=\"og:image\" content=\"https:\/\/embreis.com\/dk\/wp-content\/uploads\/sites\/8\/2024\/05\/1.png\" \/>\n\t<meta property=\"og:image:width\" content=\"850\" \/>\n\t<meta property=\"og:image:height\" content=\"850\" \/>\n\t<meta property=\"og:image:type\" content=\"image\/png\" \/>\n<meta name=\"twitter:card\" content=\"summary_large_image\" \/>\n<meta name=\"twitter:label1\" content=\"Ber\u00e4knad l\u00e4stid\" \/>\n\t<meta name=\"twitter:data1\" content=\"1 minut\" \/>\n<script type=\"application\/ld+json\" class=\"yoast-schema-graph\">{\"@context\":\"https:\/\/schema.org\",\"@graph\":[{\"@type\":\"WebPage\",\"@id\":\"https:\/\/embreis.com\/dk\/produkt\/eadjust\/\",\"url\":\"https:\/\/embreis.com\/dk\/produkt\/eadjust\/\",\"name\":\"eAdjust - Embreis DK\",\"isPartOf\":{\"@id\":\"https:\/\/embreis.com\/dk\/#website\"},\"primaryImageOfPage\":{\"@id\":\"https:\/\/embreis.com\/dk\/produkt\/eadjust\/#primaryimage\"},\"image\":{\"@id\":\"https:\/\/embreis.com\/dk\/produkt\/eadjust\/#primaryimage\"},\"thumbnailUrl\":\"https:\/\/embreis.com\/dk\/wp-content\/uploads\/sites\/8\/2024\/05\/1.png\",\"datePublished\":\"2024-05-14T16:28:52+00:00\",\"dateModified\":\"2024-10-22T10:07:48+00:00\",\"breadcrumb\":{\"@id\":\"https:\/\/embreis.com\/dk\/produkt\/eadjust\/#breadcrumb\"},\"inLanguage\":\"sv-SE\",\"potentialAction\":[{\"@type\":\"ReadAction\",\"target\":[\"https:\/\/embreis.com\/dk\/produkt\/eadjust\/\"]}]},{\"@type\":\"ImageObject\",\"inLanguage\":\"sv-SE\",\"@id\":\"https:\/\/embreis.com\/dk\/produkt\/eadjust\/#primaryimage\",\"url\":\"https:\/\/embreis.com\/dk\/wp-content\/uploads\/sites\/8\/2024\/05\/1.png\",\"contentUrl\":\"https:\/\/embreis.com\/dk\/wp-content\/uploads\/sites\/8\/2024\/05\/1.png\",\"width\":850,\"height\":850},{\"@type\":\"BreadcrumbList\",\"@id\":\"https:\/\/embreis.com\/dk\/produkt\/eadjust\/#breadcrumb\",\"itemListElement\":[{\"@type\":\"ListItem\",\"position\":1,\"name\":\"Hem\",\"item\":\"https:\/\/embreis.com\/dk\/\"},{\"@type\":\"ListItem\",\"position\":2,\"name\":\"Sortiment\",\"item\":\"https:\/\/embreis.com\/dk\/sortiment\/\"},{\"@type\":\"ListItem\",\"position\":3,\"name\":\"Protes\",\"item\":\"https:\/\/embreis.com\/dk\/produktkategori\/protes\/\"},{\"@type\":\"ListItem\",\"position\":4,\"name\":\"Adaptrar\",\"item\":\"https:\/\/embreis.com\/dk\/produktkategori\/protes\/adaptrar\/\"},{\"@type\":\"ListItem\",\"position\":5,\"name\":\"Hylsadaptrar\",\"item\":\"https:\/\/embreis.com\/dk\/produktkategori\/protes\/adaptrar\/hylsadaptrar\/\"},{\"@type\":\"ListItem\",\"position\":6,\"name\":\"eAdjust\"}]},{\"@type\":\"WebSite\",\"@id\":\"https:\/\/embreis.com\/dk\/#website\",\"url\":\"https:\/\/embreis.com\/dk\/\",\"name\":\"Embreis DK\",\"description\":\"Ortoser, proteser och material\",\"potentialAction\":[{\"@type\":\"SearchAction\",\"target\":{\"@type\":\"EntryPoint\",\"urlTemplate\":\"https:\/\/embreis.com\/dk\/?s={search_term_string}\"},\"query-input\":{\"@type\":\"PropertyValueSpecification\",\"valueRequired\":true,\"valueName\":\"search_term_string\"}}],\"inLanguage\":\"sv-SE\"}]}<\/script>\n<!-- \/ Yoast SEO Premium plugin. -->","yoast_head_json":{"title":"eAdjust - Embreis DK","robots":{"index":"index","follow":"follow","max-snippet":"max-snippet:-1","max-image-preview":"max-image-preview:large","max-video-preview":"max-video-preview:-1"},"canonical":"https:\/\/embreis.com\/dk\/produkt\/eadjust\/","og_locale":"sv_SE","og_type":"article","og_title":"eAdjust","og_url":"https:\/\/embreis.com\/dk\/produkt\/eadjust\/","og_site_name":"Embreis DK","article_modified_time":"2024-10-22T10:07:48+00:00","og_image":[{"width":850,"height":850,"url":"https:\/\/embreis.com\/dk\/wp-content\/uploads\/sites\/8\/2024\/05\/1.png","type":"image\/png"}],"twitter_card":"summary_large_image","twitter_misc":{"Ber\u00e4knad l\u00e4stid":"1 minut"},"schema":{"@context":"https:\/\/schema.org","@graph":[{"@type":"WebPage","@id":"https:\/\/embreis.com\/dk\/produkt\/eadjust\/","url":"https:\/\/embreis.com\/dk\/produkt\/eadjust\/","name":"eAdjust - Embreis DK","isPartOf":{"@id":"https:\/\/embreis.com\/dk\/#website"},"primaryImageOfPage":{"@id":"https:\/\/embreis.com\/dk\/produkt\/eadjust\/#primaryimage"},"image":{"@id":"https:\/\/embreis.com\/dk\/produkt\/eadjust\/#primaryimage"},"thumbnailUrl":"https:\/\/embreis.com\/dk\/wp-content\/uploads\/sites\/8\/2024\/05\/1.png","datePublished":"2024-05-14T16:28:52+00:00","dateModified":"2024-10-22T10:07:48+00:00","breadcrumb":{"@id":"https:\/\/embreis.com\/dk\/produkt\/eadjust\/#breadcrumb"},"inLanguage":"sv-SE","potentialAction":[{"@type":"ReadAction","target":["https:\/\/embreis.com\/dk\/produkt\/eadjust\/"]}]},{"@type":"ImageObject","inLanguage":"sv-SE","@id":"https:\/\/embreis.com\/dk\/produkt\/eadjust\/#primaryimage","url":"https:\/\/embreis.com\/dk\/wp-content\/uploads\/sites\/8\/2024\/05\/1.png","contentUrl":"https:\/\/embreis.com\/dk\/wp-content\/uploads\/sites\/8\/2024\/05\/1.png","width":850,"height":850},{"@type":"BreadcrumbList","@id":"https:\/\/embreis.com\/dk\/produkt\/eadjust\/#breadcrumb","itemListElement":[{"@type":"ListItem","position":1,"name":"Hem","item":"https:\/\/embreis.com\/dk\/"},{"@type":"ListItem","position":2,"name":"Sortiment","item":"https:\/\/embreis.com\/dk\/sortiment\/"},{"@type":"ListItem","position":3,"name":"Protes","item":"https:\/\/embreis.com\/dk\/produktkategori\/protes\/"},{"@type":"ListItem","position":4,"name":"Adaptrar","item":"https:\/\/embreis.com\/dk\/produktkategori\/protes\/adaptrar\/"},{"@type":"ListItem","position":5,"name":"Hylsadaptrar","item":"https:\/\/embreis.com\/dk\/produktkategori\/protes\/adaptrar\/hylsadaptrar\/"},{"@type":"ListItem","position":6,"name":"eAdjust"}]},{"@type":"WebSite","@id":"https:\/\/embreis.com\/dk\/#website","url":"https:\/\/embreis.com\/dk\/","name":"Embreis DK","description":"Ortoser, proteser och material","potentialAction":[{"@type":"SearchAction","target":{"@type":"EntryPoint","urlTemplate":"https:\/\/embreis.com\/dk\/?s={search_term_string}"},"query-input":{"@type":"PropertyValueSpecification","valueRequired":true,"valueName":"search_term_string"}}],"inLanguage":"sv-SE"}]}},"_links":{"self":[{"href":"https:\/\/embreis.com\/dk\/wp-json\/wp\/v2\/product\/12667","targetHints":{"allow":["GET"]}}],"collection":[{"href":"https:\/\/embreis.com\/dk\/wp-json\/wp\/v2\/product"}],"about":[{"href":"https:\/\/embreis.com\/dk\/wp-json\/wp\/v2\/types\/product"}],"wp:featuredmedia":[{"embeddable":true,"href":"https:\/\/embreis.com\/dk\/wp-json\/wp\/v2\/media\/12668"}],"wp:attachment":[{"href":"https:\/\/embreis.com\/dk\/wp-json\/wp\/v2\/media?parent=12667"}],"wp:term":[{"taxonomy":"product_brand","embeddable":true,"href":"https:\/\/embreis.com\/dk\/wp-json\/wp\/v2\/product_brand?post=12667"},{"taxonomy":"product_cat","embeddable":true,"href":"https:\/\/embreis.com\/dk\/wp-json\/wp\/v2\/product_cat?post=12667"},{"taxonomy":"product_tag","embeddable":true,"href":"https:\/\/embreis.com\/dk\/wp-json\/wp\/v2\/product_tag?post=12667"}],"curies":[{"name":"wp","href":"https:\/\/api.w.org\/{rel}","templated":true}]}}