{"id":126,"date":"2019-08-26T08:51:14","date_gmt":"2019-08-26T06:51:14","guid":{"rendered":"http:\/\/embreiscom.wpengine.com\/?product=import-placeholder-for-19649"},"modified":"2021-02-03T18:14:50","modified_gmt":"2021-02-03T16:14:50","slug":"polar-care-kodiak","status":"publish","type":"product","link":"https:\/\/embreis.com\/dk\/produkt\/polar-care-kodiak\/","title":{"rendered":"Polar Care Kodiak"},"content":{"rendered":"<p>Kylterapi Polar Care Kodiak \u00e4r den mest praktiska och m\u00e5ngsidiga kylterapiprodukt\u00a0 i Polar Care sortimentet. Kylterapi som \u00e4r l\u00e4tt att anv\u00e4nda, ger konstant kyla genom cirkulationen av vatten och kan drivas via en elkabel eller AA batteri. Enheten fylls med vatten och is och h\u00e5ller kylan i 6-8 timmar genom det cirkulerande kalla vattnet. Specialdesignade kylmanchetter f\u00f6r respektive kroppsdel har en perfekt och smidig passform och \u00e4r bekv\u00e4ma att b\u00e4ra.<\/p>\n","protected":false},"excerpt":{"rendered":"<ul>\n<li>Cirkulerande kylsystem<\/li>\n<li>H\u00e5ller kylan i 6-8 timmar<\/li>\n<li>Fylls med is och vatten<\/li>\n<\/ul>\n","protected":false},"featured_media":168,"template":"","meta":[],"product_brand":[],"product_cat":[15],"product_tag":[],"class_list":{"0":"post-126","1":"product","2":"type-product","3":"status-publish","4":"has-post-thumbnail","6":"product_cat-ovrigt","7":"pa_varumarke-breg","9":"first","10":"instock","11":"shipping-taxable","12":"product-type-simple"},"acf":[],"yoast_head":"<!-- This site is optimized with the Yoast SEO Premium plugin v27.3 (Yoast SEO v27.3) - https:\/\/yoast.com\/product\/yoast-seo-premium-wordpress\/ -->\n<title>Kylterapi - Polar Care Kodiak - Embreis DK<\/title>\n<meta name=\"description\" content=\"Kylterapi Polar Care Kodiak \u00e4r den mest praktiska och m\u00e5ngsidiga kylterapiprodukt\u00a0 i Polar Care sortimentet.\" \/>\n<meta name=\"robots\" content=\"index, follow, max-snippet:-1, max-image-preview:large, max-video-preview:-1\" \/>\n<link rel=\"canonical\" href=\"https:\/\/embreis.com\/dk\/produkt\/polar-care-kodiak\/\" \/>\n<meta property=\"og:locale\" content=\"sv_SE\" \/>\n<meta property=\"og:type\" content=\"article\" \/>\n<meta property=\"og:title\" content=\"Polar Care Kodiak\" \/>\n<meta property=\"og:description\" content=\"Kylterapi Polar Care Kodiak \u00e4r den mest praktiska och m\u00e5ngsidiga kylterapiprodukt\u00a0 i Polar Care sortimentet.\" \/>\n<meta property=\"og:url\" content=\"https:\/\/embreis.com\/dk\/produkt\/polar-care-kodiak\/\" \/>\n<meta property=\"og:site_name\" content=\"Embreis DK\" \/>\n<meta property=\"article:modified_time\" content=\"2021-02-03T16:14:50+00:00\" \/>\n<meta property=\"og:image\" content=\"https:\/\/embreis.com\/dk\/wp-content\/uploads\/sites\/8\/2019\/08\/polar.care_.kodiak.kylterapi.jpg\" \/>\n\t<meta property=\"og:image:width\" content=\"850\" \/>\n\t<meta property=\"og:image:height\" content=\"850\" \/>\n\t<meta property=\"og:image:type\" content=\"image\/jpeg\" \/>\n<meta name=\"twitter:card\" content=\"summary_large_image\" \/>\n<meta name=\"twitter:label1\" content=\"Ber\u00e4knad l\u00e4stid\" \/>\n\t<meta name=\"twitter:data1\" content=\"1 minut\" \/>\n<script type=\"application\/ld+json\" class=\"yoast-schema-graph\">{\"@context\":\"https:\\\/\\\/schema.org\",\"@graph\":[{\"@type\":\"WebPage\",\"@id\":\"https:\\\/\\\/embreis.com\\\/dk\\\/produkt\\\/polar-care-kodiak\\\/\",\"url\":\"https:\\\/\\\/embreis.com\\\/dk\\\/produkt\\\/polar-care-kodiak\\\/\",\"name\":\"Kylterapi - Polar Care Kodiak - Embreis DK\",\"isPartOf\":{\"@id\":\"https:\\\/\\\/embreis.com\\\/dk\\\/#website\"},\"primaryImageOfPage\":{\"@id\":\"https:\\\/\\\/embreis.com\\\/dk\\\/produkt\\\/polar-care-kodiak\\\/#primaryimage\"},\"image\":{\"@id\":\"https:\\\/\\\/embreis.com\\\/dk\\\/produkt\\\/polar-care-kodiak\\\/#primaryimage\"},\"thumbnailUrl\":\"https:\\\/\\\/embreis.com\\\/dk\\\/wp-content\\\/uploads\\\/sites\\\/8\\\/2019\\\/08\\\/polar.care_.kodiak.kylterapi.jpg\",\"datePublished\":\"2019-08-26T06:51:14+00:00\",\"dateModified\":\"2021-02-03T16:14:50+00:00\",\"description\":\"Kylterapi Polar Care Kodiak \u00e4r den mest praktiska och m\u00e5ngsidiga kylterapiprodukt\u00a0 i Polar Care sortimentet.\",\"breadcrumb\":{\"@id\":\"https:\\\/\\\/embreis.com\\\/dk\\\/produkt\\\/polar-care-kodiak\\\/#breadcrumb\"},\"inLanguage\":\"sv-SE\",\"potentialAction\":[{\"@type\":\"ReadAction\",\"target\":[\"https:\\\/\\\/embreis.com\\\/dk\\\/produkt\\\/polar-care-kodiak\\\/\"]}]},{\"@type\":\"ImageObject\",\"inLanguage\":\"sv-SE\",\"@id\":\"https:\\\/\\\/embreis.com\\\/dk\\\/produkt\\\/polar-care-kodiak\\\/#primaryimage\",\"url\":\"https:\\\/\\\/embreis.com\\\/dk\\\/wp-content\\\/uploads\\\/sites\\\/8\\\/2019\\\/08\\\/polar.care_.kodiak.kylterapi.jpg\",\"contentUrl\":\"https:\\\/\\\/embreis.com\\\/dk\\\/wp-content\\\/uploads\\\/sites\\\/8\\\/2019\\\/08\\\/polar.care_.kodiak.kylterapi.jpg\",\"width\":850,\"height\":850},{\"@type\":\"BreadcrumbList\",\"@id\":\"https:\\\/\\\/embreis.com\\\/dk\\\/produkt\\\/polar-care-kodiak\\\/#breadcrumb\",\"itemListElement\":[{\"@type\":\"ListItem\",\"position\":1,\"name\":\"Hem\",\"item\":\"https:\\\/\\\/embreis.com\\\/dk\\\/\"},{\"@type\":\"ListItem\",\"position\":2,\"name\":\"Sortiment\",\"item\":\"https:\\\/\\\/embreis.com\\\/dk\\\/sortiment\\\/\"},{\"@type\":\"ListItem\",\"position\":3,\"name\":\"\u00d6vrigt\",\"item\":\"https:\\\/\\\/embreis.com\\\/dk\\\/produktkategori\\\/ovrigt\\\/\"},{\"@type\":\"ListItem\",\"position\":4,\"name\":\"Polar Care Kodiak\"}]},{\"@type\":\"WebSite\",\"@id\":\"https:\\\/\\\/embreis.com\\\/dk\\\/#website\",\"url\":\"https:\\\/\\\/embreis.com\\\/dk\\\/\",\"name\":\"Embreis DK\",\"description\":\"Ortoser, proteser och material\",\"potentialAction\":[{\"@type\":\"SearchAction\",\"target\":{\"@type\":\"EntryPoint\",\"urlTemplate\":\"https:\\\/\\\/embreis.com\\\/dk\\\/?s={search_term_string}\"},\"query-input\":{\"@type\":\"PropertyValueSpecification\",\"valueRequired\":true,\"valueName\":\"search_term_string\"}}],\"inLanguage\":\"sv-SE\"}]}<\/script>\n<!-- \/ Yoast SEO Premium plugin. -->","yoast_head_json":{"title":"Kylterapi - Polar Care Kodiak - Embreis DK","description":"Kylterapi Polar Care Kodiak \u00e4r den mest praktiska och m\u00e5ngsidiga kylterapiprodukt\u00a0 i Polar Care sortimentet.","robots":{"index":"index","follow":"follow","max-snippet":"max-snippet:-1","max-image-preview":"max-image-preview:large","max-video-preview":"max-video-preview:-1"},"canonical":"https:\/\/embreis.com\/dk\/produkt\/polar-care-kodiak\/","og_locale":"sv_SE","og_type":"article","og_title":"Polar Care Kodiak","og_description":"Kylterapi Polar Care Kodiak \u00e4r den mest praktiska och m\u00e5ngsidiga kylterapiprodukt\u00a0 i Polar Care sortimentet.","og_url":"https:\/\/embreis.com\/dk\/produkt\/polar-care-kodiak\/","og_site_name":"Embreis DK","article_modified_time":"2021-02-03T16:14:50+00:00","og_image":[{"width":850,"height":850,"url":"https:\/\/embreis.com\/dk\/wp-content\/uploads\/sites\/8\/2019\/08\/polar.care_.kodiak.kylterapi.jpg","type":"image\/jpeg"}],"twitter_card":"summary_large_image","twitter_misc":{"Ber\u00e4knad l\u00e4stid":"1 minut"},"schema":{"@context":"https:\/\/schema.org","@graph":[{"@type":"WebPage","@id":"https:\/\/embreis.com\/dk\/produkt\/polar-care-kodiak\/","url":"https:\/\/embreis.com\/dk\/produkt\/polar-care-kodiak\/","name":"Kylterapi - Polar Care Kodiak - Embreis DK","isPartOf":{"@id":"https:\/\/embreis.com\/dk\/#website"},"primaryImageOfPage":{"@id":"https:\/\/embreis.com\/dk\/produkt\/polar-care-kodiak\/#primaryimage"},"image":{"@id":"https:\/\/embreis.com\/dk\/produkt\/polar-care-kodiak\/#primaryimage"},"thumbnailUrl":"https:\/\/embreis.com\/dk\/wp-content\/uploads\/sites\/8\/2019\/08\/polar.care_.kodiak.kylterapi.jpg","datePublished":"2019-08-26T06:51:14+00:00","dateModified":"2021-02-03T16:14:50+00:00","description":"Kylterapi Polar Care Kodiak \u00e4r den mest praktiska och m\u00e5ngsidiga kylterapiprodukt\u00a0 i Polar Care sortimentet.","breadcrumb":{"@id":"https:\/\/embreis.com\/dk\/produkt\/polar-care-kodiak\/#breadcrumb"},"inLanguage":"sv-SE","potentialAction":[{"@type":"ReadAction","target":["https:\/\/embreis.com\/dk\/produkt\/polar-care-kodiak\/"]}]},{"@type":"ImageObject","inLanguage":"sv-SE","@id":"https:\/\/embreis.com\/dk\/produkt\/polar-care-kodiak\/#primaryimage","url":"https:\/\/embreis.com\/dk\/wp-content\/uploads\/sites\/8\/2019\/08\/polar.care_.kodiak.kylterapi.jpg","contentUrl":"https:\/\/embreis.com\/dk\/wp-content\/uploads\/sites\/8\/2019\/08\/polar.care_.kodiak.kylterapi.jpg","width":850,"height":850},{"@type":"BreadcrumbList","@id":"https:\/\/embreis.com\/dk\/produkt\/polar-care-kodiak\/#breadcrumb","itemListElement":[{"@type":"ListItem","position":1,"name":"Hem","item":"https:\/\/embreis.com\/dk\/"},{"@type":"ListItem","position":2,"name":"Sortiment","item":"https:\/\/embreis.com\/dk\/sortiment\/"},{"@type":"ListItem","position":3,"name":"\u00d6vrigt","item":"https:\/\/embreis.com\/dk\/produktkategori\/ovrigt\/"},{"@type":"ListItem","position":4,"name":"Polar Care Kodiak"}]},{"@type":"WebSite","@id":"https:\/\/embreis.com\/dk\/#website","url":"https:\/\/embreis.com\/dk\/","name":"Embreis DK","description":"Ortoser, proteser och material","potentialAction":[{"@type":"SearchAction","target":{"@type":"EntryPoint","urlTemplate":"https:\/\/embreis.com\/dk\/?s={search_term_string}"},"query-input":{"@type":"PropertyValueSpecification","valueRequired":true,"valueName":"search_term_string"}}],"inLanguage":"sv-SE"}]}},"_links":{"self":[{"href":"https:\/\/embreis.com\/dk\/wp-json\/wp\/v2\/product\/126","targetHints":{"allow":["GET"]}}],"collection":[{"href":"https:\/\/embreis.com\/dk\/wp-json\/wp\/v2\/product"}],"about":[{"href":"https:\/\/embreis.com\/dk\/wp-json\/wp\/v2\/types\/product"}],"wp:featuredmedia":[{"embeddable":true,"href":"https:\/\/embreis.com\/dk\/wp-json\/wp\/v2\/media\/168"}],"wp:attachment":[{"href":"https:\/\/embreis.com\/dk\/wp-json\/wp\/v2\/media?parent=126"}],"wp:term":[{"taxonomy":"product_brand","embeddable":true,"href":"https:\/\/embreis.com\/dk\/wp-json\/wp\/v2\/product_brand?post=126"},{"taxonomy":"product_cat","embeddable":true,"href":"https:\/\/embreis.com\/dk\/wp-json\/wp\/v2\/product_cat?post=126"},{"taxonomy":"product_tag","embeddable":true,"href":"https:\/\/embreis.com\/dk\/wp-json\/wp\/v2\/product_tag?post=126"}],"curies":[{"name":"wp","href":"https:\/\/api.w.org\/{rel}","templated":true}]}}