{"id":12253,"date":"2023-01-25T16:07:15","date_gmt":"2023-01-25T14:07:15","guid":{"rendered":"https:\/\/embreis.com\/dk\/?post_type=product&#038;p=12253"},"modified":"2025-02-26T11:15:42","modified_gmt":"2025-02-26T09:15:42","slug":"xtern-frontier","status":"publish","type":"product","link":"https:\/\/embreis.com\/dk\/produkt\/xtern-frontier\/","title":{"rendered":"Xtern Frontier"},"content":{"rendered":"<div id=\"ctl00_cph1_rightCol\">\n<p>Xtern Frontier \u00e4r en helt ny droppfotsortos framtagen och designad f\u00f6r patienter med nedsatt hand och finger motorik exempelvis stroke patienter. Den bygger p\u00e5 samma unika funktion som Xtern Classic och Summit, men med en fr\u00e4mre bygel. Utf\u00f6randet g\u00f6r ortosen betydligt l\u00e4ttare att ta av och p\u00e5, vilket underl\u00e4ttar f\u00f6r patienter med motoriska svagheter. Xtern Frontier levereras med magnetsp\u00e4nnen anpassade f\u00f6r enhandsgrepp.<\/p>\n<p>Ortosen appliceras utanp\u00e5 skon och kommer d\u00e4rmed inte i kontakt med foten. Det g\u00f6r att brukaren slipper eventuellt tryck och skav. Med hj\u00e4lp av clips som man enkelt monterar vid sn\u00f6rstycket p\u00e5 skon kan man l\u00e4tt flytta ortosen till olika skor. Ortosen kommer f\u00f6rsp\u00e4nd och ger ett lyft som passar de flesta patienter. Sp\u00e4nning och lyft kan justeras individuellt vid behov. Till den aktive patienten \u00e4r Xtern extra l\u00e4mplig d\u00e5 den \u00e4r extremt t\u00e5lig och fungerar i de flesta aktiviteter och r\u00f6relsemoment.<\/p>\n<p>Med hj\u00e4lp av utv\u00e4rderingsortos <a href=\"https:\/\/embreis.com\/se\/produkt\/extern-at-x-utprovning\/\">AT-Tool<\/a> kan Xtern ortoser enkelt testas p\u00e5 patient f\u00f6r att f\u00f6rst s\u00e4kerst\u00e4lla funktion och behov, innan ortosen best\u00e4lls och monteras ihop f\u00f6r den individuella patienten.<\/p>\n<p>&nbsp;<\/p>\n<p>\u00c4r du patient eller kliniker rekommenderar vi att du g\u00e5r in p\u00e5\u202f<a href=\"https:\/\/www.facebook.com\/groups\/1931055460454084\/\">Turbomed Foot Drop Club<\/a>\u202fp\u00e5 Facebook, d\u00e4r du kan\u00a0 hitta fr\u00e5gor och svar om alla Turbomed\u00b4s modeller och \u00e4ven dela dina synpunkter och erfarenheter.<\/p>\n<\/div>\n","protected":false},"excerpt":{"rendered":"<p>Xtern Frontier \u00e4r en helt ny droppfotsortos framtagen och designad f\u00f6r patienter med nedsatt hand och finger motorik exempelvis stroke [&hellip;]<\/p>\n","protected":false},"featured_media":12258,"template":"","meta":[],"product_brand":[],"product_cat":[217,225,1231],"product_tag":[],"class_list":{"0":"post-12253","1":"product","2":"type-product","3":"status-publish","4":"has-post-thumbnail","6":"product_cat-ortos","7":"product_cat-ankel","8":"product_cat-neuro-rehab-vrist-ortos","9":"pa_varumarke-turbomed","11":"first","12":"outofstock","13":"shipping-taxable","14":"product-type-variable"},"acf":[],"yoast_head":"<!-- This site is optimized with the Yoast SEO Premium plugin v25.3.1 (Yoast SEO v25.3.1) - https:\/\/yoast.com\/wordpress\/plugins\/seo\/ -->\n<title>Xtern Frontier - Embreis DK<\/title>\n<meta name=\"robots\" content=\"index, follow, max-snippet:-1, max-image-preview:large, max-video-preview:-1\" \/>\n<link rel=\"canonical\" href=\"https:\/\/embreis.com\/dk\/produkt\/xtern-frontier\/\" \/>\n<meta property=\"og:locale\" content=\"sv_SE\" \/>\n<meta property=\"og:type\" content=\"article\" \/>\n<meta property=\"og:title\" content=\"Xtern Frontier\" \/>\n<meta property=\"og:description\" content=\"Xtern Frontier \u00e4r en helt ny droppfotsortos framtagen och designad f\u00f6r patienter med nedsatt hand och finger motorik exempelvis stroke [&hellip;]\" \/>\n<meta property=\"og:url\" content=\"https:\/\/embreis.com\/dk\/produkt\/xtern-frontier\/\" \/>\n<meta property=\"og:site_name\" content=\"Embreis DK\" \/>\n<meta property=\"article:modified_time\" content=\"2025-02-26T09:15:42+00:00\" \/>\n<meta property=\"og:image\" content=\"https:\/\/embreis.com\/dk\/wp-content\/uploads\/sites\/8\/2023\/01\/Xtern_frontier_1.png\" \/>\n\t<meta property=\"og:image:width\" content=\"850\" \/>\n\t<meta property=\"og:image:height\" content=\"850\" \/>\n\t<meta property=\"og:image:type\" content=\"image\/png\" \/>\n<meta name=\"twitter:card\" content=\"summary_large_image\" \/>\n<meta name=\"twitter:label1\" content=\"Ber\u00e4knad l\u00e4stid\" \/>\n\t<meta name=\"twitter:data1\" content=\"2 minuter\" \/>\n<script type=\"application\/ld+json\" class=\"yoast-schema-graph\">{\"@context\":\"https:\/\/schema.org\",\"@graph\":[{\"@type\":\"WebPage\",\"@id\":\"https:\/\/embreis.com\/dk\/produkt\/xtern-frontier\/\",\"url\":\"https:\/\/embreis.com\/dk\/produkt\/xtern-frontier\/\",\"name\":\"Xtern Frontier - Embreis DK\",\"isPartOf\":{\"@id\":\"https:\/\/embreis.com\/dk\/#website\"},\"primaryImageOfPage\":{\"@id\":\"https:\/\/embreis.com\/dk\/produkt\/xtern-frontier\/#primaryimage\"},\"image\":{\"@id\":\"https:\/\/embreis.com\/dk\/produkt\/xtern-frontier\/#primaryimage\"},\"thumbnailUrl\":\"https:\/\/embreis.com\/dk\/wp-content\/uploads\/sites\/8\/2023\/01\/Xtern_frontier_1.png\",\"datePublished\":\"2023-01-25T14:07:15+00:00\",\"dateModified\":\"2025-02-26T09:15:42+00:00\",\"breadcrumb\":{\"@id\":\"https:\/\/embreis.com\/dk\/produkt\/xtern-frontier\/#breadcrumb\"},\"inLanguage\":\"sv-SE\",\"potentialAction\":[{\"@type\":\"ReadAction\",\"target\":[\"https:\/\/embreis.com\/dk\/produkt\/xtern-frontier\/\"]}]},{\"@type\":\"ImageObject\",\"inLanguage\":\"sv-SE\",\"@id\":\"https:\/\/embreis.com\/dk\/produkt\/xtern-frontier\/#primaryimage\",\"url\":\"https:\/\/embreis.com\/dk\/wp-content\/uploads\/sites\/8\/2023\/01\/Xtern_frontier_1.png\",\"contentUrl\":\"https:\/\/embreis.com\/dk\/wp-content\/uploads\/sites\/8\/2023\/01\/Xtern_frontier_1.png\",\"width\":850,\"height\":850},{\"@type\":\"BreadcrumbList\",\"@id\":\"https:\/\/embreis.com\/dk\/produkt\/xtern-frontier\/#breadcrumb\",\"itemListElement\":[{\"@type\":\"ListItem\",\"position\":1,\"name\":\"Hem\",\"item\":\"https:\/\/embreis.com\/dk\/\"},{\"@type\":\"ListItem\",\"position\":2,\"name\":\"Sortiment\",\"item\":\"https:\/\/embreis.com\/dk\/sortiment\/\"},{\"@type\":\"ListItem\",\"position\":3,\"name\":\"Ortos\",\"item\":\"https:\/\/embreis.com\/dk\/produktkategori\/ortos\/\"},{\"@type\":\"ListItem\",\"position\":4,\"name\":\"Ankel\",\"item\":\"https:\/\/embreis.com\/dk\/produktkategori\/ortos\/ankel\/\"},{\"@type\":\"ListItem\",\"position\":5,\"name\":\"Neuro - Rehab\",\"item\":\"https:\/\/embreis.com\/dk\/produktkategori\/ortos\/ankel\/neuro-rehab-vrist-ortos\/\"},{\"@type\":\"ListItem\",\"position\":6,\"name\":\"Xtern Frontier\"}]},{\"@type\":\"WebSite\",\"@id\":\"https:\/\/embreis.com\/dk\/#website\",\"url\":\"https:\/\/embreis.com\/dk\/\",\"name\":\"Embreis DK\",\"description\":\"Ortoser, proteser och material\",\"potentialAction\":[{\"@type\":\"SearchAction\",\"target\":{\"@type\":\"EntryPoint\",\"urlTemplate\":\"https:\/\/embreis.com\/dk\/?s={search_term_string}\"},\"query-input\":{\"@type\":\"PropertyValueSpecification\",\"valueRequired\":true,\"valueName\":\"search_term_string\"}}],\"inLanguage\":\"sv-SE\"}]}<\/script>\n<!-- \/ Yoast SEO Premium plugin. -->","yoast_head_json":{"title":"Xtern Frontier - Embreis DK","robots":{"index":"index","follow":"follow","max-snippet":"max-snippet:-1","max-image-preview":"max-image-preview:large","max-video-preview":"max-video-preview:-1"},"canonical":"https:\/\/embreis.com\/dk\/produkt\/xtern-frontier\/","og_locale":"sv_SE","og_type":"article","og_title":"Xtern Frontier","og_description":"Xtern Frontier \u00e4r en helt ny droppfotsortos framtagen och designad f\u00f6r patienter med nedsatt hand och finger motorik exempelvis stroke [&hellip;]","og_url":"https:\/\/embreis.com\/dk\/produkt\/xtern-frontier\/","og_site_name":"Embreis DK","article_modified_time":"2025-02-26T09:15:42+00:00","og_image":[{"width":850,"height":850,"url":"https:\/\/embreis.com\/dk\/wp-content\/uploads\/sites\/8\/2023\/01\/Xtern_frontier_1.png","type":"image\/png"}],"twitter_card":"summary_large_image","twitter_misc":{"Ber\u00e4knad l\u00e4stid":"2 minuter"},"schema":{"@context":"https:\/\/schema.org","@graph":[{"@type":"WebPage","@id":"https:\/\/embreis.com\/dk\/produkt\/xtern-frontier\/","url":"https:\/\/embreis.com\/dk\/produkt\/xtern-frontier\/","name":"Xtern Frontier - Embreis DK","isPartOf":{"@id":"https:\/\/embreis.com\/dk\/#website"},"primaryImageOfPage":{"@id":"https:\/\/embreis.com\/dk\/produkt\/xtern-frontier\/#primaryimage"},"image":{"@id":"https:\/\/embreis.com\/dk\/produkt\/xtern-frontier\/#primaryimage"},"thumbnailUrl":"https:\/\/embreis.com\/dk\/wp-content\/uploads\/sites\/8\/2023\/01\/Xtern_frontier_1.png","datePublished":"2023-01-25T14:07:15+00:00","dateModified":"2025-02-26T09:15:42+00:00","breadcrumb":{"@id":"https:\/\/embreis.com\/dk\/produkt\/xtern-frontier\/#breadcrumb"},"inLanguage":"sv-SE","potentialAction":[{"@type":"ReadAction","target":["https:\/\/embreis.com\/dk\/produkt\/xtern-frontier\/"]}]},{"@type":"ImageObject","inLanguage":"sv-SE","@id":"https:\/\/embreis.com\/dk\/produkt\/xtern-frontier\/#primaryimage","url":"https:\/\/embreis.com\/dk\/wp-content\/uploads\/sites\/8\/2023\/01\/Xtern_frontier_1.png","contentUrl":"https:\/\/embreis.com\/dk\/wp-content\/uploads\/sites\/8\/2023\/01\/Xtern_frontier_1.png","width":850,"height":850},{"@type":"BreadcrumbList","@id":"https:\/\/embreis.com\/dk\/produkt\/xtern-frontier\/#breadcrumb","itemListElement":[{"@type":"ListItem","position":1,"name":"Hem","item":"https:\/\/embreis.com\/dk\/"},{"@type":"ListItem","position":2,"name":"Sortiment","item":"https:\/\/embreis.com\/dk\/sortiment\/"},{"@type":"ListItem","position":3,"name":"Ortos","item":"https:\/\/embreis.com\/dk\/produktkategori\/ortos\/"},{"@type":"ListItem","position":4,"name":"Ankel","item":"https:\/\/embreis.com\/dk\/produktkategori\/ortos\/ankel\/"},{"@type":"ListItem","position":5,"name":"Neuro - Rehab","item":"https:\/\/embreis.com\/dk\/produktkategori\/ortos\/ankel\/neuro-rehab-vrist-ortos\/"},{"@type":"ListItem","position":6,"name":"Xtern Frontier"}]},{"@type":"WebSite","@id":"https:\/\/embreis.com\/dk\/#website","url":"https:\/\/embreis.com\/dk\/","name":"Embreis DK","description":"Ortoser, proteser och material","potentialAction":[{"@type":"SearchAction","target":{"@type":"EntryPoint","urlTemplate":"https:\/\/embreis.com\/dk\/?s={search_term_string}"},"query-input":{"@type":"PropertyValueSpecification","valueRequired":true,"valueName":"search_term_string"}}],"inLanguage":"sv-SE"}]}},"_links":{"self":[{"href":"https:\/\/embreis.com\/dk\/wp-json\/wp\/v2\/product\/12253","targetHints":{"allow":["GET"]}}],"collection":[{"href":"https:\/\/embreis.com\/dk\/wp-json\/wp\/v2\/product"}],"about":[{"href":"https:\/\/embreis.com\/dk\/wp-json\/wp\/v2\/types\/product"}],"wp:featuredmedia":[{"embeddable":true,"href":"https:\/\/embreis.com\/dk\/wp-json\/wp\/v2\/media\/12258"}],"wp:attachment":[{"href":"https:\/\/embreis.com\/dk\/wp-json\/wp\/v2\/media?parent=12253"}],"wp:term":[{"taxonomy":"product_brand","embeddable":true,"href":"https:\/\/embreis.com\/dk\/wp-json\/wp\/v2\/product_brand?post=12253"},{"taxonomy":"product_cat","embeddable":true,"href":"https:\/\/embreis.com\/dk\/wp-json\/wp\/v2\/product_cat?post=12253"},{"taxonomy":"product_tag","embeddable":true,"href":"https:\/\/embreis.com\/dk\/wp-json\/wp\/v2\/product_tag?post=12253"}],"curies":[{"name":"wp","href":"https:\/\/api.w.org\/{rel}","templated":true}]}}