{"id":12225,"date":"2023-01-23T16:30:16","date_gmt":"2023-01-23T14:30:16","guid":{"rendered":"https:\/\/embreis.com\/dk\/?post_type=product&#038;p=12225"},"modified":"2024-10-14T22:17:05","modified_gmt":"2024-10-14T20:17:05","slug":"regal-silikonhandske","status":"publish","type":"product","link":"https:\/\/embreis.com\/dk\/produkt\/regal-silikonhandske\/","title":{"rendered":"Regal Silikonhandske"},"content":{"rendered":"<p>Regal Kosmetiska silikonhandske \u00e4r av h\u00f6gsta kvalit\u00e9, handgjord och framtagen f\u00f6r att ge b\u00e4raren ett realistiskt utseende. Silikonhandsken finns att best\u00e4lla med eller utan passiv hand. Du kan \u00e4ven v\u00e4lja med eller utan g\u00e4ngtapp och handsken finns antingen som kort eller l\u00e5ng dvs. med eller utan armb\u00e5ge.<\/p>\n<p>Det finns 36 olika hudtoner att v\u00e4lja mellan och varje handske \u00e4r utformad med naturtrogna detaljer som handavtryck, vener, knogar mm. Dessutom finns ett stort utbud av tillval f\u00f6r att g\u00f6ra produkten s\u00e5 naturtrogen som m\u00f6jligt. Exempelvis naglar i akryl l\u00e4mpade f\u00f6r manikyr, h\u00e5r i b\u00e5de 2D och 3D utf\u00f6rande och Duo Color, dvs. m\u00f6jlighet till olika hudton p\u00e5 handrygg och handflata.<\/p>\n<p>Det g\u00e5r \u00e4ven att v\u00e4lja till f\u00f6rst\u00e4rkta fingertoppar, ledade fingrar och dragkedja vilket ger en l\u00e4ttare av och p\u00e5tagning. H\u00e4r nedan kan du l\u00e4sa mer om de olika tillvalen.<\/p>\n<p>Produkten g\u00e5r att best\u00e4lla med Fasta M\u00e5tt, Semi custom eller som Full custom. Allt efter patientens behov.<\/p>\n<p><strong>F\u00f6r mer utf\u00f6rlig best\u00e4llningsinformation kontakta v\u00e5r kundsupport.<\/strong><\/p>\n","protected":false},"excerpt":{"rendered":"<p>Regal Kosmetiska silikonhandske \u00e4r av h\u00f6gsta kvalit\u00e9, handgjord och framtagen f\u00f6r att ge b\u00e4raren ett realistiskt utseende. Silikonhandsken finns att [&hellip;]<\/p>\n","protected":false},"featured_media":12227,"template":"","meta":[],"product_brand":[],"product_cat":[1380,272,1143,1263],"product_tag":[],"class_list":{"0":"post-12225","1":"product","2":"type-product","3":"status-publish","4":"has-post-thumbnail","6":"product_cat-nyheter","7":"product_cat-protes","8":"product_cat-ovre-extremitet","9":"product_cat-hand-arm-kosmetik","10":"pa_varumarke-regal-prosthesis","12":"first","13":"outofstock","14":"featured","15":"shipping-taxable","16":"product-type-variable"},"acf":[],"yoast_head":"<!-- This site is optimized with the Yoast SEO Premium plugin v25.3.1 (Yoast SEO v25.3.1) - https:\/\/yoast.com\/wordpress\/plugins\/seo\/ -->\n<title>Regal Silikonhandske - Embreis DK<\/title>\n<meta name=\"robots\" content=\"index, follow, max-snippet:-1, max-image-preview:large, max-video-preview:-1\" \/>\n<link rel=\"canonical\" href=\"https:\/\/embreis.com\/dk\/produkt\/regal-silikonhandske\/\" \/>\n<meta property=\"og:locale\" content=\"sv_SE\" \/>\n<meta property=\"og:type\" content=\"article\" \/>\n<meta property=\"og:title\" content=\"Regal Silikonhandske\" \/>\n<meta property=\"og:description\" content=\"Regal Kosmetiska silikonhandske \u00e4r av h\u00f6gsta kvalit\u00e9, handgjord och framtagen f\u00f6r att ge b\u00e4raren ett realistiskt utseende. Silikonhandsken finns att [&hellip;]\" \/>\n<meta property=\"og:url\" content=\"https:\/\/embreis.com\/dk\/produkt\/regal-silikonhandske\/\" \/>\n<meta property=\"og:site_name\" content=\"Embreis DK\" \/>\n<meta property=\"article:modified_time\" content=\"2024-10-14T20:17:05+00:00\" \/>\n<meta property=\"og:image\" content=\"https:\/\/embreis.com\/dk\/wp-content\/uploads\/sites\/8\/2023\/01\/Regal_Handske_101L.png\" \/>\n\t<meta property=\"og:image:width\" content=\"850\" \/>\n\t<meta property=\"og:image:height\" content=\"850\" \/>\n\t<meta property=\"og:image:type\" content=\"image\/png\" \/>\n<meta name=\"twitter:card\" content=\"summary_large_image\" \/>\n<meta name=\"twitter:label1\" content=\"Ber\u00e4knad l\u00e4stid\" \/>\n\t<meta name=\"twitter:data1\" content=\"1 minut\" \/>\n<script type=\"application\/ld+json\" class=\"yoast-schema-graph\">{\"@context\":\"https:\/\/schema.org\",\"@graph\":[{\"@type\":\"WebPage\",\"@id\":\"https:\/\/embreis.com\/dk\/produkt\/regal-silikonhandske\/\",\"url\":\"https:\/\/embreis.com\/dk\/produkt\/regal-silikonhandske\/\",\"name\":\"Regal Silikonhandske - Embreis DK\",\"isPartOf\":{\"@id\":\"https:\/\/embreis.com\/dk\/#website\"},\"primaryImageOfPage\":{\"@id\":\"https:\/\/embreis.com\/dk\/produkt\/regal-silikonhandske\/#primaryimage\"},\"image\":{\"@id\":\"https:\/\/embreis.com\/dk\/produkt\/regal-silikonhandske\/#primaryimage\"},\"thumbnailUrl\":\"https:\/\/embreis.com\/dk\/wp-content\/uploads\/sites\/8\/2023\/01\/Regal_Handske_101L.png\",\"datePublished\":\"2023-01-23T14:30:16+00:00\",\"dateModified\":\"2024-10-14T20:17:05+00:00\",\"breadcrumb\":{\"@id\":\"https:\/\/embreis.com\/dk\/produkt\/regal-silikonhandske\/#breadcrumb\"},\"inLanguage\":\"sv-SE\",\"potentialAction\":[{\"@type\":\"ReadAction\",\"target\":[\"https:\/\/embreis.com\/dk\/produkt\/regal-silikonhandske\/\"]}]},{\"@type\":\"ImageObject\",\"inLanguage\":\"sv-SE\",\"@id\":\"https:\/\/embreis.com\/dk\/produkt\/regal-silikonhandske\/#primaryimage\",\"url\":\"https:\/\/embreis.com\/dk\/wp-content\/uploads\/sites\/8\/2023\/01\/Regal_Handske_101L.png\",\"contentUrl\":\"https:\/\/embreis.com\/dk\/wp-content\/uploads\/sites\/8\/2023\/01\/Regal_Handske_101L.png\",\"width\":850,\"height\":850},{\"@type\":\"BreadcrumbList\",\"@id\":\"https:\/\/embreis.com\/dk\/produkt\/regal-silikonhandske\/#breadcrumb\",\"itemListElement\":[{\"@type\":\"ListItem\",\"position\":1,\"name\":\"Hem\",\"item\":\"https:\/\/embreis.com\/dk\/\"},{\"@type\":\"ListItem\",\"position\":2,\"name\":\"Sortiment\",\"item\":\"https:\/\/embreis.com\/dk\/sortiment\/\"},{\"@type\":\"ListItem\",\"position\":3,\"name\":\"Protes\",\"item\":\"https:\/\/embreis.com\/dk\/produktkategori\/protes\/\"},{\"@type\":\"ListItem\",\"position\":4,\"name\":\"\u00d6vre extremitet\",\"item\":\"https:\/\/embreis.com\/dk\/produktkategori\/protes\/ovre-extremitet\/\"},{\"@type\":\"ListItem\",\"position\":5,\"name\":\"Hand\/ Arm Kosmetik\",\"item\":\"https:\/\/embreis.com\/dk\/produktkategori\/protes\/ovre-extremitet\/hand-arm-kosmetik\/\"},{\"@type\":\"ListItem\",\"position\":6,\"name\":\"Regal Silikonhandske\"}]},{\"@type\":\"WebSite\",\"@id\":\"https:\/\/embreis.com\/dk\/#website\",\"url\":\"https:\/\/embreis.com\/dk\/\",\"name\":\"Embreis DK\",\"description\":\"Ortoser, proteser och material\",\"potentialAction\":[{\"@type\":\"SearchAction\",\"target\":{\"@type\":\"EntryPoint\",\"urlTemplate\":\"https:\/\/embreis.com\/dk\/?s={search_term_string}\"},\"query-input\":{\"@type\":\"PropertyValueSpecification\",\"valueRequired\":true,\"valueName\":\"search_term_string\"}}],\"inLanguage\":\"sv-SE\"}]}<\/script>\n<!-- \/ Yoast SEO Premium plugin. -->","yoast_head_json":{"title":"Regal Silikonhandske - Embreis DK","robots":{"index":"index","follow":"follow","max-snippet":"max-snippet:-1","max-image-preview":"max-image-preview:large","max-video-preview":"max-video-preview:-1"},"canonical":"https:\/\/embreis.com\/dk\/produkt\/regal-silikonhandske\/","og_locale":"sv_SE","og_type":"article","og_title":"Regal Silikonhandske","og_description":"Regal Kosmetiska silikonhandske \u00e4r av h\u00f6gsta kvalit\u00e9, handgjord och framtagen f\u00f6r att ge b\u00e4raren ett realistiskt utseende. Silikonhandsken finns att [&hellip;]","og_url":"https:\/\/embreis.com\/dk\/produkt\/regal-silikonhandske\/","og_site_name":"Embreis DK","article_modified_time":"2024-10-14T20:17:05+00:00","og_image":[{"width":850,"height":850,"url":"https:\/\/embreis.com\/dk\/wp-content\/uploads\/sites\/8\/2023\/01\/Regal_Handske_101L.png","type":"image\/png"}],"twitter_card":"summary_large_image","twitter_misc":{"Ber\u00e4knad l\u00e4stid":"1 minut"},"schema":{"@context":"https:\/\/schema.org","@graph":[{"@type":"WebPage","@id":"https:\/\/embreis.com\/dk\/produkt\/regal-silikonhandske\/","url":"https:\/\/embreis.com\/dk\/produkt\/regal-silikonhandske\/","name":"Regal Silikonhandske - Embreis DK","isPartOf":{"@id":"https:\/\/embreis.com\/dk\/#website"},"primaryImageOfPage":{"@id":"https:\/\/embreis.com\/dk\/produkt\/regal-silikonhandske\/#primaryimage"},"image":{"@id":"https:\/\/embreis.com\/dk\/produkt\/regal-silikonhandske\/#primaryimage"},"thumbnailUrl":"https:\/\/embreis.com\/dk\/wp-content\/uploads\/sites\/8\/2023\/01\/Regal_Handske_101L.png","datePublished":"2023-01-23T14:30:16+00:00","dateModified":"2024-10-14T20:17:05+00:00","breadcrumb":{"@id":"https:\/\/embreis.com\/dk\/produkt\/regal-silikonhandske\/#breadcrumb"},"inLanguage":"sv-SE","potentialAction":[{"@type":"ReadAction","target":["https:\/\/embreis.com\/dk\/produkt\/regal-silikonhandske\/"]}]},{"@type":"ImageObject","inLanguage":"sv-SE","@id":"https:\/\/embreis.com\/dk\/produkt\/regal-silikonhandske\/#primaryimage","url":"https:\/\/embreis.com\/dk\/wp-content\/uploads\/sites\/8\/2023\/01\/Regal_Handske_101L.png","contentUrl":"https:\/\/embreis.com\/dk\/wp-content\/uploads\/sites\/8\/2023\/01\/Regal_Handske_101L.png","width":850,"height":850},{"@type":"BreadcrumbList","@id":"https:\/\/embreis.com\/dk\/produkt\/regal-silikonhandske\/#breadcrumb","itemListElement":[{"@type":"ListItem","position":1,"name":"Hem","item":"https:\/\/embreis.com\/dk\/"},{"@type":"ListItem","position":2,"name":"Sortiment","item":"https:\/\/embreis.com\/dk\/sortiment\/"},{"@type":"ListItem","position":3,"name":"Protes","item":"https:\/\/embreis.com\/dk\/produktkategori\/protes\/"},{"@type":"ListItem","position":4,"name":"\u00d6vre extremitet","item":"https:\/\/embreis.com\/dk\/produktkategori\/protes\/ovre-extremitet\/"},{"@type":"ListItem","position":5,"name":"Hand\/ Arm Kosmetik","item":"https:\/\/embreis.com\/dk\/produktkategori\/protes\/ovre-extremitet\/hand-arm-kosmetik\/"},{"@type":"ListItem","position":6,"name":"Regal Silikonhandske"}]},{"@type":"WebSite","@id":"https:\/\/embreis.com\/dk\/#website","url":"https:\/\/embreis.com\/dk\/","name":"Embreis DK","description":"Ortoser, proteser och material","potentialAction":[{"@type":"SearchAction","target":{"@type":"EntryPoint","urlTemplate":"https:\/\/embreis.com\/dk\/?s={search_term_string}"},"query-input":{"@type":"PropertyValueSpecification","valueRequired":true,"valueName":"search_term_string"}}],"inLanguage":"sv-SE"}]}},"_links":{"self":[{"href":"https:\/\/embreis.com\/dk\/wp-json\/wp\/v2\/product\/12225","targetHints":{"allow":["GET"]}}],"collection":[{"href":"https:\/\/embreis.com\/dk\/wp-json\/wp\/v2\/product"}],"about":[{"href":"https:\/\/embreis.com\/dk\/wp-json\/wp\/v2\/types\/product"}],"wp:featuredmedia":[{"embeddable":true,"href":"https:\/\/embreis.com\/dk\/wp-json\/wp\/v2\/media\/12227"}],"wp:attachment":[{"href":"https:\/\/embreis.com\/dk\/wp-json\/wp\/v2\/media?parent=12225"}],"wp:term":[{"taxonomy":"product_brand","embeddable":true,"href":"https:\/\/embreis.com\/dk\/wp-json\/wp\/v2\/product_brand?post=12225"},{"taxonomy":"product_cat","embeddable":true,"href":"https:\/\/embreis.com\/dk\/wp-json\/wp\/v2\/product_cat?post=12225"},{"taxonomy":"product_tag","embeddable":true,"href":"https:\/\/embreis.com\/dk\/wp-json\/wp\/v2\/product_tag?post=12225"}],"curies":[{"name":"wp","href":"https:\/\/api.w.org\/{rel}","templated":true}]}}