{"id":12219,"date":"2023-01-20T16:05:38","date_gmt":"2023-01-20T14:05:38","guid":{"rendered":"https:\/\/embreis.com\/dk\/?post_type=product&#038;p=12219"},"modified":"2024-10-14T22:17:13","modified_gmt":"2024-10-14T20:17:13","slug":"regal-ta-delprotes","status":"publish","type":"product","link":"https:\/\/embreis.com\/dk\/produkt\/regal-ta-delprotes\/","title":{"rendered":"Regal T\u00e5 Delprotes"},"content":{"rendered":"<p>Regal\u00b4s Delproteser f\u00f6r t\u00e5r ger<span class=\"Y2IQFc\" lang=\"sv\"> ett brett utbud och \u00e4r designade f\u00f6r att passa patientens utg\u00e5ngsl\u00e4ge. Allt fr\u00e5n amputation av endast en t\u00e5 till amputation av alla t\u00e5r. T\u00e5proteser ger ett naturtroget utseende och hj\u00e4lper till att \u00e5terst\u00e4lla balansen vid g\u00e5ng.<\/span><\/p>\n<p>Det finns 36 olika hudtoner att v\u00e4lja mellan och varje t\u00e5 \u00e4r utformad med naturtrogna detaljer. Dessutom finns ett stort utbud av tillval f\u00f6r att g\u00f6ra produkten s\u00e5 naturtrogen som m\u00f6jligt. Exempelvis naglar i akryl l\u00e4mpade f\u00f6r manikyr, h\u00e5r i b\u00e5de 2D och 3D utf\u00f6rande och Duo Color, dvs. m\u00f6jlighet till olika hudton. H\u00e4r nedan kan du l\u00e4sa mer om de olika tillvalen.<\/p>\n<p>Produkten g\u00e5r att best\u00e4lla som Semi custom eller som Full custom. Allt efter patientens behov.<\/p>\n<p><strong>F\u00f6r mer utf\u00f6rlig best\u00e4llningsinformation kontakta v\u00e5r kundsupport.<\/strong><\/p>\n","protected":false},"excerpt":{"rendered":"<p>Regal\u00b4s Delproteser f\u00f6r t\u00e5r ger ett brett utbud och \u00e4r designade f\u00f6r att passa patientens utg\u00e5ngsl\u00e4ge. Allt fr\u00e5n amputation av [&hellip;]<\/p>\n","protected":false},"featured_media":12221,"template":"","meta":[],"product_brand":[],"product_cat":[1380,272,1144,1257],"product_tag":[],"class_list":{"0":"post-12219","1":"product","2":"type-product","3":"status-publish","4":"has-post-thumbnail","6":"product_cat-nyheter","7":"product_cat-protes","8":"product_cat-kna-ben","9":"product_cat-ben-fotkosmetik","10":"pa_varumarke-regal-prosthesis","12":"first","13":"outofstock","14":"featured","15":"shipping-taxable","16":"product-type-simple"},"acf":[],"yoast_head":"<!-- This site is optimized with the Yoast SEO Premium plugin v25.3.1 (Yoast SEO v25.3.1) - https:\/\/yoast.com\/wordpress\/plugins\/seo\/ -->\n<title>Regal T\u00e5 Delprotes - Embreis DK<\/title>\n<meta name=\"robots\" content=\"index, follow, max-snippet:-1, max-image-preview:large, max-video-preview:-1\" \/>\n<link rel=\"canonical\" href=\"https:\/\/embreis.com\/dk\/produkt\/regal-ta-delprotes\/\" \/>\n<meta property=\"og:locale\" content=\"sv_SE\" \/>\n<meta property=\"og:type\" content=\"article\" \/>\n<meta property=\"og:title\" content=\"Regal T\u00e5 Delprotes\" \/>\n<meta property=\"og:description\" content=\"Regal\u00b4s Delproteser f\u00f6r t\u00e5r ger ett brett utbud och \u00e4r designade f\u00f6r att passa patientens utg\u00e5ngsl\u00e4ge. Allt fr\u00e5n amputation av [&hellip;]\" \/>\n<meta property=\"og:url\" content=\"https:\/\/embreis.com\/dk\/produkt\/regal-ta-delprotes\/\" \/>\n<meta property=\"og:site_name\" content=\"Embreis DK\" \/>\n<meta property=\"article:modified_time\" content=\"2024-10-14T20:17:13+00:00\" \/>\n<meta property=\"og:image\" content=\"https:\/\/embreis.com\/dk\/wp-content\/uploads\/sites\/8\/2023\/01\/Regal_Toe.png\" \/>\n\t<meta property=\"og:image:width\" content=\"850\" \/>\n\t<meta property=\"og:image:height\" content=\"850\" \/>\n\t<meta property=\"og:image:type\" content=\"image\/png\" \/>\n<meta name=\"twitter:card\" content=\"summary_large_image\" \/>\n<meta name=\"twitter:label1\" content=\"Ber\u00e4knad l\u00e4stid\" \/>\n\t<meta name=\"twitter:data1\" content=\"1 minut\" \/>\n<script type=\"application\/ld+json\" class=\"yoast-schema-graph\">{\"@context\":\"https:\/\/schema.org\",\"@graph\":[{\"@type\":\"WebPage\",\"@id\":\"https:\/\/embreis.com\/dk\/produkt\/regal-ta-delprotes\/\",\"url\":\"https:\/\/embreis.com\/dk\/produkt\/regal-ta-delprotes\/\",\"name\":\"Regal T\u00e5 Delprotes - Embreis DK\",\"isPartOf\":{\"@id\":\"https:\/\/embreis.com\/dk\/#website\"},\"primaryImageOfPage\":{\"@id\":\"https:\/\/embreis.com\/dk\/produkt\/regal-ta-delprotes\/#primaryimage\"},\"image\":{\"@id\":\"https:\/\/embreis.com\/dk\/produkt\/regal-ta-delprotes\/#primaryimage\"},\"thumbnailUrl\":\"https:\/\/embreis.com\/dk\/wp-content\/uploads\/sites\/8\/2023\/01\/Regal_Toe.png\",\"datePublished\":\"2023-01-20T14:05:38+00:00\",\"dateModified\":\"2024-10-14T20:17:13+00:00\",\"breadcrumb\":{\"@id\":\"https:\/\/embreis.com\/dk\/produkt\/regal-ta-delprotes\/#breadcrumb\"},\"inLanguage\":\"sv-SE\",\"potentialAction\":[{\"@type\":\"ReadAction\",\"target\":[\"https:\/\/embreis.com\/dk\/produkt\/regal-ta-delprotes\/\"]}]},{\"@type\":\"ImageObject\",\"inLanguage\":\"sv-SE\",\"@id\":\"https:\/\/embreis.com\/dk\/produkt\/regal-ta-delprotes\/#primaryimage\",\"url\":\"https:\/\/embreis.com\/dk\/wp-content\/uploads\/sites\/8\/2023\/01\/Regal_Toe.png\",\"contentUrl\":\"https:\/\/embreis.com\/dk\/wp-content\/uploads\/sites\/8\/2023\/01\/Regal_Toe.png\",\"width\":850,\"height\":850},{\"@type\":\"BreadcrumbList\",\"@id\":\"https:\/\/embreis.com\/dk\/produkt\/regal-ta-delprotes\/#breadcrumb\",\"itemListElement\":[{\"@type\":\"ListItem\",\"position\":1,\"name\":\"Hem\",\"item\":\"https:\/\/embreis.com\/dk\/\"},{\"@type\":\"ListItem\",\"position\":2,\"name\":\"Sortiment\",\"item\":\"https:\/\/embreis.com\/dk\/sortiment\/\"},{\"@type\":\"ListItem\",\"position\":3,\"name\":\"Protes\",\"item\":\"https:\/\/embreis.com\/dk\/produktkategori\/protes\/\"},{\"@type\":\"ListItem\",\"position\":4,\"name\":\"Kn\u00e4 &amp; Ben\",\"item\":\"https:\/\/embreis.com\/dk\/produktkategori\/protes\/kna-ben\/\"},{\"@type\":\"ListItem\",\"position\":5,\"name\":\"Ben &amp; Fotkosmetik\",\"item\":\"https:\/\/embreis.com\/dk\/produktkategori\/protes\/kna-ben\/ben-fotkosmetik\/\"},{\"@type\":\"ListItem\",\"position\":6,\"name\":\"Regal T\u00e5 Delprotes\"}]},{\"@type\":\"WebSite\",\"@id\":\"https:\/\/embreis.com\/dk\/#website\",\"url\":\"https:\/\/embreis.com\/dk\/\",\"name\":\"Embreis DK\",\"description\":\"Ortoser, proteser och material\",\"potentialAction\":[{\"@type\":\"SearchAction\",\"target\":{\"@type\":\"EntryPoint\",\"urlTemplate\":\"https:\/\/embreis.com\/dk\/?s={search_term_string}\"},\"query-input\":{\"@type\":\"PropertyValueSpecification\",\"valueRequired\":true,\"valueName\":\"search_term_string\"}}],\"inLanguage\":\"sv-SE\"}]}<\/script>\n<!-- \/ Yoast SEO Premium plugin. -->","yoast_head_json":{"title":"Regal T\u00e5 Delprotes - Embreis DK","robots":{"index":"index","follow":"follow","max-snippet":"max-snippet:-1","max-image-preview":"max-image-preview:large","max-video-preview":"max-video-preview:-1"},"canonical":"https:\/\/embreis.com\/dk\/produkt\/regal-ta-delprotes\/","og_locale":"sv_SE","og_type":"article","og_title":"Regal T\u00e5 Delprotes","og_description":"Regal\u00b4s Delproteser f\u00f6r t\u00e5r ger ett brett utbud och \u00e4r designade f\u00f6r att passa patientens utg\u00e5ngsl\u00e4ge. Allt fr\u00e5n amputation av [&hellip;]","og_url":"https:\/\/embreis.com\/dk\/produkt\/regal-ta-delprotes\/","og_site_name":"Embreis DK","article_modified_time":"2024-10-14T20:17:13+00:00","og_image":[{"width":850,"height":850,"url":"https:\/\/embreis.com\/dk\/wp-content\/uploads\/sites\/8\/2023\/01\/Regal_Toe.png","type":"image\/png"}],"twitter_card":"summary_large_image","twitter_misc":{"Ber\u00e4knad l\u00e4stid":"1 minut"},"schema":{"@context":"https:\/\/schema.org","@graph":[{"@type":"WebPage","@id":"https:\/\/embreis.com\/dk\/produkt\/regal-ta-delprotes\/","url":"https:\/\/embreis.com\/dk\/produkt\/regal-ta-delprotes\/","name":"Regal T\u00e5 Delprotes - Embreis DK","isPartOf":{"@id":"https:\/\/embreis.com\/dk\/#website"},"primaryImageOfPage":{"@id":"https:\/\/embreis.com\/dk\/produkt\/regal-ta-delprotes\/#primaryimage"},"image":{"@id":"https:\/\/embreis.com\/dk\/produkt\/regal-ta-delprotes\/#primaryimage"},"thumbnailUrl":"https:\/\/embreis.com\/dk\/wp-content\/uploads\/sites\/8\/2023\/01\/Regal_Toe.png","datePublished":"2023-01-20T14:05:38+00:00","dateModified":"2024-10-14T20:17:13+00:00","breadcrumb":{"@id":"https:\/\/embreis.com\/dk\/produkt\/regal-ta-delprotes\/#breadcrumb"},"inLanguage":"sv-SE","potentialAction":[{"@type":"ReadAction","target":["https:\/\/embreis.com\/dk\/produkt\/regal-ta-delprotes\/"]}]},{"@type":"ImageObject","inLanguage":"sv-SE","@id":"https:\/\/embreis.com\/dk\/produkt\/regal-ta-delprotes\/#primaryimage","url":"https:\/\/embreis.com\/dk\/wp-content\/uploads\/sites\/8\/2023\/01\/Regal_Toe.png","contentUrl":"https:\/\/embreis.com\/dk\/wp-content\/uploads\/sites\/8\/2023\/01\/Regal_Toe.png","width":850,"height":850},{"@type":"BreadcrumbList","@id":"https:\/\/embreis.com\/dk\/produkt\/regal-ta-delprotes\/#breadcrumb","itemListElement":[{"@type":"ListItem","position":1,"name":"Hem","item":"https:\/\/embreis.com\/dk\/"},{"@type":"ListItem","position":2,"name":"Sortiment","item":"https:\/\/embreis.com\/dk\/sortiment\/"},{"@type":"ListItem","position":3,"name":"Protes","item":"https:\/\/embreis.com\/dk\/produktkategori\/protes\/"},{"@type":"ListItem","position":4,"name":"Kn\u00e4 &amp; Ben","item":"https:\/\/embreis.com\/dk\/produktkategori\/protes\/kna-ben\/"},{"@type":"ListItem","position":5,"name":"Ben &amp; Fotkosmetik","item":"https:\/\/embreis.com\/dk\/produktkategori\/protes\/kna-ben\/ben-fotkosmetik\/"},{"@type":"ListItem","position":6,"name":"Regal T\u00e5 Delprotes"}]},{"@type":"WebSite","@id":"https:\/\/embreis.com\/dk\/#website","url":"https:\/\/embreis.com\/dk\/","name":"Embreis DK","description":"Ortoser, proteser och material","potentialAction":[{"@type":"SearchAction","target":{"@type":"EntryPoint","urlTemplate":"https:\/\/embreis.com\/dk\/?s={search_term_string}"},"query-input":{"@type":"PropertyValueSpecification","valueRequired":true,"valueName":"search_term_string"}}],"inLanguage":"sv-SE"}]}},"_links":{"self":[{"href":"https:\/\/embreis.com\/dk\/wp-json\/wp\/v2\/product\/12219","targetHints":{"allow":["GET"]}}],"collection":[{"href":"https:\/\/embreis.com\/dk\/wp-json\/wp\/v2\/product"}],"about":[{"href":"https:\/\/embreis.com\/dk\/wp-json\/wp\/v2\/types\/product"}],"wp:featuredmedia":[{"embeddable":true,"href":"https:\/\/embreis.com\/dk\/wp-json\/wp\/v2\/media\/12221"}],"wp:attachment":[{"href":"https:\/\/embreis.com\/dk\/wp-json\/wp\/v2\/media?parent=12219"}],"wp:term":[{"taxonomy":"product_brand","embeddable":true,"href":"https:\/\/embreis.com\/dk\/wp-json\/wp\/v2\/product_brand?post=12219"},{"taxonomy":"product_cat","embeddable":true,"href":"https:\/\/embreis.com\/dk\/wp-json\/wp\/v2\/product_cat?post=12219"},{"taxonomy":"product_tag","embeddable":true,"href":"https:\/\/embreis.com\/dk\/wp-json\/wp\/v2\/product_tag?post=12219"}],"curies":[{"name":"wp","href":"https:\/\/api.w.org\/{rel}","templated":true}]}}