{"id":12182,"date":"2022-11-10T14:55:32","date_gmt":"2022-11-10T12:55:32","guid":{"rendered":"https:\/\/embreis.com\/dk\/?post_type=product&#038;p=12182"},"modified":"2024-10-24T14:05:14","modified_gmt":"2024-10-24T12:05:14","slug":"dynaflex","status":"publish","type":"product","link":"https:\/\/embreis.com\/dk\/produkt\/dynaflex\/","title":{"rendered":"Dynaflex"},"content":{"rendered":"<p><span class=\"Y2IQFc\" lang=\"sv\">Dynaflex \u00e4r en protesfot i kolfiber designad f\u00f6r l\u00e5nga kvarvarande delar av benet. Foten ger en smidig g\u00e5ng f\u00f6r aktiva patienter. <\/span><span class=\"Y2IQFc\" lang=\"sv\">En delad t\u00e5 ger utm\u00e4rkt inversion-eversion, vilket g\u00f6r att anv\u00e4ndare kan g\u00e5 och springa med sj\u00e4lvf\u00f6rtroende i oj\u00e4mn terr\u00e4ng.<\/span><\/p>\n","protected":false},"excerpt":{"rendered":"<ul>\n<li>Multiaxial konstruktion<\/li>\n<li>L\u00e4ttvikt<\/li>\n<li>Extra kolfiber element f\u00f6r b\u00e4ttre energi \u00e5tergivning<\/li>\n<\/ul>\n","protected":false},"featured_media":12183,"template":"","meta":[],"product_brand":[],"product_cat":[272,1142,1248],"product_tag":[],"class_list":{"0":"post-12182","1":"product","2":"type-product","3":"status-publish","4":"has-post-thumbnail","6":"product_cat-protes","7":"product_cat-fotter","8":"product_cat-everyday","10":"first","11":"outofstock","12":"shipping-taxable","13":"product-type-variable"},"acf":[],"yoast_head":"<!-- This site is optimized with the Yoast SEO Premium plugin v25.3.1 (Yoast SEO v25.3.1) - https:\/\/yoast.com\/wordpress\/plugins\/seo\/ -->\n<title>Dynaflex - Embreis DK<\/title>\n<meta name=\"robots\" content=\"index, follow, max-snippet:-1, max-image-preview:large, max-video-preview:-1\" \/>\n<link rel=\"canonical\" href=\"https:\/\/embreis.com\/dk\/produkt\/dynaflex\/\" \/>\n<meta property=\"og:locale\" content=\"sv_SE\" \/>\n<meta property=\"og:type\" content=\"article\" \/>\n<meta property=\"og:title\" content=\"Dynaflex\" \/>\n<meta property=\"og:description\" content=\"Multiaxial konstruktion  L\u00e4ttvikt  Extra kolfiber element f\u00f6r b\u00e4ttre energi \u00e5tergivning\" \/>\n<meta property=\"og:url\" content=\"https:\/\/embreis.com\/dk\/produkt\/dynaflex\/\" \/>\n<meta property=\"og:site_name\" content=\"Embreis DK\" \/>\n<meta property=\"article:modified_time\" content=\"2024-10-24T12:05:14+00:00\" \/>\n<meta property=\"og:image\" content=\"https:\/\/embreis.com\/dk\/wp-content\/uploads\/sites\/8\/2022\/11\/eHigh_1.png\" \/>\n\t<meta property=\"og:image:width\" content=\"850\" \/>\n\t<meta property=\"og:image:height\" content=\"850\" \/>\n\t<meta property=\"og:image:type\" content=\"image\/png\" \/>\n<meta name=\"twitter:card\" content=\"summary_large_image\" \/>\n<meta name=\"twitter:label1\" content=\"Ber\u00e4knad l\u00e4stid\" \/>\n\t<meta name=\"twitter:data1\" content=\"1 minut\" \/>\n<script type=\"application\/ld+json\" class=\"yoast-schema-graph\">{\"@context\":\"https:\/\/schema.org\",\"@graph\":[{\"@type\":\"WebPage\",\"@id\":\"https:\/\/embreis.com\/dk\/produkt\/dynaflex\/\",\"url\":\"https:\/\/embreis.com\/dk\/produkt\/dynaflex\/\",\"name\":\"Dynaflex - Embreis DK\",\"isPartOf\":{\"@id\":\"https:\/\/embreis.com\/dk\/#website\"},\"primaryImageOfPage\":{\"@id\":\"https:\/\/embreis.com\/dk\/produkt\/dynaflex\/#primaryimage\"},\"image\":{\"@id\":\"https:\/\/embreis.com\/dk\/produkt\/dynaflex\/#primaryimage\"},\"thumbnailUrl\":\"https:\/\/embreis.com\/dk\/wp-content\/uploads\/sites\/8\/2022\/11\/eHigh_1.png\",\"datePublished\":\"2022-11-10T12:55:32+00:00\",\"dateModified\":\"2024-10-24T12:05:14+00:00\",\"breadcrumb\":{\"@id\":\"https:\/\/embreis.com\/dk\/produkt\/dynaflex\/#breadcrumb\"},\"inLanguage\":\"sv-SE\",\"potentialAction\":[{\"@type\":\"ReadAction\",\"target\":[\"https:\/\/embreis.com\/dk\/produkt\/dynaflex\/\"]}]},{\"@type\":\"ImageObject\",\"inLanguage\":\"sv-SE\",\"@id\":\"https:\/\/embreis.com\/dk\/produkt\/dynaflex\/#primaryimage\",\"url\":\"https:\/\/embreis.com\/dk\/wp-content\/uploads\/sites\/8\/2022\/11\/eHigh_1.png\",\"contentUrl\":\"https:\/\/embreis.com\/dk\/wp-content\/uploads\/sites\/8\/2022\/11\/eHigh_1.png\",\"width\":850,\"height\":850},{\"@type\":\"BreadcrumbList\",\"@id\":\"https:\/\/embreis.com\/dk\/produkt\/dynaflex\/#breadcrumb\",\"itemListElement\":[{\"@type\":\"ListItem\",\"position\":1,\"name\":\"Hem\",\"item\":\"https:\/\/embreis.com\/dk\/\"},{\"@type\":\"ListItem\",\"position\":2,\"name\":\"Sortiment\",\"item\":\"https:\/\/embreis.com\/dk\/sortiment\/\"},{\"@type\":\"ListItem\",\"position\":3,\"name\":\"Protes\",\"item\":\"https:\/\/embreis.com\/dk\/produktkategori\/protes\/\"},{\"@type\":\"ListItem\",\"position\":4,\"name\":\"F\u00f6tter\",\"item\":\"https:\/\/embreis.com\/dk\/produktkategori\/protes\/fotter\/\"},{\"@type\":\"ListItem\",\"position\":5,\"name\":\"Everyday\",\"item\":\"https:\/\/embreis.com\/dk\/produktkategori\/protes\/fotter\/everyday\/\"},{\"@type\":\"ListItem\",\"position\":6,\"name\":\"Dynaflex\"}]},{\"@type\":\"WebSite\",\"@id\":\"https:\/\/embreis.com\/dk\/#website\",\"url\":\"https:\/\/embreis.com\/dk\/\",\"name\":\"Embreis DK\",\"description\":\"Ortoser, proteser och material\",\"potentialAction\":[{\"@type\":\"SearchAction\",\"target\":{\"@type\":\"EntryPoint\",\"urlTemplate\":\"https:\/\/embreis.com\/dk\/?s={search_term_string}\"},\"query-input\":{\"@type\":\"PropertyValueSpecification\",\"valueRequired\":true,\"valueName\":\"search_term_string\"}}],\"inLanguage\":\"sv-SE\"}]}<\/script>\n<!-- \/ Yoast SEO Premium plugin. -->","yoast_head_json":{"title":"Dynaflex - Embreis DK","robots":{"index":"index","follow":"follow","max-snippet":"max-snippet:-1","max-image-preview":"max-image-preview:large","max-video-preview":"max-video-preview:-1"},"canonical":"https:\/\/embreis.com\/dk\/produkt\/dynaflex\/","og_locale":"sv_SE","og_type":"article","og_title":"Dynaflex","og_description":"Multiaxial konstruktion  L\u00e4ttvikt  Extra kolfiber element f\u00f6r b\u00e4ttre energi \u00e5tergivning","og_url":"https:\/\/embreis.com\/dk\/produkt\/dynaflex\/","og_site_name":"Embreis DK","article_modified_time":"2024-10-24T12:05:14+00:00","og_image":[{"width":850,"height":850,"url":"https:\/\/embreis.com\/dk\/wp-content\/uploads\/sites\/8\/2022\/11\/eHigh_1.png","type":"image\/png"}],"twitter_card":"summary_large_image","twitter_misc":{"Ber\u00e4knad l\u00e4stid":"1 minut"},"schema":{"@context":"https:\/\/schema.org","@graph":[{"@type":"WebPage","@id":"https:\/\/embreis.com\/dk\/produkt\/dynaflex\/","url":"https:\/\/embreis.com\/dk\/produkt\/dynaflex\/","name":"Dynaflex - Embreis DK","isPartOf":{"@id":"https:\/\/embreis.com\/dk\/#website"},"primaryImageOfPage":{"@id":"https:\/\/embreis.com\/dk\/produkt\/dynaflex\/#primaryimage"},"image":{"@id":"https:\/\/embreis.com\/dk\/produkt\/dynaflex\/#primaryimage"},"thumbnailUrl":"https:\/\/embreis.com\/dk\/wp-content\/uploads\/sites\/8\/2022\/11\/eHigh_1.png","datePublished":"2022-11-10T12:55:32+00:00","dateModified":"2024-10-24T12:05:14+00:00","breadcrumb":{"@id":"https:\/\/embreis.com\/dk\/produkt\/dynaflex\/#breadcrumb"},"inLanguage":"sv-SE","potentialAction":[{"@type":"ReadAction","target":["https:\/\/embreis.com\/dk\/produkt\/dynaflex\/"]}]},{"@type":"ImageObject","inLanguage":"sv-SE","@id":"https:\/\/embreis.com\/dk\/produkt\/dynaflex\/#primaryimage","url":"https:\/\/embreis.com\/dk\/wp-content\/uploads\/sites\/8\/2022\/11\/eHigh_1.png","contentUrl":"https:\/\/embreis.com\/dk\/wp-content\/uploads\/sites\/8\/2022\/11\/eHigh_1.png","width":850,"height":850},{"@type":"BreadcrumbList","@id":"https:\/\/embreis.com\/dk\/produkt\/dynaflex\/#breadcrumb","itemListElement":[{"@type":"ListItem","position":1,"name":"Hem","item":"https:\/\/embreis.com\/dk\/"},{"@type":"ListItem","position":2,"name":"Sortiment","item":"https:\/\/embreis.com\/dk\/sortiment\/"},{"@type":"ListItem","position":3,"name":"Protes","item":"https:\/\/embreis.com\/dk\/produktkategori\/protes\/"},{"@type":"ListItem","position":4,"name":"F\u00f6tter","item":"https:\/\/embreis.com\/dk\/produktkategori\/protes\/fotter\/"},{"@type":"ListItem","position":5,"name":"Everyday","item":"https:\/\/embreis.com\/dk\/produktkategori\/protes\/fotter\/everyday\/"},{"@type":"ListItem","position":6,"name":"Dynaflex"}]},{"@type":"WebSite","@id":"https:\/\/embreis.com\/dk\/#website","url":"https:\/\/embreis.com\/dk\/","name":"Embreis DK","description":"Ortoser, proteser och material","potentialAction":[{"@type":"SearchAction","target":{"@type":"EntryPoint","urlTemplate":"https:\/\/embreis.com\/dk\/?s={search_term_string}"},"query-input":{"@type":"PropertyValueSpecification","valueRequired":true,"valueName":"search_term_string"}}],"inLanguage":"sv-SE"}]}},"_links":{"self":[{"href":"https:\/\/embreis.com\/dk\/wp-json\/wp\/v2\/product\/12182","targetHints":{"allow":["GET"]}}],"collection":[{"href":"https:\/\/embreis.com\/dk\/wp-json\/wp\/v2\/product"}],"about":[{"href":"https:\/\/embreis.com\/dk\/wp-json\/wp\/v2\/types\/product"}],"wp:featuredmedia":[{"embeddable":true,"href":"https:\/\/embreis.com\/dk\/wp-json\/wp\/v2\/media\/12183"}],"wp:attachment":[{"href":"https:\/\/embreis.com\/dk\/wp-json\/wp\/v2\/media?parent=12182"}],"wp:term":[{"taxonomy":"product_brand","embeddable":true,"href":"https:\/\/embreis.com\/dk\/wp-json\/wp\/v2\/product_brand?post=12182"},{"taxonomy":"product_cat","embeddable":true,"href":"https:\/\/embreis.com\/dk\/wp-json\/wp\/v2\/product_cat?post=12182"},{"taxonomy":"product_tag","embeddable":true,"href":"https:\/\/embreis.com\/dk\/wp-json\/wp\/v2\/product_tag?post=12182"}],"curies":[{"name":"wp","href":"https:\/\/api.w.org\/{rel}","templated":true}]}}