{"id":12159,"date":"2022-10-18T22:08:32","date_gmt":"2022-10-18T20:08:32","guid":{"rendered":"https:\/\/embreis.com\/dk\/?post_type=product&#038;p=12159"},"modified":"2024-10-21T10:03:56","modified_gmt":"2024-10-21T08:03:56","slug":"orfitrans-stiff","status":"publish","type":"product","link":"https:\/\/embreis.com\/dk\/produkt\/orfitrans-stiff\/","title":{"rendered":"Orfitrans\u00ae Stiff"},"content":{"rendered":"<p><span class=\"Y2IQFc\" lang=\"sv\">Orfitrans\u00ae Stiff \u00e4r &#8221;Gold Standard&#8221; n\u00e4r det kommer till protes hylsor f\u00f6r l\u00e5ngtidstest. Inget annat material kommer i n\u00e4rheten av prestanda och kvalitet. Orfitrans\u00ae Stiff \u00e4r praktiskt taget of\u00f6rst\u00f6rbart, men \u00e4nd\u00e5 enkel att anv\u00e4nda och l\u00e4tt att borra i. Den \u00e4r l\u00e4tt att forma och k\u00e4nns bra f\u00f6r patienten.<\/span><\/p>\n","protected":false},"excerpt":{"rendered":"<div id=\"ctl00_cph1_lTxt\">\n<div id=\"ctl00_cph1_lTxt\"><\/div>\n<div id=\"ctl00_cph1_prodInfo\"><\/div>\n<p>&nbsp;<\/p>\n<p>&nbsp;<\/p>\n<\/div>\n","protected":false},"featured_media":12151,"template":"","meta":[],"product_brand":[],"product_cat":[1279,1281,1380],"product_tag":[],"class_list":{"0":"post-12159","1":"product","2":"type-product","3":"status-publish","4":"has-post-thumbnail","6":"product_cat-material","7":"product_cat-ovrigt-material","8":"product_cat-nyheter","10":"first","11":"instock","12":"shipping-taxable","13":"product-type-simple"},"acf":[],"yoast_head":"<!-- This site is optimized with the Yoast SEO Premium plugin v25.3.1 (Yoast SEO v25.3.1) - https:\/\/yoast.com\/wordpress\/plugins\/seo\/ -->\n<title>Orfitrans\u00ae Stiff - Embreis DK<\/title>\n<meta name=\"robots\" content=\"index, follow, max-snippet:-1, max-image-preview:large, max-video-preview:-1\" \/>\n<link rel=\"canonical\" href=\"https:\/\/embreis.com\/dk\/produkt\/orfitrans-stiff\/\" \/>\n<meta property=\"og:locale\" content=\"sv_SE\" \/>\n<meta property=\"og:type\" content=\"article\" \/>\n<meta property=\"og:title\" content=\"Orfitrans\u00ae Stiff\" \/>\n<meta property=\"og:description\" content=\"&nbsp;  &nbsp;\" \/>\n<meta property=\"og:url\" content=\"https:\/\/embreis.com\/dk\/produkt\/orfitrans-stiff\/\" \/>\n<meta property=\"og:site_name\" content=\"Embreis DK\" \/>\n<meta property=\"article:modified_time\" content=\"2024-10-21T08:03:56+00:00\" \/>\n<meta property=\"og:image\" content=\"https:\/\/embreis.com\/dk\/wp-content\/uploads\/sites\/8\/2022\/09\/ePlex-Hard_2.png\" \/>\n\t<meta property=\"og:image:width\" content=\"850\" \/>\n\t<meta property=\"og:image:height\" content=\"850\" \/>\n\t<meta property=\"og:image:type\" content=\"image\/png\" \/>\n<meta name=\"twitter:card\" content=\"summary_large_image\" \/>\n<meta name=\"twitter:label1\" content=\"Ber\u00e4knad l\u00e4stid\" \/>\n\t<meta name=\"twitter:data1\" content=\"1 minut\" \/>\n<script type=\"application\/ld+json\" class=\"yoast-schema-graph\">{\"@context\":\"https:\/\/schema.org\",\"@graph\":[{\"@type\":\"WebPage\",\"@id\":\"https:\/\/embreis.com\/dk\/produkt\/orfitrans-stiff\/\",\"url\":\"https:\/\/embreis.com\/dk\/produkt\/orfitrans-stiff\/\",\"name\":\"Orfitrans\u00ae Stiff - Embreis DK\",\"isPartOf\":{\"@id\":\"https:\/\/embreis.com\/dk\/#website\"},\"primaryImageOfPage\":{\"@id\":\"https:\/\/embreis.com\/dk\/produkt\/orfitrans-stiff\/#primaryimage\"},\"image\":{\"@id\":\"https:\/\/embreis.com\/dk\/produkt\/orfitrans-stiff\/#primaryimage\"},\"thumbnailUrl\":\"https:\/\/embreis.com\/dk\/wp-content\/uploads\/sites\/8\/2022\/09\/ePlex-Hard_2.png\",\"datePublished\":\"2022-10-18T20:08:32+00:00\",\"dateModified\":\"2024-10-21T08:03:56+00:00\",\"breadcrumb\":{\"@id\":\"https:\/\/embreis.com\/dk\/produkt\/orfitrans-stiff\/#breadcrumb\"},\"inLanguage\":\"sv-SE\",\"potentialAction\":[{\"@type\":\"ReadAction\",\"target\":[\"https:\/\/embreis.com\/dk\/produkt\/orfitrans-stiff\/\"]}]},{\"@type\":\"ImageObject\",\"inLanguage\":\"sv-SE\",\"@id\":\"https:\/\/embreis.com\/dk\/produkt\/orfitrans-stiff\/#primaryimage\",\"url\":\"https:\/\/embreis.com\/dk\/wp-content\/uploads\/sites\/8\/2022\/09\/ePlex-Hard_2.png\",\"contentUrl\":\"https:\/\/embreis.com\/dk\/wp-content\/uploads\/sites\/8\/2022\/09\/ePlex-Hard_2.png\",\"width\":850,\"height\":850},{\"@type\":\"BreadcrumbList\",\"@id\":\"https:\/\/embreis.com\/dk\/produkt\/orfitrans-stiff\/#breadcrumb\",\"itemListElement\":[{\"@type\":\"ListItem\",\"position\":1,\"name\":\"Hem\",\"item\":\"https:\/\/embreis.com\/dk\/\"},{\"@type\":\"ListItem\",\"position\":2,\"name\":\"Sortiment\",\"item\":\"https:\/\/embreis.com\/dk\/sortiment\/\"},{\"@type\":\"ListItem\",\"position\":3,\"name\":\"Material\",\"item\":\"https:\/\/embreis.com\/dk\/produktkategori\/material\/\"},{\"@type\":\"ListItem\",\"position\":4,\"name\":\"Orfitrans\u00ae Stiff\"}]},{\"@type\":\"WebSite\",\"@id\":\"https:\/\/embreis.com\/dk\/#website\",\"url\":\"https:\/\/embreis.com\/dk\/\",\"name\":\"Embreis DK\",\"description\":\"Ortoser, proteser och material\",\"potentialAction\":[{\"@type\":\"SearchAction\",\"target\":{\"@type\":\"EntryPoint\",\"urlTemplate\":\"https:\/\/embreis.com\/dk\/?s={search_term_string}\"},\"query-input\":{\"@type\":\"PropertyValueSpecification\",\"valueRequired\":true,\"valueName\":\"search_term_string\"}}],\"inLanguage\":\"sv-SE\"}]}<\/script>\n<!-- \/ Yoast SEO Premium plugin. -->","yoast_head_json":{"title":"Orfitrans\u00ae Stiff - Embreis DK","robots":{"index":"index","follow":"follow","max-snippet":"max-snippet:-1","max-image-preview":"max-image-preview:large","max-video-preview":"max-video-preview:-1"},"canonical":"https:\/\/embreis.com\/dk\/produkt\/orfitrans-stiff\/","og_locale":"sv_SE","og_type":"article","og_title":"Orfitrans\u00ae Stiff","og_description":"&nbsp;  &nbsp;","og_url":"https:\/\/embreis.com\/dk\/produkt\/orfitrans-stiff\/","og_site_name":"Embreis DK","article_modified_time":"2024-10-21T08:03:56+00:00","og_image":[{"width":850,"height":850,"url":"https:\/\/embreis.com\/dk\/wp-content\/uploads\/sites\/8\/2022\/09\/ePlex-Hard_2.png","type":"image\/png"}],"twitter_card":"summary_large_image","twitter_misc":{"Ber\u00e4knad l\u00e4stid":"1 minut"},"schema":{"@context":"https:\/\/schema.org","@graph":[{"@type":"WebPage","@id":"https:\/\/embreis.com\/dk\/produkt\/orfitrans-stiff\/","url":"https:\/\/embreis.com\/dk\/produkt\/orfitrans-stiff\/","name":"Orfitrans\u00ae Stiff - Embreis DK","isPartOf":{"@id":"https:\/\/embreis.com\/dk\/#website"},"primaryImageOfPage":{"@id":"https:\/\/embreis.com\/dk\/produkt\/orfitrans-stiff\/#primaryimage"},"image":{"@id":"https:\/\/embreis.com\/dk\/produkt\/orfitrans-stiff\/#primaryimage"},"thumbnailUrl":"https:\/\/embreis.com\/dk\/wp-content\/uploads\/sites\/8\/2022\/09\/ePlex-Hard_2.png","datePublished":"2022-10-18T20:08:32+00:00","dateModified":"2024-10-21T08:03:56+00:00","breadcrumb":{"@id":"https:\/\/embreis.com\/dk\/produkt\/orfitrans-stiff\/#breadcrumb"},"inLanguage":"sv-SE","potentialAction":[{"@type":"ReadAction","target":["https:\/\/embreis.com\/dk\/produkt\/orfitrans-stiff\/"]}]},{"@type":"ImageObject","inLanguage":"sv-SE","@id":"https:\/\/embreis.com\/dk\/produkt\/orfitrans-stiff\/#primaryimage","url":"https:\/\/embreis.com\/dk\/wp-content\/uploads\/sites\/8\/2022\/09\/ePlex-Hard_2.png","contentUrl":"https:\/\/embreis.com\/dk\/wp-content\/uploads\/sites\/8\/2022\/09\/ePlex-Hard_2.png","width":850,"height":850},{"@type":"BreadcrumbList","@id":"https:\/\/embreis.com\/dk\/produkt\/orfitrans-stiff\/#breadcrumb","itemListElement":[{"@type":"ListItem","position":1,"name":"Hem","item":"https:\/\/embreis.com\/dk\/"},{"@type":"ListItem","position":2,"name":"Sortiment","item":"https:\/\/embreis.com\/dk\/sortiment\/"},{"@type":"ListItem","position":3,"name":"Material","item":"https:\/\/embreis.com\/dk\/produktkategori\/material\/"},{"@type":"ListItem","position":4,"name":"Orfitrans\u00ae Stiff"}]},{"@type":"WebSite","@id":"https:\/\/embreis.com\/dk\/#website","url":"https:\/\/embreis.com\/dk\/","name":"Embreis DK","description":"Ortoser, proteser och material","potentialAction":[{"@type":"SearchAction","target":{"@type":"EntryPoint","urlTemplate":"https:\/\/embreis.com\/dk\/?s={search_term_string}"},"query-input":{"@type":"PropertyValueSpecification","valueRequired":true,"valueName":"search_term_string"}}],"inLanguage":"sv-SE"}]}},"_links":{"self":[{"href":"https:\/\/embreis.com\/dk\/wp-json\/wp\/v2\/product\/12159","targetHints":{"allow":["GET"]}}],"collection":[{"href":"https:\/\/embreis.com\/dk\/wp-json\/wp\/v2\/product"}],"about":[{"href":"https:\/\/embreis.com\/dk\/wp-json\/wp\/v2\/types\/product"}],"wp:featuredmedia":[{"embeddable":true,"href":"https:\/\/embreis.com\/dk\/wp-json\/wp\/v2\/media\/12151"}],"wp:attachment":[{"href":"https:\/\/embreis.com\/dk\/wp-json\/wp\/v2\/media?parent=12159"}],"wp:term":[{"taxonomy":"product_brand","embeddable":true,"href":"https:\/\/embreis.com\/dk\/wp-json\/wp\/v2\/product_brand?post=12159"},{"taxonomy":"product_cat","embeddable":true,"href":"https:\/\/embreis.com\/dk\/wp-json\/wp\/v2\/product_cat?post=12159"},{"taxonomy":"product_tag","embeddable":true,"href":"https:\/\/embreis.com\/dk\/wp-json\/wp\/v2\/product_tag?post=12159"}],"curies":[{"name":"wp","href":"https:\/\/api.w.org\/{rel}","templated":true}]}}