{"id":12091,"date":"2022-03-09T13:59:34","date_gmt":"2022-03-09T11:59:34","guid":{"rendered":"https:\/\/embreis.com\/dk\/?post_type=product&#038;p=12091"},"modified":"2022-03-09T14:08:20","modified_gmt":"2022-03-09T12:08:20","slug":"vgk-xs","status":"publish","type":"product","link":"https:\/\/embreis.com\/dk\/produkt\/vgk-xs\/","title":{"rendered":"VGK-XS Barn"},"content":{"rendered":"<p>VGK-XS \u00e4r det f\u00f6rsta proteskn\u00e4t framtaget specifikt till barn med samma efterfr\u00e5gade funktioner som \u00f6vriga kn\u00e4n i VGK serien. VGK-XS \u00e4r v\u00e4ldigt l\u00e4tt med en vikt p\u00e5 endast 850 g, vilket \u00e4r n\u00e4stan h\u00e4lften s\u00e5 mycket som ett standardkn\u00e4. Kn\u00e4t \u00e4r framtaget f\u00f6r barn och unga upp till 60 kg.<\/p>\n<p>VGK-XS \u00e4r precis som \u00f6vriga kn\u00e4n i VGK serien, <span class=\"Y2IQFc\" lang=\"sv\">en kn\u00e4ledsprotes som \u00e5terger en naturlig g\u00e5ng och \u00e4r anpassad f\u00f6r vardagslivet, utvecklad f\u00f6r anv\u00e4ndare med h\u00f6ga ambitioner. VGK seriens k\u00e4nnetecken \u00e4r kn\u00e4n helt utan elektronik, inga batterier, ingen uppladdning men med samma funktioner som ett microprocessor styrt kn\u00e4. Ett kn\u00e4 med &#8221;stumble recovery&#8221; och som \u00e4r \u00a0helt vattent\u00e4tt, vilket ger o\u00e4ndliga m\u00f6jligheter i vardagen. VGK-XS finns b\u00e5de som standard modell och med cykel funktion.<\/span><\/p>\n","protected":false},"excerpt":{"rendered":"<p>VGK-XS \u00e4r det f\u00f6rsta proteskn\u00e4t framtaget specifikt till barn med samma efterfr\u00e5gade funktioner som \u00f6vriga kn\u00e4n i VGK serien. VGK-XS [&hellip;]<\/p>\n","protected":false},"featured_media":12068,"template":"","meta":[],"product_brand":[],"product_cat":[272,1144,1270,1254],"product_tag":[],"class_list":{"0":"post-12091","1":"product","2":"type-product","3":"status-publish","4":"has-post-thumbnail","6":"product_cat-protes","7":"product_cat-kna-ben","8":"product_cat-knaledsprotes-barn","9":"product_cat-everyday-kna-ben","10":"pa_varumarke-orthomobility-ltd","12":"first","13":"instock","14":"shipping-taxable","15":"product-type-simple"},"acf":[],"yoast_head":"<!-- This site is optimized with the Yoast SEO Premium plugin v25.3.1 (Yoast SEO v25.3.1) - https:\/\/yoast.com\/wordpress\/plugins\/seo\/ -->\n<title>VGK-XS Barn - Embreis DK<\/title>\n<meta name=\"robots\" content=\"index, follow, max-snippet:-1, max-image-preview:large, max-video-preview:-1\" \/>\n<link rel=\"canonical\" href=\"https:\/\/embreis.com\/dk\/produkt\/vgk-xs\/\" \/>\n<meta property=\"og:locale\" content=\"sv_SE\" \/>\n<meta property=\"og:type\" content=\"article\" \/>\n<meta property=\"og:title\" content=\"VGK-XS Barn\" \/>\n<meta property=\"og:description\" content=\"VGK-XS \u00e4r det f\u00f6rsta proteskn\u00e4t framtaget specifikt till barn med samma efterfr\u00e5gade funktioner som \u00f6vriga kn\u00e4n i VGK serien. VGK-XS [&hellip;]\" \/>\n<meta property=\"og:url\" content=\"https:\/\/embreis.com\/dk\/produkt\/vgk-xs\/\" \/>\n<meta property=\"og:site_name\" content=\"Embreis DK\" \/>\n<meta property=\"article:modified_time\" content=\"2022-03-09T12:08:20+00:00\" \/>\n<meta property=\"og:image\" content=\"https:\/\/embreis.com\/dk\/wp-content\/uploads\/sites\/8\/2022\/02\/VGK-X_3.png\" \/>\n\t<meta property=\"og:image:width\" content=\"850\" \/>\n\t<meta property=\"og:image:height\" content=\"850\" \/>\n\t<meta property=\"og:image:type\" content=\"image\/png\" \/>\n<meta name=\"twitter:card\" content=\"summary_large_image\" \/>\n<meta name=\"twitter:label1\" content=\"Ber\u00e4knad l\u00e4stid\" \/>\n\t<meta name=\"twitter:data1\" content=\"1 minut\" \/>\n<script type=\"application\/ld+json\" class=\"yoast-schema-graph\">{\"@context\":\"https:\/\/schema.org\",\"@graph\":[{\"@type\":\"WebPage\",\"@id\":\"https:\/\/embreis.com\/dk\/produkt\/vgk-xs\/\",\"url\":\"https:\/\/embreis.com\/dk\/produkt\/vgk-xs\/\",\"name\":\"VGK-XS Barn - Embreis DK\",\"isPartOf\":{\"@id\":\"https:\/\/embreis.com\/dk\/#website\"},\"primaryImageOfPage\":{\"@id\":\"https:\/\/embreis.com\/dk\/produkt\/vgk-xs\/#primaryimage\"},\"image\":{\"@id\":\"https:\/\/embreis.com\/dk\/produkt\/vgk-xs\/#primaryimage\"},\"thumbnailUrl\":\"https:\/\/embreis.com\/dk\/wp-content\/uploads\/sites\/8\/2022\/02\/VGK-X_3.png\",\"datePublished\":\"2022-03-09T11:59:34+00:00\",\"dateModified\":\"2022-03-09T12:08:20+00:00\",\"breadcrumb\":{\"@id\":\"https:\/\/embreis.com\/dk\/produkt\/vgk-xs\/#breadcrumb\"},\"inLanguage\":\"sv-SE\",\"potentialAction\":[{\"@type\":\"ReadAction\",\"target\":[\"https:\/\/embreis.com\/dk\/produkt\/vgk-xs\/\"]}]},{\"@type\":\"ImageObject\",\"inLanguage\":\"sv-SE\",\"@id\":\"https:\/\/embreis.com\/dk\/produkt\/vgk-xs\/#primaryimage\",\"url\":\"https:\/\/embreis.com\/dk\/wp-content\/uploads\/sites\/8\/2022\/02\/VGK-X_3.png\",\"contentUrl\":\"https:\/\/embreis.com\/dk\/wp-content\/uploads\/sites\/8\/2022\/02\/VGK-X_3.png\",\"width\":850,\"height\":850},{\"@type\":\"BreadcrumbList\",\"@id\":\"https:\/\/embreis.com\/dk\/produkt\/vgk-xs\/#breadcrumb\",\"itemListElement\":[{\"@type\":\"ListItem\",\"position\":1,\"name\":\"Hem\",\"item\":\"https:\/\/embreis.com\/dk\/\"},{\"@type\":\"ListItem\",\"position\":2,\"name\":\"Sortiment\",\"item\":\"https:\/\/embreis.com\/dk\/sortiment\/\"},{\"@type\":\"ListItem\",\"position\":3,\"name\":\"Protes\",\"item\":\"https:\/\/embreis.com\/dk\/produktkategori\/protes\/\"},{\"@type\":\"ListItem\",\"position\":4,\"name\":\"Kn\u00e4 &amp; Ben\",\"item\":\"https:\/\/embreis.com\/dk\/produktkategori\/protes\/kna-ben\/\"},{\"@type\":\"ListItem\",\"position\":5,\"name\":\"Kn\u00e4ledsprotes - Everyday\",\"item\":\"https:\/\/embreis.com\/dk\/produktkategori\/protes\/kna-ben\/everyday-kna-ben\/\"},{\"@type\":\"ListItem\",\"position\":6,\"name\":\"VGK-XS Barn\"}]},{\"@type\":\"WebSite\",\"@id\":\"https:\/\/embreis.com\/dk\/#website\",\"url\":\"https:\/\/embreis.com\/dk\/\",\"name\":\"Embreis DK\",\"description\":\"Ortoser, proteser och material\",\"potentialAction\":[{\"@type\":\"SearchAction\",\"target\":{\"@type\":\"EntryPoint\",\"urlTemplate\":\"https:\/\/embreis.com\/dk\/?s={search_term_string}\"},\"query-input\":{\"@type\":\"PropertyValueSpecification\",\"valueRequired\":true,\"valueName\":\"search_term_string\"}}],\"inLanguage\":\"sv-SE\"}]}<\/script>\n<!-- \/ Yoast SEO Premium plugin. -->","yoast_head_json":{"title":"VGK-XS Barn - Embreis DK","robots":{"index":"index","follow":"follow","max-snippet":"max-snippet:-1","max-image-preview":"max-image-preview:large","max-video-preview":"max-video-preview:-1"},"canonical":"https:\/\/embreis.com\/dk\/produkt\/vgk-xs\/","og_locale":"sv_SE","og_type":"article","og_title":"VGK-XS Barn","og_description":"VGK-XS \u00e4r det f\u00f6rsta proteskn\u00e4t framtaget specifikt till barn med samma efterfr\u00e5gade funktioner som \u00f6vriga kn\u00e4n i VGK serien. VGK-XS [&hellip;]","og_url":"https:\/\/embreis.com\/dk\/produkt\/vgk-xs\/","og_site_name":"Embreis DK","article_modified_time":"2022-03-09T12:08:20+00:00","og_image":[{"width":850,"height":850,"url":"https:\/\/embreis.com\/dk\/wp-content\/uploads\/sites\/8\/2022\/02\/VGK-X_3.png","type":"image\/png"}],"twitter_card":"summary_large_image","twitter_misc":{"Ber\u00e4knad l\u00e4stid":"1 minut"},"schema":{"@context":"https:\/\/schema.org","@graph":[{"@type":"WebPage","@id":"https:\/\/embreis.com\/dk\/produkt\/vgk-xs\/","url":"https:\/\/embreis.com\/dk\/produkt\/vgk-xs\/","name":"VGK-XS Barn - Embreis DK","isPartOf":{"@id":"https:\/\/embreis.com\/dk\/#website"},"primaryImageOfPage":{"@id":"https:\/\/embreis.com\/dk\/produkt\/vgk-xs\/#primaryimage"},"image":{"@id":"https:\/\/embreis.com\/dk\/produkt\/vgk-xs\/#primaryimage"},"thumbnailUrl":"https:\/\/embreis.com\/dk\/wp-content\/uploads\/sites\/8\/2022\/02\/VGK-X_3.png","datePublished":"2022-03-09T11:59:34+00:00","dateModified":"2022-03-09T12:08:20+00:00","breadcrumb":{"@id":"https:\/\/embreis.com\/dk\/produkt\/vgk-xs\/#breadcrumb"},"inLanguage":"sv-SE","potentialAction":[{"@type":"ReadAction","target":["https:\/\/embreis.com\/dk\/produkt\/vgk-xs\/"]}]},{"@type":"ImageObject","inLanguage":"sv-SE","@id":"https:\/\/embreis.com\/dk\/produkt\/vgk-xs\/#primaryimage","url":"https:\/\/embreis.com\/dk\/wp-content\/uploads\/sites\/8\/2022\/02\/VGK-X_3.png","contentUrl":"https:\/\/embreis.com\/dk\/wp-content\/uploads\/sites\/8\/2022\/02\/VGK-X_3.png","width":850,"height":850},{"@type":"BreadcrumbList","@id":"https:\/\/embreis.com\/dk\/produkt\/vgk-xs\/#breadcrumb","itemListElement":[{"@type":"ListItem","position":1,"name":"Hem","item":"https:\/\/embreis.com\/dk\/"},{"@type":"ListItem","position":2,"name":"Sortiment","item":"https:\/\/embreis.com\/dk\/sortiment\/"},{"@type":"ListItem","position":3,"name":"Protes","item":"https:\/\/embreis.com\/dk\/produktkategori\/protes\/"},{"@type":"ListItem","position":4,"name":"Kn\u00e4 &amp; Ben","item":"https:\/\/embreis.com\/dk\/produktkategori\/protes\/kna-ben\/"},{"@type":"ListItem","position":5,"name":"Kn\u00e4ledsprotes - Everyday","item":"https:\/\/embreis.com\/dk\/produktkategori\/protes\/kna-ben\/everyday-kna-ben\/"},{"@type":"ListItem","position":6,"name":"VGK-XS Barn"}]},{"@type":"WebSite","@id":"https:\/\/embreis.com\/dk\/#website","url":"https:\/\/embreis.com\/dk\/","name":"Embreis DK","description":"Ortoser, proteser och material","potentialAction":[{"@type":"SearchAction","target":{"@type":"EntryPoint","urlTemplate":"https:\/\/embreis.com\/dk\/?s={search_term_string}"},"query-input":{"@type":"PropertyValueSpecification","valueRequired":true,"valueName":"search_term_string"}}],"inLanguage":"sv-SE"}]}},"_links":{"self":[{"href":"https:\/\/embreis.com\/dk\/wp-json\/wp\/v2\/product\/12091","targetHints":{"allow":["GET"]}}],"collection":[{"href":"https:\/\/embreis.com\/dk\/wp-json\/wp\/v2\/product"}],"about":[{"href":"https:\/\/embreis.com\/dk\/wp-json\/wp\/v2\/types\/product"}],"wp:featuredmedia":[{"embeddable":true,"href":"https:\/\/embreis.com\/dk\/wp-json\/wp\/v2\/media\/12068"}],"wp:attachment":[{"href":"https:\/\/embreis.com\/dk\/wp-json\/wp\/v2\/media?parent=12091"}],"wp:term":[{"taxonomy":"product_brand","embeddable":true,"href":"https:\/\/embreis.com\/dk\/wp-json\/wp\/v2\/product_brand?post=12091"},{"taxonomy":"product_cat","embeddable":true,"href":"https:\/\/embreis.com\/dk\/wp-json\/wp\/v2\/product_cat?post=12091"},{"taxonomy":"product_tag","embeddable":true,"href":"https:\/\/embreis.com\/dk\/wp-json\/wp\/v2\/product_tag?post=12091"}],"curies":[{"name":"wp","href":"https:\/\/api.w.org\/{rel}","templated":true}]}}