{"id":12064,"date":"2022-02-07T18:47:34","date_gmt":"2022-02-07T16:47:34","guid":{"rendered":"https:\/\/embreis.com\/dk\/?post_type=product&#038;p=12064"},"modified":"2025-05-28T10:25:28","modified_gmt":"2025-05-28T08:25:28","slug":"mitchell-dobbs-skena","status":"publish","type":"product","link":"https:\/\/embreis.com\/dk\/produkt\/mitchell-dobbs-skena\/","title":{"rendered":"Mitchell Dobbs skena"},"content":{"rendered":"<p id=\"tw-target-text\" class=\"tw-data-text tw-text-large tw-ta\" dir=\"ltr\" data-placeholder=\"\u00d6vers\u00e4ttning\">Mitchell Dobbs skenan ger en st\u00f6rre frihet och b\u00e4ttre f\u00f6ljsamhet d\u00e5 den \u00e4r konstruerad med fj\u00e4drande f\u00e4sten f\u00f6r afo. Barnet f\u00e5r en st\u00f6rre r\u00f6relsef\u00f6rm\u00e5ga \u00e4n med liknande fasta skenor. <span class=\"Y2IQFc\" lang=\"sv\">Fj\u00e4dern uppr\u00e4tth\u00e5ller en aktiv dorsalflexions str\u00e4ckning samtidigt som den l\u00e5ter barnet leka och krypa med skenan. Fj\u00e4derr\u00f6relsen ger en pedal liknande r\u00f6relse f\u00f6r barnet.<\/span><\/p>\n<p><span class=\"Y2IQFc\" lang=\"sv\">Skenan \u00e4r reglerbar och finns i tv\u00e5 storlekar, small och regular. Fj\u00e4dringen i storlek small \u00e4r l\u00e4ttare medans fj\u00e4dringen i storlek regular \u00e4r en aning kraftigare, anpassad f\u00f6r \u00e4ldre barn. Skenan har f\u00e4sten anpassade f\u00f6r Mitchell Ponseti\u00ae AFO med snabbf\u00e4sten vilket ger en st\u00f6rre anv\u00e4ndarv\u00e4nlighet f\u00f6r f\u00f6r\u00e4ldern. Snabbf\u00e4stena g\u00f6r det enklare att byta kl\u00e4der, placera barnet exempelvis i en barnstol <span class=\"TextRun BCX0 SCXW160923480\" lang=\"SV-SE\" xml:lang=\"SV-SE\" data-contrast=\"none\"><span class=\"NormalTextRun BCX0 SCXW160923480\" data-ccp-charstyle=\"y2iqfc\" data-ccp-charstyle-defn=\"{&quot;ObjectId&quot;:&quot;d7133ef3-8491-4cb5-8a21-17e893ed04dd|57&quot;,&quot;ClassId&quot;:1073872969,&quot;Properties&quot;:[134233614,&quot;true&quot;,201340122,&quot;1&quot;,469775450,&quot;y2iqfc&quot;,469778129,&quot;y2iqfc&quot;,469778324,&quot;Default Paragraph Font&quot;]}\">och koppla p\u00e5 skenan.<\/span><\/span><\/span><\/p>\n","protected":false},"excerpt":{"rendered":"<p>Mitchell Dobbs skenan ger en st\u00f6rre frihet och b\u00e4ttre f\u00f6ljsamhet d\u00e5 den \u00e4r konstruerad med fj\u00e4drande f\u00e4sten f\u00f6r afo. Barnet [&hellip;]<\/p>\n","protected":false},"featured_media":12065,"template":"","meta":[],"product_brand":[],"product_cat":[1380,217,220,1362],"product_tag":[],"class_list":{"0":"post-12064","1":"product","2":"type-product","3":"status-publish","4":"has-post-thumbnail","6":"product_cat-nyheter","7":"product_cat-ortos","8":"product_cat-fot","9":"product_cat-peva-klumpfot","11":"first","12":"instock","13":"shipping-taxable","14":"product-type-simple"},"acf":[],"yoast_head":"<!-- This site is optimized with the Yoast SEO Premium plugin v25.3.1 (Yoast SEO v25.3.1) - https:\/\/yoast.com\/wordpress\/plugins\/seo\/ -->\n<title>Mitchell Dobbs skena - Embreis DK<\/title>\n<meta name=\"robots\" content=\"index, follow, max-snippet:-1, max-image-preview:large, max-video-preview:-1\" \/>\n<link rel=\"canonical\" href=\"https:\/\/embreis.com\/dk\/produkt\/mitchell-dobbs-skena\/\" \/>\n<meta property=\"og:locale\" content=\"sv_SE\" \/>\n<meta property=\"og:type\" content=\"article\" \/>\n<meta property=\"og:title\" content=\"Mitchell Dobbs skena\" \/>\n<meta property=\"og:description\" content=\"Mitchell Dobbs skenan ger en st\u00f6rre frihet och b\u00e4ttre f\u00f6ljsamhet d\u00e5 den \u00e4r konstruerad med fj\u00e4drande f\u00e4sten f\u00f6r afo. Barnet [&hellip;]\" \/>\n<meta property=\"og:url\" content=\"https:\/\/embreis.com\/dk\/produkt\/mitchell-dobbs-skena\/\" \/>\n<meta property=\"og:site_name\" content=\"Embreis DK\" \/>\n<meta property=\"article:modified_time\" content=\"2025-05-28T08:25:28+00:00\" \/>\n<meta property=\"og:image\" content=\"https:\/\/embreis.com\/dk\/wp-content\/uploads\/sites\/8\/2022\/02\/Dobbs-skena.png\" \/>\n\t<meta property=\"og:image:width\" content=\"850\" \/>\n\t<meta property=\"og:image:height\" content=\"850\" \/>\n\t<meta property=\"og:image:type\" content=\"image\/png\" \/>\n<meta name=\"twitter:card\" content=\"summary_large_image\" \/>\n<meta name=\"twitter:label1\" content=\"Ber\u00e4knad l\u00e4stid\" \/>\n\t<meta name=\"twitter:data1\" content=\"1 minut\" \/>\n<script type=\"application\/ld+json\" class=\"yoast-schema-graph\">{\"@context\":\"https:\/\/schema.org\",\"@graph\":[{\"@type\":\"WebPage\",\"@id\":\"https:\/\/embreis.com\/dk\/produkt\/mitchell-dobbs-skena\/\",\"url\":\"https:\/\/embreis.com\/dk\/produkt\/mitchell-dobbs-skena\/\",\"name\":\"Mitchell Dobbs skena - Embreis DK\",\"isPartOf\":{\"@id\":\"https:\/\/embreis.com\/dk\/#website\"},\"primaryImageOfPage\":{\"@id\":\"https:\/\/embreis.com\/dk\/produkt\/mitchell-dobbs-skena\/#primaryimage\"},\"image\":{\"@id\":\"https:\/\/embreis.com\/dk\/produkt\/mitchell-dobbs-skena\/#primaryimage\"},\"thumbnailUrl\":\"https:\/\/embreis.com\/dk\/wp-content\/uploads\/sites\/8\/2022\/02\/Dobbs-skena.png\",\"datePublished\":\"2022-02-07T16:47:34+00:00\",\"dateModified\":\"2025-05-28T08:25:28+00:00\",\"breadcrumb\":{\"@id\":\"https:\/\/embreis.com\/dk\/produkt\/mitchell-dobbs-skena\/#breadcrumb\"},\"inLanguage\":\"sv-SE\",\"potentialAction\":[{\"@type\":\"ReadAction\",\"target\":[\"https:\/\/embreis.com\/dk\/produkt\/mitchell-dobbs-skena\/\"]}]},{\"@type\":\"ImageObject\",\"inLanguage\":\"sv-SE\",\"@id\":\"https:\/\/embreis.com\/dk\/produkt\/mitchell-dobbs-skena\/#primaryimage\",\"url\":\"https:\/\/embreis.com\/dk\/wp-content\/uploads\/sites\/8\/2022\/02\/Dobbs-skena.png\",\"contentUrl\":\"https:\/\/embreis.com\/dk\/wp-content\/uploads\/sites\/8\/2022\/02\/Dobbs-skena.png\",\"width\":850,\"height\":850},{\"@type\":\"BreadcrumbList\",\"@id\":\"https:\/\/embreis.com\/dk\/produkt\/mitchell-dobbs-skena\/#breadcrumb\",\"itemListElement\":[{\"@type\":\"ListItem\",\"position\":1,\"name\":\"Hem\",\"item\":\"https:\/\/embreis.com\/dk\/\"},{\"@type\":\"ListItem\",\"position\":2,\"name\":\"Sortiment\",\"item\":\"https:\/\/embreis.com\/dk\/sortiment\/\"},{\"@type\":\"ListItem\",\"position\":3,\"name\":\"Ortos\",\"item\":\"https:\/\/embreis.com\/dk\/produktkategori\/ortos\/\"},{\"@type\":\"ListItem\",\"position\":4,\"name\":\"Fot\",\"item\":\"https:\/\/embreis.com\/dk\/produktkategori\/ortos\/fot\/\"},{\"@type\":\"ListItem\",\"position\":5,\"name\":\"PEVA - Klumpfot\",\"item\":\"https:\/\/embreis.com\/dk\/produktkategori\/ortos\/fot\/peva-klumpfot\/\"},{\"@type\":\"ListItem\",\"position\":6,\"name\":\"Mitchell Dobbs skena\"}]},{\"@type\":\"WebSite\",\"@id\":\"https:\/\/embreis.com\/dk\/#website\",\"url\":\"https:\/\/embreis.com\/dk\/\",\"name\":\"Embreis DK\",\"description\":\"Ortoser, proteser och material\",\"potentialAction\":[{\"@type\":\"SearchAction\",\"target\":{\"@type\":\"EntryPoint\",\"urlTemplate\":\"https:\/\/embreis.com\/dk\/?s={search_term_string}\"},\"query-input\":{\"@type\":\"PropertyValueSpecification\",\"valueRequired\":true,\"valueName\":\"search_term_string\"}}],\"inLanguage\":\"sv-SE\"}]}<\/script>\n<!-- \/ Yoast SEO Premium plugin. -->","yoast_head_json":{"title":"Mitchell Dobbs skena - Embreis DK","robots":{"index":"index","follow":"follow","max-snippet":"max-snippet:-1","max-image-preview":"max-image-preview:large","max-video-preview":"max-video-preview:-1"},"canonical":"https:\/\/embreis.com\/dk\/produkt\/mitchell-dobbs-skena\/","og_locale":"sv_SE","og_type":"article","og_title":"Mitchell Dobbs skena","og_description":"Mitchell Dobbs skenan ger en st\u00f6rre frihet och b\u00e4ttre f\u00f6ljsamhet d\u00e5 den \u00e4r konstruerad med fj\u00e4drande f\u00e4sten f\u00f6r afo. Barnet [&hellip;]","og_url":"https:\/\/embreis.com\/dk\/produkt\/mitchell-dobbs-skena\/","og_site_name":"Embreis DK","article_modified_time":"2025-05-28T08:25:28+00:00","og_image":[{"width":850,"height":850,"url":"https:\/\/embreis.com\/dk\/wp-content\/uploads\/sites\/8\/2022\/02\/Dobbs-skena.png","type":"image\/png"}],"twitter_card":"summary_large_image","twitter_misc":{"Ber\u00e4knad l\u00e4stid":"1 minut"},"schema":{"@context":"https:\/\/schema.org","@graph":[{"@type":"WebPage","@id":"https:\/\/embreis.com\/dk\/produkt\/mitchell-dobbs-skena\/","url":"https:\/\/embreis.com\/dk\/produkt\/mitchell-dobbs-skena\/","name":"Mitchell Dobbs skena - Embreis DK","isPartOf":{"@id":"https:\/\/embreis.com\/dk\/#website"},"primaryImageOfPage":{"@id":"https:\/\/embreis.com\/dk\/produkt\/mitchell-dobbs-skena\/#primaryimage"},"image":{"@id":"https:\/\/embreis.com\/dk\/produkt\/mitchell-dobbs-skena\/#primaryimage"},"thumbnailUrl":"https:\/\/embreis.com\/dk\/wp-content\/uploads\/sites\/8\/2022\/02\/Dobbs-skena.png","datePublished":"2022-02-07T16:47:34+00:00","dateModified":"2025-05-28T08:25:28+00:00","breadcrumb":{"@id":"https:\/\/embreis.com\/dk\/produkt\/mitchell-dobbs-skena\/#breadcrumb"},"inLanguage":"sv-SE","potentialAction":[{"@type":"ReadAction","target":["https:\/\/embreis.com\/dk\/produkt\/mitchell-dobbs-skena\/"]}]},{"@type":"ImageObject","inLanguage":"sv-SE","@id":"https:\/\/embreis.com\/dk\/produkt\/mitchell-dobbs-skena\/#primaryimage","url":"https:\/\/embreis.com\/dk\/wp-content\/uploads\/sites\/8\/2022\/02\/Dobbs-skena.png","contentUrl":"https:\/\/embreis.com\/dk\/wp-content\/uploads\/sites\/8\/2022\/02\/Dobbs-skena.png","width":850,"height":850},{"@type":"BreadcrumbList","@id":"https:\/\/embreis.com\/dk\/produkt\/mitchell-dobbs-skena\/#breadcrumb","itemListElement":[{"@type":"ListItem","position":1,"name":"Hem","item":"https:\/\/embreis.com\/dk\/"},{"@type":"ListItem","position":2,"name":"Sortiment","item":"https:\/\/embreis.com\/dk\/sortiment\/"},{"@type":"ListItem","position":3,"name":"Ortos","item":"https:\/\/embreis.com\/dk\/produktkategori\/ortos\/"},{"@type":"ListItem","position":4,"name":"Fot","item":"https:\/\/embreis.com\/dk\/produktkategori\/ortos\/fot\/"},{"@type":"ListItem","position":5,"name":"PEVA - Klumpfot","item":"https:\/\/embreis.com\/dk\/produktkategori\/ortos\/fot\/peva-klumpfot\/"},{"@type":"ListItem","position":6,"name":"Mitchell Dobbs skena"}]},{"@type":"WebSite","@id":"https:\/\/embreis.com\/dk\/#website","url":"https:\/\/embreis.com\/dk\/","name":"Embreis DK","description":"Ortoser, proteser och material","potentialAction":[{"@type":"SearchAction","target":{"@type":"EntryPoint","urlTemplate":"https:\/\/embreis.com\/dk\/?s={search_term_string}"},"query-input":{"@type":"PropertyValueSpecification","valueRequired":true,"valueName":"search_term_string"}}],"inLanguage":"sv-SE"}]}},"_links":{"self":[{"href":"https:\/\/embreis.com\/dk\/wp-json\/wp\/v2\/product\/12064","targetHints":{"allow":["GET"]}}],"collection":[{"href":"https:\/\/embreis.com\/dk\/wp-json\/wp\/v2\/product"}],"about":[{"href":"https:\/\/embreis.com\/dk\/wp-json\/wp\/v2\/types\/product"}],"wp:featuredmedia":[{"embeddable":true,"href":"https:\/\/embreis.com\/dk\/wp-json\/wp\/v2\/media\/12065"}],"wp:attachment":[{"href":"https:\/\/embreis.com\/dk\/wp-json\/wp\/v2\/media?parent=12064"}],"wp:term":[{"taxonomy":"product_brand","embeddable":true,"href":"https:\/\/embreis.com\/dk\/wp-json\/wp\/v2\/product_brand?post=12064"},{"taxonomy":"product_cat","embeddable":true,"href":"https:\/\/embreis.com\/dk\/wp-json\/wp\/v2\/product_cat?post=12064"},{"taxonomy":"product_tag","embeddable":true,"href":"https:\/\/embreis.com\/dk\/wp-json\/wp\/v2\/product_tag?post=12064"}],"curies":[{"name":"wp","href":"https:\/\/api.w.org\/{rel}","templated":true}]}}