{"id":120,"date":"2019-08-26T08:51:13","date_gmt":"2019-08-26T06:51:13","guid":{"rendered":"http:\/\/embreiscom.wpengine.com\/?product=import-placeholder-for-19636"},"modified":"2022-02-14T18:51:19","modified_gmt":"2022-02-14T16:51:19","slug":"esling","status":"publish","type":"product","link":"https:\/\/embreis.com\/dk\/produkt\/esling\/","title":{"rendered":"eSling"},"content":{"rendered":"<p>eSling \u00e4r en axelslinga \/ axelbandage som passar h\u00f6ger och v\u00e4nster sida och \u00e4r tillverkad i en universal storlek. Den best\u00e5r av en mjuk mitella som \u00e4r inv\u00e4ndigt polstrad med frott\u00e9 samt stumma band vid axel och midja f\u00f6r att dessa inte ska kunna t\u00f6jas och tappa effekt. Armen kan avlastas och l\u00e5sas i olika l\u00e4gen beroende p\u00e5 behov och den \u00e4r enkel att komma i och ur f\u00f6r daglig r\u00f6relsetr\u00e4ning. Fix-lock sp\u00e4nne, polstrad och l\u00f6stagbar axelrem samt reglerbart tumgrepp \u00e4r detaljer som h\u00f6jer komfort och anv\u00e4ndarv\u00e4nlighet. Passar h\u00f6ger och v\u00e4nster sida.<\/p>\n","protected":false},"excerpt":{"rendered":"<ul>\n<li>Mjuk och bekv\u00e4m att b\u00e4ra<\/li>\n<li>Stumma band f\u00f6r axel och midja<\/li>\n<li>Fix-lock sp\u00e4nne<\/li>\n<li>Reglerbart tumgrepp<\/li>\n<\/ul>\n","protected":false},"featured_media":12076,"template":"","meta":[],"product_brand":[],"product_cat":[219,1202],"product_tag":[],"class_list":{"0":"post-120","1":"product","2":"type-product","3":"status-publish","4":"has-post-thumbnail","6":"product_cat-axel","7":"product_cat-post-op-trauma","8":"pa_varumarke-embreis","10":"first","11":"instock","12":"shipping-taxable","13":"purchasable","14":"product-type-simple"},"acf":[],"yoast_head":"<!-- This site is optimized with the Yoast SEO Premium plugin v25.3.1 (Yoast SEO v25.3.1) - https:\/\/yoast.com\/wordpress\/plugins\/seo\/ -->\n<title>eSling Axelbandage - Embreis DK<\/title>\n<meta name=\"description\" content=\"eSling Axelbandage \u00e4r polstrad inv\u00e4nding med frott\u00e9 och har stumma band vid axel och midja f\u00f6r stabilitet och h\u00e5llbarhet f\u00f6r att inte t\u00f6jas och tappa effekt\" \/>\n<meta name=\"robots\" content=\"index, follow, max-snippet:-1, max-image-preview:large, max-video-preview:-1\" \/>\n<link rel=\"canonical\" href=\"https:\/\/embreis.com\/dk\/produkt\/esling\/\" \/>\n<meta property=\"og:locale\" content=\"sv_SE\" \/>\n<meta property=\"og:type\" content=\"article\" \/>\n<meta property=\"og:title\" content=\"eSling\" \/>\n<meta property=\"og:description\" content=\"eSling Axelbandage \u00e4r polstrad inv\u00e4nding med frott\u00e9 och har stumma band vid axel och midja f\u00f6r stabilitet och h\u00e5llbarhet f\u00f6r att inte t\u00f6jas och tappa effekt\" \/>\n<meta property=\"og:url\" content=\"https:\/\/embreis.com\/dk\/produkt\/esling\/\" \/>\n<meta property=\"og:site_name\" content=\"Embreis DK\" \/>\n<meta property=\"article:modified_time\" content=\"2022-02-14T16:51:19+00:00\" \/>\n<meta property=\"og:image\" content=\"https:\/\/embreis.com\/dk\/wp-content\/uploads\/sites\/8\/2019\/08\/eSling1_wt.jpg\" \/>\n\t<meta property=\"og:image:width\" content=\"827\" \/>\n\t<meta property=\"og:image:height\" content=\"827\" \/>\n\t<meta property=\"og:image:type\" content=\"image\/jpeg\" \/>\n<meta name=\"twitter:card\" content=\"summary_large_image\" \/>\n<meta name=\"twitter:label1\" content=\"Ber\u00e4knad l\u00e4stid\" \/>\n\t<meta name=\"twitter:data1\" content=\"1 minut\" \/>\n<script type=\"application\/ld+json\" class=\"yoast-schema-graph\">{\"@context\":\"https:\/\/schema.org\",\"@graph\":[{\"@type\":\"WebPage\",\"@id\":\"https:\/\/embreis.com\/dk\/produkt\/esling\/\",\"url\":\"https:\/\/embreis.com\/dk\/produkt\/esling\/\",\"name\":\"eSling Axelbandage - Embreis DK\",\"isPartOf\":{\"@id\":\"https:\/\/embreis.com\/dk\/#website\"},\"primaryImageOfPage\":{\"@id\":\"https:\/\/embreis.com\/dk\/produkt\/esling\/#primaryimage\"},\"image\":{\"@id\":\"https:\/\/embreis.com\/dk\/produkt\/esling\/#primaryimage\"},\"thumbnailUrl\":\"https:\/\/embreis.com\/dk\/wp-content\/uploads\/sites\/8\/2019\/08\/eSling1_wt.jpg\",\"datePublished\":\"2019-08-26T06:51:13+00:00\",\"dateModified\":\"2022-02-14T16:51:19+00:00\",\"description\":\"eSling Axelbandage \u00e4r polstrad inv\u00e4nding med frott\u00e9 och har stumma band vid axel och midja f\u00f6r stabilitet och h\u00e5llbarhet f\u00f6r att inte t\u00f6jas och tappa effekt\",\"breadcrumb\":{\"@id\":\"https:\/\/embreis.com\/dk\/produkt\/esling\/#breadcrumb\"},\"inLanguage\":\"sv-SE\",\"potentialAction\":[{\"@type\":\"ReadAction\",\"target\":[\"https:\/\/embreis.com\/dk\/produkt\/esling\/\"]}]},{\"@type\":\"ImageObject\",\"inLanguage\":\"sv-SE\",\"@id\":\"https:\/\/embreis.com\/dk\/produkt\/esling\/#primaryimage\",\"url\":\"https:\/\/embreis.com\/dk\/wp-content\/uploads\/sites\/8\/2019\/08\/eSling1_wt.jpg\",\"contentUrl\":\"https:\/\/embreis.com\/dk\/wp-content\/uploads\/sites\/8\/2019\/08\/eSling1_wt.jpg\",\"width\":827,\"height\":827},{\"@type\":\"BreadcrumbList\",\"@id\":\"https:\/\/embreis.com\/dk\/produkt\/esling\/#breadcrumb\",\"itemListElement\":[{\"@type\":\"ListItem\",\"position\":1,\"name\":\"Hem\",\"item\":\"https:\/\/embreis.com\/dk\/\"},{\"@type\":\"ListItem\",\"position\":2,\"name\":\"Sortiment\",\"item\":\"https:\/\/embreis.com\/dk\/sortiment\/\"},{\"@type\":\"ListItem\",\"position\":3,\"name\":\"Ortos\",\"item\":\"https:\/\/embreis.com\/dk\/produktkategori\/ortos\/\"},{\"@type\":\"ListItem\",\"position\":4,\"name\":\"Axel\",\"item\":\"https:\/\/embreis.com\/dk\/produktkategori\/ortos\/axel\/\"},{\"@type\":\"ListItem\",\"position\":5,\"name\":\"Post-op - Trauma\",\"item\":\"https:\/\/embreis.com\/dk\/produktkategori\/ortos\/axel\/post-op-trauma\/\"},{\"@type\":\"ListItem\",\"position\":6,\"name\":\"eSling\"}]},{\"@type\":\"WebSite\",\"@id\":\"https:\/\/embreis.com\/dk\/#website\",\"url\":\"https:\/\/embreis.com\/dk\/\",\"name\":\"Embreis DK\",\"description\":\"Ortoser, proteser och material\",\"potentialAction\":[{\"@type\":\"SearchAction\",\"target\":{\"@type\":\"EntryPoint\",\"urlTemplate\":\"https:\/\/embreis.com\/dk\/?s={search_term_string}\"},\"query-input\":{\"@type\":\"PropertyValueSpecification\",\"valueRequired\":true,\"valueName\":\"search_term_string\"}}],\"inLanguage\":\"sv-SE\"}]}<\/script>\n<!-- \/ Yoast SEO Premium plugin. -->","yoast_head_json":{"title":"eSling Axelbandage - Embreis DK","description":"eSling Axelbandage \u00e4r polstrad inv\u00e4nding med frott\u00e9 och har stumma band vid axel och midja f\u00f6r stabilitet och h\u00e5llbarhet f\u00f6r att inte t\u00f6jas och tappa effekt","robots":{"index":"index","follow":"follow","max-snippet":"max-snippet:-1","max-image-preview":"max-image-preview:large","max-video-preview":"max-video-preview:-1"},"canonical":"https:\/\/embreis.com\/dk\/produkt\/esling\/","og_locale":"sv_SE","og_type":"article","og_title":"eSling","og_description":"eSling Axelbandage \u00e4r polstrad inv\u00e4nding med frott\u00e9 och har stumma band vid axel och midja f\u00f6r stabilitet och h\u00e5llbarhet f\u00f6r att inte t\u00f6jas och tappa effekt","og_url":"https:\/\/embreis.com\/dk\/produkt\/esling\/","og_site_name":"Embreis DK","article_modified_time":"2022-02-14T16:51:19+00:00","og_image":[{"width":827,"height":827,"url":"https:\/\/embreis.com\/dk\/wp-content\/uploads\/sites\/8\/2019\/08\/eSling1_wt.jpg","type":"image\/jpeg"}],"twitter_card":"summary_large_image","twitter_misc":{"Ber\u00e4knad l\u00e4stid":"1 minut"},"schema":{"@context":"https:\/\/schema.org","@graph":[{"@type":"WebPage","@id":"https:\/\/embreis.com\/dk\/produkt\/esling\/","url":"https:\/\/embreis.com\/dk\/produkt\/esling\/","name":"eSling Axelbandage - Embreis DK","isPartOf":{"@id":"https:\/\/embreis.com\/dk\/#website"},"primaryImageOfPage":{"@id":"https:\/\/embreis.com\/dk\/produkt\/esling\/#primaryimage"},"image":{"@id":"https:\/\/embreis.com\/dk\/produkt\/esling\/#primaryimage"},"thumbnailUrl":"https:\/\/embreis.com\/dk\/wp-content\/uploads\/sites\/8\/2019\/08\/eSling1_wt.jpg","datePublished":"2019-08-26T06:51:13+00:00","dateModified":"2022-02-14T16:51:19+00:00","description":"eSling Axelbandage \u00e4r polstrad inv\u00e4nding med frott\u00e9 och har stumma band vid axel och midja f\u00f6r stabilitet och h\u00e5llbarhet f\u00f6r att inte t\u00f6jas och tappa effekt","breadcrumb":{"@id":"https:\/\/embreis.com\/dk\/produkt\/esling\/#breadcrumb"},"inLanguage":"sv-SE","potentialAction":[{"@type":"ReadAction","target":["https:\/\/embreis.com\/dk\/produkt\/esling\/"]}]},{"@type":"ImageObject","inLanguage":"sv-SE","@id":"https:\/\/embreis.com\/dk\/produkt\/esling\/#primaryimage","url":"https:\/\/embreis.com\/dk\/wp-content\/uploads\/sites\/8\/2019\/08\/eSling1_wt.jpg","contentUrl":"https:\/\/embreis.com\/dk\/wp-content\/uploads\/sites\/8\/2019\/08\/eSling1_wt.jpg","width":827,"height":827},{"@type":"BreadcrumbList","@id":"https:\/\/embreis.com\/dk\/produkt\/esling\/#breadcrumb","itemListElement":[{"@type":"ListItem","position":1,"name":"Hem","item":"https:\/\/embreis.com\/dk\/"},{"@type":"ListItem","position":2,"name":"Sortiment","item":"https:\/\/embreis.com\/dk\/sortiment\/"},{"@type":"ListItem","position":3,"name":"Ortos","item":"https:\/\/embreis.com\/dk\/produktkategori\/ortos\/"},{"@type":"ListItem","position":4,"name":"Axel","item":"https:\/\/embreis.com\/dk\/produktkategori\/ortos\/axel\/"},{"@type":"ListItem","position":5,"name":"Post-op - Trauma","item":"https:\/\/embreis.com\/dk\/produktkategori\/ortos\/axel\/post-op-trauma\/"},{"@type":"ListItem","position":6,"name":"eSling"}]},{"@type":"WebSite","@id":"https:\/\/embreis.com\/dk\/#website","url":"https:\/\/embreis.com\/dk\/","name":"Embreis DK","description":"Ortoser, proteser och material","potentialAction":[{"@type":"SearchAction","target":{"@type":"EntryPoint","urlTemplate":"https:\/\/embreis.com\/dk\/?s={search_term_string}"},"query-input":{"@type":"PropertyValueSpecification","valueRequired":true,"valueName":"search_term_string"}}],"inLanguage":"sv-SE"}]}},"_links":{"self":[{"href":"https:\/\/embreis.com\/dk\/wp-json\/wp\/v2\/product\/120","targetHints":{"allow":["GET"]}}],"collection":[{"href":"https:\/\/embreis.com\/dk\/wp-json\/wp\/v2\/product"}],"about":[{"href":"https:\/\/embreis.com\/dk\/wp-json\/wp\/v2\/types\/product"}],"wp:featuredmedia":[{"embeddable":true,"href":"https:\/\/embreis.com\/dk\/wp-json\/wp\/v2\/media\/12076"}],"wp:attachment":[{"href":"https:\/\/embreis.com\/dk\/wp-json\/wp\/v2\/media?parent=120"}],"wp:term":[{"taxonomy":"product_brand","embeddable":true,"href":"https:\/\/embreis.com\/dk\/wp-json\/wp\/v2\/product_brand?post=120"},{"taxonomy":"product_cat","embeddable":true,"href":"https:\/\/embreis.com\/dk\/wp-json\/wp\/v2\/product_cat?post=120"},{"taxonomy":"product_tag","embeddable":true,"href":"https:\/\/embreis.com\/dk\/wp-json\/wp\/v2\/product_tag?post=120"}],"curies":[{"name":"wp","href":"https:\/\/api.w.org\/{rel}","templated":true}]}}