{"id":11999,"date":"2021-11-24T16:55:28","date_gmt":"2021-11-24T14:55:28","guid":{"rendered":"https:\/\/embreis.com\/dk\/?post_type=product&#038;p=11999"},"modified":"2022-04-29T14:22:51","modified_gmt":"2022-04-29T12:22:51","slug":"ponseti-afo-pfs-ts-singel","status":"publish","type":"product","link":"https:\/\/embreis.com\/dk\/produkt\/ponseti-afo-pfs-ts-singel\/","title":{"rendered":"Mitchell Ponseti\u00ae AFO  PFS\/TS &#8211; Singel"},"content":{"rendered":"<p id=\"tw-target-text\" class=\"tw-data-text tw-text-large tw-ta\" dir=\"ltr\" data-placeholder=\"\u00d6vers\u00e4ttning\"><span class=\"Y2IQFc\" lang=\"sv\">Mitchell Ponseti\u00ae AFO PFS\/TS \u00e4r en kombination av modellerna PFS och TS. Den rekommenderas f\u00f6r patienter med en mer komplex PEVA \u2013 klumpfot. AFO\u00b4n har ledad plantar flexionsstopp, vilket begr\u00e4nsar plantar flexion effektivt. Detta f\u00f6r att bibeh\u00e5lla den \u00f6nskade positionen f\u00f6r foten. PSF funktionen \u00e4r ocks\u00e5 bra f\u00f6r barn med hyper flexibla f\u00f6tter eftersom den s\u00e4kerst\u00e4ller att foten alltid h\u00e5lls i neutral eller dorsalflekterad position.<br \/>\n<\/span><\/p>\n<p dir=\"ltr\" data-placeholder=\"\u00d6vers\u00e4ttning\">PFS\/TS har \u00e4ven funktionen att den kan anv\u00e4ndas korta perioder utan skena f\u00f6r att hj\u00e4lpa patienten att bibeh\u00e5lla en god dorsal flexion, vilket g\u00f6rs genom att str\u00e4cka ut akillessenan och hj\u00e4lpa till att h\u00e5lla foten flexibel. Detta uppn\u00e5s genom designen d\u00e4r den fr\u00e4mre delen av sulan \u00e4r upph\u00f6jd. Mitchell Ponseti\u00ae AFO TS h\u00e5ller foten i ett dorsalflekterat l\u00e4ge p\u00e5 10 grader. Patienten beh\u00f6ver vara g\u00e5ende f\u00f6r att AFO\u00b4n ska ha n\u00e5gon effekt utan anv\u00e4ndning av skenan.<\/p>\n<p><span class=\"Y2IQFc\" lang=\"sv\">Det patenterade Mitchell Ponseti\u00ae systemet best\u00e5r av AFO sandaler som f\u00e4sts p\u00e5 den reglerbara skenan, med inbyggd dorsal flexion. Allt i enlighet med Ponsetis standardprotokoll.<br \/>\n<\/span><span class=\"Y2IQFc\" lang=\"sv\">AFO:n \u00e4r speciellt framtagen f\u00f6r att undvika skav och bl\u00e5sor p\u00e5 barnets fot. Den har en h\u00e5rd sula med snabbf\u00e4ste som ger ett enkelt handhavande f\u00f6r f\u00f6r\u00e4ldern. Ett mjukt foder i elastomer f\u00f6r extra komfort och f\u00f6ljsamhet. \u00d6verdel och remmar \u00e4r framtagna i ett mjukt syntetiskt l\u00e4der.\u00a0<\/span><span class=\"Y2IQFc\" lang=\"sv\">H\u00e4lens placering kan enkelt ses genom de tv\u00e5 h\u00e5l som finns p\u00e5 baksidan av AFO:n. En viktig del f\u00f6r att f\u00e5 en perfekt passform och optimal komfort.<br \/>\n<\/span><span class=\"Y2IQFc\" lang=\"sv\"><br \/>\nMitchell Ponseti\u00ae AFO PFS\/TS finns i gr\u00e5tt och s\u00e4ljs endast som singelsko i storlek 2 \u2013 11. Vid behov av par i dessa storlekar, best\u00e4ll en h\u00f6ger och en v\u00e4nster.\u00a0<\/span><\/p>\n","protected":false},"excerpt":{"rendered":"<p>Mitchell Ponseti\u00ae AFO PFS\/TS \u00e4r en kombination av modellerna PFS och TS. Den rekommenderas f\u00f6r patienter med en mer komplex [&hellip;]<\/p>\n","protected":false},"featured_media":11975,"template":"","meta":[],"product_brand":[],"product_cat":[217,220,1362],"product_tag":[],"class_list":{"0":"post-11999","1":"product","2":"type-product","3":"status-publish","4":"has-post-thumbnail","6":"product_cat-ortos","7":"product_cat-fot","8":"product_cat-peva-klumpfot","9":"pa_varumarke-ponseti","11":"first","12":"instock","13":"shipping-taxable","14":"product-type-simple"},"acf":[],"yoast_head":"<!-- This site is optimized with the Yoast SEO Premium plugin v25.3.1 (Yoast SEO v25.3.1) - https:\/\/yoast.com\/wordpress\/plugins\/seo\/ -->\n<title>Mitchell Ponseti\u00ae AFO PFS\/TS - Singel - Embreis DK<\/title>\n<meta name=\"robots\" content=\"index, follow, max-snippet:-1, max-image-preview:large, max-video-preview:-1\" \/>\n<link rel=\"canonical\" href=\"https:\/\/embreis.com\/dk\/produkt\/ponseti-afo-pfs-ts-singel\/\" \/>\n<meta property=\"og:locale\" content=\"sv_SE\" \/>\n<meta property=\"og:type\" content=\"article\" \/>\n<meta property=\"og:title\" content=\"Mitchell Ponseti\u00ae AFO PFS\/TS - Singel\" \/>\n<meta property=\"og:description\" content=\"Mitchell Ponseti\u00ae AFO PFS\/TS \u00e4r en kombination av modellerna PFS och TS. Den rekommenderas f\u00f6r patienter med en mer komplex [&hellip;]\" \/>\n<meta property=\"og:url\" content=\"https:\/\/embreis.com\/dk\/produkt\/ponseti-afo-pfs-ts-singel\/\" \/>\n<meta property=\"og:site_name\" content=\"Embreis DK\" \/>\n<meta property=\"article:modified_time\" content=\"2022-04-29T12:22:51+00:00\" \/>\n<meta property=\"og:image\" content=\"https:\/\/embreis.com\/dk\/wp-content\/uploads\/sites\/8\/2021\/11\/Ponseti_AFO_PFSTS.png\" \/>\n\t<meta property=\"og:image:width\" content=\"850\" \/>\n\t<meta property=\"og:image:height\" content=\"850\" \/>\n\t<meta property=\"og:image:type\" content=\"image\/png\" \/>\n<meta name=\"twitter:card\" content=\"summary_large_image\" \/>\n<meta name=\"twitter:label1\" content=\"Ber\u00e4knad l\u00e4stid\" \/>\n\t<meta name=\"twitter:data1\" content=\"2 minuter\" \/>\n<script type=\"application\/ld+json\" class=\"yoast-schema-graph\">{\"@context\":\"https:\/\/schema.org\",\"@graph\":[{\"@type\":\"WebPage\",\"@id\":\"https:\/\/embreis.com\/dk\/produkt\/ponseti-afo-pfs-ts-singel\/\",\"url\":\"https:\/\/embreis.com\/dk\/produkt\/ponseti-afo-pfs-ts-singel\/\",\"name\":\"Mitchell Ponseti\u00ae AFO PFS\/TS - Singel - Embreis DK\",\"isPartOf\":{\"@id\":\"https:\/\/embreis.com\/dk\/#website\"},\"primaryImageOfPage\":{\"@id\":\"https:\/\/embreis.com\/dk\/produkt\/ponseti-afo-pfs-ts-singel\/#primaryimage\"},\"image\":{\"@id\":\"https:\/\/embreis.com\/dk\/produkt\/ponseti-afo-pfs-ts-singel\/#primaryimage\"},\"thumbnailUrl\":\"https:\/\/embreis.com\/dk\/wp-content\/uploads\/sites\/8\/2021\/11\/Ponseti_AFO_PFSTS.png\",\"datePublished\":\"2021-11-24T14:55:28+00:00\",\"dateModified\":\"2022-04-29T12:22:51+00:00\",\"breadcrumb\":{\"@id\":\"https:\/\/embreis.com\/dk\/produkt\/ponseti-afo-pfs-ts-singel\/#breadcrumb\"},\"inLanguage\":\"sv-SE\",\"potentialAction\":[{\"@type\":\"ReadAction\",\"target\":[\"https:\/\/embreis.com\/dk\/produkt\/ponseti-afo-pfs-ts-singel\/\"]}]},{\"@type\":\"ImageObject\",\"inLanguage\":\"sv-SE\",\"@id\":\"https:\/\/embreis.com\/dk\/produkt\/ponseti-afo-pfs-ts-singel\/#primaryimage\",\"url\":\"https:\/\/embreis.com\/dk\/wp-content\/uploads\/sites\/8\/2021\/11\/Ponseti_AFO_PFSTS.png\",\"contentUrl\":\"https:\/\/embreis.com\/dk\/wp-content\/uploads\/sites\/8\/2021\/11\/Ponseti_AFO_PFSTS.png\",\"width\":850,\"height\":850},{\"@type\":\"BreadcrumbList\",\"@id\":\"https:\/\/embreis.com\/dk\/produkt\/ponseti-afo-pfs-ts-singel\/#breadcrumb\",\"itemListElement\":[{\"@type\":\"ListItem\",\"position\":1,\"name\":\"Hem\",\"item\":\"https:\/\/embreis.com\/dk\/\"},{\"@type\":\"ListItem\",\"position\":2,\"name\":\"Sortiment\",\"item\":\"https:\/\/embreis.com\/dk\/sortiment\/\"},{\"@type\":\"ListItem\",\"position\":3,\"name\":\"Ortos\",\"item\":\"https:\/\/embreis.com\/dk\/produktkategori\/ortos\/\"},{\"@type\":\"ListItem\",\"position\":4,\"name\":\"Fot\",\"item\":\"https:\/\/embreis.com\/dk\/produktkategori\/ortos\/fot\/\"},{\"@type\":\"ListItem\",\"position\":5,\"name\":\"PEVA - Klumpfot\",\"item\":\"https:\/\/embreis.com\/dk\/produktkategori\/ortos\/fot\/peva-klumpfot\/\"},{\"@type\":\"ListItem\",\"position\":6,\"name\":\"Mitchell Ponseti\u00ae AFO PFS\/TS &#8211; Singel\"}]},{\"@type\":\"WebSite\",\"@id\":\"https:\/\/embreis.com\/dk\/#website\",\"url\":\"https:\/\/embreis.com\/dk\/\",\"name\":\"Embreis DK\",\"description\":\"Ortoser, proteser och material\",\"potentialAction\":[{\"@type\":\"SearchAction\",\"target\":{\"@type\":\"EntryPoint\",\"urlTemplate\":\"https:\/\/embreis.com\/dk\/?s={search_term_string}\"},\"query-input\":{\"@type\":\"PropertyValueSpecification\",\"valueRequired\":true,\"valueName\":\"search_term_string\"}}],\"inLanguage\":\"sv-SE\"}]}<\/script>\n<!-- \/ Yoast SEO Premium plugin. -->","yoast_head_json":{"title":"Mitchell Ponseti\u00ae AFO PFS\/TS - Singel - Embreis DK","robots":{"index":"index","follow":"follow","max-snippet":"max-snippet:-1","max-image-preview":"max-image-preview:large","max-video-preview":"max-video-preview:-1"},"canonical":"https:\/\/embreis.com\/dk\/produkt\/ponseti-afo-pfs-ts-singel\/","og_locale":"sv_SE","og_type":"article","og_title":"Mitchell Ponseti\u00ae AFO PFS\/TS - Singel","og_description":"Mitchell Ponseti\u00ae AFO PFS\/TS \u00e4r en kombination av modellerna PFS och TS. Den rekommenderas f\u00f6r patienter med en mer komplex [&hellip;]","og_url":"https:\/\/embreis.com\/dk\/produkt\/ponseti-afo-pfs-ts-singel\/","og_site_name":"Embreis DK","article_modified_time":"2022-04-29T12:22:51+00:00","og_image":[{"width":850,"height":850,"url":"https:\/\/embreis.com\/dk\/wp-content\/uploads\/sites\/8\/2021\/11\/Ponseti_AFO_PFSTS.png","type":"image\/png"}],"twitter_card":"summary_large_image","twitter_misc":{"Ber\u00e4knad l\u00e4stid":"2 minuter"},"schema":{"@context":"https:\/\/schema.org","@graph":[{"@type":"WebPage","@id":"https:\/\/embreis.com\/dk\/produkt\/ponseti-afo-pfs-ts-singel\/","url":"https:\/\/embreis.com\/dk\/produkt\/ponseti-afo-pfs-ts-singel\/","name":"Mitchell Ponseti\u00ae AFO PFS\/TS - Singel - Embreis DK","isPartOf":{"@id":"https:\/\/embreis.com\/dk\/#website"},"primaryImageOfPage":{"@id":"https:\/\/embreis.com\/dk\/produkt\/ponseti-afo-pfs-ts-singel\/#primaryimage"},"image":{"@id":"https:\/\/embreis.com\/dk\/produkt\/ponseti-afo-pfs-ts-singel\/#primaryimage"},"thumbnailUrl":"https:\/\/embreis.com\/dk\/wp-content\/uploads\/sites\/8\/2021\/11\/Ponseti_AFO_PFSTS.png","datePublished":"2021-11-24T14:55:28+00:00","dateModified":"2022-04-29T12:22:51+00:00","breadcrumb":{"@id":"https:\/\/embreis.com\/dk\/produkt\/ponseti-afo-pfs-ts-singel\/#breadcrumb"},"inLanguage":"sv-SE","potentialAction":[{"@type":"ReadAction","target":["https:\/\/embreis.com\/dk\/produkt\/ponseti-afo-pfs-ts-singel\/"]}]},{"@type":"ImageObject","inLanguage":"sv-SE","@id":"https:\/\/embreis.com\/dk\/produkt\/ponseti-afo-pfs-ts-singel\/#primaryimage","url":"https:\/\/embreis.com\/dk\/wp-content\/uploads\/sites\/8\/2021\/11\/Ponseti_AFO_PFSTS.png","contentUrl":"https:\/\/embreis.com\/dk\/wp-content\/uploads\/sites\/8\/2021\/11\/Ponseti_AFO_PFSTS.png","width":850,"height":850},{"@type":"BreadcrumbList","@id":"https:\/\/embreis.com\/dk\/produkt\/ponseti-afo-pfs-ts-singel\/#breadcrumb","itemListElement":[{"@type":"ListItem","position":1,"name":"Hem","item":"https:\/\/embreis.com\/dk\/"},{"@type":"ListItem","position":2,"name":"Sortiment","item":"https:\/\/embreis.com\/dk\/sortiment\/"},{"@type":"ListItem","position":3,"name":"Ortos","item":"https:\/\/embreis.com\/dk\/produktkategori\/ortos\/"},{"@type":"ListItem","position":4,"name":"Fot","item":"https:\/\/embreis.com\/dk\/produktkategori\/ortos\/fot\/"},{"@type":"ListItem","position":5,"name":"PEVA - Klumpfot","item":"https:\/\/embreis.com\/dk\/produktkategori\/ortos\/fot\/peva-klumpfot\/"},{"@type":"ListItem","position":6,"name":"Mitchell Ponseti\u00ae AFO PFS\/TS &#8211; Singel"}]},{"@type":"WebSite","@id":"https:\/\/embreis.com\/dk\/#website","url":"https:\/\/embreis.com\/dk\/","name":"Embreis DK","description":"Ortoser, proteser och material","potentialAction":[{"@type":"SearchAction","target":{"@type":"EntryPoint","urlTemplate":"https:\/\/embreis.com\/dk\/?s={search_term_string}"},"query-input":{"@type":"PropertyValueSpecification","valueRequired":true,"valueName":"search_term_string"}}],"inLanguage":"sv-SE"}]}},"_links":{"self":[{"href":"https:\/\/embreis.com\/dk\/wp-json\/wp\/v2\/product\/11999","targetHints":{"allow":["GET"]}}],"collection":[{"href":"https:\/\/embreis.com\/dk\/wp-json\/wp\/v2\/product"}],"about":[{"href":"https:\/\/embreis.com\/dk\/wp-json\/wp\/v2\/types\/product"}],"wp:featuredmedia":[{"embeddable":true,"href":"https:\/\/embreis.com\/dk\/wp-json\/wp\/v2\/media\/11975"}],"wp:attachment":[{"href":"https:\/\/embreis.com\/dk\/wp-json\/wp\/v2\/media?parent=11999"}],"wp:term":[{"taxonomy":"product_brand","embeddable":true,"href":"https:\/\/embreis.com\/dk\/wp-json\/wp\/v2\/product_brand?post=11999"},{"taxonomy":"product_cat","embeddable":true,"href":"https:\/\/embreis.com\/dk\/wp-json\/wp\/v2\/product_cat?post=11999"},{"taxonomy":"product_tag","embeddable":true,"href":"https:\/\/embreis.com\/dk\/wp-json\/wp\/v2\/product_tag?post=11999"}],"curies":[{"name":"wp","href":"https:\/\/api.w.org\/{rel}","templated":true}]}}