{"id":11998,"date":"2021-11-24T16:44:44","date_gmt":"2021-11-24T14:44:44","guid":{"rendered":"https:\/\/embreis.com\/dk\/?post_type=product&#038;p=11998"},"modified":"2022-04-29T14:22:37","modified_gmt":"2022-04-29T12:22:37","slug":"ponseti-afo-ts-toe-stilt-singel","status":"publish","type":"product","link":"https:\/\/embreis.com\/dk\/produkt\/ponseti-afo-ts-toe-stilt-singel\/","title":{"rendered":"Mitchell Ponseti\u00ae AFO Toe Stilt (TS) &#8211; Singel"},"content":{"rendered":"<p id=\"tw-target-text\" class=\"tw-data-text tw-text-large tw-ta\" dir=\"ltr\" data-placeholder=\"\u00d6vers\u00e4ttning\"><span class=\"Y2IQFc\" lang=\"sv\">Mitchell Ponseti\u00ae AFO TS \u2013 Toe Stilt \u00e4r en ankelfots ortos f\u00f6r anv\u00e4ndning vid PEVA \u2013 Klumpfots korrigering enligt etablerad standardbehandling \u2013 Ponsetimetoden.\u00a0<\/span><span class=\"Y2IQFc\" lang=\"sv\">Det patenterade Mitchell Ponseti\u00ae systemet best\u00e5r av sandalliknande AFO som f\u00e4sts p\u00e5 den reglerbara skenan, med inbyggd dorsal flexion. Allt i enlighet med Ponsetis standardprotokoll.<br \/>\n<\/span><\/p>\n<p class=\"tw-data-text tw-text-large tw-ta\" dir=\"ltr\" data-placeholder=\"\u00d6vers\u00e4ttning\"><span class=\"Y2IQFc\" lang=\"sv\">AFO TS kan \u00e4ven anv\u00e4ndas korta perioder utan skena f\u00f6r att hj\u00e4lpa patienten att bibeh\u00e5lla en god dorsal flexion, vilket g\u00f6rs genom att str\u00e4cka ut akillessenan och hj\u00e4lpa till att h\u00e5lla foten flexibel. Detta uppn\u00e5s genom designen d\u00e4r den fr\u00e4mre delen av sulan \u00e4r upph\u00f6jd. Mitchell Ponseti\u00ae AFO TS h\u00e5ller foten i ett dorsalflekterat l\u00e4ge p\u00e5 10 grader. Patienten beh\u00f6ver vara g\u00e5ende f\u00f6r att Toe Stilt AFO ska ha n\u00e5gon effekt utan anv\u00e4ndning av skenan.<\/span><\/p>\n<p class=\"tw-data-text tw-text-large tw-ta\" dir=\"ltr\" data-placeholder=\"\u00d6vers\u00e4ttning\"><span class=\"Y2IQFc\" lang=\"sv\">AFO:n \u00e4r speciellt framtagen f\u00f6r att undvika skav och bl\u00e5sor p\u00e5 barnets fot. Den har en h\u00e5rd sula med snabbf\u00e4ste mot abduktionsskenan och ger ett enkelt handhavande f\u00f6r f\u00f6r\u00e4ldern. Ett mjukt foder i elastomer f\u00f6r extra komfort och f\u00f6ljsamhet. \u00d6verdel och remmar \u00e4r framtagna i ett mjukt syntetiskt l\u00e4der.\u00a0<\/span><span class=\"Y2IQFc\" lang=\"sv\">H\u00e4lens placering kan enkelt ses genom de tv\u00e5 h\u00e5l som finns p\u00e5 baksidan av AFO:n. En viktig del f\u00f6r att f\u00e5 en perfekt passform och optimal komfort.<br \/>\n<\/span><span class=\"Y2IQFc\" lang=\"sv\"><br \/>\nMitchell Ponseti\u00ae AFO TS finns endast i gr\u00e5tt och s\u00e4ljs som singelskor. Vid behov av par, best\u00e4ll en h\u00f6ger och en v\u00e4nster. Storlekarna finns i 2 till 11.\u00a0<\/span><\/p>\n","protected":false},"excerpt":{"rendered":"<p>Mitchell Ponseti\u00ae AFO TS \u2013 Toe Stilt \u00e4r en ankelfots ortos f\u00f6r anv\u00e4ndning vid PEVA \u2013 Klumpfots korrigering enligt etablerad [&hellip;]<\/p>\n","protected":false},"featured_media":11982,"template":"","meta":[],"product_brand":[],"product_cat":[217,220,1362],"product_tag":[],"class_list":{"0":"post-11998","1":"product","2":"type-product","3":"status-publish","4":"has-post-thumbnail","6":"product_cat-ortos","7":"product_cat-fot","8":"product_cat-peva-klumpfot","9":"pa_varumarke-ponseti","11":"first","12":"instock","13":"shipping-taxable","14":"product-type-simple"},"acf":[],"yoast_head":"<!-- This site is optimized with the Yoast SEO Premium plugin v25.3.1 (Yoast SEO v25.3.1) - https:\/\/yoast.com\/wordpress\/plugins\/seo\/ -->\n<title>Mitchell Ponseti\u00ae AFO Toe Stilt (TS) - Singel - Embreis DK<\/title>\n<meta name=\"robots\" content=\"index, follow, max-snippet:-1, max-image-preview:large, max-video-preview:-1\" \/>\n<link rel=\"canonical\" href=\"https:\/\/embreis.com\/dk\/produkt\/ponseti-afo-ts-toe-stilt-singel\/\" \/>\n<meta property=\"og:locale\" content=\"sv_SE\" \/>\n<meta property=\"og:type\" content=\"article\" \/>\n<meta property=\"og:title\" content=\"Mitchell Ponseti\u00ae AFO Toe Stilt (TS) - Singel\" \/>\n<meta property=\"og:description\" content=\"Mitchell Ponseti\u00ae AFO TS \u2013 Toe Stilt \u00e4r en ankelfots ortos f\u00f6r anv\u00e4ndning vid PEVA \u2013 Klumpfots korrigering enligt etablerad [&hellip;]\" \/>\n<meta property=\"og:url\" content=\"https:\/\/embreis.com\/dk\/produkt\/ponseti-afo-ts-toe-stilt-singel\/\" \/>\n<meta property=\"og:site_name\" content=\"Embreis DK\" \/>\n<meta property=\"article:modified_time\" content=\"2022-04-29T12:22:37+00:00\" \/>\n<meta property=\"og:image\" content=\"https:\/\/embreis.com\/dk\/wp-content\/uploads\/sites\/8\/2021\/11\/Ponseti_AFO_TS.png\" \/>\n\t<meta property=\"og:image:width\" content=\"850\" \/>\n\t<meta property=\"og:image:height\" content=\"850\" \/>\n\t<meta property=\"og:image:type\" content=\"image\/png\" \/>\n<meta name=\"twitter:card\" content=\"summary_large_image\" \/>\n<meta name=\"twitter:label1\" content=\"Ber\u00e4knad l\u00e4stid\" \/>\n\t<meta name=\"twitter:data1\" content=\"2 minuter\" \/>\n<script type=\"application\/ld+json\" class=\"yoast-schema-graph\">{\"@context\":\"https:\/\/schema.org\",\"@graph\":[{\"@type\":\"WebPage\",\"@id\":\"https:\/\/embreis.com\/dk\/produkt\/ponseti-afo-ts-toe-stilt-singel\/\",\"url\":\"https:\/\/embreis.com\/dk\/produkt\/ponseti-afo-ts-toe-stilt-singel\/\",\"name\":\"Mitchell Ponseti\u00ae AFO Toe Stilt (TS) - Singel - Embreis DK\",\"isPartOf\":{\"@id\":\"https:\/\/embreis.com\/dk\/#website\"},\"primaryImageOfPage\":{\"@id\":\"https:\/\/embreis.com\/dk\/produkt\/ponseti-afo-ts-toe-stilt-singel\/#primaryimage\"},\"image\":{\"@id\":\"https:\/\/embreis.com\/dk\/produkt\/ponseti-afo-ts-toe-stilt-singel\/#primaryimage\"},\"thumbnailUrl\":\"https:\/\/embreis.com\/dk\/wp-content\/uploads\/sites\/8\/2021\/11\/Ponseti_AFO_TS.png\",\"datePublished\":\"2021-11-24T14:44:44+00:00\",\"dateModified\":\"2022-04-29T12:22:37+00:00\",\"breadcrumb\":{\"@id\":\"https:\/\/embreis.com\/dk\/produkt\/ponseti-afo-ts-toe-stilt-singel\/#breadcrumb\"},\"inLanguage\":\"sv-SE\",\"potentialAction\":[{\"@type\":\"ReadAction\",\"target\":[\"https:\/\/embreis.com\/dk\/produkt\/ponseti-afo-ts-toe-stilt-singel\/\"]}]},{\"@type\":\"ImageObject\",\"inLanguage\":\"sv-SE\",\"@id\":\"https:\/\/embreis.com\/dk\/produkt\/ponseti-afo-ts-toe-stilt-singel\/#primaryimage\",\"url\":\"https:\/\/embreis.com\/dk\/wp-content\/uploads\/sites\/8\/2021\/11\/Ponseti_AFO_TS.png\",\"contentUrl\":\"https:\/\/embreis.com\/dk\/wp-content\/uploads\/sites\/8\/2021\/11\/Ponseti_AFO_TS.png\",\"width\":850,\"height\":850},{\"@type\":\"BreadcrumbList\",\"@id\":\"https:\/\/embreis.com\/dk\/produkt\/ponseti-afo-ts-toe-stilt-singel\/#breadcrumb\",\"itemListElement\":[{\"@type\":\"ListItem\",\"position\":1,\"name\":\"Hem\",\"item\":\"https:\/\/embreis.com\/dk\/\"},{\"@type\":\"ListItem\",\"position\":2,\"name\":\"Sortiment\",\"item\":\"https:\/\/embreis.com\/dk\/sortiment\/\"},{\"@type\":\"ListItem\",\"position\":3,\"name\":\"Ortos\",\"item\":\"https:\/\/embreis.com\/dk\/produktkategori\/ortos\/\"},{\"@type\":\"ListItem\",\"position\":4,\"name\":\"Fot\",\"item\":\"https:\/\/embreis.com\/dk\/produktkategori\/ortos\/fot\/\"},{\"@type\":\"ListItem\",\"position\":5,\"name\":\"PEVA - Klumpfot\",\"item\":\"https:\/\/embreis.com\/dk\/produktkategori\/ortos\/fot\/peva-klumpfot\/\"},{\"@type\":\"ListItem\",\"position\":6,\"name\":\"Mitchell Ponseti\u00ae AFO Toe Stilt (TS) &#8211; Singel\"}]},{\"@type\":\"WebSite\",\"@id\":\"https:\/\/embreis.com\/dk\/#website\",\"url\":\"https:\/\/embreis.com\/dk\/\",\"name\":\"Embreis DK\",\"description\":\"Ortoser, proteser och material\",\"potentialAction\":[{\"@type\":\"SearchAction\",\"target\":{\"@type\":\"EntryPoint\",\"urlTemplate\":\"https:\/\/embreis.com\/dk\/?s={search_term_string}\"},\"query-input\":{\"@type\":\"PropertyValueSpecification\",\"valueRequired\":true,\"valueName\":\"search_term_string\"}}],\"inLanguage\":\"sv-SE\"}]}<\/script>\n<!-- \/ Yoast SEO Premium plugin. -->","yoast_head_json":{"title":"Mitchell Ponseti\u00ae AFO Toe Stilt (TS) - Singel - Embreis DK","robots":{"index":"index","follow":"follow","max-snippet":"max-snippet:-1","max-image-preview":"max-image-preview:large","max-video-preview":"max-video-preview:-1"},"canonical":"https:\/\/embreis.com\/dk\/produkt\/ponseti-afo-ts-toe-stilt-singel\/","og_locale":"sv_SE","og_type":"article","og_title":"Mitchell Ponseti\u00ae AFO Toe Stilt (TS) - Singel","og_description":"Mitchell Ponseti\u00ae AFO TS \u2013 Toe Stilt \u00e4r en ankelfots ortos f\u00f6r anv\u00e4ndning vid PEVA \u2013 Klumpfots korrigering enligt etablerad [&hellip;]","og_url":"https:\/\/embreis.com\/dk\/produkt\/ponseti-afo-ts-toe-stilt-singel\/","og_site_name":"Embreis DK","article_modified_time":"2022-04-29T12:22:37+00:00","og_image":[{"width":850,"height":850,"url":"https:\/\/embreis.com\/dk\/wp-content\/uploads\/sites\/8\/2021\/11\/Ponseti_AFO_TS.png","type":"image\/png"}],"twitter_card":"summary_large_image","twitter_misc":{"Ber\u00e4knad l\u00e4stid":"2 minuter"},"schema":{"@context":"https:\/\/schema.org","@graph":[{"@type":"WebPage","@id":"https:\/\/embreis.com\/dk\/produkt\/ponseti-afo-ts-toe-stilt-singel\/","url":"https:\/\/embreis.com\/dk\/produkt\/ponseti-afo-ts-toe-stilt-singel\/","name":"Mitchell Ponseti\u00ae AFO Toe Stilt (TS) - Singel - Embreis DK","isPartOf":{"@id":"https:\/\/embreis.com\/dk\/#website"},"primaryImageOfPage":{"@id":"https:\/\/embreis.com\/dk\/produkt\/ponseti-afo-ts-toe-stilt-singel\/#primaryimage"},"image":{"@id":"https:\/\/embreis.com\/dk\/produkt\/ponseti-afo-ts-toe-stilt-singel\/#primaryimage"},"thumbnailUrl":"https:\/\/embreis.com\/dk\/wp-content\/uploads\/sites\/8\/2021\/11\/Ponseti_AFO_TS.png","datePublished":"2021-11-24T14:44:44+00:00","dateModified":"2022-04-29T12:22:37+00:00","breadcrumb":{"@id":"https:\/\/embreis.com\/dk\/produkt\/ponseti-afo-ts-toe-stilt-singel\/#breadcrumb"},"inLanguage":"sv-SE","potentialAction":[{"@type":"ReadAction","target":["https:\/\/embreis.com\/dk\/produkt\/ponseti-afo-ts-toe-stilt-singel\/"]}]},{"@type":"ImageObject","inLanguage":"sv-SE","@id":"https:\/\/embreis.com\/dk\/produkt\/ponseti-afo-ts-toe-stilt-singel\/#primaryimage","url":"https:\/\/embreis.com\/dk\/wp-content\/uploads\/sites\/8\/2021\/11\/Ponseti_AFO_TS.png","contentUrl":"https:\/\/embreis.com\/dk\/wp-content\/uploads\/sites\/8\/2021\/11\/Ponseti_AFO_TS.png","width":850,"height":850},{"@type":"BreadcrumbList","@id":"https:\/\/embreis.com\/dk\/produkt\/ponseti-afo-ts-toe-stilt-singel\/#breadcrumb","itemListElement":[{"@type":"ListItem","position":1,"name":"Hem","item":"https:\/\/embreis.com\/dk\/"},{"@type":"ListItem","position":2,"name":"Sortiment","item":"https:\/\/embreis.com\/dk\/sortiment\/"},{"@type":"ListItem","position":3,"name":"Ortos","item":"https:\/\/embreis.com\/dk\/produktkategori\/ortos\/"},{"@type":"ListItem","position":4,"name":"Fot","item":"https:\/\/embreis.com\/dk\/produktkategori\/ortos\/fot\/"},{"@type":"ListItem","position":5,"name":"PEVA - Klumpfot","item":"https:\/\/embreis.com\/dk\/produktkategori\/ortos\/fot\/peva-klumpfot\/"},{"@type":"ListItem","position":6,"name":"Mitchell Ponseti\u00ae AFO Toe Stilt (TS) &#8211; Singel"}]},{"@type":"WebSite","@id":"https:\/\/embreis.com\/dk\/#website","url":"https:\/\/embreis.com\/dk\/","name":"Embreis DK","description":"Ortoser, proteser och material","potentialAction":[{"@type":"SearchAction","target":{"@type":"EntryPoint","urlTemplate":"https:\/\/embreis.com\/dk\/?s={search_term_string}"},"query-input":{"@type":"PropertyValueSpecification","valueRequired":true,"valueName":"search_term_string"}}],"inLanguage":"sv-SE"}]}},"_links":{"self":[{"href":"https:\/\/embreis.com\/dk\/wp-json\/wp\/v2\/product\/11998","targetHints":{"allow":["GET"]}}],"collection":[{"href":"https:\/\/embreis.com\/dk\/wp-json\/wp\/v2\/product"}],"about":[{"href":"https:\/\/embreis.com\/dk\/wp-json\/wp\/v2\/types\/product"}],"wp:featuredmedia":[{"embeddable":true,"href":"https:\/\/embreis.com\/dk\/wp-json\/wp\/v2\/media\/11982"}],"wp:attachment":[{"href":"https:\/\/embreis.com\/dk\/wp-json\/wp\/v2\/media?parent=11998"}],"wp:term":[{"taxonomy":"product_brand","embeddable":true,"href":"https:\/\/embreis.com\/dk\/wp-json\/wp\/v2\/product_brand?post=11998"},{"taxonomy":"product_cat","embeddable":true,"href":"https:\/\/embreis.com\/dk\/wp-json\/wp\/v2\/product_cat?post=11998"},{"taxonomy":"product_tag","embeddable":true,"href":"https:\/\/embreis.com\/dk\/wp-json\/wp\/v2\/product_tag?post=11998"}],"curies":[{"name":"wp","href":"https:\/\/api.w.org\/{rel}","templated":true}]}}