{"id":11994,"date":"2021-11-24T15:02:22","date_gmt":"2021-11-24T13:02:22","guid":{"rendered":"https:\/\/embreis.com\/dk\/?post_type=product&#038;p=11994"},"modified":"2023-02-13T16:27:17","modified_gmt":"2023-02-13T14:27:17","slug":"ponseti-afo-standard-singel","status":"publish","type":"product","link":"https:\/\/embreis.com\/dk\/produkt\/ponseti-afo-standard-singel\/","title":{"rendered":"Mitchell Ponseti\u00ae AFO Standard &#8211; Singel"},"content":{"rendered":"<p id=\"tw-target-text\" class=\"tw-data-text tw-text-large tw-ta\" dir=\"ltr\" data-placeholder=\"\u00d6vers\u00e4ttning\"><span class=\"Y2IQFc\" lang=\"sv\">Mitchell Ponseti\u00ae AFO Standard \u00e4r en ankelfots ortos f\u00f6r anv\u00e4ndning vid PEVA \u2013 Klumpfots korrigering enligt Ponsetimetoden.<br \/>\n<\/span><span class=\"Y2IQFc\" lang=\"sv\">Det patenterade Mitchell Ponseti\u00ae systemet best\u00e5r av sandalliknande AFO som f\u00e4sts p\u00e5 den reglerbara skenan, med inbyggd dorsal flexion.<br \/>\n<\/span><span class=\"Y2IQFc\" lang=\"sv\">AFO:n \u00e4r speciellt framtagen f\u00f6r att undvika skav och bl\u00e5sor p\u00e5 barnets fot. Den har en h\u00e5rd sula med snabbf\u00e4ste som ger ett enkelt handhavande f\u00f6r f\u00f6r\u00e4ldern. Ett mjukt foder av elastomer f\u00f6r extra komfort och f\u00f6ljsamhet. \u00d6verdel och remmar \u00e4r framtagna i ett mjukt syntetiskt l\u00e4der.\u00a0<\/span><span class=\"Y2IQFc\" lang=\"sv\">H\u00e4lens placering kan enkelt ses genom de tv\u00e5 h\u00e5l som finns p\u00e5 baksidan av AFO:n. En viktig del f\u00f6r att f\u00e5 en perfekt passform och optimal komfort.<br \/>\n<\/span><span class=\"Y2IQFc\" lang=\"sv\"><br \/>\nMitchell Ponseti\u00ae AFO Standard finns i tre f\u00e4rger, gr\u00e5tt, rosa, bl\u00e5. Gr\u00e5 finns i storlekarna 0000 upp till strl. 12. Rosa och bl\u00e5 finns i storlekarna 0000 upp till strl. 6. AFO Standard g\u00e5r ocks\u00e5 att specialbest\u00e4lla i ytterligare 11 f\u00e4rger. Se bild i produktbeskrivning f\u00f6r f\u00e4rgalternativ.<br \/>\n<\/span><span class=\"Y2IQFc\" lang=\"sv\">AFO Standard finns \u00e4ven i prematur<\/span>storlekar P6-0 och P5-0. I dessa fall \u00e4r AFO permanent f\u00e4st p\u00e5 en rak skena och s\u00e4ljs endast som par.<\/p>\n<p dir=\"ltr\" data-placeholder=\"\u00d6vers\u00e4ttning\"><a href=\"https:\/\/embreis.com\/dk\/produkt\/ponseti-afo-standard-prematur\/\">Mitchell Ponseti\u00ae AFO Standard &#8211; Prematur<\/a><\/p>\n","protected":false},"excerpt":{"rendered":"<p>Mitchell Ponseti\u00ae AFO Standard \u00e4r en ankelfots ortos f\u00f6r anv\u00e4ndning vid PEVA \u2013 Klumpfots korrigering enligt Ponsetimetoden. Det patenterade Mitchell [&hellip;]<\/p>\n","protected":false},"featured_media":11978,"template":"","meta":[],"product_brand":[],"product_cat":[217,220,1362],"product_tag":[],"class_list":{"0":"post-11994","1":"product","2":"type-product","3":"status-publish","4":"has-post-thumbnail","6":"product_cat-ortos","7":"product_cat-fot","8":"product_cat-peva-klumpfot","9":"pa_varumarke-ponseti","11":"first","12":"instock","13":"shipping-taxable","14":"product-type-simple"},"acf":[],"yoast_head":"<!-- This site is optimized with the Yoast SEO Premium plugin v25.3.1 (Yoast SEO v25.3.1) - https:\/\/yoast.com\/wordpress\/plugins\/seo\/ -->\n<title>Mitchell Ponseti\u00ae AFO Standard - Singel - Embreis DK<\/title>\n<meta name=\"robots\" content=\"index, follow, max-snippet:-1, max-image-preview:large, max-video-preview:-1\" \/>\n<link rel=\"canonical\" href=\"https:\/\/embreis.com\/dk\/produkt\/ponseti-afo-standard-singel\/\" \/>\n<meta property=\"og:locale\" content=\"sv_SE\" \/>\n<meta property=\"og:type\" content=\"article\" \/>\n<meta property=\"og:title\" content=\"Mitchell Ponseti\u00ae AFO Standard - Singel\" \/>\n<meta property=\"og:description\" content=\"Mitchell Ponseti\u00ae AFO Standard \u00e4r en ankelfots ortos f\u00f6r anv\u00e4ndning vid PEVA \u2013 Klumpfots korrigering enligt Ponsetimetoden. Det patenterade Mitchell [&hellip;]\" \/>\n<meta property=\"og:url\" content=\"https:\/\/embreis.com\/dk\/produkt\/ponseti-afo-standard-singel\/\" \/>\n<meta property=\"og:site_name\" content=\"Embreis DK\" \/>\n<meta property=\"article:modified_time\" content=\"2023-02-13T14:27:17+00:00\" \/>\n<meta property=\"og:image\" content=\"https:\/\/embreis.com\/dk\/wp-content\/uploads\/sites\/8\/2021\/11\/Ponseti_AFO_Standard_Grey_2.png\" \/>\n\t<meta property=\"og:image:width\" content=\"850\" \/>\n\t<meta property=\"og:image:height\" content=\"850\" \/>\n\t<meta property=\"og:image:type\" content=\"image\/png\" \/>\n<meta name=\"twitter:card\" content=\"summary_large_image\" \/>\n<meta name=\"twitter:label1\" content=\"Ber\u00e4knad l\u00e4stid\" \/>\n\t<meta name=\"twitter:data1\" content=\"1 minut\" \/>\n<script type=\"application\/ld+json\" class=\"yoast-schema-graph\">{\"@context\":\"https:\/\/schema.org\",\"@graph\":[{\"@type\":\"WebPage\",\"@id\":\"https:\/\/embreis.com\/dk\/produkt\/ponseti-afo-standard-singel\/\",\"url\":\"https:\/\/embreis.com\/dk\/produkt\/ponseti-afo-standard-singel\/\",\"name\":\"Mitchell Ponseti\u00ae AFO Standard - Singel - Embreis DK\",\"isPartOf\":{\"@id\":\"https:\/\/embreis.com\/dk\/#website\"},\"primaryImageOfPage\":{\"@id\":\"https:\/\/embreis.com\/dk\/produkt\/ponseti-afo-standard-singel\/#primaryimage\"},\"image\":{\"@id\":\"https:\/\/embreis.com\/dk\/produkt\/ponseti-afo-standard-singel\/#primaryimage\"},\"thumbnailUrl\":\"https:\/\/embreis.com\/dk\/wp-content\/uploads\/sites\/8\/2021\/11\/Ponseti_AFO_Standard_Grey_2.png\",\"datePublished\":\"2021-11-24T13:02:22+00:00\",\"dateModified\":\"2023-02-13T14:27:17+00:00\",\"breadcrumb\":{\"@id\":\"https:\/\/embreis.com\/dk\/produkt\/ponseti-afo-standard-singel\/#breadcrumb\"},\"inLanguage\":\"sv-SE\",\"potentialAction\":[{\"@type\":\"ReadAction\",\"target\":[\"https:\/\/embreis.com\/dk\/produkt\/ponseti-afo-standard-singel\/\"]}]},{\"@type\":\"ImageObject\",\"inLanguage\":\"sv-SE\",\"@id\":\"https:\/\/embreis.com\/dk\/produkt\/ponseti-afo-standard-singel\/#primaryimage\",\"url\":\"https:\/\/embreis.com\/dk\/wp-content\/uploads\/sites\/8\/2021\/11\/Ponseti_AFO_Standard_Grey_2.png\",\"contentUrl\":\"https:\/\/embreis.com\/dk\/wp-content\/uploads\/sites\/8\/2021\/11\/Ponseti_AFO_Standard_Grey_2.png\",\"width\":850,\"height\":850},{\"@type\":\"BreadcrumbList\",\"@id\":\"https:\/\/embreis.com\/dk\/produkt\/ponseti-afo-standard-singel\/#breadcrumb\",\"itemListElement\":[{\"@type\":\"ListItem\",\"position\":1,\"name\":\"Hem\",\"item\":\"https:\/\/embreis.com\/dk\/\"},{\"@type\":\"ListItem\",\"position\":2,\"name\":\"Sortiment\",\"item\":\"https:\/\/embreis.com\/dk\/sortiment\/\"},{\"@type\":\"ListItem\",\"position\":3,\"name\":\"Ortos\",\"item\":\"https:\/\/embreis.com\/dk\/produktkategori\/ortos\/\"},{\"@type\":\"ListItem\",\"position\":4,\"name\":\"Fot\",\"item\":\"https:\/\/embreis.com\/dk\/produktkategori\/ortos\/fot\/\"},{\"@type\":\"ListItem\",\"position\":5,\"name\":\"PEVA - Klumpfot\",\"item\":\"https:\/\/embreis.com\/dk\/produktkategori\/ortos\/fot\/peva-klumpfot\/\"},{\"@type\":\"ListItem\",\"position\":6,\"name\":\"Mitchell Ponseti\u00ae AFO Standard &#8211; Singel\"}]},{\"@type\":\"WebSite\",\"@id\":\"https:\/\/embreis.com\/dk\/#website\",\"url\":\"https:\/\/embreis.com\/dk\/\",\"name\":\"Embreis DK\",\"description\":\"Ortoser, proteser och material\",\"potentialAction\":[{\"@type\":\"SearchAction\",\"target\":{\"@type\":\"EntryPoint\",\"urlTemplate\":\"https:\/\/embreis.com\/dk\/?s={search_term_string}\"},\"query-input\":{\"@type\":\"PropertyValueSpecification\",\"valueRequired\":true,\"valueName\":\"search_term_string\"}}],\"inLanguage\":\"sv-SE\"}]}<\/script>\n<!-- \/ Yoast SEO Premium plugin. -->","yoast_head_json":{"title":"Mitchell Ponseti\u00ae AFO Standard - Singel - Embreis DK","robots":{"index":"index","follow":"follow","max-snippet":"max-snippet:-1","max-image-preview":"max-image-preview:large","max-video-preview":"max-video-preview:-1"},"canonical":"https:\/\/embreis.com\/dk\/produkt\/ponseti-afo-standard-singel\/","og_locale":"sv_SE","og_type":"article","og_title":"Mitchell Ponseti\u00ae AFO Standard - Singel","og_description":"Mitchell Ponseti\u00ae AFO Standard \u00e4r en ankelfots ortos f\u00f6r anv\u00e4ndning vid PEVA \u2013 Klumpfots korrigering enligt Ponsetimetoden. Det patenterade Mitchell [&hellip;]","og_url":"https:\/\/embreis.com\/dk\/produkt\/ponseti-afo-standard-singel\/","og_site_name":"Embreis DK","article_modified_time":"2023-02-13T14:27:17+00:00","og_image":[{"width":850,"height":850,"url":"https:\/\/embreis.com\/dk\/wp-content\/uploads\/sites\/8\/2021\/11\/Ponseti_AFO_Standard_Grey_2.png","type":"image\/png"}],"twitter_card":"summary_large_image","twitter_misc":{"Ber\u00e4knad l\u00e4stid":"1 minut"},"schema":{"@context":"https:\/\/schema.org","@graph":[{"@type":"WebPage","@id":"https:\/\/embreis.com\/dk\/produkt\/ponseti-afo-standard-singel\/","url":"https:\/\/embreis.com\/dk\/produkt\/ponseti-afo-standard-singel\/","name":"Mitchell Ponseti\u00ae AFO Standard - Singel - Embreis DK","isPartOf":{"@id":"https:\/\/embreis.com\/dk\/#website"},"primaryImageOfPage":{"@id":"https:\/\/embreis.com\/dk\/produkt\/ponseti-afo-standard-singel\/#primaryimage"},"image":{"@id":"https:\/\/embreis.com\/dk\/produkt\/ponseti-afo-standard-singel\/#primaryimage"},"thumbnailUrl":"https:\/\/embreis.com\/dk\/wp-content\/uploads\/sites\/8\/2021\/11\/Ponseti_AFO_Standard_Grey_2.png","datePublished":"2021-11-24T13:02:22+00:00","dateModified":"2023-02-13T14:27:17+00:00","breadcrumb":{"@id":"https:\/\/embreis.com\/dk\/produkt\/ponseti-afo-standard-singel\/#breadcrumb"},"inLanguage":"sv-SE","potentialAction":[{"@type":"ReadAction","target":["https:\/\/embreis.com\/dk\/produkt\/ponseti-afo-standard-singel\/"]}]},{"@type":"ImageObject","inLanguage":"sv-SE","@id":"https:\/\/embreis.com\/dk\/produkt\/ponseti-afo-standard-singel\/#primaryimage","url":"https:\/\/embreis.com\/dk\/wp-content\/uploads\/sites\/8\/2021\/11\/Ponseti_AFO_Standard_Grey_2.png","contentUrl":"https:\/\/embreis.com\/dk\/wp-content\/uploads\/sites\/8\/2021\/11\/Ponseti_AFO_Standard_Grey_2.png","width":850,"height":850},{"@type":"BreadcrumbList","@id":"https:\/\/embreis.com\/dk\/produkt\/ponseti-afo-standard-singel\/#breadcrumb","itemListElement":[{"@type":"ListItem","position":1,"name":"Hem","item":"https:\/\/embreis.com\/dk\/"},{"@type":"ListItem","position":2,"name":"Sortiment","item":"https:\/\/embreis.com\/dk\/sortiment\/"},{"@type":"ListItem","position":3,"name":"Ortos","item":"https:\/\/embreis.com\/dk\/produktkategori\/ortos\/"},{"@type":"ListItem","position":4,"name":"Fot","item":"https:\/\/embreis.com\/dk\/produktkategori\/ortos\/fot\/"},{"@type":"ListItem","position":5,"name":"PEVA - Klumpfot","item":"https:\/\/embreis.com\/dk\/produktkategori\/ortos\/fot\/peva-klumpfot\/"},{"@type":"ListItem","position":6,"name":"Mitchell Ponseti\u00ae AFO Standard &#8211; Singel"}]},{"@type":"WebSite","@id":"https:\/\/embreis.com\/dk\/#website","url":"https:\/\/embreis.com\/dk\/","name":"Embreis DK","description":"Ortoser, proteser och material","potentialAction":[{"@type":"SearchAction","target":{"@type":"EntryPoint","urlTemplate":"https:\/\/embreis.com\/dk\/?s={search_term_string}"},"query-input":{"@type":"PropertyValueSpecification","valueRequired":true,"valueName":"search_term_string"}}],"inLanguage":"sv-SE"}]}},"_links":{"self":[{"href":"https:\/\/embreis.com\/dk\/wp-json\/wp\/v2\/product\/11994","targetHints":{"allow":["GET"]}}],"collection":[{"href":"https:\/\/embreis.com\/dk\/wp-json\/wp\/v2\/product"}],"about":[{"href":"https:\/\/embreis.com\/dk\/wp-json\/wp\/v2\/types\/product"}],"wp:featuredmedia":[{"embeddable":true,"href":"https:\/\/embreis.com\/dk\/wp-json\/wp\/v2\/media\/11978"}],"wp:attachment":[{"href":"https:\/\/embreis.com\/dk\/wp-json\/wp\/v2\/media?parent=11994"}],"wp:term":[{"taxonomy":"product_brand","embeddable":true,"href":"https:\/\/embreis.com\/dk\/wp-json\/wp\/v2\/product_brand?post=11994"},{"taxonomy":"product_cat","embeddable":true,"href":"https:\/\/embreis.com\/dk\/wp-json\/wp\/v2\/product_cat?post=11994"},{"taxonomy":"product_tag","embeddable":true,"href":"https:\/\/embreis.com\/dk\/wp-json\/wp\/v2\/product_tag?post=11994"}],"curies":[{"name":"wp","href":"https:\/\/api.w.org\/{rel}","templated":true}]}}