{"id":11282,"date":"2021-02-01T16:39:18","date_gmt":"2021-02-01T14:39:18","guid":{"rendered":"http:\/\/embreiscom.wpengine.com\/?post_type=product&#038;p=11282"},"modified":"2025-02-06T14:13:54","modified_gmt":"2025-02-06T12:13:54","slug":"alginat","status":"publish","type":"product","link":"https:\/\/embreis.com\/dk\/produkt\/alginat\/","title":{"rendered":"Alginat"},"content":{"rendered":"<p>Alginat \u00e4r ett h\u00f6gkvalitativt giftfritt och dammfritt formtagningsmaterial som l\u00e4mpar sig speciellt f\u00f6r detaljerad och snabb avgjutning av n\u00e4stan alla material. Alginat \u00e4r l\u00e4mpligt f\u00f6r avgjutning av hud eftersom det \u00e4r giftfritt och h\u00e4rdar till gel\u00e9 liknande konsistens inom 2-3 minuter. Blandningsproportioner \u00e4r 1 del Alginat och 1\/3 del vatten.<\/p>\n","protected":false},"excerpt":{"rendered":"<div id=\"ctl00_cph1_lTxt\">\n<ul>\n<li>S\u00e4ljs i f\u00f6rpackningar om 15kg<\/li>\n<li>Giftfritt och dammfritt<\/li>\n<li>Snabb och detaljerad avgjutning<\/li>\n<\/ul>\n<\/div>\n","protected":false},"featured_media":0,"template":"","meta":[],"product_brand":[],"product_cat":[1279,1281],"product_tag":[],"class_list":{"0":"post-11282","1":"product","2":"type-product","3":"status-publish","5":"product_cat-material","6":"product_cat-ovrigt-material","8":"first","9":"instock","10":"shipping-taxable","11":"product-type-simple"},"acf":[],"yoast_head":"<!-- This site is optimized with the Yoast SEO Premium plugin v25.3.1 (Yoast SEO v25.3.1) - https:\/\/yoast.com\/wordpress\/plugins\/seo\/ -->\n<title>Alginat - Embreis DK<\/title>\n<meta name=\"robots\" content=\"index, follow, max-snippet:-1, max-image-preview:large, max-video-preview:-1\" \/>\n<link rel=\"canonical\" href=\"https:\/\/embreis.com\/dk\/produkt\/alginat\/\" \/>\n<meta property=\"og:locale\" content=\"sv_SE\" \/>\n<meta property=\"og:type\" content=\"article\" \/>\n<meta property=\"og:title\" content=\"Alginat\" \/>\n<meta property=\"og:description\" content=\"S\u00e4ljs i f\u00f6rpackningar om 15kg  Giftfritt och dammfritt  Snabb och detaljerad avgjutning\" \/>\n<meta property=\"og:url\" content=\"https:\/\/embreis.com\/dk\/produkt\/alginat\/\" \/>\n<meta property=\"og:site_name\" content=\"Embreis DK\" \/>\n<meta property=\"article:modified_time\" content=\"2025-02-06T12:13:54+00:00\" \/>\n<meta name=\"twitter:card\" content=\"summary_large_image\" \/>\n<meta name=\"twitter:label1\" content=\"Ber\u00e4knad l\u00e4stid\" \/>\n\t<meta name=\"twitter:data1\" content=\"1 minut\" \/>\n<script type=\"application\/ld+json\" class=\"yoast-schema-graph\">{\"@context\":\"https:\/\/schema.org\",\"@graph\":[{\"@type\":\"WebPage\",\"@id\":\"https:\/\/embreis.com\/dk\/produkt\/alginat\/\",\"url\":\"https:\/\/embreis.com\/dk\/produkt\/alginat\/\",\"name\":\"Alginat - Embreis DK\",\"isPartOf\":{\"@id\":\"https:\/\/embreis.com\/dk\/#website\"},\"datePublished\":\"2021-02-01T14:39:18+00:00\",\"dateModified\":\"2025-02-06T12:13:54+00:00\",\"breadcrumb\":{\"@id\":\"https:\/\/embreis.com\/dk\/produkt\/alginat\/#breadcrumb\"},\"inLanguage\":\"sv-SE\",\"potentialAction\":[{\"@type\":\"ReadAction\",\"target\":[\"https:\/\/embreis.com\/dk\/produkt\/alginat\/\"]}]},{\"@type\":\"BreadcrumbList\",\"@id\":\"https:\/\/embreis.com\/dk\/produkt\/alginat\/#breadcrumb\",\"itemListElement\":[{\"@type\":\"ListItem\",\"position\":1,\"name\":\"Hem\",\"item\":\"https:\/\/embreis.com\/dk\/\"},{\"@type\":\"ListItem\",\"position\":2,\"name\":\"Sortiment\",\"item\":\"https:\/\/embreis.com\/dk\/sortiment\/\"},{\"@type\":\"ListItem\",\"position\":3,\"name\":\"Material\",\"item\":\"https:\/\/embreis.com\/dk\/produktkategori\/material\/\"},{\"@type\":\"ListItem\",\"position\":4,\"name\":\"\u00d6vrigt material\",\"item\":\"https:\/\/embreis.com\/dk\/produktkategori\/material\/ovrigt-material\/\"},{\"@type\":\"ListItem\",\"position\":5,\"name\":\"Alginat\"}]},{\"@type\":\"WebSite\",\"@id\":\"https:\/\/embreis.com\/dk\/#website\",\"url\":\"https:\/\/embreis.com\/dk\/\",\"name\":\"Embreis DK\",\"description\":\"Ortoser, proteser och material\",\"potentialAction\":[{\"@type\":\"SearchAction\",\"target\":{\"@type\":\"EntryPoint\",\"urlTemplate\":\"https:\/\/embreis.com\/dk\/?s={search_term_string}\"},\"query-input\":{\"@type\":\"PropertyValueSpecification\",\"valueRequired\":true,\"valueName\":\"search_term_string\"}}],\"inLanguage\":\"sv-SE\"}]}<\/script>\n<!-- \/ Yoast SEO Premium plugin. -->","yoast_head_json":{"title":"Alginat - Embreis DK","robots":{"index":"index","follow":"follow","max-snippet":"max-snippet:-1","max-image-preview":"max-image-preview:large","max-video-preview":"max-video-preview:-1"},"canonical":"https:\/\/embreis.com\/dk\/produkt\/alginat\/","og_locale":"sv_SE","og_type":"article","og_title":"Alginat","og_description":"S\u00e4ljs i f\u00f6rpackningar om 15kg  Giftfritt och dammfritt  Snabb och detaljerad avgjutning","og_url":"https:\/\/embreis.com\/dk\/produkt\/alginat\/","og_site_name":"Embreis DK","article_modified_time":"2025-02-06T12:13:54+00:00","twitter_card":"summary_large_image","twitter_misc":{"Ber\u00e4knad l\u00e4stid":"1 minut"},"schema":{"@context":"https:\/\/schema.org","@graph":[{"@type":"WebPage","@id":"https:\/\/embreis.com\/dk\/produkt\/alginat\/","url":"https:\/\/embreis.com\/dk\/produkt\/alginat\/","name":"Alginat - Embreis DK","isPartOf":{"@id":"https:\/\/embreis.com\/dk\/#website"},"datePublished":"2021-02-01T14:39:18+00:00","dateModified":"2025-02-06T12:13:54+00:00","breadcrumb":{"@id":"https:\/\/embreis.com\/dk\/produkt\/alginat\/#breadcrumb"},"inLanguage":"sv-SE","potentialAction":[{"@type":"ReadAction","target":["https:\/\/embreis.com\/dk\/produkt\/alginat\/"]}]},{"@type":"BreadcrumbList","@id":"https:\/\/embreis.com\/dk\/produkt\/alginat\/#breadcrumb","itemListElement":[{"@type":"ListItem","position":1,"name":"Hem","item":"https:\/\/embreis.com\/dk\/"},{"@type":"ListItem","position":2,"name":"Sortiment","item":"https:\/\/embreis.com\/dk\/sortiment\/"},{"@type":"ListItem","position":3,"name":"Material","item":"https:\/\/embreis.com\/dk\/produktkategori\/material\/"},{"@type":"ListItem","position":4,"name":"\u00d6vrigt material","item":"https:\/\/embreis.com\/dk\/produktkategori\/material\/ovrigt-material\/"},{"@type":"ListItem","position":5,"name":"Alginat"}]},{"@type":"WebSite","@id":"https:\/\/embreis.com\/dk\/#website","url":"https:\/\/embreis.com\/dk\/","name":"Embreis DK","description":"Ortoser, proteser och material","potentialAction":[{"@type":"SearchAction","target":{"@type":"EntryPoint","urlTemplate":"https:\/\/embreis.com\/dk\/?s={search_term_string}"},"query-input":{"@type":"PropertyValueSpecification","valueRequired":true,"valueName":"search_term_string"}}],"inLanguage":"sv-SE"}]}},"_links":{"self":[{"href":"https:\/\/embreis.com\/dk\/wp-json\/wp\/v2\/product\/11282","targetHints":{"allow":["GET"]}}],"collection":[{"href":"https:\/\/embreis.com\/dk\/wp-json\/wp\/v2\/product"}],"about":[{"href":"https:\/\/embreis.com\/dk\/wp-json\/wp\/v2\/types\/product"}],"wp:attachment":[{"href":"https:\/\/embreis.com\/dk\/wp-json\/wp\/v2\/media?parent=11282"}],"wp:term":[{"taxonomy":"product_brand","embeddable":true,"href":"https:\/\/embreis.com\/dk\/wp-json\/wp\/v2\/product_brand?post=11282"},{"taxonomy":"product_cat","embeddable":true,"href":"https:\/\/embreis.com\/dk\/wp-json\/wp\/v2\/product_cat?post=11282"},{"taxonomy":"product_tag","embeddable":true,"href":"https:\/\/embreis.com\/dk\/wp-json\/wp\/v2\/product_tag?post=11282"}],"curies":[{"name":"wp","href":"https:\/\/api.w.org\/{rel}","templated":true}]}}