{"id":10073,"date":"2020-12-09T15:45:39","date_gmt":"2020-12-09T13:45:39","guid":{"rendered":"http:\/\/embreiscom.wpengine.com\/product\/sintex-junior\/"},"modified":"2024-06-03T18:32:54","modified_gmt":"2024-06-03T16:32:54","slug":"sintex-junior","status":"publish","type":"product","link":"https:\/\/embreis.com\/dk\/produkt\/sintex-junior\/","title":{"rendered":"Sintex Junior"},"content":{"rendered":"<p>Sintex \u00e4r en axelslinga\/axelbandage som passar b\u00e5de h\u00f6ger och v\u00e4nster sida och \u00e4r tillverkad i fyra storlekar. Den best\u00e5r av en mjuk mitella som \u00e4r konstruerad i ett stycke. Det transparenta Airmesh tyget g\u00f6r den luftig och bekv\u00e4m att b\u00e4ra \u00f6ver tid. Axelrem och midjerem justeras efter \u00f6nskad position och stabilitet. Midjerem-men h\u00e5ller\/l\u00e5ser armen effektivt mot kroppen och kan avl\u00e4gsnas vid behov. Armen kan avlastas och l\u00e5sas i olika l\u00e4gen och den \u00e4r enkel att komma i och ur f\u00f6r daglig r\u00f6relsetr\u00e4ning.<\/p>\n","protected":false},"excerpt":{"rendered":"<ul>\n<li>Barn<\/li>\n<li>Luftig och bekv\u00e4m att b\u00e4ra<\/li>\n<li>Enkel att komma i och ur<\/li>\n<li>Midjerem som l\u00e5ser armen<\/li>\n<\/ul>\n","protected":false},"featured_media":11383,"template":"","meta":[],"product_brand":[],"product_cat":[219,1202],"product_tag":[],"class_list":{"0":"post-10073","1":"product","2":"type-product","3":"status-publish","4":"has-post-thumbnail","6":"product_cat-axel","7":"product_cat-post-op-trauma","9":"first","10":"instock","11":"shipping-taxable","12":"product-type-variable"},"acf":[],"yoast_head":"<!-- This site is optimized with the Yoast SEO Premium plugin v25.3.1 (Yoast SEO v25.3.1) - https:\/\/yoast.com\/wordpress\/plugins\/seo\/ -->\n<title>Sintex Junior - Embreis DK<\/title>\n<meta name=\"robots\" content=\"index, follow, max-snippet:-1, max-image-preview:large, max-video-preview:-1\" \/>\n<link rel=\"canonical\" href=\"https:\/\/embreis.com\/dk\/produkt\/sintex-junior\/\" \/>\n<meta property=\"og:locale\" content=\"sv_SE\" \/>\n<meta property=\"og:type\" content=\"article\" \/>\n<meta property=\"og:title\" content=\"Sintex Junior\" \/>\n<meta property=\"og:description\" content=\"Barn  Luftig och bekv\u00e4m att b\u00e4ra  Enkel att komma i och ur  Midjerem som l\u00e5ser armen\" \/>\n<meta property=\"og:url\" content=\"https:\/\/embreis.com\/dk\/produkt\/sintex-junior\/\" \/>\n<meta property=\"og:site_name\" content=\"Embreis DK\" \/>\n<meta property=\"article:modified_time\" content=\"2024-06-03T16:32:54+00:00\" \/>\n<meta property=\"og:image\" content=\"https:\/\/embreis.com\/dk\/wp-content\/uploads\/sites\/8\/2020\/12\/Sintex_junior_1_.png\" \/>\n\t<meta property=\"og:image:width\" content=\"784\" \/>\n\t<meta property=\"og:image:height\" content=\"784\" \/>\n\t<meta property=\"og:image:type\" content=\"image\/png\" \/>\n<meta name=\"twitter:card\" content=\"summary_large_image\" \/>\n<meta name=\"twitter:label1\" content=\"Ber\u00e4knad l\u00e4stid\" \/>\n\t<meta name=\"twitter:data1\" content=\"1 minut\" \/>\n<script type=\"application\/ld+json\" class=\"yoast-schema-graph\">{\"@context\":\"https:\/\/schema.org\",\"@graph\":[{\"@type\":\"WebPage\",\"@id\":\"https:\/\/embreis.com\/dk\/produkt\/sintex-junior\/\",\"url\":\"https:\/\/embreis.com\/dk\/produkt\/sintex-junior\/\",\"name\":\"Sintex Junior - Embreis DK\",\"isPartOf\":{\"@id\":\"https:\/\/embreis.com\/dk\/#website\"},\"primaryImageOfPage\":{\"@id\":\"https:\/\/embreis.com\/dk\/produkt\/sintex-junior\/#primaryimage\"},\"image\":{\"@id\":\"https:\/\/embreis.com\/dk\/produkt\/sintex-junior\/#primaryimage\"},\"thumbnailUrl\":\"https:\/\/embreis.com\/dk\/wp-content\/uploads\/sites\/8\/2020\/12\/Sintex_junior_1_.png\",\"datePublished\":\"2020-12-09T13:45:39+00:00\",\"dateModified\":\"2024-06-03T16:32:54+00:00\",\"breadcrumb\":{\"@id\":\"https:\/\/embreis.com\/dk\/produkt\/sintex-junior\/#breadcrumb\"},\"inLanguage\":\"sv-SE\",\"potentialAction\":[{\"@type\":\"ReadAction\",\"target\":[\"https:\/\/embreis.com\/dk\/produkt\/sintex-junior\/\"]}]},{\"@type\":\"ImageObject\",\"inLanguage\":\"sv-SE\",\"@id\":\"https:\/\/embreis.com\/dk\/produkt\/sintex-junior\/#primaryimage\",\"url\":\"https:\/\/embreis.com\/dk\/wp-content\/uploads\/sites\/8\/2020\/12\/Sintex_junior_1_.png\",\"contentUrl\":\"https:\/\/embreis.com\/dk\/wp-content\/uploads\/sites\/8\/2020\/12\/Sintex_junior_1_.png\",\"width\":784,\"height\":784},{\"@type\":\"BreadcrumbList\",\"@id\":\"https:\/\/embreis.com\/dk\/produkt\/sintex-junior\/#breadcrumb\",\"itemListElement\":[{\"@type\":\"ListItem\",\"position\":1,\"name\":\"Hem\",\"item\":\"https:\/\/embreis.com\/dk\/\"},{\"@type\":\"ListItem\",\"position\":2,\"name\":\"Sortiment\",\"item\":\"https:\/\/embreis.com\/dk\/sortiment\/\"},{\"@type\":\"ListItem\",\"position\":3,\"name\":\"Ortos\",\"item\":\"https:\/\/embreis.com\/dk\/produktkategori\/ortos\/\"},{\"@type\":\"ListItem\",\"position\":4,\"name\":\"Axel\",\"item\":\"https:\/\/embreis.com\/dk\/produktkategori\/ortos\/axel\/\"},{\"@type\":\"ListItem\",\"position\":5,\"name\":\"Post-op - Trauma\",\"item\":\"https:\/\/embreis.com\/dk\/produktkategori\/ortos\/axel\/post-op-trauma\/\"},{\"@type\":\"ListItem\",\"position\":6,\"name\":\"Sintex Junior\"}]},{\"@type\":\"WebSite\",\"@id\":\"https:\/\/embreis.com\/dk\/#website\",\"url\":\"https:\/\/embreis.com\/dk\/\",\"name\":\"Embreis DK\",\"description\":\"Ortoser, proteser och material\",\"potentialAction\":[{\"@type\":\"SearchAction\",\"target\":{\"@type\":\"EntryPoint\",\"urlTemplate\":\"https:\/\/embreis.com\/dk\/?s={search_term_string}\"},\"query-input\":{\"@type\":\"PropertyValueSpecification\",\"valueRequired\":true,\"valueName\":\"search_term_string\"}}],\"inLanguage\":\"sv-SE\"}]}<\/script>\n<!-- \/ Yoast SEO Premium plugin. -->","yoast_head_json":{"title":"Sintex Junior - Embreis DK","robots":{"index":"index","follow":"follow","max-snippet":"max-snippet:-1","max-image-preview":"max-image-preview:large","max-video-preview":"max-video-preview:-1"},"canonical":"https:\/\/embreis.com\/dk\/produkt\/sintex-junior\/","og_locale":"sv_SE","og_type":"article","og_title":"Sintex Junior","og_description":"Barn  Luftig och bekv\u00e4m att b\u00e4ra  Enkel att komma i och ur  Midjerem som l\u00e5ser armen","og_url":"https:\/\/embreis.com\/dk\/produkt\/sintex-junior\/","og_site_name":"Embreis DK","article_modified_time":"2024-06-03T16:32:54+00:00","og_image":[{"width":784,"height":784,"url":"https:\/\/embreis.com\/dk\/wp-content\/uploads\/sites\/8\/2020\/12\/Sintex_junior_1_.png","type":"image\/png"}],"twitter_card":"summary_large_image","twitter_misc":{"Ber\u00e4knad l\u00e4stid":"1 minut"},"schema":{"@context":"https:\/\/schema.org","@graph":[{"@type":"WebPage","@id":"https:\/\/embreis.com\/dk\/produkt\/sintex-junior\/","url":"https:\/\/embreis.com\/dk\/produkt\/sintex-junior\/","name":"Sintex Junior - Embreis DK","isPartOf":{"@id":"https:\/\/embreis.com\/dk\/#website"},"primaryImageOfPage":{"@id":"https:\/\/embreis.com\/dk\/produkt\/sintex-junior\/#primaryimage"},"image":{"@id":"https:\/\/embreis.com\/dk\/produkt\/sintex-junior\/#primaryimage"},"thumbnailUrl":"https:\/\/embreis.com\/dk\/wp-content\/uploads\/sites\/8\/2020\/12\/Sintex_junior_1_.png","datePublished":"2020-12-09T13:45:39+00:00","dateModified":"2024-06-03T16:32:54+00:00","breadcrumb":{"@id":"https:\/\/embreis.com\/dk\/produkt\/sintex-junior\/#breadcrumb"},"inLanguage":"sv-SE","potentialAction":[{"@type":"ReadAction","target":["https:\/\/embreis.com\/dk\/produkt\/sintex-junior\/"]}]},{"@type":"ImageObject","inLanguage":"sv-SE","@id":"https:\/\/embreis.com\/dk\/produkt\/sintex-junior\/#primaryimage","url":"https:\/\/embreis.com\/dk\/wp-content\/uploads\/sites\/8\/2020\/12\/Sintex_junior_1_.png","contentUrl":"https:\/\/embreis.com\/dk\/wp-content\/uploads\/sites\/8\/2020\/12\/Sintex_junior_1_.png","width":784,"height":784},{"@type":"BreadcrumbList","@id":"https:\/\/embreis.com\/dk\/produkt\/sintex-junior\/#breadcrumb","itemListElement":[{"@type":"ListItem","position":1,"name":"Hem","item":"https:\/\/embreis.com\/dk\/"},{"@type":"ListItem","position":2,"name":"Sortiment","item":"https:\/\/embreis.com\/dk\/sortiment\/"},{"@type":"ListItem","position":3,"name":"Ortos","item":"https:\/\/embreis.com\/dk\/produktkategori\/ortos\/"},{"@type":"ListItem","position":4,"name":"Axel","item":"https:\/\/embreis.com\/dk\/produktkategori\/ortos\/axel\/"},{"@type":"ListItem","position":5,"name":"Post-op - Trauma","item":"https:\/\/embreis.com\/dk\/produktkategori\/ortos\/axel\/post-op-trauma\/"},{"@type":"ListItem","position":6,"name":"Sintex Junior"}]},{"@type":"WebSite","@id":"https:\/\/embreis.com\/dk\/#website","url":"https:\/\/embreis.com\/dk\/","name":"Embreis DK","description":"Ortoser, proteser och material","potentialAction":[{"@type":"SearchAction","target":{"@type":"EntryPoint","urlTemplate":"https:\/\/embreis.com\/dk\/?s={search_term_string}"},"query-input":{"@type":"PropertyValueSpecification","valueRequired":true,"valueName":"search_term_string"}}],"inLanguage":"sv-SE"}]}},"_links":{"self":[{"href":"https:\/\/embreis.com\/dk\/wp-json\/wp\/v2\/product\/10073","targetHints":{"allow":["GET"]}}],"collection":[{"href":"https:\/\/embreis.com\/dk\/wp-json\/wp\/v2\/product"}],"about":[{"href":"https:\/\/embreis.com\/dk\/wp-json\/wp\/v2\/types\/product"}],"wp:featuredmedia":[{"embeddable":true,"href":"https:\/\/embreis.com\/dk\/wp-json\/wp\/v2\/media\/11383"}],"wp:attachment":[{"href":"https:\/\/embreis.com\/dk\/wp-json\/wp\/v2\/media?parent=10073"}],"wp:term":[{"taxonomy":"product_brand","embeddable":true,"href":"https:\/\/embreis.com\/dk\/wp-json\/wp\/v2\/product_brand?post=10073"},{"taxonomy":"product_cat","embeddable":true,"href":"https:\/\/embreis.com\/dk\/wp-json\/wp\/v2\/product_cat?post=10073"},{"taxonomy":"product_tag","embeddable":true,"href":"https:\/\/embreis.com\/dk\/wp-json\/wp\/v2\/product_tag?post=10073"}],"curies":[{"name":"wp","href":"https:\/\/api.w.org\/{rel}","templated":true}]}}