{"id":10071,"date":"2020-12-09T15:45:38","date_gmt":"2020-12-09T13:45:38","guid":{"rendered":"http:\/\/embreiscom.wpengine.com\/product\/elock-otw-junior\/"},"modified":"2022-01-31T15:49:38","modified_gmt":"2022-01-31T13:49:38","slug":"elock-otw-junior","status":"publish","type":"product","link":"https:\/\/embreis.com\/dk\/produkt\/elock-otw-junior\/","title":{"rendered":"eLock OTW Junior"},"content":{"rendered":"<p>eLock \u00e4r ett s.k. axell\u00e5s \/ axelbandage som passar h\u00f6ger och v\u00e4nster sida och \u00e4r tillverkad i en universalstorlek. B\u00e5l och \u00f6verarmsdel \u00e4r tillverkade i mjukt och behagligt material och axelremmen \u00e4r oelastisk vilket s\u00e4kerst\u00e4ller armens l\u00e4ge. Arm och axel l\u00e5ses effektivt men till\u00e5ter att patienten enkelt kommer i och ur f\u00f6r r\u00f6relsetr\u00e4ning. Polstrad axelrem samt reglerbart tumgrepp \u00e4r detaljer som h\u00f6jer komfort och anv\u00e4ndarv\u00e4nlighet.<\/p>\n","protected":false},"excerpt":{"rendered":"<div id=\"ctl00_cph1_lTxt\">\n<ul>\n<li>Barn<\/li>\n<li>Universal storlek<\/li>\n<li>Passar h\u00f6ger och v\u00e4nster<\/li>\n<li>L\u00e4tt att komma i och ur<\/li>\n<\/ul>\n<\/div>\n<div id=\"ctl00_cph1_prodInfo\"><\/div>\n","protected":false},"featured_media":10343,"template":"","meta":[],"product_brand":[],"product_cat":[219,1202],"product_tag":[],"class_list":{"0":"post-10071","1":"product","2":"type-product","3":"status-publish","4":"has-post-thumbnail","6":"product_cat-axel","7":"product_cat-post-op-trauma","8":"pa_varumarke-embreis","10":"first","11":"instock","12":"shipping-taxable","13":"product-type-simple"},"acf":[],"yoast_head":"<!-- This site is optimized with the Yoast SEO Premium plugin v25.3.1 (Yoast SEO v25.3.1) - https:\/\/yoast.com\/wordpress\/plugins\/seo\/ -->\n<title>eLock OTW Junior - Embreis DK<\/title>\n<meta name=\"robots\" content=\"index, follow, max-snippet:-1, max-image-preview:large, max-video-preview:-1\" \/>\n<link rel=\"canonical\" href=\"https:\/\/embreis.com\/dk\/produkt\/elock-otw-junior\/\" \/>\n<meta property=\"og:locale\" content=\"sv_SE\" \/>\n<meta property=\"og:type\" content=\"article\" \/>\n<meta property=\"og:title\" content=\"eLock OTW Junior\" \/>\n<meta property=\"og:description\" content=\"Barn  Universal storlek  Passar h\u00f6ger och v\u00e4nster  L\u00e4tt att komma i och ur\" \/>\n<meta property=\"og:url\" content=\"https:\/\/embreis.com\/dk\/produkt\/elock-otw-junior\/\" \/>\n<meta property=\"og:site_name\" content=\"Embreis DK\" \/>\n<meta property=\"article:modified_time\" content=\"2022-01-31T13:49:38+00:00\" \/>\n<meta property=\"og:image\" content=\"https:\/\/embreis.com\/dk\/wp-content\/uploads\/sites\/8\/2020\/12\/E217100_1.jpg\" \/>\n\t<meta property=\"og:image:width\" content=\"567\" \/>\n\t<meta property=\"og:image:height\" content=\"567\" \/>\n\t<meta property=\"og:image:type\" content=\"image\/jpeg\" \/>\n<meta name=\"twitter:card\" content=\"summary_large_image\" \/>\n<script type=\"application\/ld+json\" class=\"yoast-schema-graph\">{\"@context\":\"https:\/\/schema.org\",\"@graph\":[{\"@type\":\"WebPage\",\"@id\":\"https:\/\/embreis.com\/dk\/produkt\/elock-otw-junior\/\",\"url\":\"https:\/\/embreis.com\/dk\/produkt\/elock-otw-junior\/\",\"name\":\"eLock OTW Junior - Embreis DK\",\"isPartOf\":{\"@id\":\"https:\/\/embreis.com\/dk\/#website\"},\"primaryImageOfPage\":{\"@id\":\"https:\/\/embreis.com\/dk\/produkt\/elock-otw-junior\/#primaryimage\"},\"image\":{\"@id\":\"https:\/\/embreis.com\/dk\/produkt\/elock-otw-junior\/#primaryimage\"},\"thumbnailUrl\":\"https:\/\/embreis.com\/dk\/wp-content\/uploads\/sites\/8\/2020\/12\/E217100_1.jpg\",\"datePublished\":\"2020-12-09T13:45:38+00:00\",\"dateModified\":\"2022-01-31T13:49:38+00:00\",\"breadcrumb\":{\"@id\":\"https:\/\/embreis.com\/dk\/produkt\/elock-otw-junior\/#breadcrumb\"},\"inLanguage\":\"sv-SE\",\"potentialAction\":[{\"@type\":\"ReadAction\",\"target\":[\"https:\/\/embreis.com\/dk\/produkt\/elock-otw-junior\/\"]}]},{\"@type\":\"ImageObject\",\"inLanguage\":\"sv-SE\",\"@id\":\"https:\/\/embreis.com\/dk\/produkt\/elock-otw-junior\/#primaryimage\",\"url\":\"https:\/\/embreis.com\/dk\/wp-content\/uploads\/sites\/8\/2020\/12\/E217100_1.jpg\",\"contentUrl\":\"https:\/\/embreis.com\/dk\/wp-content\/uploads\/sites\/8\/2020\/12\/E217100_1.jpg\",\"width\":567,\"height\":567},{\"@type\":\"BreadcrumbList\",\"@id\":\"https:\/\/embreis.com\/dk\/produkt\/elock-otw-junior\/#breadcrumb\",\"itemListElement\":[{\"@type\":\"ListItem\",\"position\":1,\"name\":\"Hem\",\"item\":\"https:\/\/embreis.com\/dk\/\"},{\"@type\":\"ListItem\",\"position\":2,\"name\":\"Sortiment\",\"item\":\"https:\/\/embreis.com\/dk\/sortiment\/\"},{\"@type\":\"ListItem\",\"position\":3,\"name\":\"Ortos\",\"item\":\"https:\/\/embreis.com\/dk\/produktkategori\/ortos\/\"},{\"@type\":\"ListItem\",\"position\":4,\"name\":\"Axel\",\"item\":\"https:\/\/embreis.com\/dk\/produktkategori\/ortos\/axel\/\"},{\"@type\":\"ListItem\",\"position\":5,\"name\":\"Post-op - Trauma\",\"item\":\"https:\/\/embreis.com\/dk\/produktkategori\/ortos\/axel\/post-op-trauma\/\"},{\"@type\":\"ListItem\",\"position\":6,\"name\":\"eLock OTW Junior\"}]},{\"@type\":\"WebSite\",\"@id\":\"https:\/\/embreis.com\/dk\/#website\",\"url\":\"https:\/\/embreis.com\/dk\/\",\"name\":\"Embreis DK\",\"description\":\"Ortoser, proteser och material\",\"potentialAction\":[{\"@type\":\"SearchAction\",\"target\":{\"@type\":\"EntryPoint\",\"urlTemplate\":\"https:\/\/embreis.com\/dk\/?s={search_term_string}\"},\"query-input\":{\"@type\":\"PropertyValueSpecification\",\"valueRequired\":true,\"valueName\":\"search_term_string\"}}],\"inLanguage\":\"sv-SE\"}]}<\/script>\n<!-- \/ Yoast SEO Premium plugin. -->","yoast_head_json":{"title":"eLock OTW Junior - Embreis DK","robots":{"index":"index","follow":"follow","max-snippet":"max-snippet:-1","max-image-preview":"max-image-preview:large","max-video-preview":"max-video-preview:-1"},"canonical":"https:\/\/embreis.com\/dk\/produkt\/elock-otw-junior\/","og_locale":"sv_SE","og_type":"article","og_title":"eLock OTW Junior","og_description":"Barn  Universal storlek  Passar h\u00f6ger och v\u00e4nster  L\u00e4tt att komma i och ur","og_url":"https:\/\/embreis.com\/dk\/produkt\/elock-otw-junior\/","og_site_name":"Embreis DK","article_modified_time":"2022-01-31T13:49:38+00:00","og_image":[{"width":567,"height":567,"url":"https:\/\/embreis.com\/dk\/wp-content\/uploads\/sites\/8\/2020\/12\/E217100_1.jpg","type":"image\/jpeg"}],"twitter_card":"summary_large_image","schema":{"@context":"https:\/\/schema.org","@graph":[{"@type":"WebPage","@id":"https:\/\/embreis.com\/dk\/produkt\/elock-otw-junior\/","url":"https:\/\/embreis.com\/dk\/produkt\/elock-otw-junior\/","name":"eLock OTW Junior - Embreis DK","isPartOf":{"@id":"https:\/\/embreis.com\/dk\/#website"},"primaryImageOfPage":{"@id":"https:\/\/embreis.com\/dk\/produkt\/elock-otw-junior\/#primaryimage"},"image":{"@id":"https:\/\/embreis.com\/dk\/produkt\/elock-otw-junior\/#primaryimage"},"thumbnailUrl":"https:\/\/embreis.com\/dk\/wp-content\/uploads\/sites\/8\/2020\/12\/E217100_1.jpg","datePublished":"2020-12-09T13:45:38+00:00","dateModified":"2022-01-31T13:49:38+00:00","breadcrumb":{"@id":"https:\/\/embreis.com\/dk\/produkt\/elock-otw-junior\/#breadcrumb"},"inLanguage":"sv-SE","potentialAction":[{"@type":"ReadAction","target":["https:\/\/embreis.com\/dk\/produkt\/elock-otw-junior\/"]}]},{"@type":"ImageObject","inLanguage":"sv-SE","@id":"https:\/\/embreis.com\/dk\/produkt\/elock-otw-junior\/#primaryimage","url":"https:\/\/embreis.com\/dk\/wp-content\/uploads\/sites\/8\/2020\/12\/E217100_1.jpg","contentUrl":"https:\/\/embreis.com\/dk\/wp-content\/uploads\/sites\/8\/2020\/12\/E217100_1.jpg","width":567,"height":567},{"@type":"BreadcrumbList","@id":"https:\/\/embreis.com\/dk\/produkt\/elock-otw-junior\/#breadcrumb","itemListElement":[{"@type":"ListItem","position":1,"name":"Hem","item":"https:\/\/embreis.com\/dk\/"},{"@type":"ListItem","position":2,"name":"Sortiment","item":"https:\/\/embreis.com\/dk\/sortiment\/"},{"@type":"ListItem","position":3,"name":"Ortos","item":"https:\/\/embreis.com\/dk\/produktkategori\/ortos\/"},{"@type":"ListItem","position":4,"name":"Axel","item":"https:\/\/embreis.com\/dk\/produktkategori\/ortos\/axel\/"},{"@type":"ListItem","position":5,"name":"Post-op - Trauma","item":"https:\/\/embreis.com\/dk\/produktkategori\/ortos\/axel\/post-op-trauma\/"},{"@type":"ListItem","position":6,"name":"eLock OTW Junior"}]},{"@type":"WebSite","@id":"https:\/\/embreis.com\/dk\/#website","url":"https:\/\/embreis.com\/dk\/","name":"Embreis DK","description":"Ortoser, proteser och material","potentialAction":[{"@type":"SearchAction","target":{"@type":"EntryPoint","urlTemplate":"https:\/\/embreis.com\/dk\/?s={search_term_string}"},"query-input":{"@type":"PropertyValueSpecification","valueRequired":true,"valueName":"search_term_string"}}],"inLanguage":"sv-SE"}]}},"_links":{"self":[{"href":"https:\/\/embreis.com\/dk\/wp-json\/wp\/v2\/product\/10071","targetHints":{"allow":["GET"]}}],"collection":[{"href":"https:\/\/embreis.com\/dk\/wp-json\/wp\/v2\/product"}],"about":[{"href":"https:\/\/embreis.com\/dk\/wp-json\/wp\/v2\/types\/product"}],"wp:featuredmedia":[{"embeddable":true,"href":"https:\/\/embreis.com\/dk\/wp-json\/wp\/v2\/media\/10343"}],"wp:attachment":[{"href":"https:\/\/embreis.com\/dk\/wp-json\/wp\/v2\/media?parent=10071"}],"wp:term":[{"taxonomy":"product_brand","embeddable":true,"href":"https:\/\/embreis.com\/dk\/wp-json\/wp\/v2\/product_brand?post=10071"},{"taxonomy":"product_cat","embeddable":true,"href":"https:\/\/embreis.com\/dk\/wp-json\/wp\/v2\/product_cat?post=10071"},{"taxonomy":"product_tag","embeddable":true,"href":"https:\/\/embreis.com\/dk\/wp-json\/wp\/v2\/product_tag?post=10071"}],"curies":[{"name":"wp","href":"https:\/\/api.w.org\/{rel}","templated":true}]}}