{"id":1675,"date":"2019-09-25T08:06:20","date_gmt":"2019-09-25T06:06:20","guid":{"rendered":"http:\/\/embreiscom.wpengine.com\/?page_id=1675"},"modified":"2022-01-05T10:44:40","modified_gmt":"2022-01-05T08:44:40","slug":"returblanketter","status":"publish","type":"page","link":"https:\/\/embreis.com\/dk\/dokument\/returblanketter\/","title":{"rendered":"Returblanketter"},"content":{"rendered":"<div class=\"fusion-fullwidth fullwidth-box fusion-builder-row-1 nonhundred-percent-fullwidth non-hundred-percent-height-scrolling\" style=\"--awb-border-radius-top-left:0px;--awb-border-radius-top-right:0px;--awb-border-radius-bottom-right:0px;--awb-border-radius-bottom-left:0px;\" ><div class=\"fusion-builder-row fusion-row\"><div class=\"fusion-layout-column fusion_builder_column fusion-builder-column-0 fusion_builder_column_1_1 1_1 fusion-one-full fusion-column-first fusion-column-last\" style=\"--awb-bg-size:cover;\"><div class=\"fusion-column-wrapper fusion-column-has-shadow fusion-flex-column-wrapper-legacy\"><div class=\"fusion-title title fusion-title-1 fusion-sep-none fusion-title-text fusion-title-size-one\"><h1 class=\"title-heading-left\" style=\"margin:0;\">Returblanketter<\/h1><\/div><div class=\"fusion-clearfix\"><\/div><\/div><\/div><div class=\"fusion-layout-column fusion_builder_column fusion-builder-column-1 fusion_builder_column_1_4 1_4 fusion-one-fourth fusion-column-first\" style=\"--awb-bg-size:cover;width:25%;width:calc(25% - ( ( 4% + 4% + 4% ) * 0.25 ) );margin-right: 4%;\"><div class=\"fusion-column-wrapper fusion-column-has-shadow fusion-flex-column-wrapper-legacy\"><div class=\"fusion-title title fusion-title-2 fusion-sep-none fusion-title-text fusion-title-size-three\"><h3 class=\"title-heading-left\" style=\"margin:0;\">Returblankett Sverige<\/h3><\/div><div class=\"fusion-text fusion-text-1\"><p><a title=\"Blankett SE\" href=\"https:\/\/embreis.com\/dk\/wp-content\/uploads\/sites\/8\/2019\/10\/Blankett-SE.pdf\" download=\"\"><i class=\"fb-icon-element-1 fb-icon-element fontawesome-icon fa-file-alt far circle-no fusion-text-flow\" style=\"--awb-iconcolor:#000;--awb-iconcolor-hover:#000;--awb-font-size:32px;--awb-margin-right:16px;\"><\/i> <span class=\"download-text\">Blankett SE<\/span><\/a><\/p>\n<\/div><div class=\"fusion-clearfix\"><\/div><\/div><\/div><div class=\"fusion-layout-column fusion_builder_column fusion-builder-column-2 fusion_builder_column_1_4 1_4 fusion-one-fourth\" style=\"--awb-bg-size:cover;width:25%;width:calc(25% - ( ( 4% + 4% + 4% ) * 0.25 ) );margin-right: 4%;\"><div class=\"fusion-column-wrapper fusion-column-has-shadow fusion-flex-column-wrapper-legacy\"><div class=\"fusion-title title fusion-title-3 fusion-sep-none fusion-title-text fusion-title-size-three\"><h3 class=\"title-heading-left\" style=\"margin:0;\">Returblankett Norge<\/h3><\/div><div class=\"fusion-text fusion-text-2\"><p><a title=\"Blankett NO\" href=\"https:\/\/embreis.com\/dk\/wp-content\/uploads\/sites\/8\/2019\/10\/Blankett-NO.pdf\" download=\"\"><i class=\"fb-icon-element-2 fb-icon-element fontawesome-icon fa-file-alt far circle-no fusion-text-flow\" style=\"--awb-iconcolor:#000;--awb-iconcolor-hover:#000;--awb-font-size:32px;--awb-margin-right:16px;\"><\/i> <span class=\"download-text\">Blankett NO<\/span><\/a><\/p>\n<\/div><div class=\"fusion-clearfix\"><\/div><\/div><\/div><div class=\"fusion-layout-column fusion_builder_column fusion-builder-column-3 fusion_builder_column_1_4 1_4 fusion-one-fourth\" style=\"--awb-bg-size:cover;width:25%;width:calc(25% - ( ( 4% + 4% + 4% ) * 0.25 ) );margin-right: 4%;\"><div class=\"fusion-column-wrapper fusion-column-has-shadow fusion-flex-column-wrapper-legacy\"><div class=\"fusion-title title fusion-title-4 fusion-sep-none fusion-title-text fusion-title-size-three\"><h3 class=\"title-heading-left\" style=\"margin:0;\">Returblankett Finland<\/h3><\/div><div class=\"fusion-text fusion-text-3\"><p><a title=\"Blankett FI\" href=\"https:\/\/embreis.com\/dk\/wp-content\/uploads\/sites\/8\/2019\/10\/Blankett-FI.pdf\" download=\"\"><i class=\"fb-icon-element-3 fb-icon-element fontawesome-icon fa-file-alt far circle-no fusion-text-flow\" style=\"--awb-iconcolor:#000;--awb-iconcolor-hover:#000;--awb-font-size:32px;--awb-margin-right:16px;\"><\/i> <span class=\"download-text\">Blankett FI<\/span><\/a><\/p>\n<\/div><div class=\"fusion-clearfix\"><\/div><\/div><\/div><div class=\"fusion-layout-column fusion_builder_column fusion-builder-column-4 fusion_builder_column_1_4 1_4 fusion-one-fourth fusion-column-last\" style=\"--awb-bg-size:cover;width:25%;width:calc(25% - ( ( 4% + 4% + 4% ) * 0.25 ) );\"><div class=\"fusion-column-wrapper fusion-column-has-shadow fusion-flex-column-wrapper-legacy\"><div class=\"fusion-title title fusion-title-5 fusion-sep-none fusion-title-text fusion-title-size-three\"><h3 class=\"title-heading-left\" style=\"margin:0;\">Return form English<\/h3><\/div><div class=\"fusion-text fusion-text-4\"><p><a title=\"Form ENG\" href=\"https:\/\/embreis.com\/dk\/wp-content\/uploads\/sites\/8\/2019\/10\/Form-ENG.pdf\" download=\"\"><i class=\"fb-icon-element-4 fb-icon-element fontawesome-icon fa-file-alt far circle-no fusion-text-flow\" style=\"--awb-iconcolor:#000;--awb-iconcolor-hover:#000;--awb-font-size:32px;--awb-margin-right:16px;\"><\/i> <span class=\"download-text\">Form ENG<\/span><\/a><\/p>\n<\/div><div class=\"fusion-clearfix\"><\/div><\/div><\/div><div class=\"fusion-layout-column fusion_builder_column fusion-builder-column-5 fusion_builder_column_1_1 1_1 fusion-one-full fusion-column-first fusion-column-last\" style=\"--awb-bg-size:cover;\"><div class=\"fusion-column-wrapper fusion-column-has-shadow fusion-flex-column-wrapper-legacy\"><div class=\"fusion-title title fusion-title-6 fusion-sep-none fusion-title-text fusion-title-size-two\"><h2 class=\"title-heading-left\" style=\"margin:0;\">Returer<\/h2><\/div><div class=\"fusion-text fusion-text-5\"><p>Felbest\u00e4llda eller fellevererade varor skall returneras inom 30 dgr fr\u00e5n leveransdatum, om ingen annan \u00f6verenskommelse finns. Vid retur av produkter beh\u00f6ver vi f\u00e5 artikelnummer och fakturanummer mailat till oss eller bifogat med produkten.\u00a0 F\u00f6r returnerade, oanv\u00e4nda varor eller returer f\u00f6r utbyte g\u00e4ller:<\/p>\n<ol>\n<li>\u00c4ldre \u00e4n 30 dagar fr\u00e5n leveransdatum, faktureras en administrations- och hanteringsavgift p\u00e5 20 % av faktureringsv\u00e4rdet.<\/li>\n<li>\u00c4ldre \u00e4n 90 dagar fr\u00e5n leveransdatum, \u00e5tertages varor ej.<\/li>\n<li>Special- och m\u00e5ttbest\u00e4llda produkter \u00e5tertages ej.<\/li>\n<li>F\u00f6r skadat emballage g\u00f6rs ett avdrag p\u00e5 20% av produktv\u00e4rdet.<\/li>\n<li>Varor krediteras f\u00f6rutsatt att produkten \u00e4r oanv\u00e4nd samt tillh\u00f6rande produktf\u00f6rpackning \u00e4r oskadat och \u00e4r i s\u00e4ljbart skick.<\/li>\n<\/ol>\n<\/div><div class=\"fusion-clearfix\"><\/div><\/div><\/div><\/div><\/div>\n","protected":false},"excerpt":{"rendered":"","protected":false},"author":3,"featured_media":0,"parent":1672,"menu_order":0,"comment_status":"closed","ping_status":"closed","template":"","meta":{"footnotes":""},"class_list":["post-1675","page","type-page","status-publish","hentry"],"acf":[],"yoast_head":"<!-- This site is optimized with the Yoast SEO Premium plugin v25.3.1 (Yoast SEO v25.3.1) - https:\/\/yoast.com\/wordpress\/plugins\/seo\/ -->\n<title>Returblanketter - Embreis DK<\/title>\n<meta name=\"robots\" content=\"index, follow, max-snippet:-1, max-image-preview:large, max-video-preview:-1\" \/>\n<link rel=\"canonical\" href=\"https:\/\/embreis.com\/dk\/dokument\/returblanketter\/\" \/>\n<meta property=\"og:locale\" content=\"sv_SE\" \/>\n<meta property=\"og:type\" content=\"article\" \/>\n<meta property=\"og:title\" content=\"Returblanketter\" \/>\n<meta property=\"og:url\" content=\"https:\/\/embreis.com\/dk\/dokument\/returblanketter\/\" \/>\n<meta property=\"og:site_name\" content=\"Embreis DK\" \/>\n<meta property=\"article:modified_time\" content=\"2022-01-05T08:44:40+00:00\" \/>\n<meta name=\"twitter:card\" content=\"summary_large_image\" \/>\n<meta name=\"twitter:label1\" content=\"Ber\u00e4knad l\u00e4stid\" \/>\n\t<meta name=\"twitter:data1\" content=\"11 minuter\" \/>\n<script type=\"application\/ld+json\" class=\"yoast-schema-graph\">{\"@context\":\"https:\/\/schema.org\",\"@graph\":[{\"@type\":\"WebPage\",\"@id\":\"https:\/\/embreis.com\/dk\/dokument\/returblanketter\/\",\"url\":\"https:\/\/embreis.com\/dk\/dokument\/returblanketter\/\",\"name\":\"Returblanketter - Embreis DK\",\"isPartOf\":{\"@id\":\"https:\/\/embreis.com\/dk\/#website\"},\"datePublished\":\"2019-09-25T06:06:20+00:00\",\"dateModified\":\"2022-01-05T08:44:40+00:00\",\"breadcrumb\":{\"@id\":\"https:\/\/embreis.com\/dk\/dokument\/returblanketter\/#breadcrumb\"},\"inLanguage\":\"sv-SE\",\"potentialAction\":[{\"@type\":\"ReadAction\",\"target\":[\"https:\/\/embreis.com\/dk\/dokument\/returblanketter\/\"]}]},{\"@type\":\"BreadcrumbList\",\"@id\":\"https:\/\/embreis.com\/dk\/dokument\/returblanketter\/#breadcrumb\",\"itemListElement\":[{\"@type\":\"ListItem\",\"position\":1,\"name\":\"Hem\",\"item\":\"https:\/\/embreis.com\/dk\/\"},{\"@type\":\"ListItem\",\"position\":2,\"name\":\"Dokument\",\"item\":\"https:\/\/embreis.com\/dk\/dokument\/\"},{\"@type\":\"ListItem\",\"position\":3,\"name\":\"Returblanketter\"}]},{\"@type\":\"WebSite\",\"@id\":\"https:\/\/embreis.com\/dk\/#website\",\"url\":\"https:\/\/embreis.com\/dk\/\",\"name\":\"Embreis DK\",\"description\":\"Ortoser, proteser och material\",\"potentialAction\":[{\"@type\":\"SearchAction\",\"target\":{\"@type\":\"EntryPoint\",\"urlTemplate\":\"https:\/\/embreis.com\/dk\/?s={search_term_string}\"},\"query-input\":{\"@type\":\"PropertyValueSpecification\",\"valueRequired\":true,\"valueName\":\"search_term_string\"}}],\"inLanguage\":\"sv-SE\"}]}<\/script>\n<!-- \/ Yoast SEO Premium plugin. -->","yoast_head_json":{"title":"Returblanketter - Embreis DK","robots":{"index":"index","follow":"follow","max-snippet":"max-snippet:-1","max-image-preview":"max-image-preview:large","max-video-preview":"max-video-preview:-1"},"canonical":"https:\/\/embreis.com\/dk\/dokument\/returblanketter\/","og_locale":"sv_SE","og_type":"article","og_title":"Returblanketter","og_url":"https:\/\/embreis.com\/dk\/dokument\/returblanketter\/","og_site_name":"Embreis DK","article_modified_time":"2022-01-05T08:44:40+00:00","twitter_card":"summary_large_image","twitter_misc":{"Ber\u00e4knad l\u00e4stid":"11 minuter"},"schema":{"@context":"https:\/\/schema.org","@graph":[{"@type":"WebPage","@id":"https:\/\/embreis.com\/dk\/dokument\/returblanketter\/","url":"https:\/\/embreis.com\/dk\/dokument\/returblanketter\/","name":"Returblanketter - Embreis DK","isPartOf":{"@id":"https:\/\/embreis.com\/dk\/#website"},"datePublished":"2019-09-25T06:06:20+00:00","dateModified":"2022-01-05T08:44:40+00:00","breadcrumb":{"@id":"https:\/\/embreis.com\/dk\/dokument\/returblanketter\/#breadcrumb"},"inLanguage":"sv-SE","potentialAction":[{"@type":"ReadAction","target":["https:\/\/embreis.com\/dk\/dokument\/returblanketter\/"]}]},{"@type":"BreadcrumbList","@id":"https:\/\/embreis.com\/dk\/dokument\/returblanketter\/#breadcrumb","itemListElement":[{"@type":"ListItem","position":1,"name":"Hem","item":"https:\/\/embreis.com\/dk\/"},{"@type":"ListItem","position":2,"name":"Dokument","item":"https:\/\/embreis.com\/dk\/dokument\/"},{"@type":"ListItem","position":3,"name":"Returblanketter"}]},{"@type":"WebSite","@id":"https:\/\/embreis.com\/dk\/#website","url":"https:\/\/embreis.com\/dk\/","name":"Embreis DK","description":"Ortoser, proteser och material","potentialAction":[{"@type":"SearchAction","target":{"@type":"EntryPoint","urlTemplate":"https:\/\/embreis.com\/dk\/?s={search_term_string}"},"query-input":{"@type":"PropertyValueSpecification","valueRequired":true,"valueName":"search_term_string"}}],"inLanguage":"sv-SE"}]}},"_links":{"self":[{"href":"https:\/\/embreis.com\/dk\/wp-json\/wp\/v2\/pages\/1675","targetHints":{"allow":["GET"]}}],"collection":[{"href":"https:\/\/embreis.com\/dk\/wp-json\/wp\/v2\/pages"}],"about":[{"href":"https:\/\/embreis.com\/dk\/wp-json\/wp\/v2\/types\/page"}],"author":[{"embeddable":true,"href":"https:\/\/embreis.com\/dk\/wp-json\/wp\/v2\/users\/3"}],"replies":[{"embeddable":true,"href":"https:\/\/embreis.com\/dk\/wp-json\/wp\/v2\/comments?post=1675"}],"version-history":[{"count":0,"href":"https:\/\/embreis.com\/dk\/wp-json\/wp\/v2\/pages\/1675\/revisions"}],"up":[{"embeddable":true,"href":"https:\/\/embreis.com\/dk\/wp-json\/wp\/v2\/pages\/1672"}],"wp:attachment":[{"href":"https:\/\/embreis.com\/dk\/wp-json\/wp\/v2\/media?parent=1675"}],"curies":[{"name":"wp","href":"https:\/\/api.w.org\/{rel}","templated":true}]}}