{"id":1661,"date":"2019-09-25T07:53:18","date_gmt":"2019-09-25T05:53:18","guid":{"rendered":"http:\/\/embreiscom.wpengine.com\/?page_id=1661"},"modified":"2024-08-28T11:00:01","modified_gmt":"2024-08-28T09:00:01","slug":"forsaljningsvillkor","status":"publish","type":"page","link":"https:\/\/embreis.com\/dk\/kundsupport\/forsaljningsvillkor\/","title":{"rendered":"F\u00f6rs\u00e4ljningsvillkor"},"content":{"rendered":"<div class=\"fusion-fullwidth fullwidth-box fusion-builder-row-1 nonhundred-percent-fullwidth non-hundred-percent-height-scrolling\" style=\"--awb-border-radius-top-left:0px;--awb-border-radius-top-right:0px;--awb-border-radius-bottom-right:0px;--awb-border-radius-bottom-left:0px;\" ><div class=\"fusion-builder-row fusion-row\"><div class=\"fusion-layout-column fusion_builder_column fusion-builder-column-0 fusion_builder_column_1_1 1_1 fusion-one-full fusion-column-first fusion-column-last\" style=\"--awb-bg-size:cover;\"><div class=\"fusion-column-wrapper fusion-column-has-shadow fusion-flex-column-wrapper-legacy\"><div class=\"fusion-title title fusion-title-1 fusion-sep-none fusion-title-text fusion-title-size-one\"><h1 class=\"title-heading-left\" style=\"margin:0;\">F\u00f6rs\u00e4ljningsvillkor<\/h1><\/div><div class=\"fusion-text fusion-text-1\"><p>F\u00f6ljande allm\u00e4nna villkor g\u00e4ller f\u00f6r f\u00f6rs\u00e4ljning av produkter och annan l\u00f6s egendom (nedan kallade produkterna) av Embreis AB, nedan kallat S\u00e4ljaren, om inte annat s\u00e4rskilt \u00f6verenskommits skriftligt mellan respektive kund (nedan kallad\u00a0Kunden) och S\u00e4ljaren. Vid f\u00f6rs\u00e4ljning till konsument till\u00e4mpar S\u00e4ljaren de tvingande regler som f\u00f6ljer av till\u00e4mplig lagstiftning.<\/p>\n<\/div><div class=\"fusion-title title fusion-title-2 fusion-sep-none fusion-title-text fusion-title-size-two\"><h2 class=\"title-heading-left\" style=\"margin:0;\">Best\u00e4llning<\/h2><\/div><div class=\"fusion-text fusion-text-2\"><p>Best\u00e4llning av produkterna sker via S\u00e4ljarens hemsida, telefon eller mejl. Vid best\u00e4llning tr\u00e4ffas avtal f\u00f6rst n\u00e4r S\u00e4ljaren bekr\u00e4ftat best\u00e4llningen genom en orderbekr\u00e4ftelse via mejl. S\u00e4ljaren ing\u00e5r inte avtal med minder\u00e5riga (under 18 \u00e5r) utan m\u00e5lsmans godk\u00e4nnande. S\u00e4ljaren f\u00f6rbeh\u00e5ller sig f\u00f6r fel i information samt fel i specifikation, p\u00e5 samtliga i S\u00e4ljarens sortiment f\u00f6rekommande produkter och tj\u00e4nster. All bildinformation ska ses som illustrationer och kan ej heller garanteras \u00e5terge varans exakta utseende och beskaffenhet. Vid eventuella felaktigheter i angivande av lagerstatus, f\u00f6rbeh\u00e5lls S\u00e4ljaren r\u00e4tten att korrigera detta i efterhand. Detta inneb\u00e4r bland annat att om en produkt i S\u00e4ljarens sortiment har utg\u00e5tt eller av annan anledning inte finns att tillg\u00e5 med iakttagande av rimliga anstr\u00e4ngningar, \u00e4r S\u00e4ljaren ej skyldig att tillhandah\u00e5lla s\u00e5dan produkt oaktat att Kunden best\u00e4llt densamma enligt ovan.<\/p>\n<\/div><div class=\"fusion-title title fusion-title-3 fusion-sep-none fusion-title-text fusion-title-size-two\"><h2 class=\"title-heading-left\" style=\"margin:0;\">Leveransvillkor<\/h2><\/div><div class=\"fusion-text fusion-text-3\"><p>S\u00e4ljaren levererar alla produkter i samarbete med spedit\u00f6rerna PostNord (Posten), DHL och FedEx. Vid st\u00f6rre leveranser kan undantag ske. Leveranstiden \u00e4r normalt 1-3 arbetsdagar men varierar med produkt typ. Inneh\u00e5ller ordern best\u00e4llningsvaror inv\u00e4ntar S\u00e4ljaren varan innan leverans till Kunden sker. Om S\u00e4ljaren inte kan leverera hela best\u00e4llningen inom 14 dagar kommer S\u00e4ljaren att del leverera best\u00e4llningen utan extra kostnad f\u00f6r Kunden.<\/p>\n<p>Vid utl\u00e4mningen\/leveransen av Produkterna ska Kunden alltid uppvisa legitimation. Om leveransf\u00f6rsening uppst\u00e5r meddelar S\u00e4ljaren Kunden detta via mejl. Kunden har alltid r\u00e4tt att h\u00e4va k\u00f6pet vid l\u00e5ngvariga leveransf\u00f6rseningar. H\u00e4vning av k\u00f6p ska ske skriftligen via brev eller mejl. S\u00e4ljaren betalar tillbaka erlagt k\u00f6pbelopp senast 30 dagar efter att skriftlig h\u00e4vning har inkommit. Det kan finnas tillf\u00e4llen d\u00e5 det \u00e4r om\u00f6jligt att fullf\u00f6lja en best\u00e4llning, till exempel ifall S\u00e4ljarens leverant\u00f6r inte kan fullf\u00f6lja sina \u00e5taganden gentemot S\u00e4ljaren. S\u00e4ljaren f\u00f6rbeh\u00e5ller sig d\u00e4rf\u00f6r r\u00e4tten att friskriva sig fr\u00e5n alla krav p\u00e5 ers\u00e4ttning fr\u00e5n Kunden g\u00e4llande leveransf\u00f6rseningar.<\/p>\n<p>S\u00e4ljaren ansvarar f\u00f6r transportrisken, det vill s\u00e4ga risken f\u00f6r att en produkt skadas eller kommer bort under transporten till Kunden. Kunden st\u00e5r f\u00f6r risken vid eventuell retur till S\u00e4ljaren.<\/p>\n<p>Kunden \u00e4r skyldig att anm\u00e4la eventuella transportskador till S\u00e4ljarens kundtj\u00e4nst inom sju arbetsdagar fr\u00e5n det tillf\u00e4lle att godset emottagits. Kunden ansvarar d\u00e4rf\u00f6r f\u00f6r att av emballera och inspektera produktens skick snarast efter mottagandet av godset.<\/p>\n<p>I h\u00e4ndelse av transportskada f\u00e5r inte produkten anv\u00e4ndas av Kunden och Kunden m\u00e5ste ocks\u00e5 beh\u00e5lla produktens emballage, s\u00e5 att detta kan besiktigas vid handl\u00e4ggning av skade\u00e4rendet.<\/p>\n<\/div><div class=\"fusion-title title fusion-title-4 fusion-sep-none fusion-title-text fusion-title-size-two\"><h2 class=\"title-heading-left\" style=\"margin:0;\">Priser och betalning<\/h2><\/div><div class=\"fusion-text fusion-text-4\"><p>Alla priser och avgifter som anges p\u00e5 S\u00e4ljarens webbplats \u00e4r angivna exkl moms, moms och eventuella fraktkostnader redovisas innan k\u00f6pet ska bekr\u00e4ftas.<\/p>\n<p><span style=\"text-decoration: underline;\">Betalningsvillkor \u00e4r 30 dgr netto efter faktura datum om inte annan \u00f6verenskommelse finns.<\/span><\/p>\n<p>S\u00e4ljaren reserverar sig f\u00f6r felskrivningar och tekniska problem i samband med prisangivelser och f\u00f6rbeh\u00e5ller sig r\u00e4tten att makulera uppenbart felaktiga best\u00e4llningar.<\/p>\n<\/div><div class=\"fusion-title title fusion-title-5 fusion-sep-none fusion-title-text fusion-title-size-two\"><h2 class=\"title-heading-left\" style=\"margin:0;\">Garanti och reklamationsr\u00e4tt<\/h2><\/div><div class=\"fusion-text fusion-text-5\"><p>Vid reklamationer och garanti\u00e4renden \u00e4r Kunden skyldig att snarast anm\u00e4la felet till\u00a0<a href=\"mailto:info@embreis.com\/dk\">info@embreis.com\/dk<\/a><br \/>\noch d\u00e4refter f\u00f6lja S\u00e4ljarens instruktioner. Efter att S\u00e4ljaren mottagit den returnerade varan kommer S\u00e4ljaren att behandla \u00e4rendet inom 30 dagar. S\u00e4ljaren ers\u00e4tter Kunden f\u00f6r eventuella fraktkostnader i samband med en reklamation.<\/p>\n<p>Service\u00e4renden vid eventuella felaktigheter, skador och dylikt som uppst\u00e5tt av n\u00e5gon annan anledning ska betalas av Kunden, i enlighet med K\u00f6plagens regler.<\/p>\n<\/div><div class=\"fusion-title title fusion-title-6 fusion-sep-none fusion-title-text fusion-title-size-two\"><h2 class=\"title-heading-left\" style=\"margin:0;\">Returer<\/h2><\/div><div class=\"fusion-text fusion-text-6\"><p>Felbest\u00e4llda eller fellevererade varor skall returneras inom 30 dgr fr\u00e5n leveransdatum, om ingen annan \u00f6verenskommelse finns. Vid retur av produkter beh\u00f6ver vi f\u00e5 artikelnummer och fakturanummer mailat till oss eller bifogat med produkten.\u00a0<a href=\"https:\/\/embreis.com\/se\/dokument\/returblanketter\/\">Du hittar v\u00e5ra returblanketter h\u00e4r.<\/a>\u00a0 F\u00f6r returnerade, oanv\u00e4nda varor eller returer f\u00f6r utbyte g\u00e4ller:<\/p>\n<div class=\"fusion-text fusion-text-9\">\n<ol>\n<li>\u00c4ldre \u00e4n 30 dagar fr\u00e5n leveransdatum, faktureras en administrations- och hanteringsavgift p\u00e5 20 % av faktureringsv\u00e4rdet.<\/li>\n<li>\u00c4ldre \u00e4n 90 dagar fr\u00e5n leveransdatum, \u00e5tertages varor ej.<\/li>\n<li>Special- och m\u00e5ttbest\u00e4llda produkter \u00e5tertages ej.<\/li>\n<li>F\u00f6r skadat emballage g\u00f6rs ett avdrag p\u00e5 20% av produktv\u00e4rdet.<\/li>\n<li>Varor krediteras f\u00f6rutsatt att produkten \u00e4r oanv\u00e4nd samt tillh\u00f6rande produktf\u00f6rpackning \u00e4r oskadat och \u00e4r i s\u00e4ljbart skick.<\/li>\n<\/ol>\n<\/div>\n<\/div><div class=\"fusion-title title fusion-title-7 fusion-sep-none fusion-title-text fusion-title-size-two\"><h2 class=\"title-heading-left\" style=\"margin:0;\">Force Majeure<\/h2><\/div><div class=\"fusion-text fusion-text-7\"><p>S\u00e4ljaren \u00e4r befriade fr\u00e5n att fullf\u00f6lja sina f\u00f6rpliktelse gentemot Kunden om detta beror p\u00e5 \u00e4ndrad lagstiftning, myndighets \u00e5tg\u00e4rd, konflikt p\u00e5 arbetsmarknaden, brand, \u00f6versv\u00e4mning, krig terrorism, sabotage, olycksh\u00e4ndelser av st\u00f6rre omfattning eller liknande h\u00e4ndelser.<\/p>\n<\/div><div class=\"fusion-title title fusion-title-8 fusion-sep-none fusion-title-text fusion-title-size-two\"><h2 class=\"title-heading-left\" style=\"margin:0;\">Tvister och lagval<\/h2><\/div><div class=\"fusion-text fusion-text-8\"><p>P\u00e5 dessa k\u00f6pvillkor ska svensk lag till\u00e4mpas. Vid eventuell tvist f\u00f6ljer vi Allm\u00e4nna Reklamationsn\u00e4mndens rekommendationer. Vid fr\u00e5gor eller funderingar om S\u00e4ljarens allm\u00e4nna villkor kontaktas kundtj\u00e4nst via mejl:\u00a0<a href=\"mailto:info@embreis.com\">info@embreis.com<\/a>.<\/p>\n<\/div><div class=\"fusion-clearfix\"><\/div><\/div><\/div><\/div><\/div>\n","protected":false},"excerpt":{"rendered":"","protected":false},"author":3,"featured_media":0,"parent":1658,"menu_order":0,"comment_status":"closed","ping_status":"closed","template":"","meta":{"footnotes":""},"class_list":["post-1661","page","type-page","status-publish","hentry"],"acf":[],"yoast_head":"<!-- This site is optimized with the Yoast SEO Premium plugin v25.3.1 (Yoast SEO v25.3.1) - https:\/\/yoast.com\/wordpress\/plugins\/seo\/ -->\n<title>F\u00f6rs\u00e4ljningsvillkor - Embreis DK<\/title>\n<meta name=\"robots\" content=\"index, follow, max-snippet:-1, max-image-preview:large, max-video-preview:-1\" \/>\n<link rel=\"canonical\" href=\"https:\/\/embreis.com\/dk\/kundsupport\/forsaljningsvillkor\/\" \/>\n<meta property=\"og:locale\" content=\"sv_SE\" \/>\n<meta property=\"og:type\" content=\"article\" \/>\n<meta property=\"og:title\" content=\"F\u00f6rs\u00e4ljningsvillkor\" \/>\n<meta property=\"og:url\" content=\"https:\/\/embreis.com\/dk\/kundsupport\/forsaljningsvillkor\/\" \/>\n<meta property=\"og:site_name\" content=\"Embreis DK\" \/>\n<meta property=\"article:modified_time\" content=\"2024-08-28T09:00:01+00:00\" \/>\n<meta name=\"twitter:card\" content=\"summary_large_image\" \/>\n<meta name=\"twitter:label1\" content=\"Ber\u00e4knad l\u00e4stid\" \/>\n\t<meta name=\"twitter:data1\" content=\"7 minuter\" \/>\n<script type=\"application\/ld+json\" class=\"yoast-schema-graph\">{\"@context\":\"https:\/\/schema.org\",\"@graph\":[{\"@type\":\"WebPage\",\"@id\":\"https:\/\/embreis.com\/dk\/kundsupport\/forsaljningsvillkor\/\",\"url\":\"https:\/\/embreis.com\/dk\/kundsupport\/forsaljningsvillkor\/\",\"name\":\"F\u00f6rs\u00e4ljningsvillkor - Embreis DK\",\"isPartOf\":{\"@id\":\"https:\/\/embreis.com\/dk\/#website\"},\"datePublished\":\"2019-09-25T05:53:18+00:00\",\"dateModified\":\"2024-08-28T09:00:01+00:00\",\"breadcrumb\":{\"@id\":\"https:\/\/embreis.com\/dk\/kundsupport\/forsaljningsvillkor\/#breadcrumb\"},\"inLanguage\":\"sv-SE\",\"potentialAction\":[{\"@type\":\"ReadAction\",\"target\":[\"https:\/\/embreis.com\/dk\/kundsupport\/forsaljningsvillkor\/\"]}]},{\"@type\":\"BreadcrumbList\",\"@id\":\"https:\/\/embreis.com\/dk\/kundsupport\/forsaljningsvillkor\/#breadcrumb\",\"itemListElement\":[{\"@type\":\"ListItem\",\"position\":1,\"name\":\"Hem\",\"item\":\"https:\/\/embreis.com\/dk\/\"},{\"@type\":\"ListItem\",\"position\":2,\"name\":\"Kundsupport\",\"item\":\"https:\/\/embreis.com\/dk\/kundsupport\/\"},{\"@type\":\"ListItem\",\"position\":3,\"name\":\"F\u00f6rs\u00e4ljningsvillkor\"}]},{\"@type\":\"WebSite\",\"@id\":\"https:\/\/embreis.com\/dk\/#website\",\"url\":\"https:\/\/embreis.com\/dk\/\",\"name\":\"Embreis DK\",\"description\":\"Ortoser, proteser och material\",\"potentialAction\":[{\"@type\":\"SearchAction\",\"target\":{\"@type\":\"EntryPoint\",\"urlTemplate\":\"https:\/\/embreis.com\/dk\/?s={search_term_string}\"},\"query-input\":{\"@type\":\"PropertyValueSpecification\",\"valueRequired\":true,\"valueName\":\"search_term_string\"}}],\"inLanguage\":\"sv-SE\"}]}<\/script>\n<!-- \/ Yoast SEO Premium plugin. -->","yoast_head_json":{"title":"F\u00f6rs\u00e4ljningsvillkor - Embreis DK","robots":{"index":"index","follow":"follow","max-snippet":"max-snippet:-1","max-image-preview":"max-image-preview:large","max-video-preview":"max-video-preview:-1"},"canonical":"https:\/\/embreis.com\/dk\/kundsupport\/forsaljningsvillkor\/","og_locale":"sv_SE","og_type":"article","og_title":"F\u00f6rs\u00e4ljningsvillkor","og_url":"https:\/\/embreis.com\/dk\/kundsupport\/forsaljningsvillkor\/","og_site_name":"Embreis DK","article_modified_time":"2024-08-28T09:00:01+00:00","twitter_card":"summary_large_image","twitter_misc":{"Ber\u00e4knad l\u00e4stid":"7 minuter"},"schema":{"@context":"https:\/\/schema.org","@graph":[{"@type":"WebPage","@id":"https:\/\/embreis.com\/dk\/kundsupport\/forsaljningsvillkor\/","url":"https:\/\/embreis.com\/dk\/kundsupport\/forsaljningsvillkor\/","name":"F\u00f6rs\u00e4ljningsvillkor - Embreis DK","isPartOf":{"@id":"https:\/\/embreis.com\/dk\/#website"},"datePublished":"2019-09-25T05:53:18+00:00","dateModified":"2024-08-28T09:00:01+00:00","breadcrumb":{"@id":"https:\/\/embreis.com\/dk\/kundsupport\/forsaljningsvillkor\/#breadcrumb"},"inLanguage":"sv-SE","potentialAction":[{"@type":"ReadAction","target":["https:\/\/embreis.com\/dk\/kundsupport\/forsaljningsvillkor\/"]}]},{"@type":"BreadcrumbList","@id":"https:\/\/embreis.com\/dk\/kundsupport\/forsaljningsvillkor\/#breadcrumb","itemListElement":[{"@type":"ListItem","position":1,"name":"Hem","item":"https:\/\/embreis.com\/dk\/"},{"@type":"ListItem","position":2,"name":"Kundsupport","item":"https:\/\/embreis.com\/dk\/kundsupport\/"},{"@type":"ListItem","position":3,"name":"F\u00f6rs\u00e4ljningsvillkor"}]},{"@type":"WebSite","@id":"https:\/\/embreis.com\/dk\/#website","url":"https:\/\/embreis.com\/dk\/","name":"Embreis DK","description":"Ortoser, proteser och material","potentialAction":[{"@type":"SearchAction","target":{"@type":"EntryPoint","urlTemplate":"https:\/\/embreis.com\/dk\/?s={search_term_string}"},"query-input":{"@type":"PropertyValueSpecification","valueRequired":true,"valueName":"search_term_string"}}],"inLanguage":"sv-SE"}]}},"_links":{"self":[{"href":"https:\/\/embreis.com\/dk\/wp-json\/wp\/v2\/pages\/1661","targetHints":{"allow":["GET"]}}],"collection":[{"href":"https:\/\/embreis.com\/dk\/wp-json\/wp\/v2\/pages"}],"about":[{"href":"https:\/\/embreis.com\/dk\/wp-json\/wp\/v2\/types\/page"}],"author":[{"embeddable":true,"href":"https:\/\/embreis.com\/dk\/wp-json\/wp\/v2\/users\/3"}],"replies":[{"embeddable":true,"href":"https:\/\/embreis.com\/dk\/wp-json\/wp\/v2\/comments?post=1661"}],"version-history":[{"count":0,"href":"https:\/\/embreis.com\/dk\/wp-json\/wp\/v2\/pages\/1661\/revisions"}],"up":[{"embeddable":true,"href":"https:\/\/embreis.com\/dk\/wp-json\/wp\/v2\/pages\/1658"}],"wp:attachment":[{"href":"https:\/\/embreis.com\/dk\/wp-json\/wp\/v2\/media?parent=1661"}],"curies":[{"name":"wp","href":"https:\/\/api.w.org\/{rel}","templated":true}]}}