{"id":1660,"date":"2019-09-25T07:52:53","date_gmt":"2019-09-25T05:52:53","guid":{"rendered":"http:\/\/embreiscom.wpengine.com\/?page_id=1660"},"modified":"2019-10-28T07:33:44","modified_gmt":"2019-10-28T05:33:44","slug":"integritetspolicy-gdpr","status":"publish","type":"page","link":"https:\/\/embreis.com\/dk\/integritetspolicy-gdpr\/","title":{"rendered":"Integritetspolicy &#8211; GDPR"},"content":{"rendered":"<div class=\"fusion-fullwidth fullwidth-box fusion-builder-row-1 nonhundred-percent-fullwidth non-hundred-percent-height-scrolling\" style=\"--awb-border-radius-top-left:0px;--awb-border-radius-top-right:0px;--awb-border-radius-bottom-right:0px;--awb-border-radius-bottom-left:0px;\" ><div class=\"fusion-builder-row fusion-row\"><div class=\"fusion-layout-column fusion_builder_column fusion-builder-column-0 fusion_builder_column_1_1 1_1 fusion-one-full fusion-column-first fusion-column-last\" style=\"--awb-bg-size:cover;\"><div class=\"fusion-column-wrapper fusion-column-has-shadow fusion-flex-column-wrapper-legacy\"><div class=\"fusion-title title fusion-title-1 fusion-sep-none fusion-title-text fusion-title-size-one\"><h1 class=\"title-heading-left\" style=\"margin:0;\">Integritetspolicy &#8211; GDPR<\/h1><\/div><div class=\"fusion-text fusion-text-1\"><p>INTEGRITETSPOLICY F\u00f6r kunder och potentiella kunder \u2013 Embreis AB (\u201dEmbreis\u201d)<\/p>\n<p>Embreis respekterar hur du vill att dina personuppgifter som du l\u00e4mnar till oss ska behandlas. I denna integritetspolicy beskrivs hur vi samlar in och anv\u00e4nder dina personuppgifter. Vi uppmanar dig d\u00e4rf\u00f6r att noggrant l\u00e4sa igenom detta integritetsmeddelande.<\/p>\n<\/div><div class=\"fusion-title title fusion-title-2 fusion-sep-none fusion-title-text fusion-title-size-two\"><h2 class=\"title-heading-left\" style=\"margin:0;\">Integritetslagstiftning<\/h2><\/div><div class=\"fusion-text fusion-text-2\"><p>Personuppgifter \u00e4r s\u00e5dana uppgifter som kan anv\u00e4ndas f\u00f6r att identifiera dig eller som kan h\u00e4nf\u00f6ras till dig som enskild individ. Exempelvis r\u00e4knas ditt namn, e-postadress, telefonnummer fysisk adress samt eventuell bild som personuppgifter. Vi kommer inte att behandla dina personuppgifter utan lagligt st\u00f6d. Alla dina personuppgifter som Embreis behandlar hanteras enligt best\u00e4mmelserna i lag med kompletterande best\u00e4mmelser till EU:s dataskyddsf\u00f6rordning (2018:218) som skyddar din personliga integritet. Lagen f\u00f6ljer Europaparlamentets och r\u00e5dets f\u00f6rordning (EU) 2016\/679 av den 27 april 2016 om skydd f\u00f6r fysiska personer med avseende p\u00e5 behandling av personuppgifter och om det fria fl\u00f6det av s\u00e5dana uppgifter och om upph\u00e4vande av direktiv 95\/46\/EG (allm\u00e4n dataskyddsf\u00f6rordning).<\/p>\n<\/div><div class=\"fusion-title title fusion-title-3 fusion-sep-none fusion-title-text fusion-title-size-two\"><h2 class=\"title-heading-left\" style=\"margin:0;\">Personuppgifter i Embreis CRM<\/h2><\/div><div class=\"fusion-text fusion-text-3\"><p>Att uppr\u00e4tta aff\u00e4rsrelationer med kunder f\u00f6r att kunna erbjuda v\u00e5ra produkter utg\u00f6r en viktig del av Embreis verksamhet. I syfte att kunna kontakta dig i egenskap av potentiell kundkontakt g\u00e4llande produkter samt marknadsaktiviteter samlar vi in dina personuppgifter. Dessa samlas antingen in vid kundbes\u00f6k, utst\u00e4llningar, interna n\u00e4tverk eller fr\u00e5n tredje part, s\u00e5som offentliga register eller sociala medier, och lagras i v\u00e5ra system med m\u00e5let att Embreis ska kunna uppr\u00e4tta en aff\u00e4rsrelation med dig och att vi ska kunna erbjuda dig b\u00e4sta m\u00f6jliga support g\u00e4llande v\u00e5rt sortiment.<\/p>\n<p>Behandlingen av dessa personuppgifter st\u00f6djer sig p\u00e5 Embreis ber\u00e4ttigade intresse av att kunna uppr\u00e4tta och bibeh\u00e5lla aff\u00e4rsrelationer samt att kunna utveckla sina tj\u00e4nster.<\/p>\n<p>Embreis har som rutin att varje medarbetare i sin mejlfot l\u00e4nkar till v\u00e5r Integritetspolicy. P\u00e5 s\u00e5 s\u00e4tt informeras ni som kontaktas av Embreis medarbetare om hur vi behandlar era personuppgifter, syftet med denna behandling samt gallringsrutiner och m\u00f6jlighet att radera sina uppgifter.<\/p>\n<p>Dina personuppgifter sparas p\u00e5 Embreis plattformar f\u00f6r marknadsutskick i kommunikations- och informationssyfte. Embreis kommer endast att g\u00f6ra s\u00e5dana utskick som bed\u00f6ms vara relevanta f\u00f6r din yrkesroll. F\u00f6r varje utskick ges du m\u00f6jlighet till avregistrering.<\/p>\n<\/div><div class=\"fusion-title title fusion-title-4 fusion-sep-none fusion-title-text fusion-title-size-two\"><h2 class=\"title-heading-left\" style=\"margin:0;\">S\u00e4kerhet<\/h2><\/div><div class=\"fusion-text fusion-text-4\"><p>Embreis har vidtagit l\u00e4mpliga tekniska och organisatoriska \u00e5tg\u00e4rder f\u00f6r att skydda personuppgifter mot f\u00f6rlust, missbruk, obeh\u00f6rig \u00e5tkomst, avsl\u00f6jande, \u00e4ndring och f\u00f6rst\u00f6relse. F\u00f6r att s\u00e4kerst\u00e4lla att personuppgifter behandlas p\u00e5 ett s\u00e4kert och konfidentiellt s\u00e4tt anv\u00e4nder vi oss av datan\u00e4tverk som \u00e4r intr\u00e5ngsskyddade med bland annat brandv\u00e4ggar och l\u00f6senordsskydd enligt branschstandard.<\/p>\n<p>Embreis samtliga systemleverant\u00f6rer ligger inom EES-omr\u00e5det vilket inneb\u00e4r att personuppgifterna lagras p\u00e5 GDPR-s\u00e4krade servrar.<\/p>\n<\/div><div class=\"fusion-title title fusion-title-5 fusion-sep-none fusion-title-text fusion-title-size-two\"><h2 class=\"title-heading-left\" style=\"margin:0;\">Dina r\u00e4ttigheter<\/h2><\/div><div class=\"fusion-text fusion-text-5\"><p>Som en registrerad person har du r\u00e4ttigheter om hur behandlingen av dina personuppgifter f\u00e5r utf\u00f6ras. Dina r\u00e4ttigheter \u00e4r bland annat:<\/p>\n<ul>\n<li>R\u00e4tt att beg\u00e4ra\u00a0<strong>tillg\u00e5ng<\/strong>\u00a0till personuppgifterna<\/li>\n<li>R\u00e4tt att beg\u00e4ra\u00a0<strong>r\u00e4ttelse<\/strong>\u00a0av personuppgifterna<\/li>\n<li>R\u00e4tt att beg\u00e4ra\u00a0<strong>radering<\/strong>\u00a0av personuppgifterna<\/li>\n<li>R\u00e4tt att beg\u00e4ra\u00a0<strong>begr\u00e4nsning<\/strong>\u00a0av behandlingen<\/li>\n<li>R\u00e4tt att\u00a0<strong>inv\u00e4nda<\/strong>\u00a0mot behandlingen<\/li>\n<li>R\u00e4tt till\u00a0<strong>dataportabilitet<\/strong><\/li>\n<li>R\u00e4tt att\u00a0<strong>\u00e5terkalla<\/strong>\u00a0ditt samtycke, om s\u00e5dant har l\u00e4mnats<\/li>\n<li>R\u00e4tt att l\u00e4mna in\u00a0<strong>klagom\u00e5l<\/strong>\u00a0till tillsynsmyndigheter, (se nedan)<\/li>\n<\/ul>\n<\/div><div class=\"fusion-title title fusion-title-6 fusion-sep-none fusion-title-text fusion-title-size-two\"><h2 class=\"title-heading-left\" style=\"margin:0;\">Gallring<\/h2><\/div><div class=\"fusion-text fusion-text-6\"><p>Embreis kommer att behandla dina personuppgifter till dess att de inte l\u00e4ngre beh\u00f6vs f\u00f6r att uppfylla ovan n\u00e4mnda \u00e4ndam\u00e5l eller till dess du beg\u00e4r att inte l\u00e4ngre finnas registrerad hos oss. Personuppgifterna kommer i s\u00e5dant fall att raderas utan on\u00f6digt dr\u00f6jsm\u00e5l. Om en aff\u00e4rsrelation inte har utvecklats inom 36 m\u00e5nader fr\u00e5n det att vi tog den f\u00f6rsta kontakten kommer dina personuppgifter att raderas. Embreis har vidare inr\u00e4ttat gallringsrutiner f\u00f6r att regelbundet kunna radera s\u00e5dana kontaktuppgifter som inte l\u00e4ngre uppfyller sitt syfte.<\/p>\n<\/div><div class=\"fusion-title title fusion-title-7 fusion-sep-none fusion-title-text fusion-title-size-two\"><h2 class=\"title-heading-left\" style=\"margin:0;\">Klagom\u00e5l till tillsynsmyndigheter<\/h2><\/div><div class=\"fusion-text fusion-text-7\"><p>I varje land inom EU ska en tillsynsmyndighet \u00f6vervaka behandlingen av personuppgifter f\u00f6r att se till att organisationer och personer f\u00f6ljer de regler som finns. I Sverige \u00e4r Datainspektionen tillsynsmyndighet. Mer information om personuppgiftsbehandling och Datainspektionen finns p\u00e5 deras hemsida:\u00a0<a class=\"file se\" title=\"Dataskyddsinspektionen\" href=\"http:\/\/www.datainspektionen.se\/\" target=\"_blank\" rel=\"noopener noreferrer\">www.datainspektionen.se<\/a><\/p>\n<\/div><div class=\"fusion-title title fusion-title-8 fusion-sep-none fusion-title-text fusion-title-size-two\"><h2 class=\"title-heading-left\" style=\"margin:0;\">Personuppgiftsansvar<\/h2><\/div><div class=\"fusion-text fusion-text-8\"><p>Den som best\u00e4mmer varf\u00f6r och hur behandlingen av dina personuppgifter ska g\u00e5 till \u00e4r personuppgiftsansvarig. Embreis \u00e4r ensamt personuppgiftsansvarig f\u00f6r dina personuppgifter n\u00e4r det g\u00e4ller lagring i v\u00e5ra system.<\/p>\n<\/div><div class=\"fusion-title title fusion-title-9 fusion-sep-none fusion-title-text fusion-title-size-two\"><h2 class=\"title-heading-left\" style=\"margin:0;\">Kontaktinformation<\/h2><\/div><div class=\"fusion-text fusion-text-9\"><p>Embreis AB<br \/>\nTumstocksv\u00e4gen 11A<br \/>\n187 66 T\u00e4by<\/p>\n<p>Org.nr. 556753-2857<\/p>\n<p>Telefonnummer: 08-410\u00a0621 02<br \/>\nE-post:\u00a0<a href=\"mailto:gdpr@embreis.com\/dk\">gdpr@embreis.com\/dk<\/a><\/p>\n<p>Personuppgiftsansvarig: Thomas Hammarlund<\/p>\n<p>Var v\u00e4nlig notera att ovan kontaktinformation finns till f\u00f6r fr\u00e5gor ang\u00e5ende v\u00e5r hantering av personuppgifter.<\/p>\n<p>Uppdaterat den 25 maj, 2018<\/p>\n<\/div><div class=\"fusion-clearfix\"><\/div><\/div><\/div><\/div><\/div>\n","protected":false},"excerpt":{"rendered":"","protected":false},"author":3,"featured_media":0,"parent":0,"menu_order":0,"comment_status":"closed","ping_status":"closed","template":"","meta":{"footnotes":""},"class_list":["post-1660","page","type-page","status-publish","hentry"],"acf":[],"yoast_head":"<!-- This site is optimized with the Yoast SEO Premium plugin v25.3.1 (Yoast SEO v25.3.1) - https:\/\/yoast.com\/wordpress\/plugins\/seo\/ -->\n<title>Integritetspolicy - GDPR - Embreis DK<\/title>\n<meta name=\"robots\" content=\"index, follow, max-snippet:-1, max-image-preview:large, max-video-preview:-1\" \/>\n<link rel=\"canonical\" href=\"https:\/\/embreis.com\/dk\/integritetspolicy-gdpr\/\" \/>\n<meta property=\"og:locale\" content=\"sv_SE\" \/>\n<meta property=\"og:type\" content=\"article\" \/>\n<meta property=\"og:title\" content=\"Integritetspolicy - GDPR\" \/>\n<meta property=\"og:url\" content=\"https:\/\/embreis.com\/dk\/integritetspolicy-gdpr\/\" \/>\n<meta property=\"og:site_name\" content=\"Embreis DK\" \/>\n<meta property=\"article:modified_time\" content=\"2019-10-28T05:33:44+00:00\" \/>\n<meta name=\"twitter:card\" content=\"summary_large_image\" \/>\n<meta name=\"twitter:label1\" content=\"Ber\u00e4knad l\u00e4stid\" \/>\n\t<meta name=\"twitter:data1\" content=\"10 minuter\" \/>\n<script type=\"application\/ld+json\" class=\"yoast-schema-graph\">{\"@context\":\"https:\/\/schema.org\",\"@graph\":[{\"@type\":\"WebPage\",\"@id\":\"https:\/\/embreis.com\/dk\/integritetspolicy-gdpr\/\",\"url\":\"https:\/\/embreis.com\/dk\/integritetspolicy-gdpr\/\",\"name\":\"Integritetspolicy - GDPR - Embreis DK\",\"isPartOf\":{\"@id\":\"https:\/\/embreis.com\/dk\/#website\"},\"datePublished\":\"2019-09-25T05:52:53+00:00\",\"dateModified\":\"2019-10-28T05:33:44+00:00\",\"breadcrumb\":{\"@id\":\"https:\/\/embreis.com\/dk\/integritetspolicy-gdpr\/#breadcrumb\"},\"inLanguage\":\"sv-SE\",\"potentialAction\":[{\"@type\":\"ReadAction\",\"target\":[\"https:\/\/embreis.com\/dk\/integritetspolicy-gdpr\/\"]}]},{\"@type\":\"BreadcrumbList\",\"@id\":\"https:\/\/embreis.com\/dk\/integritetspolicy-gdpr\/#breadcrumb\",\"itemListElement\":[{\"@type\":\"ListItem\",\"position\":1,\"name\":\"Hem\",\"item\":\"https:\/\/embreis.com\/dk\/\"},{\"@type\":\"ListItem\",\"position\":2,\"name\":\"Integritetspolicy &#8211; GDPR\"}]},{\"@type\":\"WebSite\",\"@id\":\"https:\/\/embreis.com\/dk\/#website\",\"url\":\"https:\/\/embreis.com\/dk\/\",\"name\":\"Embreis DK\",\"description\":\"Ortoser, proteser och material\",\"potentialAction\":[{\"@type\":\"SearchAction\",\"target\":{\"@type\":\"EntryPoint\",\"urlTemplate\":\"https:\/\/embreis.com\/dk\/?s={search_term_string}\"},\"query-input\":{\"@type\":\"PropertyValueSpecification\",\"valueRequired\":true,\"valueName\":\"search_term_string\"}}],\"inLanguage\":\"sv-SE\"}]}<\/script>\n<!-- \/ Yoast SEO Premium plugin. -->","yoast_head_json":{"title":"Integritetspolicy - GDPR - Embreis DK","robots":{"index":"index","follow":"follow","max-snippet":"max-snippet:-1","max-image-preview":"max-image-preview:large","max-video-preview":"max-video-preview:-1"},"canonical":"https:\/\/embreis.com\/dk\/integritetspolicy-gdpr\/","og_locale":"sv_SE","og_type":"article","og_title":"Integritetspolicy - GDPR","og_url":"https:\/\/embreis.com\/dk\/integritetspolicy-gdpr\/","og_site_name":"Embreis DK","article_modified_time":"2019-10-28T05:33:44+00:00","twitter_card":"summary_large_image","twitter_misc":{"Ber\u00e4knad l\u00e4stid":"10 minuter"},"schema":{"@context":"https:\/\/schema.org","@graph":[{"@type":"WebPage","@id":"https:\/\/embreis.com\/dk\/integritetspolicy-gdpr\/","url":"https:\/\/embreis.com\/dk\/integritetspolicy-gdpr\/","name":"Integritetspolicy - GDPR - Embreis DK","isPartOf":{"@id":"https:\/\/embreis.com\/dk\/#website"},"datePublished":"2019-09-25T05:52:53+00:00","dateModified":"2019-10-28T05:33:44+00:00","breadcrumb":{"@id":"https:\/\/embreis.com\/dk\/integritetspolicy-gdpr\/#breadcrumb"},"inLanguage":"sv-SE","potentialAction":[{"@type":"ReadAction","target":["https:\/\/embreis.com\/dk\/integritetspolicy-gdpr\/"]}]},{"@type":"BreadcrumbList","@id":"https:\/\/embreis.com\/dk\/integritetspolicy-gdpr\/#breadcrumb","itemListElement":[{"@type":"ListItem","position":1,"name":"Hem","item":"https:\/\/embreis.com\/dk\/"},{"@type":"ListItem","position":2,"name":"Integritetspolicy &#8211; GDPR"}]},{"@type":"WebSite","@id":"https:\/\/embreis.com\/dk\/#website","url":"https:\/\/embreis.com\/dk\/","name":"Embreis DK","description":"Ortoser, proteser och material","potentialAction":[{"@type":"SearchAction","target":{"@type":"EntryPoint","urlTemplate":"https:\/\/embreis.com\/dk\/?s={search_term_string}"},"query-input":{"@type":"PropertyValueSpecification","valueRequired":true,"valueName":"search_term_string"}}],"inLanguage":"sv-SE"}]}},"_links":{"self":[{"href":"https:\/\/embreis.com\/dk\/wp-json\/wp\/v2\/pages\/1660","targetHints":{"allow":["GET"]}}],"collection":[{"href":"https:\/\/embreis.com\/dk\/wp-json\/wp\/v2\/pages"}],"about":[{"href":"https:\/\/embreis.com\/dk\/wp-json\/wp\/v2\/types\/page"}],"author":[{"embeddable":true,"href":"https:\/\/embreis.com\/dk\/wp-json\/wp\/v2\/users\/3"}],"replies":[{"embeddable":true,"href":"https:\/\/embreis.com\/dk\/wp-json\/wp\/v2\/comments?post=1660"}],"version-history":[{"count":0,"href":"https:\/\/embreis.com\/dk\/wp-json\/wp\/v2\/pages\/1660\/revisions"}],"wp:attachment":[{"href":"https:\/\/embreis.com\/dk\/wp-json\/wp\/v2\/media?parent=1660"}],"curies":[{"name":"wp","href":"https:\/\/api.w.org\/{rel}","templated":true}]}}