{"id":1651,"date":"2019-09-25T07:43:55","date_gmt":"2019-09-25T05:43:55","guid":{"rendered":"http:\/\/embreiscom.wpengine.com\/?page_id=1651"},"modified":"2024-05-20T15:18:14","modified_gmt":"2024-05-20T13:18:14","slug":"miljopolicy","status":"publish","type":"page","link":"https:\/\/embreis.com\/dk\/miljopolicy\/","title":{"rendered":"Milj\u00f6policy"},"content":{"rendered":"<div class=\"fusion-fullwidth fullwidth-box fusion-builder-row-1 nonhundred-percent-fullwidth non-hundred-percent-height-scrolling\" style=\"--awb-border-radius-top-left:0px;--awb-border-radius-top-right:0px;--awb-border-radius-bottom-right:0px;--awb-border-radius-bottom-left:0px;\" ><div class=\"fusion-builder-row fusion-row\"><div class=\"fusion-layout-column fusion_builder_column fusion-builder-column-0 fusion_builder_column_1_1 1_1 fusion-one-full fusion-column-first fusion-column-last\" style=\"--awb-bg-size:cover;\"><div class=\"fusion-column-wrapper fusion-column-has-shadow fusion-flex-column-wrapper-legacy\"><div class=\"fusion-title title fusion-title-1 fusion-sep-none fusion-title-text fusion-title-size-one\"><h1 class=\"title-heading-left\" style=\"margin:0;\">Milj\u00f6policy<\/h1><\/div><div class=\"fusion-text fusion-text-1\"><p>Ett av v\u00e5ra m\u00e5l \u00e4r att bidra till en b\u00e4ttre milj\u00f6, och det \u00e4r ju n\u00e5got vi alla borde se som en sj\u00e4lvklarhet. Vi g\u00f6r det dels genom att f\u00f6rs\u00f6ka h\u00e5lla v\u00e5r hemsidan uppdaterad hela tiden. Du f\u00e5r alltid aktuell information fr\u00e5n oss och vi sparar dessutom p\u00e5 milj\u00f6n d\u00e5 pappersf\u00f6rbrukningen minskar och de utsl\u00e4pp som transporter f\u00f6r med sig. Vi str\u00e4var efter effektiva och milj\u00f6m\u00e4ssigt drivna l\u00f6sningar kring v\u00e5r verksamhet och vi ser det som en god investering f\u00f6r framtiden.<\/p>\n<\/div><div class=\"fusion-title title fusion-title-2 fusion-sep-none fusion-title-text fusion-title-size-two\"><h2 class=\"title-heading-left\" style=\"margin:0;\">Kvalitets- och milj\u00f6policy<\/h2><\/div><div class=\"fusion-text fusion-text-2\"><p>V\u00e5r m\u00e5ls\u00e4ttning \u00e4r att aktivt arbeta och bidra f\u00f6r en b\u00e4ttre milj\u00f6 genom att bland annat alltid k\u00f6pa tj\u00e4nster och varor m\u00e4rkta med \u201dBra milj\u00f6val\u201d.<\/p>\n<p>V\u00e5ra produkter inneh\u00e5ller inga milj\u00f6p\u00e5verkande material. Vi arbetar st\u00e4ndigt f\u00f6r f\u00f6rb\u00e4ttring och milj\u00f6medvetenhet. Embreis produkter kommer i f\u00f6rpackningar av \u00e5tervunnet material och \u00e4r dessutom komposterbara. Embreis<strong>\u00a0<\/strong>\u00e4r anslutna till N\u00e4ringslivets Producentansvar. Vi betalar f\u00f6rpackningsavgifter och tar d\u00e4rmed v\u00e5rt producentansvar f\u00f6r \u00e5tervinning av f\u00f6rpackningar. M\u00e5ls\u00e4ttningen med v\u00e5ra transporter och leveranser \u00e4r att de ska vara s\u00e5 lite milj\u00f6p\u00e5verkan som m\u00f6jligt.<\/p>\n<p>I samband med produkter, f\u00f6rpackning och leveranser tar vi v\u00e5rt milj\u00f6ansvar. Vi str\u00e4var efter att v\u00e5ra leverant\u00f6rer har ett milj\u00f6engagemang som \u00f6verensst\u00e4mmer med v\u00e5r policy samt \u00e4ven ha en arbetsmilj\u00f6 som vi kan acceptera.<\/p>\n<p>I ett led att certifiera f\u00f6retaget efter ISO-Standard 9001 och 14001 arbetar vi l\u00f6pande med att uppdatera, dokumentera och f\u00f6lja rutiner efter dessa standarder.<\/p>\n<\/div>\n<div class=\"table-1\">\n<table width=\"100%\">\n<thead>\n<tr>\n<th style=\"text-align: center;\" align=\"left\"><img decoding=\"async\" class=\"lazyload size-full wp-image-1754 aligncenter\" src=\"data:image\/svg+xml,%3Csvg%20xmlns%3D%27http%3A%2F%2Fwww.w3.org%2F2000%2Fsvg%27%20width%3D%2745%27%20height%3D%2780%27%20viewBox%3D%270%200%2045%2080%27%3E%3Crect%20width%3D%2745%27%20height%3D%2780%27%20fill-opacity%3D%220%22%2F%3E%3C%2Fsvg%3E\" data-orig-src=\"https:\/\/embreis.com\/se\/wp-content\/uploads\/sites\/6\/2019\/10\/d2w.jpg\" alt=\"V\u00e5ra egna f\u00f6rpackningar\" width=\"45\" height=\"80\" \/><\/th>\n<th style=\"text-align: center;\" align=\"left\"><img decoding=\"async\" class=\"lazyload aligncenter wp-image-1753\" src=\"data:image\/svg+xml,%3Csvg%20xmlns%3D%27http%3A%2F%2Fwww.w3.org%2F2000%2Fsvg%27%20width%3D%2750%27%20height%3D%2750%27%20viewBox%3D%270%200%2050%2050%27%3E%3Crect%20width%3D%2750%27%20height%3D%2750%27%20fill-opacity%3D%220%22%2F%3E%3C%2Fsvg%3E\" data-orig-src=\"https:\/\/embreis.com\/se\/wp-content\/uploads\/sites\/6\/2019\/10\/trycksaker.jpg\" alt=\"Trycksaker\" width=\"50\" height=\"50\" \/><\/th>\n<th style=\"text-align: center;\" align=\"left\"><img decoding=\"async\" class=\"lazyload alignnone wp-image-12673\" src=\"https:\/\/embreis.com\/dk\/wp-content\/uploads\/sites\/8\/2024\/05\/NPA2b-300x154.png\" data-orig-src=\"https:\/\/embreis.com\/dk\/wp-content\/uploads\/sites\/8\/2024\/05\/NPA2b-300x154.png\" alt=\"\" width=\"100\" height=\"51\" srcset=\"data:image\/svg+xml,%3Csvg%20xmlns%3D%27http%3A%2F%2Fwww.w3.org%2F2000%2Fsvg%27%20width%3D%27100%27%20height%3D%2751%27%20viewBox%3D%270%200%20100%2051%27%3E%3Crect%20width%3D%27100%27%20height%3D%2751%27%20fill-opacity%3D%220%22%2F%3E%3C%2Fsvg%3E\" data-srcset=\"https:\/\/embreis.com\/dk\/wp-content\/uploads\/sites\/8\/2024\/05\/NPA2b-150x77.png 150w, https:\/\/embreis.com\/dk\/wp-content\/uploads\/sites\/8\/2024\/05\/NPA2b-200x103.png 200w, https:\/\/embreis.com\/dk\/wp-content\/uploads\/sites\/8\/2024\/05\/NPA2b-300x154.png 300w, https:\/\/embreis.com\/dk\/wp-content\/uploads\/sites\/8\/2024\/05\/NPA2b.png 398w\" data-sizes=\"auto\" data-orig-sizes=\"(max-width: 100px) 100vw, 100px\" \/><\/th>\n<\/tr>\n<\/thead>\n<tbody>\n<tr>\n<td style=\"text-align: center;\" align=\"left\">Embreis egna produkter kommer i f\u00f6rpackningar av \u00e5tervunnet material och \u00e4r dessutom komposterbara.<\/td>\n<td style=\"text-align: center;\" align=\"left\">Embreis trycksaker \u00e4r tryckta p\u00e5 milj\u00f6v\u00e4nligt Svanm\u00e4rkt papper.<\/td>\n<td style=\"text-align: center;\" align=\"left\">Embreis \u00e4r anslutet till N\u00e4ringslivets Producentansvar. Vi betalar f\u00f6rpackningsavgifter och tar d\u00e4rmed v\u00e5rt producentansvar f\u00f6r \u00e5tervinning av f\u00f6rpackningar.<\/td>\n<\/tr>\n<\/tbody>\n<\/table>\n<\/div>\n<div class=\"fusion-clearfix\"><\/div><\/div><\/div><div class=\"fusion-layout-column fusion_builder_column fusion-builder-column-1 fusion_builder_column_1_1 1_1 fusion-one-full fusion-column-first fusion-column-last\" style=\"--awb-bg-size:cover;\"><div class=\"fusion-column-wrapper fusion-column-has-shadow fusion-flex-column-wrapper-legacy\"><div class=\"fusion-sep-clear\"><\/div><div class=\"fusion-separator fusion-full-width-sep\" style=\"margin-left: auto;margin-right: auto;margin-top:30px;margin-bottom:30px;width:100%;\"><div class=\"fusion-separator-border sep-single sep-solid\" style=\"border-color:#e0dede;border-top-width:1px;\"><\/div><\/div><div class=\"fusion-sep-clear\"><\/div><div class=\"fusion-text fusion-text-3\"><p style=\"text-align: center;\">Vill du veta mer om v\u00e5r milj\u00f6policy \u00e4r du v\u00e4lkommen att kontakta\u00a0\u00a0<a href=\"mailto:thomas@embreis.com\/dk?subject=Milj%C3%B6fr%C3%A5gor\">Thomas Hammarlund<\/a><\/p>\n<\/div><div class=\"fusion-clearfix\"><\/div><\/div><\/div><\/div><\/div>\n","protected":false},"excerpt":{"rendered":"","protected":false},"author":3,"featured_media":0,"parent":0,"menu_order":0,"comment_status":"closed","ping_status":"closed","template":"","meta":{"footnotes":""},"class_list":["post-1651","page","type-page","status-publish","hentry"],"acf":[],"yoast_head":"<!-- This site is optimized with the Yoast SEO Premium plugin v25.3.1 (Yoast SEO v25.3.1) - https:\/\/yoast.com\/wordpress\/plugins\/seo\/ -->\n<title>Milj\u00f6policy - Embreis DK<\/title>\n<meta name=\"robots\" content=\"index, follow, max-snippet:-1, max-image-preview:large, max-video-preview:-1\" \/>\n<link rel=\"canonical\" href=\"https:\/\/embreis.com\/dk\/miljopolicy\/\" \/>\n<meta property=\"og:locale\" content=\"sv_SE\" \/>\n<meta property=\"og:type\" content=\"article\" \/>\n<meta property=\"og:title\" content=\"Milj\u00f6policy\" \/>\n<meta property=\"og:url\" content=\"https:\/\/embreis.com\/dk\/miljopolicy\/\" \/>\n<meta property=\"og:site_name\" content=\"Embreis DK\" \/>\n<meta property=\"article:modified_time\" content=\"2024-05-20T13:18:14+00:00\" \/>\n<meta property=\"og:image\" content=\"https:\/\/embreis.com\/se\/wp-content\/uploads\/sites\/6\/2019\/10\/d2w.jpg\" \/>\n<meta name=\"twitter:card\" content=\"summary_large_image\" \/>\n<meta name=\"twitter:label1\" content=\"Ber\u00e4knad l\u00e4stid\" \/>\n\t<meta name=\"twitter:data1\" content=\"5 minuter\" \/>\n<script type=\"application\/ld+json\" class=\"yoast-schema-graph\">{\"@context\":\"https:\/\/schema.org\",\"@graph\":[{\"@type\":\"WebPage\",\"@id\":\"https:\/\/embreis.com\/dk\/miljopolicy\/\",\"url\":\"https:\/\/embreis.com\/dk\/miljopolicy\/\",\"name\":\"Milj\u00f6policy - Embreis DK\",\"isPartOf\":{\"@id\":\"https:\/\/embreis.com\/dk\/#website\"},\"primaryImageOfPage\":{\"@id\":\"https:\/\/embreis.com\/dk\/miljopolicy\/#primaryimage\"},\"image\":{\"@id\":\"https:\/\/embreis.com\/dk\/miljopolicy\/#primaryimage\"},\"thumbnailUrl\":\"https:\/\/embreis.com\/se\/wp-content\/uploads\/sites\/6\/2019\/10\/d2w.jpg\",\"datePublished\":\"2019-09-25T05:43:55+00:00\",\"dateModified\":\"2024-05-20T13:18:14+00:00\",\"breadcrumb\":{\"@id\":\"https:\/\/embreis.com\/dk\/miljopolicy\/#breadcrumb\"},\"inLanguage\":\"sv-SE\",\"potentialAction\":[{\"@type\":\"ReadAction\",\"target\":[\"https:\/\/embreis.com\/dk\/miljopolicy\/\"]}]},{\"@type\":\"ImageObject\",\"inLanguage\":\"sv-SE\",\"@id\":\"https:\/\/embreis.com\/dk\/miljopolicy\/#primaryimage\",\"url\":\"https:\/\/embreis.com\/se\/wp-content\/uploads\/sites\/6\/2019\/10\/d2w.jpg\",\"contentUrl\":\"https:\/\/embreis.com\/se\/wp-content\/uploads\/sites\/6\/2019\/10\/d2w.jpg\"},{\"@type\":\"BreadcrumbList\",\"@id\":\"https:\/\/embreis.com\/dk\/miljopolicy\/#breadcrumb\",\"itemListElement\":[{\"@type\":\"ListItem\",\"position\":1,\"name\":\"Hem\",\"item\":\"https:\/\/embreis.com\/dk\/\"},{\"@type\":\"ListItem\",\"position\":2,\"name\":\"Milj\u00f6policy\"}]},{\"@type\":\"WebSite\",\"@id\":\"https:\/\/embreis.com\/dk\/#website\",\"url\":\"https:\/\/embreis.com\/dk\/\",\"name\":\"Embreis DK\",\"description\":\"Ortoser, proteser och material\",\"potentialAction\":[{\"@type\":\"SearchAction\",\"target\":{\"@type\":\"EntryPoint\",\"urlTemplate\":\"https:\/\/embreis.com\/dk\/?s={search_term_string}\"},\"query-input\":{\"@type\":\"PropertyValueSpecification\",\"valueRequired\":true,\"valueName\":\"search_term_string\"}}],\"inLanguage\":\"sv-SE\"}]}<\/script>\n<!-- \/ Yoast SEO Premium plugin. -->","yoast_head_json":{"title":"Milj\u00f6policy - Embreis DK","robots":{"index":"index","follow":"follow","max-snippet":"max-snippet:-1","max-image-preview":"max-image-preview:large","max-video-preview":"max-video-preview:-1"},"canonical":"https:\/\/embreis.com\/dk\/miljopolicy\/","og_locale":"sv_SE","og_type":"article","og_title":"Milj\u00f6policy","og_url":"https:\/\/embreis.com\/dk\/miljopolicy\/","og_site_name":"Embreis DK","article_modified_time":"2024-05-20T13:18:14+00:00","og_image":[{"url":"https:\/\/embreis.com\/se\/wp-content\/uploads\/sites\/6\/2019\/10\/d2w.jpg","type":"","width":"","height":""}],"twitter_card":"summary_large_image","twitter_misc":{"Ber\u00e4knad l\u00e4stid":"5 minuter"},"schema":{"@context":"https:\/\/schema.org","@graph":[{"@type":"WebPage","@id":"https:\/\/embreis.com\/dk\/miljopolicy\/","url":"https:\/\/embreis.com\/dk\/miljopolicy\/","name":"Milj\u00f6policy - Embreis DK","isPartOf":{"@id":"https:\/\/embreis.com\/dk\/#website"},"primaryImageOfPage":{"@id":"https:\/\/embreis.com\/dk\/miljopolicy\/#primaryimage"},"image":{"@id":"https:\/\/embreis.com\/dk\/miljopolicy\/#primaryimage"},"thumbnailUrl":"https:\/\/embreis.com\/se\/wp-content\/uploads\/sites\/6\/2019\/10\/d2w.jpg","datePublished":"2019-09-25T05:43:55+00:00","dateModified":"2024-05-20T13:18:14+00:00","breadcrumb":{"@id":"https:\/\/embreis.com\/dk\/miljopolicy\/#breadcrumb"},"inLanguage":"sv-SE","potentialAction":[{"@type":"ReadAction","target":["https:\/\/embreis.com\/dk\/miljopolicy\/"]}]},{"@type":"ImageObject","inLanguage":"sv-SE","@id":"https:\/\/embreis.com\/dk\/miljopolicy\/#primaryimage","url":"https:\/\/embreis.com\/se\/wp-content\/uploads\/sites\/6\/2019\/10\/d2w.jpg","contentUrl":"https:\/\/embreis.com\/se\/wp-content\/uploads\/sites\/6\/2019\/10\/d2w.jpg"},{"@type":"BreadcrumbList","@id":"https:\/\/embreis.com\/dk\/miljopolicy\/#breadcrumb","itemListElement":[{"@type":"ListItem","position":1,"name":"Hem","item":"https:\/\/embreis.com\/dk\/"},{"@type":"ListItem","position":2,"name":"Milj\u00f6policy"}]},{"@type":"WebSite","@id":"https:\/\/embreis.com\/dk\/#website","url":"https:\/\/embreis.com\/dk\/","name":"Embreis DK","description":"Ortoser, proteser och material","potentialAction":[{"@type":"SearchAction","target":{"@type":"EntryPoint","urlTemplate":"https:\/\/embreis.com\/dk\/?s={search_term_string}"},"query-input":{"@type":"PropertyValueSpecification","valueRequired":true,"valueName":"search_term_string"}}],"inLanguage":"sv-SE"}]}},"_links":{"self":[{"href":"https:\/\/embreis.com\/dk\/wp-json\/wp\/v2\/pages\/1651","targetHints":{"allow":["GET"]}}],"collection":[{"href":"https:\/\/embreis.com\/dk\/wp-json\/wp\/v2\/pages"}],"about":[{"href":"https:\/\/embreis.com\/dk\/wp-json\/wp\/v2\/types\/page"}],"author":[{"embeddable":true,"href":"https:\/\/embreis.com\/dk\/wp-json\/wp\/v2\/users\/3"}],"replies":[{"embeddable":true,"href":"https:\/\/embreis.com\/dk\/wp-json\/wp\/v2\/comments?post=1651"}],"version-history":[{"count":0,"href":"https:\/\/embreis.com\/dk\/wp-json\/wp\/v2\/pages\/1651\/revisions"}],"wp:attachment":[{"href":"https:\/\/embreis.com\/dk\/wp-json\/wp\/v2\/media?parent=1651"}],"curies":[{"name":"wp","href":"https:\/\/api.w.org\/{rel}","templated":true}]}}