{"id":1650,"date":"2019-09-25T07:43:23","date_gmt":"2019-09-25T05:43:23","guid":{"rendered":"http:\/\/embreiscom.wpengine.com\/?page_id=1650"},"modified":"2021-05-19T14:13:37","modified_gmt":"2021-05-19T12:13:37","slug":"var-historia","status":"publish","type":"page","link":"https:\/\/embreis.com\/dk\/var-historia\/","title":{"rendered":"V\u00e5r historia"},"content":{"rendered":"<div class=\"fusion-fullwidth fullwidth-box fusion-builder-row-1 nonhundred-percent-fullwidth non-hundred-percent-height-scrolling\" style=\"--awb-border-radius-top-left:0px;--awb-border-radius-top-right:0px;--awb-border-radius-bottom-right:0px;--awb-border-radius-bottom-left:0px;\" ><div class=\"fusion-builder-row fusion-row\"><div class=\"fusion-layout-column fusion_builder_column fusion-builder-column-0 fusion_builder_column_1_1 1_1 fusion-one-full fusion-column-first fusion-column-last\" style=\"--awb-bg-size:cover;\"><div class=\"fusion-column-wrapper fusion-column-has-shadow fusion-flex-column-wrapper-legacy\"><div class=\"fusion-title title fusion-title-1 fusion-sep-none fusion-title-text fusion-title-size-one\"><h1 class=\"title-heading-left\" style=\"margin:0;\">V\u00e5r historia<\/h1><\/div><div class=\"fusion-clearfix\"><\/div><\/div><\/div><div class=\"fusion-layout-column fusion_builder_column fusion-builder-column-1 fusion_builder_column_2_3 2_3 fusion-two-third fusion-column-first\" style=\"--awb-bg-size:cover;width:66.666666666667%;width:calc(66.666666666667% - ( ( 4% ) * 0.66666666666667 ) );margin-right: 4%;\"><div class=\"fusion-column-wrapper fusion-column-has-shadow fusion-flex-column-wrapper-legacy\"><div class=\"fusion-text fusion-text-1\"><p>Embreis \u00e4r det lilla f\u00f6retaget med det stora hj\u00e4rtat och h\u00f6ga ambitioner om kvalite och service.\u00a0F\u00f6retaget grundades 2008 av Thomas Hammarlund och Ulf Odenblad.<\/p>\n<p>B\u00e5de Ulf och Thomas har en l\u00e5ng och gedigen bakgrund inom den ortopedtekniska branschen d\u00e5 de b\u00e5da b\u00f6rjade arbeta som s\u00e4ljare p\u00e5 Mediband i slutet av 80-talet.\u00a0Ulf avancerade snabbt vidare till produktchef och fortsatte s\u00e5 tills han i mitten av 90-talet flyttade till v\u00e4stkusten och drev sjukv\u00e5rdsbutiken IdrottsOrtopedi i G\u00f6teborg. Thomas huvudsakliga fokusomr\u00e5den som s\u00e4ljare hos Mediband var framf\u00f6rallt arbetsterapi- och sjukgymnastikavdelningarna i hela landet.<\/p>\n<p>1996 var Thomas och Ulf med och startade upp GBM Medical AB, ett etablerat bolag inom den ortopedtekniska branschen som de tillsammans byggde upp framg\u00e5ngsrikt under en givande 10 \u00e5rs period. En period fylld av produktutveckling och goda samarbeten.<\/p>\n<p>GBM Medical AB s\u00e5ldes 2005 till \u00d6ssur Nordic och b\u00e5de Ulf och Thomas fortsatte sin karri\u00e4r inom f\u00f6retaget. Ulf i sin sj\u00e4lvklara roll som produktspecialist\/s\u00e4ljare och Thomas som operativ chef med uppdraget att vara med i ledningen f\u00f6r s\u00e4lj- och marknadsgruppen.<\/p>\n<p>2008 tog de b\u00e5da \u00e5ter igen det gemensamma klivet och startade upp Embreis. Ett f\u00f6retag grundat med ambitionen att ge den absolut b\u00e4sta service och den h\u00f6gsta kompetensen inom den ortopedtekniska branschen.\u00a0M\u00e5let har aldrig varit att bli st\u00f6rst p\u00e5 marknaden, snarare har siktet alltid varit inst\u00e4llt p\u00e5 att vara ledande n\u00e4r det g\u00e4ller kvalitet och service.<\/p>\n<p>Att samarbeta med innovativa partners, erbjuda h\u00f6gkvalitativa produkter och en f\u00f6rstklassig service \u00e4r och kommer alltid vara Embreis f\u00f6rsta och h\u00f6gst uppsatta m\u00e5l.<\/p>\n<p>L\u00e4s g\u00e4rna mer om oss och\u00a0<a title=\"Embreis v\u00e4rdegrund\" href=\"https:\/\/embreis.com\/dk\/vardegrund\/\">vad vi st\u00e5r f\u00f6r h\u00e4r<\/a>.<\/p>\n<\/div><div class=\"fusion-clearfix\"><\/div><\/div><\/div><div class=\"fusion-layout-column fusion_builder_column fusion-builder-column-2 fusion_builder_column_1_3 1_3 fusion-one-third fusion-column-last\" style=\"--awb-bg-size:cover;width:33.333333333333%;width:calc(33.333333333333% - ( ( 4% ) * 0.33333333333333 ) );\"><div class=\"fusion-column-wrapper fusion-column-has-shadow fusion-flex-column-wrapper-legacy\"><div class=\"fusion-image-element fusion-image-align-center in-legacy-container\" style=\"text-align:center;\"><div class=\"imageframe-align-center\"><span class=\" fusion-imageframe imageframe-dropshadow imageframe-1 hover-type-none\" style=\"-webkit-box-shadow: 3px 3px 7px rgba(61,61,61,0.3);box-shadow: 3px 3px 7px rgba(61,61,61,0.3);\"><img decoding=\"async\" width=\"260\" height=\"390\" alt=\"Thomas och Ulf\" title=\"Thomas och Ulf\" src=\"https:\/\/embreis.com\/dk\/wp-content\/uploads\/sites\/8\/2019\/10\/Thomas-och-Ulf.png\" data-orig-src=\"https:\/\/embreis.com\/dk\/wp-content\/uploads\/sites\/8\/2019\/10\/Thomas-och-Ulf.png\" class=\"lazyload img-responsive wp-image-1750\" srcset=\"data:image\/svg+xml,%3Csvg%20xmlns%3D%27http%3A%2F%2Fwww.w3.org%2F2000%2Fsvg%27%20width%3D%27260%27%20height%3D%27390%27%20viewBox%3D%270%200%20260%20390%27%3E%3Crect%20width%3D%27260%27%20height%3D%27390%27%20fill-opacity%3D%220%22%2F%3E%3C%2Fsvg%3E\" data-srcset=\"https:\/\/embreis.com\/dk\/wp-content\/uploads\/sites\/8\/2019\/10\/Thomas-och-Ulf-200x300.png 200w, https:\/\/embreis.com\/dk\/wp-content\/uploads\/sites\/8\/2019\/10\/Thomas-och-Ulf.png 260w\" data-sizes=\"auto\" data-orig-sizes=\"(max-width: 768px) 100vw, 260px\" \/><\/span><\/div><\/div><div class=\"fusion-clearfix\"><\/div><\/div><\/div><\/div><\/div>\n","protected":false},"excerpt":{"rendered":"","protected":false},"author":3,"featured_media":0,"parent":0,"menu_order":0,"comment_status":"closed","ping_status":"closed","template":"","meta":{"footnotes":""},"class_list":["post-1650","page","type-page","status-publish","hentry"],"acf":[],"yoast_head":"<!-- This site is optimized with the Yoast SEO Premium plugin v25.3.1 (Yoast SEO v25.3.1) - https:\/\/yoast.com\/wordpress\/plugins\/seo\/ -->\n<title>V\u00e5r historia - Embreis DK<\/title>\n<meta name=\"robots\" content=\"index, follow, max-snippet:-1, max-image-preview:large, max-video-preview:-1\" \/>\n<link rel=\"canonical\" href=\"https:\/\/embreis.com\/dk\/var-historia\/\" \/>\n<meta property=\"og:locale\" content=\"sv_SE\" \/>\n<meta property=\"og:type\" content=\"article\" \/>\n<meta property=\"og:title\" content=\"V\u00e5r historia\" \/>\n<meta property=\"og:url\" content=\"https:\/\/embreis.com\/dk\/var-historia\/\" \/>\n<meta property=\"og:site_name\" content=\"Embreis DK\" \/>\n<meta property=\"article:modified_time\" content=\"2021-05-19T12:13:37+00:00\" \/>\n<meta name=\"twitter:card\" content=\"summary_large_image\" \/>\n<meta name=\"twitter:label1\" content=\"Ber\u00e4knad l\u00e4stid\" \/>\n\t<meta name=\"twitter:data1\" content=\"5 minuter\" \/>\n<script type=\"application\/ld+json\" class=\"yoast-schema-graph\">{\"@context\":\"https:\/\/schema.org\",\"@graph\":[{\"@type\":\"WebPage\",\"@id\":\"https:\/\/embreis.com\/dk\/var-historia\/\",\"url\":\"https:\/\/embreis.com\/dk\/var-historia\/\",\"name\":\"V\u00e5r historia - Embreis DK\",\"isPartOf\":{\"@id\":\"https:\/\/embreis.com\/dk\/#website\"},\"datePublished\":\"2019-09-25T05:43:23+00:00\",\"dateModified\":\"2021-05-19T12:13:37+00:00\",\"breadcrumb\":{\"@id\":\"https:\/\/embreis.com\/dk\/var-historia\/#breadcrumb\"},\"inLanguage\":\"sv-SE\",\"potentialAction\":[{\"@type\":\"ReadAction\",\"target\":[\"https:\/\/embreis.com\/dk\/var-historia\/\"]}]},{\"@type\":\"BreadcrumbList\",\"@id\":\"https:\/\/embreis.com\/dk\/var-historia\/#breadcrumb\",\"itemListElement\":[{\"@type\":\"ListItem\",\"position\":1,\"name\":\"Hem\",\"item\":\"https:\/\/embreis.com\/dk\/\"},{\"@type\":\"ListItem\",\"position\":2,\"name\":\"V\u00e5r historia\"}]},{\"@type\":\"WebSite\",\"@id\":\"https:\/\/embreis.com\/dk\/#website\",\"url\":\"https:\/\/embreis.com\/dk\/\",\"name\":\"Embreis DK\",\"description\":\"Ortoser, proteser och material\",\"potentialAction\":[{\"@type\":\"SearchAction\",\"target\":{\"@type\":\"EntryPoint\",\"urlTemplate\":\"https:\/\/embreis.com\/dk\/?s={search_term_string}\"},\"query-input\":{\"@type\":\"PropertyValueSpecification\",\"valueRequired\":true,\"valueName\":\"search_term_string\"}}],\"inLanguage\":\"sv-SE\"}]}<\/script>\n<!-- \/ Yoast SEO Premium plugin. -->","yoast_head_json":{"title":"V\u00e5r historia - Embreis DK","robots":{"index":"index","follow":"follow","max-snippet":"max-snippet:-1","max-image-preview":"max-image-preview:large","max-video-preview":"max-video-preview:-1"},"canonical":"https:\/\/embreis.com\/dk\/var-historia\/","og_locale":"sv_SE","og_type":"article","og_title":"V\u00e5r historia","og_url":"https:\/\/embreis.com\/dk\/var-historia\/","og_site_name":"Embreis DK","article_modified_time":"2021-05-19T12:13:37+00:00","twitter_card":"summary_large_image","twitter_misc":{"Ber\u00e4knad l\u00e4stid":"5 minuter"},"schema":{"@context":"https:\/\/schema.org","@graph":[{"@type":"WebPage","@id":"https:\/\/embreis.com\/dk\/var-historia\/","url":"https:\/\/embreis.com\/dk\/var-historia\/","name":"V\u00e5r historia - Embreis DK","isPartOf":{"@id":"https:\/\/embreis.com\/dk\/#website"},"datePublished":"2019-09-25T05:43:23+00:00","dateModified":"2021-05-19T12:13:37+00:00","breadcrumb":{"@id":"https:\/\/embreis.com\/dk\/var-historia\/#breadcrumb"},"inLanguage":"sv-SE","potentialAction":[{"@type":"ReadAction","target":["https:\/\/embreis.com\/dk\/var-historia\/"]}]},{"@type":"BreadcrumbList","@id":"https:\/\/embreis.com\/dk\/var-historia\/#breadcrumb","itemListElement":[{"@type":"ListItem","position":1,"name":"Hem","item":"https:\/\/embreis.com\/dk\/"},{"@type":"ListItem","position":2,"name":"V\u00e5r historia"}]},{"@type":"WebSite","@id":"https:\/\/embreis.com\/dk\/#website","url":"https:\/\/embreis.com\/dk\/","name":"Embreis DK","description":"Ortoser, proteser och material","potentialAction":[{"@type":"SearchAction","target":{"@type":"EntryPoint","urlTemplate":"https:\/\/embreis.com\/dk\/?s={search_term_string}"},"query-input":{"@type":"PropertyValueSpecification","valueRequired":true,"valueName":"search_term_string"}}],"inLanguage":"sv-SE"}]}},"_links":{"self":[{"href":"https:\/\/embreis.com\/dk\/wp-json\/wp\/v2\/pages\/1650","targetHints":{"allow":["GET"]}}],"collection":[{"href":"https:\/\/embreis.com\/dk\/wp-json\/wp\/v2\/pages"}],"about":[{"href":"https:\/\/embreis.com\/dk\/wp-json\/wp\/v2\/types\/page"}],"author":[{"embeddable":true,"href":"https:\/\/embreis.com\/dk\/wp-json\/wp\/v2\/users\/3"}],"replies":[{"embeddable":true,"href":"https:\/\/embreis.com\/dk\/wp-json\/wp\/v2\/comments?post=1650"}],"version-history":[{"count":0,"href":"https:\/\/embreis.com\/dk\/wp-json\/wp\/v2\/pages\/1650\/revisions"}],"wp:attachment":[{"href":"https:\/\/embreis.com\/dk\/wp-json\/wp\/v2\/media?parent=1650"}],"curies":[{"name":"wp","href":"https:\/\/api.w.org\/{rel}","templated":true}]}}